{"id":947,"date":"2023-09-05T13:42:26","date_gmt":"2023-09-05T18:42:26","guid":{"rendered":"https:\/\/rolandogarciamd.com\/es\/?page_id=947"},"modified":"2023-09-06T08:10:49","modified_gmt":"2023-09-06T13:10:49","slug":"gracias-telemedicina","status":"publish","type":"page","link":"https:\/\/rolandogarciamd.com\/es\/gracias-telemedicina\/","title":{"rendered":"Su consulta ha sido recibida"},"content":{"rendered":"\n<p>Gracias por completar una solicitud de Telemedicina con el Dr. Garc\u00eda. Mientras tanto, no dude en llamarnos al <a href=\"tel:+13056501414\" onclick=\"sendEventToGoogle('Body', location.href, '+13056501414');\">305.650.1414<\/a>.<\/p>\n\n\n<aside><div class=\"panel panel-default panel-news\"><div class=\"panel-heading\"><h3 class=\"panel-title\">Other Articles<\/h3><\/div><div class=\"panel-body\"><div class=\"row\"><div class=\"col-md-6 main-content\"><h4><a href=\"https:\/\/rolandogarciamd.com\/es\/quirurgico\/experiencia-en-cirugia-de-reemplazo-de-disco-diferencia\/\" title=\"Experiencia en cirug\u00eda de reemplazo de disco: \u00bfqu\u00e9 la diferencia?\">Experiencia en cirug\u00eda de reemplazo de disco: \u00bfqu\u00e9 la diferencia?<\/a><\/h4><img loading=\"lazy\" decoding=\"async\" width=\"300\" height=\"169\" src=\"https:\/\/rolandogarciamd.com\/es\/wp-content\/uploads\/sites\/2\/2025\/02\/experiencia-en-cirugia-de-reemplazo-de-disco-diferencia-300x169.jpg\" class=\"alignleft wp-post-image\" alt=\"Experiencia en cirug\u00eda de reemplazo de disco: \u00bfqu\u00e9 la diferencia?\" srcset=\"https:\/\/rolandogarciamd.com\/es\/wp-content\/uploads\/sites\/2\/2025\/02\/experiencia-en-cirugia-de-reemplazo-de-disco-diferencia-300x169.jpg 300w, https:\/\/rolandogarciamd.com\/es\/wp-content\/uploads\/sites\/2\/2025\/02\/experiencia-en-cirugia-de-reemplazo-de-disco-diferencia-1024x576.jpg 1024w, https:\/\/rolandogarciamd.com\/es\/wp-content\/uploads\/sites\/2\/2025\/02\/experiencia-en-cirugia-de-reemplazo-de-disco-diferencia-768x432.jpg 768w, https:\/\/rolandogarciamd.com\/es\/wp-content\/uploads\/sites\/2\/2025\/02\/experiencia-en-cirugia-de-reemplazo-de-disco-diferencia.jpg 1280w\" sizes=\"auto, (max-width: 300px) 100vw, 300px\" \/>Para pacientes que sufren dolor cr\u00f3nico de espalda o cuello por degeneraci\u00f3n discal, la cirug\u00eda de reemplazo de disco ofrece una soluci\u00f3n moderna que preserva el movimiento.<\/div><div class=\"col-md-6\"><ul><li class=\"story\"><h5><a href=\"https:\/\/rolandogarciamd.com\/es\/quirurgico\/la-experiencia-detras-de-una-cirugia-exitosa-de-reemplazo-de-disco\/\" title=\"La experiencia detr\u00e1s de una cirug\u00eda exitosa de reemplazo de disco\">La experiencia detr\u00e1s de una cirug\u00eda exitosa de reemplazo de disco<\/a><\/h5><\/li><li class=\"story\"><h5><a href=\"https:\/\/rolandogarciamd.com\/es\/blog\/telemedicina-en-ortopedia-es-adecuada-para-usted\/\" title=\"Telemedicina en ortopedia: \u00bfes adecuada para usted?\">Telemedicina en ortopedia: \u00bfes adecuada para usted?<\/a><\/h5><\/li><li class=\"story\"><h5><a href=\"https:\/\/rolandogarciamd.com\/es\/blog\/servicios-integrales-de-ortopedia-y-columna-en-el-sur-de-florida\/\" title=\"Servicios integrales de ortopedia y columna en el sur de Florida\">Servicios integrales de ortopedia y columna en el sur de Florida<\/a><\/h5><\/li><li class=\"story\"><h5><a href=\"https:\/\/rolandogarciamd.com\/es\/blog\/comprension-de-las-condiciones-comunes-de-la-columna-vertebral\/\" title=\"Comprensi\u00f3n de las condiciones comunes de la columna vertebral: Una gu\u00eda para la salud de su columna\">Comprensi\u00f3n de las condiciones comunes de la columna vertebral: Una gu\u00eda para la salud de su columna<\/a><\/h5><\/li><\/ul><\/div><\/div><div class=\"clr\"><\/div><\/div><\/aside>\n","protected":false},"excerpt":{"rendered":"<p>Gracias por completar una solicitud de Telemedicina con el Dr. Garc\u00eda. Mientras tanto, no dude en llamarnos al .<\/p>\n","protected":false},"author":2,"featured_media":0,"parent":0,"menu_order":0,"comment_status":"closed","ping_status":"closed","template":"","meta":{"_acf_changed":false,"_uag_custom_page_level_css":"","_monsterinsights_skip_tracking":false,"_monsterinsights_sitenote_active":false,"_monsterinsights_sitenote_note":"","_monsterinsights_sitenote_category":0,"_genesis_hide_title":false,"_genesis_hide_breadcrumbs":false,"_genesis_hide_singular_image":false,"_genesis_hide_footer_widgets":false,"_genesis_custom_body_class":"","_genesis_custom_post_class":"","_genesis_layout":"","footnotes":""},"class_list":{"0":"post-947","1":"page","2":"type-page","3":"status-publish","5":"entry","6":"has-post-thumbnail"},"acf":[],"yoast_head":"<!-- This site is optimized with the Yoast SEO plugin v26.1.1 - https:\/\/yoast.com\/wordpress\/plugins\/seo\/ -->\n<title>Su consulta ha sido recibida - Dr. Rolando Garcia Jr. En Espa\u00f1ol<\/title>\n<meta name=\"description\" content=\"Gracias por completar una solicitud de Telemedicina con el Dr. Garc\u00eda. Mientras tanto, no dude en llamarnos al .\" \/>\n<meta name=\"robots\" content=\"index, follow, max-snippet:-1, max-image-preview:large, max-video-preview:-1\" \/>\n<link rel=\"canonical\" href=\"https:\/\/rolandogarciamd.com\/es\/gracias-telemedicina\/\" \/>\n<meta property=\"og:locale\" content=\"es_MX\" \/>\n<meta property=\"og:type\" content=\"article\" \/>\n<meta property=\"og:title\" content=\"Su consulta ha sido recibida - Dr. Rolando Garcia Jr. En Espa\u00f1ol\" \/>\n<meta property=\"og:description\" content=\"Gracias por completar una solicitud de Telemedicina con el Dr. Garc\u00eda. Mientras tanto, no dude en llamarnos al .\" \/>\n<meta property=\"og:url\" content=\"https:\/\/rolandogarciamd.com\/es\/gracias-telemedicina\/\" \/>\n<meta property=\"og:site_name\" content=\"Dr. Rolando Garcia Jr. En Espa\u00f1ol\" \/>\n<meta property=\"article:modified_time\" content=\"2023-09-06T13:10:49+00:00\" \/>\n<meta name=\"twitter:card\" content=\"summary_large_image\" \/>\n<meta name=\"twitter:label1\" content=\"Tiempo de lectura\" \/>\n\t<meta name=\"twitter:data1\" content=\"1 minuto\" \/>\n<script type=\"application\/ld+json\" class=\"yoast-schema-graph\">{\"@context\":\"https:\/\/schema.org\",\"@graph\":[{\"@type\":\"WebPage\",\"@id\":\"https:\/\/rolandogarciamd.com\/es\/gracias-telemedicina\/\",\"url\":\"https:\/\/rolandogarciamd.com\/es\/gracias-telemedicina\/\",\"name\":\"Su consulta ha sido recibida - Dr. Rolando Garcia Jr. En Espa\u00f1ol\",\"isPartOf\":{\"@id\":\"https:\/\/rolandogarciamd.com\/es\/#website\"},\"datePublished\":\"2023-09-05T18:42:26+00:00\",\"dateModified\":\"2023-09-06T13:10:49+00:00\",\"description\":\"Gracias por completar una solicitud de Telemedicina con el Dr. Garc\u00eda. Mientras tanto, no dude en llamarnos al .\",\"breadcrumb\":{\"@id\":\"https:\/\/rolandogarciamd.com\/es\/gracias-telemedicina\/#breadcrumb\"},\"inLanguage\":\"es-MX\",\"potentialAction\":[{\"@type\":\"ReadAction\",\"target\":[\"https:\/\/rolandogarciamd.com\/es\/gracias-telemedicina\/\"]}]},{\"@type\":\"BreadcrumbList\",\"@id\":\"https:\/\/rolandogarciamd.com\/es\/gracias-telemedicina\/#breadcrumb\",\"itemListElement\":[{\"@type\":\"ListItem\",\"position\":1,\"name\":\"Home\",\"item\":\"https:\/\/rolandogarciamd.com\/es\/\"},{\"@type\":\"ListItem\",\"position\":2,\"name\":\"Su consulta ha sido recibida\"}]},{\"@type\":\"WebSite\",\"@id\":\"https:\/\/rolandogarciamd.com\/es\/#website\",\"url\":\"https:\/\/rolandogarciamd.com\/es\/\",\"name\":\"Dr. Rolando Garcia Jr. En Espa\u00f1ol\",\"description\":\"Experiencia en Cirug\u00eda de Reemplazo Discal\",\"potentialAction\":[{\"@type\":\"SearchAction\",\"target\":{\"@type\":\"EntryPoint\",\"urlTemplate\":\"https:\/\/rolandogarciamd.com\/es\/?s={search_term_string}\"},\"query-input\":{\"@type\":\"PropertyValueSpecification\",\"valueRequired\":true,\"valueName\":\"search_term_string\"}}],\"inLanguage\":\"es-MX\"}]}<\/script>\n<!-- \/ Yoast SEO plugin. -->","yoast_head_json":{"title":"Su consulta ha sido recibida - Dr. Rolando Garcia Jr. En Espa\u00f1ol","description":"Gracias por completar una solicitud de Telemedicina con el Dr. Garc\u00eda. Mientras tanto, no dude en llamarnos al .","robots":{"index":"index","follow":"follow","max-snippet":"max-snippet:-1","max-image-preview":"max-image-preview:large","max-video-preview":"max-video-preview:-1"},"canonical":"https:\/\/rolandogarciamd.com\/es\/gracias-telemedicina\/","og_locale":"es_MX","og_type":"article","og_title":"Su consulta ha sido recibida - Dr. Rolando Garcia Jr. En Espa\u00f1ol","og_description":"Gracias por completar una solicitud de Telemedicina con el Dr. Garc\u00eda. Mientras tanto, no dude en llamarnos al .","og_url":"https:\/\/rolandogarciamd.com\/es\/gracias-telemedicina\/","og_site_name":"Dr. Rolando Garcia Jr. En Espa\u00f1ol","article_modified_time":"2023-09-06T13:10:49+00:00","twitter_card":"summary_large_image","twitter_misc":{"Tiempo de lectura":"1 minuto"},"schema":{"@context":"https:\/\/schema.org","@graph":[{"@type":"WebPage","@id":"https:\/\/rolandogarciamd.com\/es\/gracias-telemedicina\/","url":"https:\/\/rolandogarciamd.com\/es\/gracias-telemedicina\/","name":"Su consulta ha sido recibida - Dr. Rolando Garcia Jr. En Espa\u00f1ol","isPartOf":{"@id":"https:\/\/rolandogarciamd.com\/es\/#website"},"datePublished":"2023-09-05T18:42:26+00:00","dateModified":"2023-09-06T13:10:49+00:00","description":"Gracias por completar una solicitud de Telemedicina con el Dr. Garc\u00eda. Mientras tanto, no dude en llamarnos al .","breadcrumb":{"@id":"https:\/\/rolandogarciamd.com\/es\/gracias-telemedicina\/#breadcrumb"},"inLanguage":"es-MX","potentialAction":[{"@type":"ReadAction","target":["https:\/\/rolandogarciamd.com\/es\/gracias-telemedicina\/"]}]},{"@type":"BreadcrumbList","@id":"https:\/\/rolandogarciamd.com\/es\/gracias-telemedicina\/#breadcrumb","itemListElement":[{"@type":"ListItem","position":1,"name":"Home","item":"https:\/\/rolandogarciamd.com\/es\/"},{"@type":"ListItem","position":2,"name":"Su consulta ha sido recibida"}]},{"@type":"WebSite","@id":"https:\/\/rolandogarciamd.com\/es\/#website","url":"https:\/\/rolandogarciamd.com\/es\/","name":"Dr. Rolando Garcia Jr. En Espa\u00f1ol","description":"Experiencia en Cirug\u00eda de Reemplazo Discal","potentialAction":[{"@type":"SearchAction","target":{"@type":"EntryPoint","urlTemplate":"https:\/\/rolandogarciamd.com\/es\/?s={search_term_string}"},"query-input":{"@type":"PropertyValueSpecification","valueRequired":true,"valueName":"search_term_string"}}],"inLanguage":"es-MX"}]}},"uagb_featured_image_src":{"full":false,"thumbnail":false,"medium":false,"medium_large":false,"large":false,"1536x1536":false,"2048x2048":false,"gform-image-choice-sm":false,"gform-image-choice-md":false,"gform-image-choice-lg":false},"uagb_author_info":{"display_name":"Rolando Garcia, MD.","author_link":"https:\/\/rolandogarciamd.com\/es\/author\/hmaadmin\/"},"uagb_comment_info":0,"uagb_excerpt":"Gracias por completar una solicitud de Telemedicina con el Dr. Garc\u00eda. Mientras tanto, no dude en llamarnos al .","_links":{"self":[{"href":"https:\/\/rolandogarciamd.com\/es\/wp-json\/wp\/v2\/pages\/947","targetHints":{"allow":["GET"]}}],"collection":[{"href":"https:\/\/rolandogarciamd.com\/es\/wp-json\/wp\/v2\/pages"}],"about":[{"href":"https:\/\/rolandogarciamd.com\/es\/wp-json\/wp\/v2\/types\/page"}],"author":[{"embeddable":true,"href":"https:\/\/rolandogarciamd.com\/es\/wp-json\/wp\/v2\/users\/2"}],"replies":[{"embeddable":true,"href":"https:\/\/rolandogarciamd.com\/es\/wp-json\/wp\/v2\/comments?post=947"}],"version-history":[{"count":0,"href":"https:\/\/rolandogarciamd.com\/es\/wp-json\/wp\/v2\/pages\/947\/revisions"}],"wp:attachment":[{"href":"https:\/\/rolandogarciamd.com\/es\/wp-json\/wp\/v2\/media?parent=947"}],"curies":[{"name":"wp","href":"https:\/\/api.w.org\/{rel}","templated":true}]}}