{"id":820,"date":"2023-08-22T11:03:53","date_gmt":"2023-08-22T16:03:53","guid":{"rendered":"https:\/\/rolandogarciamd.com\/es\/?page_id=820"},"modified":"2023-08-28T16:35:32","modified_gmt":"2023-08-28T21:35:32","slug":"preservacion-del-movimiento","status":"publish","type":"page","link":"https:\/\/rolandogarciamd.com\/es\/preservacion-del-movimiento\/","title":{"rendered":"Preservaci\u00f3n del Movimiento"},"content":{"rendered":"\n<h2 class=\"wp-block-heading\">El funcionamiento pleno requiere movimiento<\/h2>\n\n\n\n<blockquote class=\"wp-block-quote is-layout-flow wp-block-quote-is-layout-flow\">\n<p><em>La preservaci\u00f3n del movimiento se refiere a la conservaci\u00f3n del movimiento y la movilidad naturales de la columna vertebral, sobre todo cuando se tratan afecciones de la columna o se realizan intervenciones quir\u00fargicas. El objetivo es mantener o restablecer la amplitud de movimiento normal de la columna mientras se trata el problema o la patolog\u00eda subyacente&#8221;, explica el Especialista en Columna Espinal, <\/em><a href=\"https:\/\/rolandogarciamd.com\/es\/dr-rolando-garcia\/\"><em>Rolando Garcia, MD.<\/em><\/a><em><\/em><\/p>\n<\/blockquote>\n\n\n\n<p>Tradicionalmente, algunas <a href=\"\/es\/condiciones-espina-dorsal\/\">afecciones de la columna<\/a> se han tratado mediante cirug\u00eda de fusi\u00f3n espinal, que consiste en unir permanentemente dos o m\u00e1s v\u00e9rtebras. Aunque la fusi\u00f3n puede ser eficaz para estabilizar la columna vertebral, restringe el movimiento en el segmento fusionado, lo que puede alterar la biomec\u00e1nica de la columna y ejercer una presi\u00f3n adicional sobre los segmentos adyacentes. Esto puede acelerar la degeneraci\u00f3n de los discos adyacentes y requerir nuevas intervenciones quir\u00fargicas en el futuro.<\/p>\n\n\n\n<p>Por el contrario, las t\u00e9cnicas y tecnolog\u00edas de preservaci\u00f3n del movimiento se centran en mantener o restaurar el movimiento y la flexibilidad naturales de la columna vertebral. El objetivo de estas t\u00e9cnicas es tratar la afecci\u00f3n subyacente y, al mismo tiempo, permitir que contin\u00fae el movimiento en la zona tratada, reduciendo potencialmente el riesgo de degeneraci\u00f3n del segmento adyacente.<\/p>\n\n\n\n<h2 class=\"wp-block-heading\">En la cirug\u00eda de la columna vertebral se emplean varias estrategias y tecnolog\u00edas de preservaci\u00f3n del movimiento:<\/h2>\n\n\n\n<ol class=\"wp-block-list\">\n<li><strong>Reemplazo De Disco Artificial (RDA):<\/strong> Este procedimiento consiste en extraer un disco da\u00f1ado o degenerado de la columna vertebral y reemplazarlo por un implante de disco artificial. El ADR tiene como objetivo restaurar el movimiento natural de la columna vertebral al tiempo que alivia el dolor y mantiene la estabilidad.<\/li>\n\n\n\n<li><strong>Estabilizaci\u00f3n Din\u00e1mica:<\/strong> Las t\u00e9cnicas de estabilizaci\u00f3n din\u00e1mica implican el uso de dispositivos especializados, como varillas flexibles, tornillos din\u00e1micos o espaciadores interespinosos, para estabilizar la columna vertebral al tiempo que se permite un movimiento controlado. Estos dispositivos pueden utilizarse para tratar afecciones como la enfermedad discal degenerativa o la inestabilidad de la columna vertebral.<\/li>\n\n\n\n<li><strong>Artroplastia Facetaria Total:<\/strong> Este procedimiento consiste en sustituir las articulaciones facetarias da\u00f1adas de la columna vertebral por articulaciones prot\u00e9sicas que reproducen la estructura articular natural. La artroplastia facetaria total tiene como objetivo restaurar el movimiento normal y la estabilidad en el segmento afectado.<\/li>\n\n\n\n<li><strong>Descompresi\u00f3n Para Preservar El Movimiento:<\/strong> Algunas t\u00e9cnicas de descompresi\u00f3n m\u00ednimamente invasivas pretenden eliminar o aliviar la presi\u00f3n sobre los nervios preservando al mismo tiempo las estructuras circundantes y manteniendo el movimiento de la columna vertebral.<\/li>\n<\/ol>\n\n\n\n<p>Los enfoques de preservaci\u00f3n del movimiento se prefieren a menudo en casos espec\u00edficos, como los pacientes m\u00e1s j\u00f3venes o los que necesitan mantener la movilidad de la columna vertebral. Sin embargo, la selecci\u00f3n de la opci\u00f3n de tratamiento m\u00e1s adecuada depende de varios factores, como la afecci\u00f3n espec\u00edfica de la columna vertebral, el estado general de salud del paciente y consideraciones individuales.<\/p>\n","protected":false},"excerpt":{"rendered":"<p>El funcionamiento pleno requiere movimiento La preservaci\u00f3n del movimiento se refiere a la conservaci\u00f3n del movimiento y la movilidad naturales de la columna vertebral, sobre todo cuando se tratan afecciones de la columna o se realizan intervenciones quir\u00fargicas. El objetivo es mantener o restablecer la amplitud de movimiento normal de la columna mientras se trata&#8230; <a class=\"more-link\" href=\"https:\/\/rolandogarciamd.com\/es\/preservacion-del-movimiento\/\">[Read More]<\/a><\/p>\n","protected":false},"author":2,"featured_media":0,"parent":0,"menu_order":0,"comment_status":"closed","ping_status":"closed","template":"","meta":{"_acf_changed":false,"_uag_custom_page_level_css":"","_monsterinsights_skip_tracking":false,"_monsterinsights_sitenote_active":false,"_monsterinsights_sitenote_note":"","_monsterinsights_sitenote_category":0,"_genesis_hide_title":false,"_genesis_hide_breadcrumbs":false,"_genesis_hide_singular_image":false,"_genesis_hide_footer_widgets":false,"_genesis_custom_body_class":"","_genesis_custom_post_class":"","_genesis_layout":"","footnotes":""},"class_list":{"0":"post-820","1":"page","2":"type-page","3":"status-publish","5":"entry","6":"has-post-thumbnail"},"acf":[],"yoast_head":"<!-- This site is optimized with the Yoast SEO plugin v26.1.1 - https:\/\/yoast.com\/wordpress\/plugins\/seo\/ -->\n<title>Preservaci\u00f3n del Movimiento - Dr. Rolando Garcia Jr. En Espa\u00f1ol<\/title>\n<meta name=\"description\" content=\"El funcionamiento pleno requiere movimiento La preservaci\u00f3n del movimiento se refiere a la conservaci\u00f3n del movimiento y la movilidad naturales de la\" \/>\n<meta name=\"robots\" content=\"index, follow, max-snippet:-1, max-image-preview:large, max-video-preview:-1\" \/>\n<link rel=\"canonical\" href=\"https:\/\/rolandogarciamd.com\/es\/preservacion-del-movimiento\/\" \/>\n<meta property=\"og:locale\" content=\"es_MX\" \/>\n<meta property=\"og:type\" content=\"article\" \/>\n<meta property=\"og:title\" content=\"Preservaci\u00f3n del Movimiento - Dr. Rolando Garcia Jr. En Espa\u00f1ol\" \/>\n<meta property=\"og:description\" content=\"El funcionamiento pleno requiere movimiento La preservaci\u00f3n del movimiento se refiere a la conservaci\u00f3n del movimiento y la movilidad naturales de la\" \/>\n<meta property=\"og:url\" content=\"https:\/\/rolandogarciamd.com\/es\/preservacion-del-movimiento\/\" \/>\n<meta property=\"og:site_name\" content=\"Dr. Rolando Garcia Jr. En Espa\u00f1ol\" \/>\n<meta property=\"article:modified_time\" content=\"2023-08-28T21:35:32+00:00\" \/>\n<meta name=\"twitter:card\" content=\"summary_large_image\" \/>\n<meta name=\"twitter:label1\" content=\"Tiempo de lectura\" \/>\n\t<meta name=\"twitter:data1\" content=\"2 minutos\" \/>\n<script type=\"application\/ld+json\" class=\"yoast-schema-graph\">{\"@context\":\"https:\/\/schema.org\",\"@graph\":[{\"@type\":\"WebPage\",\"@id\":\"https:\/\/rolandogarciamd.com\/es\/preservacion-del-movimiento\/\",\"url\":\"https:\/\/rolandogarciamd.com\/es\/preservacion-del-movimiento\/\",\"name\":\"Preservaci\u00f3n del Movimiento - Dr. Rolando Garcia Jr. En Espa\u00f1ol\",\"isPartOf\":{\"@id\":\"https:\/\/rolandogarciamd.com\/es\/#website\"},\"datePublished\":\"2023-08-22T16:03:53+00:00\",\"dateModified\":\"2023-08-28T21:35:32+00:00\",\"description\":\"El funcionamiento pleno requiere movimiento La preservaci\u00f3n del movimiento se refiere a la conservaci\u00f3n del movimiento y la movilidad naturales de la\",\"breadcrumb\":{\"@id\":\"https:\/\/rolandogarciamd.com\/es\/preservacion-del-movimiento\/#breadcrumb\"},\"inLanguage\":\"es-MX\",\"potentialAction\":[{\"@type\":\"ReadAction\",\"target\":[\"https:\/\/rolandogarciamd.com\/es\/preservacion-del-movimiento\/\"]}]},{\"@type\":\"BreadcrumbList\",\"@id\":\"https:\/\/rolandogarciamd.com\/es\/preservacion-del-movimiento\/#breadcrumb\",\"itemListElement\":[{\"@type\":\"ListItem\",\"position\":1,\"name\":\"Home\",\"item\":\"https:\/\/rolandogarciamd.com\/es\/\"},{\"@type\":\"ListItem\",\"position\":2,\"name\":\"Preservaci\u00f3n del Movimiento\"}]},{\"@type\":\"WebSite\",\"@id\":\"https:\/\/rolandogarciamd.com\/es\/#website\",\"url\":\"https:\/\/rolandogarciamd.com\/es\/\",\"name\":\"Dr. Rolando Garcia Jr. En Espa\u00f1ol\",\"description\":\"Experiencia en Cirug\u00eda de Reemplazo Discal\",\"potentialAction\":[{\"@type\":\"SearchAction\",\"target\":{\"@type\":\"EntryPoint\",\"urlTemplate\":\"https:\/\/rolandogarciamd.com\/es\/?s={search_term_string}\"},\"query-input\":{\"@type\":\"PropertyValueSpecification\",\"valueRequired\":true,\"valueName\":\"search_term_string\"}}],\"inLanguage\":\"es-MX\"}]}<\/script>\n<!-- \/ Yoast SEO plugin. -->","yoast_head_json":{"title":"Preservaci\u00f3n del Movimiento - Dr. Rolando Garcia Jr. En Espa\u00f1ol","description":"El funcionamiento pleno requiere movimiento La preservaci\u00f3n del movimiento se refiere a la conservaci\u00f3n del movimiento y la movilidad naturales de la","robots":{"index":"index","follow":"follow","max-snippet":"max-snippet:-1","max-image-preview":"max-image-preview:large","max-video-preview":"max-video-preview:-1"},"canonical":"https:\/\/rolandogarciamd.com\/es\/preservacion-del-movimiento\/","og_locale":"es_MX","og_type":"article","og_title":"Preservaci\u00f3n del Movimiento - Dr. Rolando Garcia Jr. En Espa\u00f1ol","og_description":"El funcionamiento pleno requiere movimiento La preservaci\u00f3n del movimiento se refiere a la conservaci\u00f3n del movimiento y la movilidad naturales de la","og_url":"https:\/\/rolandogarciamd.com\/es\/preservacion-del-movimiento\/","og_site_name":"Dr. Rolando Garcia Jr. En Espa\u00f1ol","article_modified_time":"2023-08-28T21:35:32+00:00","twitter_card":"summary_large_image","twitter_misc":{"Tiempo de lectura":"2 minutos"},"schema":{"@context":"https:\/\/schema.org","@graph":[{"@type":"WebPage","@id":"https:\/\/rolandogarciamd.com\/es\/preservacion-del-movimiento\/","url":"https:\/\/rolandogarciamd.com\/es\/preservacion-del-movimiento\/","name":"Preservaci\u00f3n del Movimiento - Dr. Rolando Garcia Jr. En Espa\u00f1ol","isPartOf":{"@id":"https:\/\/rolandogarciamd.com\/es\/#website"},"datePublished":"2023-08-22T16:03:53+00:00","dateModified":"2023-08-28T21:35:32+00:00","description":"El funcionamiento pleno requiere movimiento La preservaci\u00f3n del movimiento se refiere a la conservaci\u00f3n del movimiento y la movilidad naturales de la","breadcrumb":{"@id":"https:\/\/rolandogarciamd.com\/es\/preservacion-del-movimiento\/#breadcrumb"},"inLanguage":"es-MX","potentialAction":[{"@type":"ReadAction","target":["https:\/\/rolandogarciamd.com\/es\/preservacion-del-movimiento\/"]}]},{"@type":"BreadcrumbList","@id":"https:\/\/rolandogarciamd.com\/es\/preservacion-del-movimiento\/#breadcrumb","itemListElement":[{"@type":"ListItem","position":1,"name":"Home","item":"https:\/\/rolandogarciamd.com\/es\/"},{"@type":"ListItem","position":2,"name":"Preservaci\u00f3n del Movimiento"}]},{"@type":"WebSite","@id":"https:\/\/rolandogarciamd.com\/es\/#website","url":"https:\/\/rolandogarciamd.com\/es\/","name":"Dr. Rolando Garcia Jr. En Espa\u00f1ol","description":"Experiencia en Cirug\u00eda de Reemplazo Discal","potentialAction":[{"@type":"SearchAction","target":{"@type":"EntryPoint","urlTemplate":"https:\/\/rolandogarciamd.com\/es\/?s={search_term_string}"},"query-input":{"@type":"PropertyValueSpecification","valueRequired":true,"valueName":"search_term_string"}}],"inLanguage":"es-MX"}]}},"uagb_featured_image_src":{"full":false,"thumbnail":false,"medium":false,"medium_large":false,"large":false,"1536x1536":false,"2048x2048":false,"gform-image-choice-sm":false,"gform-image-choice-md":false,"gform-image-choice-lg":false},"uagb_author_info":{"display_name":"Rolando Garcia, MD.","author_link":"https:\/\/rolandogarciamd.com\/es\/author\/hmaadmin\/"},"uagb_comment_info":0,"uagb_excerpt":"El funcionamiento pleno requiere movimiento La preservaci\u00f3n del movimiento se refiere a la conservaci\u00f3n del movimiento y la movilidad naturales de la columna vertebral, sobre todo cuando se tratan afecciones de la columna o se realizan intervenciones quir\u00fargicas. El objetivo es mantener o restablecer la amplitud de movimiento normal de la columna mientras se trata...&hellip;","_links":{"self":[{"href":"https:\/\/rolandogarciamd.com\/es\/wp-json\/wp\/v2\/pages\/820","targetHints":{"allow":["GET"]}}],"collection":[{"href":"https:\/\/rolandogarciamd.com\/es\/wp-json\/wp\/v2\/pages"}],"about":[{"href":"https:\/\/rolandogarciamd.com\/es\/wp-json\/wp\/v2\/types\/page"}],"author":[{"embeddable":true,"href":"https:\/\/rolandogarciamd.com\/es\/wp-json\/wp\/v2\/users\/2"}],"replies":[{"embeddable":true,"href":"https:\/\/rolandogarciamd.com\/es\/wp-json\/wp\/v2\/comments?post=820"}],"version-history":[{"count":0,"href":"https:\/\/rolandogarciamd.com\/es\/wp-json\/wp\/v2\/pages\/820\/revisions"}],"wp:attachment":[{"href":"https:\/\/rolandogarciamd.com\/es\/wp-json\/wp\/v2\/media?parent=820"}],"curies":[{"name":"wp","href":"https:\/\/api.w.org\/{rel}","templated":true}]}}