{"id":762,"date":"2023-07-11T12:50:33","date_gmt":"2023-07-11T17:50:33","guid":{"rendered":"https:\/\/rolandogarciamd.com\/es\/?page_id=762"},"modified":"2025-02-13T12:19:20","modified_gmt":"2025-02-13T17:19:20","slug":"diagnostico-y-evaluacion","status":"publish","type":"page","link":"https:\/\/rolandogarciamd.com\/es\/diagnostico-y-evaluacion\/","title":{"rendered":"Diagn\u00f3stico Y Evaluaci\u00f3n"},"content":{"rendered":"\n<h2 class=\"wp-block-heading\">Al identificar con precisi\u00f3n la afecci\u00f3n de la columna vertebral, podemos optimizar la atenci\u00f3n al paciente, mejorar los resultados y aumentar su satisfacci\u00f3n.<\/h2>\n\n\n\n<p>Nuestros <a href=\"https:\/\/rolandogarciamd.com\/es\/dr-rolando-garcia\/\">especialistas ortop\u00e9dicos en columna vertebral<\/a> realizan evaluaciones exhaustivas, que incluyen la revisi\u00f3n de la historia cl\u00ednica, ex\u00e1menes f\u00edsicos y pruebas de diagn\u00f3stico por imagen (radiograf\u00edas, resonancias magn\u00e9ticas, tomograf\u00edas computarizadas) para diagnosticar con precisi\u00f3n las afecciones de la columna vertebral e identificar las causas subyacentes del dolor o la disfunci\u00f3n.<\/p>\n\n\n\n<h3 class=\"wp-block-heading\">El diagn\u00f3stico y la evaluaci\u00f3n desempe\u00f1an un papel crucial en los tratamientos de la columna vertebral por varias razones:<\/h3>\n\n\n\n<ol class=\"wp-block-list\">\n<li><strong>Identificaci\u00f3n Precisa de la Afecci\u00f3n de la Columna Vertebral:<\/strong> Un diagn\u00f3stico adecuado es esencial para identificar la afecci\u00f3n espec\u00edfica de la columna vertebral que causa los s\u00edntomas. Los problemas de columna pueden tener varias causas subyacentes, y un diagn\u00f3stico preciso ayuda a determinar el enfoque de tratamiento adecuado.<\/li>\n\n\n\n<li><strong>Plan de Tratamiento a Medida:<\/strong> La afecci\u00f3n de la columna vertebral de cada paciente es \u00fanica, y una evaluaci\u00f3n exhaustiva permite al profesional sanitario desarrollar un plan de tratamiento personalizado. Comprender la afecci\u00f3n espec\u00edfica y su gravedad ayuda a determinar las opciones de tratamiento y las intervenciones m\u00e1s adecuadas.<\/li>\n\n\n\n<li><strong>Evitar Diagn\u00f3sticos Err\u00f3neos:<\/strong> Los s\u00edntomas de la columna vertebral a veces pueden parecerse a los de otras afecciones. Un diagn\u00f3stico preciso ayuda a evitar diagn\u00f3sticos err\u00f3neos, que pueden conducir a tratamientos ineficaces o innecesarios. Al realizar una evaluaci\u00f3n exhaustiva, los profesionales sanitarios pueden descartar otras posibles causas y centrarse en el diagn\u00f3stico preciso.<\/li>\n\n\n\n<li><strong>Identificar las Causas Subyacentes:<\/strong> Los problemas de columna pueden estar causados por diversos factores, como cambios degenerativos, traumatismos, infecciones, tumores o afecciones sist\u00e9micas. Una evaluaci\u00f3n adecuada puede ayudar a identificar las causas subyacentes, lo que permite un tratamiento espec\u00edfico y abordar cualquier problema asociado.<\/li>\n\n\n\n<li><strong>Evaluaci\u00f3n de la Idoneidad del Tratamiento:<\/strong> El diagn\u00f3stico y la evaluaci\u00f3n ayudan a determinar las opciones de tratamiento m\u00e1s adecuadas para un paciente concreto. Ciertas afecciones pueden requerir tratamientos conservadores como fisioterapia, medicaci\u00f3n o inyecciones, mientras que otras pueden requerir una intervenci\u00f3n quir\u00fargica. Una evaluaci\u00f3n exhaustiva ayuda a determinar el mejor curso de acci\u00f3n.<\/li>\n\n\n\n<li><strong>Seguimiento de los Progresos y los Resultados:<\/strong> El diagn\u00f3stico y la evaluaci\u00f3n no se limitan a la valoraci\u00f3n inicial. Tambi\u00e9n sirven como punto de referencia para supervisar el progreso del tratamiento y evaluar los resultados. Las evaluaciones peri\u00f3dicas permiten a los profesionales sanitarios hacer un seguimiento de la eficacia del plan de tratamiento elegido y realizar los ajustes necesarios.<\/li>\n\n\n\n<li><strong>Educaci\u00f3n y Capacitaci\u00f3n del Paciente:<\/strong> Un diagn\u00f3stico adecuado ayuda a los pacientes a comprender su enfermedad, sus causas y las opciones de tratamiento disponibles. Les capacita para participar activamente en la toma de decisiones, formular las preguntas pertinentes e implicarse en su propio cuidado.<\/li>\n\n\n\n<li><strong>Colaboraci\u00f3n y Derivaciones:<\/strong> En casos complejos, un diagn\u00f3stico preciso ayuda a facilitar la colaboraci\u00f3n entre profesionales sanitarios de distintas especialidades. Permite la derivaci\u00f3n oportuna a otros especialistas o cirujanos que pueden ofrecer conocimientos especializados u opciones de tratamiento adicionales.<\/li>\n<\/ol>\n\n\n\n<p>Los m\u00e9dicos especialistas en columna vertebral est\u00e1n capacitados para diagnosticar y tratar otras afecciones de la columna vertebral. <a href=\"https:\/\/rolandogarciamd.com\/es\/localizacion\/\">Consulte a un especialista en columna vertebral cualificado<\/a> para recibir un diagn\u00f3stico preciso y un tratamiento adecuado para cualquier afecci\u00f3n espec\u00edfica de la columna vertebral.<\/p>\n\n\n\n<blockquote class=\"wp-block-quote is-layout-flow wp-block-quote-is-layout-flow\">\n<p><em>El diagn\u00f3stico y la evaluaci\u00f3n son pasos esenciales en los tratamientos de la columna vertebral. Proporcionan una base para desarrollar planes de tratamiento personalizados, garantizar intervenciones adecuadas y supervisar el progreso.<\/em><\/p>\n<cite><a href=\"https:\/\/rolandogarciamd.com\/es\/dr-rolando-garcia\/\"><em>Rolando Garcia, MD, MPH<\/em><\/a><\/cite><\/blockquote>\n\n\n\n<p>Por favor, consulte nuestras <a href=\"https:\/\/rolandogarciamd.com\/es\/localizacion\/\">dos ubicaciones<\/a>. Para todas las preguntas de programaci\u00f3n o para citas, llame al <a href=\"tel:+13059371999\"><strong>305.937.1999<\/strong><\/a><\/p>\n","protected":false},"excerpt":{"rendered":"<p>Al identificar con precisi\u00f3n la afecci\u00f3n de la columna vertebral, podemos optimizar la atenci\u00f3n al paciente, mejorar los resultados y aumentar su satisfacci\u00f3n. Nuestros especialistas ortop\u00e9dicos en columna vertebral realizan evaluaciones exhaustivas, que incluyen la revisi\u00f3n de la historia cl\u00ednica, ex\u00e1menes f\u00edsicos y pruebas de diagn\u00f3stico por imagen (radiograf\u00edas, resonancias magn\u00e9ticas, tomograf\u00edas computarizadas) para diagnosticar&#8230; <a class=\"more-link\" href=\"https:\/\/rolandogarciamd.com\/es\/diagnostico-y-evaluacion\/\">[Read More]<\/a><\/p>\n","protected":false},"author":2,"featured_media":1038,"parent":0,"menu_order":0,"comment_status":"closed","ping_status":"closed","template":"","meta":{"_acf_changed":false,"_uag_custom_page_level_css":"","_monsterinsights_skip_tracking":false,"_monsterinsights_sitenote_active":false,"_monsterinsights_sitenote_note":"","_monsterinsights_sitenote_category":0,"_genesis_hide_title":false,"_genesis_hide_breadcrumbs":false,"_genesis_hide_singular_image":false,"_genesis_hide_footer_widgets":false,"_genesis_custom_body_class":"","_genesis_custom_post_class":"","_genesis_layout":"","footnotes":""},"class_list":{"0":"post-762","1":"page","2":"type-page","3":"status-publish","4":"has-post-thumbnail","6":"entry"},"acf":[],"yoast_head":"<!-- This site is optimized with the Yoast SEO plugin v26.1.1 - https:\/\/yoast.com\/wordpress\/plugins\/seo\/ -->\n<title>Diagn\u00f3stico Y Evaluaci\u00f3n - Dr. Rolando Garcia Jr. En Espa\u00f1ol<\/title>\n<meta name=\"description\" content=\"Nuestros especialistas ortop\u00e9dicos en columna vertebral realizan evaluaciones exhaustivas, que incluyen la revisi\u00f3n de la historia cl\u00ednica...\" \/>\n<meta name=\"robots\" content=\"index, follow, max-snippet:-1, max-image-preview:large, max-video-preview:-1\" \/>\n<link rel=\"canonical\" href=\"https:\/\/rolandogarciamd.com\/es\/diagnostico-y-evaluacion\/\" \/>\n<meta property=\"og:locale\" content=\"es_MX\" \/>\n<meta property=\"og:type\" content=\"article\" \/>\n<meta property=\"og:title\" content=\"Diagn\u00f3stico Y Evaluaci\u00f3n - Dr. Rolando Garcia Jr. En Espa\u00f1ol\" \/>\n<meta property=\"og:description\" content=\"Nuestros especialistas ortop\u00e9dicos en columna vertebral realizan evaluaciones exhaustivas, que incluyen la revisi\u00f3n de la historia cl\u00ednica...\" \/>\n<meta property=\"og:url\" content=\"https:\/\/rolandogarciamd.com\/es\/diagnostico-y-evaluacion\/\" \/>\n<meta property=\"og:site_name\" content=\"Dr. Rolando Garcia Jr. En Espa\u00f1ol\" \/>\n<meta property=\"article:modified_time\" content=\"2025-02-13T17:19:20+00:00\" \/>\n<meta property=\"og:image\" content=\"https:\/\/rolandogarciamd.com\/es\/wp-content\/uploads\/sites\/2\/2025\/02\/diagnostico-y-evaluacion.jpg\" \/>\n\t<meta property=\"og:image:width\" content=\"1280\" \/>\n\t<meta property=\"og:image:height\" content=\"720\" \/>\n\t<meta property=\"og:image:type\" content=\"image\/jpeg\" \/>\n<meta name=\"twitter:card\" content=\"summary_large_image\" \/>\n<meta name=\"twitter:label1\" content=\"Tiempo de lectura\" \/>\n\t<meta name=\"twitter:data1\" content=\"3 minutos\" \/>\n<script type=\"application\/ld+json\" class=\"yoast-schema-graph\">{\"@context\":\"https:\/\/schema.org\",\"@graph\":[{\"@type\":\"WebPage\",\"@id\":\"https:\/\/rolandogarciamd.com\/es\/diagnostico-y-evaluacion\/\",\"url\":\"https:\/\/rolandogarciamd.com\/es\/diagnostico-y-evaluacion\/\",\"name\":\"Diagn\u00f3stico Y Evaluaci\u00f3n - Dr. Rolando Garcia Jr. En Espa\u00f1ol\",\"isPartOf\":{\"@id\":\"https:\/\/rolandogarciamd.com\/es\/#website\"},\"primaryImageOfPage\":{\"@id\":\"https:\/\/rolandogarciamd.com\/es\/diagnostico-y-evaluacion\/#primaryimage\"},\"image\":{\"@id\":\"https:\/\/rolandogarciamd.com\/es\/diagnostico-y-evaluacion\/#primaryimage\"},\"thumbnailUrl\":\"https:\/\/rolandogarciamd.com\/es\/wp-content\/uploads\/sites\/2\/2025\/02\/diagnostico-y-evaluacion.jpg\",\"datePublished\":\"2023-07-11T17:50:33+00:00\",\"dateModified\":\"2025-02-13T17:19:20+00:00\",\"description\":\"Nuestros especialistas ortop\u00e9dicos en columna vertebral realizan evaluaciones exhaustivas, que incluyen la revisi\u00f3n de la historia cl\u00ednica...\",\"breadcrumb\":{\"@id\":\"https:\/\/rolandogarciamd.com\/es\/diagnostico-y-evaluacion\/#breadcrumb\"},\"inLanguage\":\"es-MX\",\"potentialAction\":[{\"@type\":\"ReadAction\",\"target\":[\"https:\/\/rolandogarciamd.com\/es\/diagnostico-y-evaluacion\/\"]}]},{\"@type\":\"ImageObject\",\"inLanguage\":\"es-MX\",\"@id\":\"https:\/\/rolandogarciamd.com\/es\/diagnostico-y-evaluacion\/#primaryimage\",\"url\":\"https:\/\/rolandogarciamd.com\/es\/wp-content\/uploads\/sites\/2\/2025\/02\/diagnostico-y-evaluacion.jpg\",\"contentUrl\":\"https:\/\/rolandogarciamd.com\/es\/wp-content\/uploads\/sites\/2\/2025\/02\/diagnostico-y-evaluacion.jpg\",\"width\":1280,\"height\":720,\"caption\":\"Diagn\u00f3stico Y Evaluaci\u00f3n\"},{\"@type\":\"BreadcrumbList\",\"@id\":\"https:\/\/rolandogarciamd.com\/es\/diagnostico-y-evaluacion\/#breadcrumb\",\"itemListElement\":[{\"@type\":\"ListItem\",\"position\":1,\"name\":\"Home\",\"item\":\"https:\/\/rolandogarciamd.com\/es\/\"},{\"@type\":\"ListItem\",\"position\":2,\"name\":\"Diagn\u00f3stico Y Evaluaci\u00f3n\"}]},{\"@type\":\"WebSite\",\"@id\":\"https:\/\/rolandogarciamd.com\/es\/#website\",\"url\":\"https:\/\/rolandogarciamd.com\/es\/\",\"name\":\"Dr. Rolando Garcia Jr. En Espa\u00f1ol\",\"description\":\"Experiencia en Cirug\u00eda de Reemplazo Discal\",\"potentialAction\":[{\"@type\":\"SearchAction\",\"target\":{\"@type\":\"EntryPoint\",\"urlTemplate\":\"https:\/\/rolandogarciamd.com\/es\/?s={search_term_string}\"},\"query-input\":{\"@type\":\"PropertyValueSpecification\",\"valueRequired\":true,\"valueName\":\"search_term_string\"}}],\"inLanguage\":\"es-MX\"}]}<\/script>\n<!-- \/ Yoast SEO plugin. -->","yoast_head_json":{"title":"Diagn\u00f3stico Y Evaluaci\u00f3n - Dr. Rolando Garcia Jr. En Espa\u00f1ol","description":"Nuestros especialistas ortop\u00e9dicos en columna vertebral realizan evaluaciones exhaustivas, que incluyen la revisi\u00f3n de la historia cl\u00ednica...","robots":{"index":"index","follow":"follow","max-snippet":"max-snippet:-1","max-image-preview":"max-image-preview:large","max-video-preview":"max-video-preview:-1"},"canonical":"https:\/\/rolandogarciamd.com\/es\/diagnostico-y-evaluacion\/","og_locale":"es_MX","og_type":"article","og_title":"Diagn\u00f3stico Y Evaluaci\u00f3n - Dr. Rolando Garcia Jr. En Espa\u00f1ol","og_description":"Nuestros especialistas ortop\u00e9dicos en columna vertebral realizan evaluaciones exhaustivas, que incluyen la revisi\u00f3n de la historia cl\u00ednica...","og_url":"https:\/\/rolandogarciamd.com\/es\/diagnostico-y-evaluacion\/","og_site_name":"Dr. Rolando Garcia Jr. En Espa\u00f1ol","article_modified_time":"2025-02-13T17:19:20+00:00","og_image":[{"width":1280,"height":720,"url":"https:\/\/rolandogarciamd.com\/es\/wp-content\/uploads\/sites\/2\/2025\/02\/diagnostico-y-evaluacion.jpg","type":"image\/jpeg"}],"twitter_card":"summary_large_image","twitter_misc":{"Tiempo de lectura":"3 minutos"},"schema":{"@context":"https:\/\/schema.org","@graph":[{"@type":"WebPage","@id":"https:\/\/rolandogarciamd.com\/es\/diagnostico-y-evaluacion\/","url":"https:\/\/rolandogarciamd.com\/es\/diagnostico-y-evaluacion\/","name":"Diagn\u00f3stico Y Evaluaci\u00f3n - Dr. Rolando Garcia Jr. En Espa\u00f1ol","isPartOf":{"@id":"https:\/\/rolandogarciamd.com\/es\/#website"},"primaryImageOfPage":{"@id":"https:\/\/rolandogarciamd.com\/es\/diagnostico-y-evaluacion\/#primaryimage"},"image":{"@id":"https:\/\/rolandogarciamd.com\/es\/diagnostico-y-evaluacion\/#primaryimage"},"thumbnailUrl":"https:\/\/rolandogarciamd.com\/es\/wp-content\/uploads\/sites\/2\/2025\/02\/diagnostico-y-evaluacion.jpg","datePublished":"2023-07-11T17:50:33+00:00","dateModified":"2025-02-13T17:19:20+00:00","description":"Nuestros especialistas ortop\u00e9dicos en columna vertebral realizan evaluaciones exhaustivas, que incluyen la revisi\u00f3n de la historia cl\u00ednica...","breadcrumb":{"@id":"https:\/\/rolandogarciamd.com\/es\/diagnostico-y-evaluacion\/#breadcrumb"},"inLanguage":"es-MX","potentialAction":[{"@type":"ReadAction","target":["https:\/\/rolandogarciamd.com\/es\/diagnostico-y-evaluacion\/"]}]},{"@type":"ImageObject","inLanguage":"es-MX","@id":"https:\/\/rolandogarciamd.com\/es\/diagnostico-y-evaluacion\/#primaryimage","url":"https:\/\/rolandogarciamd.com\/es\/wp-content\/uploads\/sites\/2\/2025\/02\/diagnostico-y-evaluacion.jpg","contentUrl":"https:\/\/rolandogarciamd.com\/es\/wp-content\/uploads\/sites\/2\/2025\/02\/diagnostico-y-evaluacion.jpg","width":1280,"height":720,"caption":"Diagn\u00f3stico Y Evaluaci\u00f3n"},{"@type":"BreadcrumbList","@id":"https:\/\/rolandogarciamd.com\/es\/diagnostico-y-evaluacion\/#breadcrumb","itemListElement":[{"@type":"ListItem","position":1,"name":"Home","item":"https:\/\/rolandogarciamd.com\/es\/"},{"@type":"ListItem","position":2,"name":"Diagn\u00f3stico Y Evaluaci\u00f3n"}]},{"@type":"WebSite","@id":"https:\/\/rolandogarciamd.com\/es\/#website","url":"https:\/\/rolandogarciamd.com\/es\/","name":"Dr. Rolando Garcia Jr. En Espa\u00f1ol","description":"Experiencia en Cirug\u00eda de Reemplazo Discal","potentialAction":[{"@type":"SearchAction","target":{"@type":"EntryPoint","urlTemplate":"https:\/\/rolandogarciamd.com\/es\/?s={search_term_string}"},"query-input":{"@type":"PropertyValueSpecification","valueRequired":true,"valueName":"search_term_string"}}],"inLanguage":"es-MX"}]}},"uagb_featured_image_src":{"full":["https:\/\/rolandogarciamd.com\/es\/wp-content\/uploads\/sites\/2\/2025\/02\/diagnostico-y-evaluacion.jpg",1280,720,false],"thumbnail":["https:\/\/rolandogarciamd.com\/es\/wp-content\/uploads\/sites\/2\/2025\/02\/diagnostico-y-evaluacion-150x150.jpg",150,150,true],"medium":["https:\/\/rolandogarciamd.com\/es\/wp-content\/uploads\/sites\/2\/2025\/02\/diagnostico-y-evaluacion-300x169.jpg",300,169,true],"medium_large":["https:\/\/rolandogarciamd.com\/es\/wp-content\/uploads\/sites\/2\/2025\/02\/diagnostico-y-evaluacion-768x432.jpg",768,432,true],"large":["https:\/\/rolandogarciamd.com\/es\/wp-content\/uploads\/sites\/2\/2025\/02\/diagnostico-y-evaluacion-1024x576.jpg",1024,576,true],"1536x1536":["https:\/\/rolandogarciamd.com\/es\/wp-content\/uploads\/sites\/2\/2025\/02\/diagnostico-y-evaluacion.jpg",1280,720,false],"2048x2048":["https:\/\/rolandogarciamd.com\/es\/wp-content\/uploads\/sites\/2\/2025\/02\/diagnostico-y-evaluacion.jpg",1280,720,false],"gform-image-choice-sm":["https:\/\/rolandogarciamd.com\/es\/wp-content\/uploads\/sites\/2\/2025\/02\/diagnostico-y-evaluacion.jpg",300,169,false],"gform-image-choice-md":["https:\/\/rolandogarciamd.com\/es\/wp-content\/uploads\/sites\/2\/2025\/02\/diagnostico-y-evaluacion.jpg",400,225,false],"gform-image-choice-lg":["https:\/\/rolandogarciamd.com\/es\/wp-content\/uploads\/sites\/2\/2025\/02\/diagnostico-y-evaluacion.jpg",600,338,false]},"uagb_author_info":{"display_name":"Rolando Garcia, MD.","author_link":"https:\/\/rolandogarciamd.com\/es\/author\/hmaadmin\/"},"uagb_comment_info":0,"uagb_excerpt":"Al identificar con precisi\u00f3n la afecci\u00f3n de la columna vertebral, podemos optimizar la atenci\u00f3n al paciente, mejorar los resultados y aumentar su satisfacci\u00f3n. Nuestros especialistas ortop\u00e9dicos en columna vertebral realizan evaluaciones exhaustivas, que incluyen la revisi\u00f3n de la historia cl\u00ednica, ex\u00e1menes f\u00edsicos y pruebas de diagn\u00f3stico por imagen (radiograf\u00edas, resonancias magn\u00e9ticas, tomograf\u00edas computarizadas) para diagnosticar...&hellip;","_links":{"self":[{"href":"https:\/\/rolandogarciamd.com\/es\/wp-json\/wp\/v2\/pages\/762","targetHints":{"allow":["GET"]}}],"collection":[{"href":"https:\/\/rolandogarciamd.com\/es\/wp-json\/wp\/v2\/pages"}],"about":[{"href":"https:\/\/rolandogarciamd.com\/es\/wp-json\/wp\/v2\/types\/page"}],"author":[{"embeddable":true,"href":"https:\/\/rolandogarciamd.com\/es\/wp-json\/wp\/v2\/users\/2"}],"replies":[{"embeddable":true,"href":"https:\/\/rolandogarciamd.com\/es\/wp-json\/wp\/v2\/comments?post=762"}],"version-history":[{"count":0,"href":"https:\/\/rolandogarciamd.com\/es\/wp-json\/wp\/v2\/pages\/762\/revisions"}],"wp:featuredmedia":[{"embeddable":true,"href":"https:\/\/rolandogarciamd.com\/es\/wp-json\/wp\/v2\/media\/1038"}],"wp:attachment":[{"href":"https:\/\/rolandogarciamd.com\/es\/wp-json\/wp\/v2\/media?parent=762"}],"curies":[{"name":"wp","href":"https:\/\/api.w.org\/{rel}","templated":true}]}}