{"id":753,"date":"2023-08-09T12:43:10","date_gmt":"2023-08-09T17:43:10","guid":{"rendered":"https:\/\/rolandogarciamd.com\/es\/?page_id=753"},"modified":"2023-09-06T14:49:19","modified_gmt":"2023-09-06T19:49:19","slug":"infecciones-espinales","status":"publish","type":"page","link":"https:\/\/rolandogarciamd.com\/es\/condiciones-espina-dorsal\/infecciones-espinales\/","title":{"rendered":"Infecciones Espinales"},"content":{"rendered":"\n<h2 class=\"wp-block-heading\">Las infecciones de la columna vertebral pueden estar causadas por bacterias, hongos u otros microorganismos que invaden la columna vertebral y sus estructuras.<\/h2>\n\n\n\n<blockquote class=\"wp-block-quote is-layout-flow wp-block-quote-is-layout-flow\">\n<p><em>Son infecciones que afectan a la columna vertebral, como la meningitis o la discitis espinales, que pueden provocar dolor, inflamaci\u00f3n y complicaciones neurol\u00f3gicas.<\/em><em><\/em><\/p>\n<\/blockquote>\n\n\n\n<p>Las infecciones de la columna vertebral pueden producirse por varias v\u00edas:<\/p>\n\n\n\n<ol class=\"wp-block-list\">\n<li><strong>Propagaci\u00f3n Hemat\u00f3gena:<\/strong> La v\u00eda m\u00e1s com\u00fan de infecci\u00f3n es a trav\u00e9s del torrente sangu\u00edneo. Las bacterias u hongos procedentes de otro lugar del cuerpo, como las v\u00edas urinarias o el sistema respiratorio, pueden entrar en el torrente sangu\u00edneo y propagarse a la columna vertebral.<\/li>\n\n\n\n<li><strong>Contaminaci\u00f3n Directa:<\/strong> En algunos casos, las infecciones pueden producirse directamente debido a procedimientos quir\u00fargicos, traumatismos o intervenciones invasivas en la columna vertebral que introducen microorganismos en la zona vertebral.<\/li>\n\n\n\n<li><strong>Propagaci\u00f3n desde Estructuras Cercanas:<\/strong> Las infecciones en tejidos cercanos, como la piel o los tejidos blandos de la espalda, pueden propagarse a la columna vertebral. <\/li>\n<\/ol>\n\n\n\n<p>Las infecciones de la columna vertebral pueden afectar a distintas partes de la columna, como las v\u00e9rtebras, los discos intervertebrales, el canal raqu\u00eddeo o los tejidos que rodean la columna.<\/p>\n\n\n\n<div class=\"panel box-module-cta\">\r\n<span class=\"icon-title\"><i class=\"fa fa-lightbulb-o\" aria-hidden=\"true\"><\/i><\/span>\r\n<h5 class=\"h1\">\u00bfNecesita un Diagn\u00f3stico o una Segunda Opini\u00f3n?<\/h5>\r\n<p class=\"subtitle\">\u00a1Sabemos que podemos ayudarle con su condici\u00f3n de columna!<\/p>\r\n<p>\r\nDos ubicaciones en North Miami Beach y Hallandale Beach, FL.<\/p>\r\n<a href=\"\/es\/localizacion\/\"><button class=\"btn btn-default\" type=\"button\">CONT\u00c1CTENOS<\/button><\/a>\r\n<\/div>\n\n\n\n<h3 class=\"wp-block-heading\">Los s\u00edntomas comunes de las infecciones de la columna vertebral pueden incluir:<\/h3>\n\n\n\n<ol class=\"wp-block-list\">\n<li><strong>Dolor de Espalda o Cuello:<\/strong> Dolor persistente y que empeora en la zona afectada, que puede ser localizado o irradiarse a otras partes del cuerpo.<\/li>\n\n\n\n<li><strong>Fiebre:<\/strong> Una temperatura corporal elevada suele acompa\u00f1ar a las infecciones espinales.<\/li>\n\n\n\n<li><strong>Rigidez y Movilidad Limitada:<\/strong> Dificultad para mover la columna vertebral debido al dolor y la inflamaci\u00f3n.<\/li>\n\n\n\n<li><strong>S\u00edntomas Neurol\u00f3gicos:<\/strong> En casos graves, las infecciones espinales pueden comprimir la m\u00e9dula espinal o los nervios, lo que provoca d\u00e9ficits neurol\u00f3gicos, como debilidad, entumecimiento o p\u00e9rdida de sensibilidad en las extremidades.<\/li>\n\n\n\n<li><strong>Hinchaz\u00f3n y Enrojecimiento:<\/strong> Las infecciones cerca de la piel o los tejidos blandos de la espalda pueden causar hinchaz\u00f3n y enrojecimiento visibles.<\/li>\n<\/ol>\n\n\n\n<p>Por favor, revise nuestras<a> <\/a><a href=\"https:\/\/rolandogarciamd.com\/es\/localizacion\/\">dos ubicaciones<\/a>. Para programar citas o realizar preguntas al respecto, llame al <a href=\"tel:+13059371999\"><strong>305.937.1999<\/strong><\/a><\/p>\n","protected":false},"excerpt":{"rendered":"<p>Las infecciones de la columna vertebral pueden estar causadas por bacterias, hongos u otros microorganismos que invaden la columna vertebral y sus estructuras. Son infecciones que afectan a la columna vertebral, como la meningitis o la discitis espinales, que pueden provocar dolor, inflamaci\u00f3n y complicaciones neurol\u00f3gicas. Las infecciones de la columna vertebral pueden producirse por&#8230; <a class=\"more-link\" href=\"https:\/\/rolandogarciamd.com\/es\/condiciones-espina-dorsal\/infecciones-espinales\/\">[Read More]<\/a><\/p>\n","protected":false},"author":2,"featured_media":0,"parent":744,"menu_order":0,"comment_status":"closed","ping_status":"closed","template":"","meta":{"_acf_changed":false,"_uag_custom_page_level_css":"","_monsterinsights_skip_tracking":false,"_monsterinsights_sitenote_active":false,"_monsterinsights_sitenote_note":"","_monsterinsights_sitenote_category":0,"_genesis_hide_title":false,"_genesis_hide_breadcrumbs":false,"_genesis_hide_singular_image":false,"_genesis_hide_footer_widgets":false,"_genesis_custom_body_class":"","_genesis_custom_post_class":"","_genesis_layout":"","footnotes":""},"class_list":{"0":"post-753","1":"page","2":"type-page","3":"status-publish","5":"entry"},"acf":[],"yoast_head":"<!-- This site is optimized with the Yoast SEO plugin v26.1.1 - https:\/\/yoast.com\/wordpress\/plugins\/seo\/ -->\n<title>Infecciones Espinales - Dr. Rolando Garcia Jr. En Espa\u00f1ol<\/title>\n<meta name=\"description\" content=\"Las infecciones de la columna vertebral pueden estar causadas por bacterias, hongos u otros microorganismos que invaden la columna vertebral y sus\" \/>\n<meta name=\"robots\" content=\"index, follow, max-snippet:-1, max-image-preview:large, max-video-preview:-1\" \/>\n<link rel=\"canonical\" href=\"https:\/\/rolandogarciamd.com\/es\/condiciones-espina-dorsal\/infecciones-espinales\/\" \/>\n<meta property=\"og:locale\" content=\"es_MX\" \/>\n<meta property=\"og:type\" content=\"article\" \/>\n<meta property=\"og:title\" content=\"Infecciones Espinales - Dr. Rolando Garcia Jr. En Espa\u00f1ol\" \/>\n<meta property=\"og:description\" content=\"Las infecciones de la columna vertebral pueden estar causadas por bacterias, hongos u otros microorganismos que invaden la columna vertebral y sus\" \/>\n<meta property=\"og:url\" content=\"https:\/\/rolandogarciamd.com\/es\/condiciones-espina-dorsal\/infecciones-espinales\/\" \/>\n<meta property=\"og:site_name\" content=\"Dr. Rolando Garcia Jr. En Espa\u00f1ol\" \/>\n<meta property=\"article:modified_time\" content=\"2023-09-06T19:49:19+00:00\" \/>\n<meta name=\"twitter:card\" content=\"summary_large_image\" \/>\n<meta name=\"twitter:label1\" content=\"Tiempo de lectura\" \/>\n\t<meta name=\"twitter:data1\" content=\"2 minutos\" \/>\n<script type=\"application\/ld+json\" class=\"yoast-schema-graph\">{\"@context\":\"https:\/\/schema.org\",\"@graph\":[{\"@type\":\"WebPage\",\"@id\":\"https:\/\/rolandogarciamd.com\/es\/condiciones-espina-dorsal\/infecciones-espinales\/\",\"url\":\"https:\/\/rolandogarciamd.com\/es\/condiciones-espina-dorsal\/infecciones-espinales\/\",\"name\":\"Infecciones Espinales - Dr. Rolando Garcia Jr. En Espa\u00f1ol\",\"isPartOf\":{\"@id\":\"https:\/\/rolandogarciamd.com\/es\/#website\"},\"datePublished\":\"2023-08-09T17:43:10+00:00\",\"dateModified\":\"2023-09-06T19:49:19+00:00\",\"description\":\"Las infecciones de la columna vertebral pueden estar causadas por bacterias, hongos u otros microorganismos que invaden la columna vertebral y sus\",\"breadcrumb\":{\"@id\":\"https:\/\/rolandogarciamd.com\/es\/condiciones-espina-dorsal\/infecciones-espinales\/#breadcrumb\"},\"inLanguage\":\"es-MX\",\"potentialAction\":[{\"@type\":\"ReadAction\",\"target\":[\"https:\/\/rolandogarciamd.com\/es\/condiciones-espina-dorsal\/infecciones-espinales\/\"]}]},{\"@type\":\"BreadcrumbList\",\"@id\":\"https:\/\/rolandogarciamd.com\/es\/condiciones-espina-dorsal\/infecciones-espinales\/#breadcrumb\",\"itemListElement\":[{\"@type\":\"ListItem\",\"position\":1,\"name\":\"Home\",\"item\":\"https:\/\/rolandogarciamd.com\/es\/\"},{\"@type\":\"ListItem\",\"position\":2,\"name\":\"Afecciones De La Columna Vertebral\",\"item\":\"https:\/\/rolandogarciamd.com\/es\/condiciones-espina-dorsal\/\"},{\"@type\":\"ListItem\",\"position\":3,\"name\":\"Infecciones Espinales\"}]},{\"@type\":\"WebSite\",\"@id\":\"https:\/\/rolandogarciamd.com\/es\/#website\",\"url\":\"https:\/\/rolandogarciamd.com\/es\/\",\"name\":\"Dr. Rolando Garcia Jr. En Espa\u00f1ol\",\"description\":\"Experiencia en Cirug\u00eda de Reemplazo Discal\",\"potentialAction\":[{\"@type\":\"SearchAction\",\"target\":{\"@type\":\"EntryPoint\",\"urlTemplate\":\"https:\/\/rolandogarciamd.com\/es\/?s={search_term_string}\"},\"query-input\":{\"@type\":\"PropertyValueSpecification\",\"valueRequired\":true,\"valueName\":\"search_term_string\"}}],\"inLanguage\":\"es-MX\"}]}<\/script>\n<!-- \/ Yoast SEO plugin. -->","yoast_head_json":{"title":"Infecciones Espinales - Dr. Rolando Garcia Jr. En Espa\u00f1ol","description":"Las infecciones de la columna vertebral pueden estar causadas por bacterias, hongos u otros microorganismos que invaden la columna vertebral y sus","robots":{"index":"index","follow":"follow","max-snippet":"max-snippet:-1","max-image-preview":"max-image-preview:large","max-video-preview":"max-video-preview:-1"},"canonical":"https:\/\/rolandogarciamd.com\/es\/condiciones-espina-dorsal\/infecciones-espinales\/","og_locale":"es_MX","og_type":"article","og_title":"Infecciones Espinales - Dr. Rolando Garcia Jr. En Espa\u00f1ol","og_description":"Las infecciones de la columna vertebral pueden estar causadas por bacterias, hongos u otros microorganismos que invaden la columna vertebral y sus","og_url":"https:\/\/rolandogarciamd.com\/es\/condiciones-espina-dorsal\/infecciones-espinales\/","og_site_name":"Dr. Rolando Garcia Jr. En Espa\u00f1ol","article_modified_time":"2023-09-06T19:49:19+00:00","twitter_card":"summary_large_image","twitter_misc":{"Tiempo de lectura":"2 minutos"},"schema":{"@context":"https:\/\/schema.org","@graph":[{"@type":"WebPage","@id":"https:\/\/rolandogarciamd.com\/es\/condiciones-espina-dorsal\/infecciones-espinales\/","url":"https:\/\/rolandogarciamd.com\/es\/condiciones-espina-dorsal\/infecciones-espinales\/","name":"Infecciones Espinales - Dr. Rolando Garcia Jr. En Espa\u00f1ol","isPartOf":{"@id":"https:\/\/rolandogarciamd.com\/es\/#website"},"datePublished":"2023-08-09T17:43:10+00:00","dateModified":"2023-09-06T19:49:19+00:00","description":"Las infecciones de la columna vertebral pueden estar causadas por bacterias, hongos u otros microorganismos que invaden la columna vertebral y sus","breadcrumb":{"@id":"https:\/\/rolandogarciamd.com\/es\/condiciones-espina-dorsal\/infecciones-espinales\/#breadcrumb"},"inLanguage":"es-MX","potentialAction":[{"@type":"ReadAction","target":["https:\/\/rolandogarciamd.com\/es\/condiciones-espina-dorsal\/infecciones-espinales\/"]}]},{"@type":"BreadcrumbList","@id":"https:\/\/rolandogarciamd.com\/es\/condiciones-espina-dorsal\/infecciones-espinales\/#breadcrumb","itemListElement":[{"@type":"ListItem","position":1,"name":"Home","item":"https:\/\/rolandogarciamd.com\/es\/"},{"@type":"ListItem","position":2,"name":"Afecciones De La Columna Vertebral","item":"https:\/\/rolandogarciamd.com\/es\/condiciones-espina-dorsal\/"},{"@type":"ListItem","position":3,"name":"Infecciones Espinales"}]},{"@type":"WebSite","@id":"https:\/\/rolandogarciamd.com\/es\/#website","url":"https:\/\/rolandogarciamd.com\/es\/","name":"Dr. Rolando Garcia Jr. En Espa\u00f1ol","description":"Experiencia en Cirug\u00eda de Reemplazo Discal","potentialAction":[{"@type":"SearchAction","target":{"@type":"EntryPoint","urlTemplate":"https:\/\/rolandogarciamd.com\/es\/?s={search_term_string}"},"query-input":{"@type":"PropertyValueSpecification","valueRequired":true,"valueName":"search_term_string"}}],"inLanguage":"es-MX"}]}},"uagb_featured_image_src":{"full":false,"thumbnail":false,"medium":false,"medium_large":false,"large":false,"1536x1536":false,"2048x2048":false,"gform-image-choice-sm":false,"gform-image-choice-md":false,"gform-image-choice-lg":false},"uagb_author_info":{"display_name":"Rolando Garcia, MD.","author_link":"https:\/\/rolandogarciamd.com\/es\/author\/hmaadmin\/"},"uagb_comment_info":0,"uagb_excerpt":"Las infecciones de la columna vertebral pueden estar causadas por bacterias, hongos u otros microorganismos que invaden la columna vertebral y sus estructuras. Son infecciones que afectan a la columna vertebral, como la meningitis o la discitis espinales, que pueden provocar dolor, inflamaci\u00f3n y complicaciones neurol\u00f3gicas. Las infecciones de la columna vertebral pueden producirse por...&hellip;","_links":{"self":[{"href":"https:\/\/rolandogarciamd.com\/es\/wp-json\/wp\/v2\/pages\/753","targetHints":{"allow":["GET"]}}],"collection":[{"href":"https:\/\/rolandogarciamd.com\/es\/wp-json\/wp\/v2\/pages"}],"about":[{"href":"https:\/\/rolandogarciamd.com\/es\/wp-json\/wp\/v2\/types\/page"}],"author":[{"embeddable":true,"href":"https:\/\/rolandogarciamd.com\/es\/wp-json\/wp\/v2\/users\/2"}],"replies":[{"embeddable":true,"href":"https:\/\/rolandogarciamd.com\/es\/wp-json\/wp\/v2\/comments?post=753"}],"version-history":[{"count":0,"href":"https:\/\/rolandogarciamd.com\/es\/wp-json\/wp\/v2\/pages\/753\/revisions"}],"up":[{"embeddable":true,"href":"https:\/\/rolandogarciamd.com\/es\/wp-json\/wp\/v2\/pages\/744"}],"wp:attachment":[{"href":"https:\/\/rolandogarciamd.com\/es\/wp-json\/wp\/v2\/media?parent=753"}],"curies":[{"name":"wp","href":"https:\/\/api.w.org\/{rel}","templated":true}]}}