{"id":751,"date":"2023-08-09T12:43:10","date_gmt":"2023-08-09T17:43:10","guid":{"rendered":"https:\/\/rolandogarciamd.com\/es\/?page_id=751"},"modified":"2023-09-06T14:06:22","modified_gmt":"2023-09-06T19:06:22","slug":"deformidades-columna-vertebral","status":"publish","type":"page","link":"https:\/\/rolandogarciamd.com\/es\/condiciones-espina-dorsal\/deformidades-columna-vertebral\/","title":{"rendered":"Deformidades De La Columna Vertebral"},"content":{"rendered":"\n<h2 class=\"wp-block-heading\">Las deformidades de la columna vertebral se refieren a curvaturas anormales o desalineaciones de la columna vertebral.<\/h2>\n\n\n\n<p>Estas afecciones pueden afectar a la forma natural, la alineaci\u00f3n y el equilibrio de la columna vertebral, provocando anomal\u00edas posturales y posibles complicaciones de salud. Uno de los tipos m\u00e1s comunes de deformidades de la columna vertebral es la escoliosis.<\/p>\n\n\n\n<blockquote class=\"wp-block-quote is-layout-flow wp-block-quote-is-layout-flow\">\n<p><em>La escoliosis progresiva idiop\u00e1tica del adulto es una <\/em><a href=\"\/es\/condiciones-espina-dorsal\/\"><em>afecci\u00f3n de la columna vertebral<\/em><\/a><em> que provoca una curvatura anormal de la columna en los adultos. Idiop\u00e1tica significa que se desconoce la causa exacta de la escoliosis, mientras que progresiva significa que la curvatura de la columna sigue empeorando con el tiempo. &#8220;La escoliosis es una afecci\u00f3n que hace que la columna se curve hacia los lados, dando lugar a una forma de &#8220;C&#8221; o &#8220;S&#8221;&#8221;<\/em><\/p>\n<cite><em>Explica El <\/em><a href=\"\/es\/dr-rolando-garcia\/\"><em>Cirujano Ortop\u00e9dico Rolando Garc\u00eda, M.D.<\/em><\/a><\/cite><\/blockquote>\n\n\n\n<p>La escoliosis idiop\u00e1tica progresiva del adulto suele desarrollarse durante la adolescencia, pero tambi\u00e9n puede aparecer en la edad adulta. En algunos casos, la escoliosis puede progresar hasta la edad adulta y causar molestias o dolor. La causa exacta de esta afecci\u00f3n no se conoce del todo, pero se cree que est\u00e1 relacionada con una combinaci\u00f3n de factores gen\u00e9ticos y ambientales.<\/p>\n\n\n\n<p>Los s\u00edntomas de la escoliosis progresiva idiop\u00e1tica del adulto pueden incluir dolor, rigidez y movilidad limitada en la zona afectada. En casos graves, la curvatura de la columna puede comprimir la m\u00e9dula espinal o los nervios, lo que provoca s\u00edntomas neurol\u00f3gicos como entumecimiento o debilidad en brazos o piernas.<\/p>\n\n\n\n<p>El tratamiento de la escoliosis progresiva idiop\u00e1tica del adulto suele consistir en una combinaci\u00f3n de enfoques no quir\u00fargicos, como fisioterapia, tratamiento del dolor y cors\u00e9s. En algunos casos, puede recomendarse la cirug\u00eda para corregir la curvatura de la columna vertebral y evitar que la enfermedad siga avanzando. Los procedimientos quir\u00fargicos para la escoliosis suelen incluir la fusi\u00f3n espinal, en la que dos o m\u00e1s v\u00e9rtebras se fusionan para enderezar la columna. <\/p>\n\n\n\n<p>Es importante trabajar con un profesional m\u00e9dico para desarrollar un plan de tratamiento integral basado en la gravedad de la escoliosis y en los s\u00edntomas e historial m\u00e9dico de la persona. Las revisiones peri\u00f3dicas con un especialista en columna vertebral tambi\u00e9n pueden ayudar a controlar la progresi\u00f3n de la enfermedad y ajustar el tratamiento seg\u00fan sea necesario.<\/p>\n\n\n\n<div class=\"panel box-module-cta\">\r\n<span class=\"icon-title\"><i class=\"fa fa-lightbulb-o\" aria-hidden=\"true\"><\/i><\/span>\r\n<h5 class=\"h1\">\u00bfNecesita un Diagn\u00f3stico o una Segunda Opini\u00f3n?<\/h5>\r\n<p class=\"subtitle\">\u00a1Sabemos que podemos ayudarle con su condici\u00f3n de columna!<\/p>\r\n<p>\r\nDos ubicaciones en North Miami Beach y Hallandale Beach, FL.<\/p>\r\n<a href=\"\/es\/localizacion\/\"><button class=\"btn btn-default\" type=\"button\">CONT\u00c1CTENOS<\/button><\/a>\r\n<\/div>\n\n\n\n<h3 class=\"wp-block-heading\">La fusi\u00f3n espinal es un procedimiento quir\u00fargico que se utiliza habitualmente para tratar la escoliosis.<\/h3>\n\n\n\n<p>El objetivo de la cirug\u00eda de fusi\u00f3n espinal es corregir la curvatura de la columna vertebral fusionando dos o m\u00e1s v\u00e9rtebras. De este modo, se crea una estructura \u00f3sea s\u00f3lida que puede impedir que la columna siga curv\u00e1ndose de forma anormal.<\/p>\n\n\n\n<p>La intervenci\u00f3n del cirujano consiste en realizar una incisi\u00f3n en la espalda para exponer las v\u00e9rtebras afectadas. El cirujano extrae el disco da\u00f1ado o el material \u00f3seo que causa la curvatura e inserta un injerto \u00f3seo o un implante vertebral en el espacio entre las v\u00e9rtebras. El injerto o implante se sujeta con varillas met\u00e1licas o tornillos que se fijan a las v\u00e9rtebras por encima y por debajo de la zona afectada.<\/p>\n\n\n\n<p>Con el tiempo, el injerto o implante \u00f3seo se fusionar\u00e1 con las v\u00e9rtebras, creando una estructura \u00f3sea s\u00f3lida que mantiene la columna vertebral en la posici\u00f3n corregida. Las varillas y los tornillos suelen dejarse colocados para proporcionar un soporte adicional durante el proceso de curaci\u00f3n.<\/p>\n\n\n\n<p>La <a href=\"https:\/\/rolandogarciamd.com\/spinal-fusion\/\">cirug\u00eda de fusi\u00f3n espinal<\/a><strong> [ENG]<\/strong> para la escoliosis suele ser un procedimiento complejo que puede requerir una estancia hospitalaria de varios d\u00edas. El tiempo de recuperaci\u00f3n puede variar en funci\u00f3n del alcance de la intervenci\u00f3n, pero el paciente puede tardar varios meses en recuperarse por completo y reanudar sus actividades normales.<\/p>\n\n\n\n<p>Como cualquier intervenci\u00f3n quir\u00fargica, la fusi\u00f3n espinal para la escoliosis conlleva algunos riesgos, como infecciones, hemorragias y lesiones nerviosas. Es importante discutir los riesgos y beneficios de la cirug\u00eda con un profesional m\u00e9dico y considerar todas las opciones de tratamiento no quir\u00fargico antes de tomar una decisi\u00f3n.<\/p>\n\n\n\n<p>Por favor, revise nuestras <a href=\"https:\/\/rolandogarciamd.com\/es\/localizacion\/\">dos ubicaciones<\/a>. Para programar citas o realizar preguntas al respecto, llame al <a href=\"tel:+13059371999\"><strong>305.937.1999<\/strong><\/a><\/p>\n","protected":false},"excerpt":{"rendered":"<p>Las deformidades de la columna vertebral se refieren a curvaturas anormales o desalineaciones de la columna vertebral. Estas afecciones pueden afectar a la forma natural, la alineaci\u00f3n y el equilibrio de la columna vertebral, provocando anomal\u00edas posturales y posibles complicaciones de salud. Uno de los tipos m\u00e1s comunes de deformidades de la columna vertebral es&#8230; <a class=\"more-link\" href=\"https:\/\/rolandogarciamd.com\/es\/condiciones-espina-dorsal\/deformidades-columna-vertebral\/\">[Read More]<\/a><\/p>\n","protected":false},"author":2,"featured_media":0,"parent":744,"menu_order":1,"comment_status":"closed","ping_status":"closed","template":"","meta":{"_acf_changed":false,"_uag_custom_page_level_css":"","_monsterinsights_skip_tracking":false,"_monsterinsights_sitenote_active":false,"_monsterinsights_sitenote_note":"","_monsterinsights_sitenote_category":0,"_genesis_hide_title":false,"_genesis_hide_breadcrumbs":false,"_genesis_hide_singular_image":false,"_genesis_hide_footer_widgets":false,"_genesis_custom_body_class":"","_genesis_custom_post_class":"","_genesis_layout":"","footnotes":""},"class_list":{"0":"post-751","1":"page","2":"type-page","3":"status-publish","5":"entry"},"acf":[],"yoast_head":"<!-- This site is optimized with the Yoast SEO plugin v26.1.1 - https:\/\/yoast.com\/wordpress\/plugins\/seo\/ -->\n<title>Deformidades De La Columna Vertebral - Dr. Rolando Garcia Jr. En Espa\u00f1ol<\/title>\n<meta name=\"description\" content=\"Las deformidades de la columna vertebral se refieren a curvaturas anormales o desalineaciones de la columna vertebral. Estas afecciones pueden afectar a\" \/>\n<meta name=\"robots\" content=\"index, follow, max-snippet:-1, max-image-preview:large, max-video-preview:-1\" \/>\n<link rel=\"canonical\" href=\"https:\/\/rolandogarciamd.com\/es\/condiciones-espina-dorsal\/deformidades-columna-vertebral\/\" \/>\n<meta property=\"og:locale\" content=\"es_MX\" \/>\n<meta property=\"og:type\" content=\"article\" \/>\n<meta property=\"og:title\" content=\"Deformidades De La Columna Vertebral - Dr. Rolando Garcia Jr. En Espa\u00f1ol\" \/>\n<meta property=\"og:description\" content=\"Las deformidades de la columna vertebral se refieren a curvaturas anormales o desalineaciones de la columna vertebral. Estas afecciones pueden afectar a\" \/>\n<meta property=\"og:url\" content=\"https:\/\/rolandogarciamd.com\/es\/condiciones-espina-dorsal\/deformidades-columna-vertebral\/\" \/>\n<meta property=\"og:site_name\" content=\"Dr. Rolando Garcia Jr. En Espa\u00f1ol\" \/>\n<meta property=\"article:modified_time\" content=\"2023-09-06T19:06:22+00:00\" \/>\n<meta name=\"twitter:card\" content=\"summary_large_image\" \/>\n<meta name=\"twitter:label1\" content=\"Tiempo de lectura\" \/>\n\t<meta name=\"twitter:data1\" content=\"3 minutos\" \/>\n<script type=\"application\/ld+json\" class=\"yoast-schema-graph\">{\"@context\":\"https:\/\/schema.org\",\"@graph\":[{\"@type\":\"WebPage\",\"@id\":\"https:\/\/rolandogarciamd.com\/es\/condiciones-espina-dorsal\/deformidades-columna-vertebral\/\",\"url\":\"https:\/\/rolandogarciamd.com\/es\/condiciones-espina-dorsal\/deformidades-columna-vertebral\/\",\"name\":\"Deformidades De La Columna Vertebral - Dr. Rolando Garcia Jr. En Espa\u00f1ol\",\"isPartOf\":{\"@id\":\"https:\/\/rolandogarciamd.com\/es\/#website\"},\"datePublished\":\"2023-08-09T17:43:10+00:00\",\"dateModified\":\"2023-09-06T19:06:22+00:00\",\"description\":\"Las deformidades de la columna vertebral se refieren a curvaturas anormales o desalineaciones de la columna vertebral. Estas afecciones pueden afectar a\",\"breadcrumb\":{\"@id\":\"https:\/\/rolandogarciamd.com\/es\/condiciones-espina-dorsal\/deformidades-columna-vertebral\/#breadcrumb\"},\"inLanguage\":\"es-MX\",\"potentialAction\":[{\"@type\":\"ReadAction\",\"target\":[\"https:\/\/rolandogarciamd.com\/es\/condiciones-espina-dorsal\/deformidades-columna-vertebral\/\"]}]},{\"@type\":\"BreadcrumbList\",\"@id\":\"https:\/\/rolandogarciamd.com\/es\/condiciones-espina-dorsal\/deformidades-columna-vertebral\/#breadcrumb\",\"itemListElement\":[{\"@type\":\"ListItem\",\"position\":1,\"name\":\"Home\",\"item\":\"https:\/\/rolandogarciamd.com\/es\/\"},{\"@type\":\"ListItem\",\"position\":2,\"name\":\"Afecciones De La Columna Vertebral\",\"item\":\"https:\/\/rolandogarciamd.com\/es\/condiciones-espina-dorsal\/\"},{\"@type\":\"ListItem\",\"position\":3,\"name\":\"Deformidades De La Columna Vertebral\"}]},{\"@type\":\"WebSite\",\"@id\":\"https:\/\/rolandogarciamd.com\/es\/#website\",\"url\":\"https:\/\/rolandogarciamd.com\/es\/\",\"name\":\"Dr. Rolando Garcia Jr. En Espa\u00f1ol\",\"description\":\"Experiencia en Cirug\u00eda de Reemplazo Discal\",\"potentialAction\":[{\"@type\":\"SearchAction\",\"target\":{\"@type\":\"EntryPoint\",\"urlTemplate\":\"https:\/\/rolandogarciamd.com\/es\/?s={search_term_string}\"},\"query-input\":{\"@type\":\"PropertyValueSpecification\",\"valueRequired\":true,\"valueName\":\"search_term_string\"}}],\"inLanguage\":\"es-MX\"}]}<\/script>\n<!-- \/ Yoast SEO plugin. -->","yoast_head_json":{"title":"Deformidades De La Columna Vertebral - Dr. Rolando Garcia Jr. En Espa\u00f1ol","description":"Las deformidades de la columna vertebral se refieren a curvaturas anormales o desalineaciones de la columna vertebral. Estas afecciones pueden afectar a","robots":{"index":"index","follow":"follow","max-snippet":"max-snippet:-1","max-image-preview":"max-image-preview:large","max-video-preview":"max-video-preview:-1"},"canonical":"https:\/\/rolandogarciamd.com\/es\/condiciones-espina-dorsal\/deformidades-columna-vertebral\/","og_locale":"es_MX","og_type":"article","og_title":"Deformidades De La Columna Vertebral - Dr. Rolando Garcia Jr. En Espa\u00f1ol","og_description":"Las deformidades de la columna vertebral se refieren a curvaturas anormales o desalineaciones de la columna vertebral. Estas afecciones pueden afectar a","og_url":"https:\/\/rolandogarciamd.com\/es\/condiciones-espina-dorsal\/deformidades-columna-vertebral\/","og_site_name":"Dr. Rolando Garcia Jr. En Espa\u00f1ol","article_modified_time":"2023-09-06T19:06:22+00:00","twitter_card":"summary_large_image","twitter_misc":{"Tiempo de lectura":"3 minutos"},"schema":{"@context":"https:\/\/schema.org","@graph":[{"@type":"WebPage","@id":"https:\/\/rolandogarciamd.com\/es\/condiciones-espina-dorsal\/deformidades-columna-vertebral\/","url":"https:\/\/rolandogarciamd.com\/es\/condiciones-espina-dorsal\/deformidades-columna-vertebral\/","name":"Deformidades De La Columna Vertebral - Dr. Rolando Garcia Jr. En Espa\u00f1ol","isPartOf":{"@id":"https:\/\/rolandogarciamd.com\/es\/#website"},"datePublished":"2023-08-09T17:43:10+00:00","dateModified":"2023-09-06T19:06:22+00:00","description":"Las deformidades de la columna vertebral se refieren a curvaturas anormales o desalineaciones de la columna vertebral. Estas afecciones pueden afectar a","breadcrumb":{"@id":"https:\/\/rolandogarciamd.com\/es\/condiciones-espina-dorsal\/deformidades-columna-vertebral\/#breadcrumb"},"inLanguage":"es-MX","potentialAction":[{"@type":"ReadAction","target":["https:\/\/rolandogarciamd.com\/es\/condiciones-espina-dorsal\/deformidades-columna-vertebral\/"]}]},{"@type":"BreadcrumbList","@id":"https:\/\/rolandogarciamd.com\/es\/condiciones-espina-dorsal\/deformidades-columna-vertebral\/#breadcrumb","itemListElement":[{"@type":"ListItem","position":1,"name":"Home","item":"https:\/\/rolandogarciamd.com\/es\/"},{"@type":"ListItem","position":2,"name":"Afecciones De La Columna Vertebral","item":"https:\/\/rolandogarciamd.com\/es\/condiciones-espina-dorsal\/"},{"@type":"ListItem","position":3,"name":"Deformidades De La Columna Vertebral"}]},{"@type":"WebSite","@id":"https:\/\/rolandogarciamd.com\/es\/#website","url":"https:\/\/rolandogarciamd.com\/es\/","name":"Dr. Rolando Garcia Jr. En Espa\u00f1ol","description":"Experiencia en Cirug\u00eda de Reemplazo Discal","potentialAction":[{"@type":"SearchAction","target":{"@type":"EntryPoint","urlTemplate":"https:\/\/rolandogarciamd.com\/es\/?s={search_term_string}"},"query-input":{"@type":"PropertyValueSpecification","valueRequired":true,"valueName":"search_term_string"}}],"inLanguage":"es-MX"}]}},"uagb_featured_image_src":{"full":false,"thumbnail":false,"medium":false,"medium_large":false,"large":false,"1536x1536":false,"2048x2048":false,"gform-image-choice-sm":false,"gform-image-choice-md":false,"gform-image-choice-lg":false},"uagb_author_info":{"display_name":"Rolando Garcia, MD.","author_link":"https:\/\/rolandogarciamd.com\/es\/author\/hmaadmin\/"},"uagb_comment_info":0,"uagb_excerpt":"Las deformidades de la columna vertebral se refieren a curvaturas anormales o desalineaciones de la columna vertebral. Estas afecciones pueden afectar a la forma natural, la alineaci\u00f3n y el equilibrio de la columna vertebral, provocando anomal\u00edas posturales y posibles complicaciones de salud. Uno de los tipos m\u00e1s comunes de deformidades de la columna vertebral es...&hellip;","_links":{"self":[{"href":"https:\/\/rolandogarciamd.com\/es\/wp-json\/wp\/v2\/pages\/751","targetHints":{"allow":["GET"]}}],"collection":[{"href":"https:\/\/rolandogarciamd.com\/es\/wp-json\/wp\/v2\/pages"}],"about":[{"href":"https:\/\/rolandogarciamd.com\/es\/wp-json\/wp\/v2\/types\/page"}],"author":[{"embeddable":true,"href":"https:\/\/rolandogarciamd.com\/es\/wp-json\/wp\/v2\/users\/2"}],"replies":[{"embeddable":true,"href":"https:\/\/rolandogarciamd.com\/es\/wp-json\/wp\/v2\/comments?post=751"}],"version-history":[{"count":0,"href":"https:\/\/rolandogarciamd.com\/es\/wp-json\/wp\/v2\/pages\/751\/revisions"}],"up":[{"embeddable":true,"href":"https:\/\/rolandogarciamd.com\/es\/wp-json\/wp\/v2\/pages\/744"}],"wp:attachment":[{"href":"https:\/\/rolandogarciamd.com\/es\/wp-json\/wp\/v2\/media?parent=751"}],"curies":[{"name":"wp","href":"https:\/\/api.w.org\/{rel}","templated":true}]}}