{"id":75,"date":"2016-02-02T21:58:25","date_gmt":"2016-02-02T21:58:25","guid":{"rendered":"http:\/\/drrolandogarcia.com\/?page_id=75"},"modified":"2023-08-24T15:12:42","modified_gmt":"2023-08-24T20:12:42","slug":"articulos-y-publicaciones","status":"publish","type":"page","link":"https:\/\/rolandogarciamd.com\/es\/articulos-y-publicaciones\/","title":{"rendered":"Art\u00edculos y Publicaciones"},"content":{"rendered":"\n<ul class=\"wp-block-list\">\n<li><span style=\"font-weight: 400;\">Declaraci\u00f3n de la Pol\u00edtica de ISASS para Artroplastia Lumbar 2015 (ISASS policy statement for Lumbar Arthroplasty 2015) (<\/span><a href=\"https:\/\/www.isass.org\/public-policy\/isass-policy-statement-lumbar-artificial-disc\/\" target=\"_blank\" rel=\"noreferrer noopener\"><span style=\"font-weight: 400;\">Ver art\u00edculo en l\u00ednea<\/span><\/a><span style=\"font-weight: 400;\">) <\/span><b>[ENG]<\/b><\/li>\n\n\n\n<li><span style=\"font-weight: 400;\">Reemplazo Total De Disco Lumbar Para El Dolor Lumbar Discog\u00e9nico: Resultados A Dos A\u00f1os Del Ensayo Cl\u00ednico IDE Controlado Y Aleatorizado Multic\u00e9ntrico activL. (Lumbar Total Disc Replacement for Discogenic Low Back Pain: Two-year Outcomes of the activL Multicenter Randomized Controlled IDE Clinical Trial), <\/span><b>Garc\u00eda R<\/b><span style=\"font-weight: 400;\"> Jr, Yue JJ, Blumenthal S, Coric D, Patel VV, Leary SP, Dinh DH, Buttermann GR, Deutsch H, Girardi F, Billys J, Miller LE. Spine. 2015 dic; 40(24): 1873-81. <\/span><b>[ENG]<\/b><\/li>\n\n\n\n<li><span style=\"font-weight: 400;\">Evaluaci\u00f3n Del Comportamiento Del Pinzamiento En La Artroplastia Discal Lumbar (Evaluation of Impingement Behaviour in Lumbar Spinal Disc Arthroplasty). Grupp TM, Yue JJ, <\/span><b>Garcia R<\/b><span style=\"font-weight: 400;\"> Jr, Kaddick C, Fritz B, Schilling C, Schwiesau J, Blomer W. European Spine Journal. 2015 Sep; 24(9): 2033-46. <\/span><b>[ENG]<\/b><\/li>\n\n\n\n<li><span style=\"font-weight: 400;\">Evaluaci\u00f3n Biotribol\u00f3gica De Dispositivos De Artroplastia De Disco Artificial: Influencia De Los Patrones De Carga Y Cinem\u00e1ticos Durante La Simulaci\u00f3n Del Desgaste In Vitro (Biotribological Evaluation of Artificial Disc Arthroplasty Devices: Influence of Loading and Kinematic Patterns during in Vitro Wear Simulation). Grupp TM, Yue JJ, <\/span><b>Garcia R<\/b><span style=\"font-weight: 400;\"> Jr, Basson J, Schwiesau J, Fritz B, Blomer W. European Spine Journal. 2009 Jan; 18(1): 98-108.<\/span><b> [ENG]<\/b><\/li>\n\n\n\n<li><span style=\"font-weight: 400;\">Evaluaci\u00f3n De La Curva De Aprendizaje Y La Importancia Del Volumen Quir\u00fargico Para La Sustituci\u00f3n Total De Disco Lumbar: Un An\u00e1lisis Del Estudio Prospectivo, Aleatorizado Y Multic\u00e9ntrico IDE De La FDA Sobre El Disco Artificial Charite. (Evaluation of the Learning Curve and the Importance of Surgical Volume for Lumbar Total Disc Replacement: An Analysis of the Prospective, Randomized, Multicenter FDA IDE Study of the Charite Artificial Disc). Regan JJ, MacAfee PC, Blumenthal SL, Guyer RD, Geisler FH, <\/span><b>Garcia, R<\/b><span style=\"font-weight: 400;\">, Maxwell JH. Roundtable in Spine Surgery. Volumen 1, 2 de noviembre, 97-108, 2005. <\/span><b>[ENG]<\/b><\/li>\n\n\n\n<li><span style=\"font-weight: 400;\">Complicaciones Y Resultados Cl\u00ednicos De La Sustituci\u00f3n Frente A La Fusi\u00f3n: Resultados Del Estudio Aleatorizado Y Multic\u00e9ntrico De La FDA Sobre El Disco Artificial Charite. (Complications and Clinical Outcome of Lumbar Artificial Disc Replacement vs. Fusion: Results from the Randomized, Mulitcenter FDA Study of the Charite Artificial Disc). Holt RT, Blumenthal SL, McAfee PC, Majd ME, Guyer RD, Isaza JE, Hoschschuler SH, Geisler FH, <\/span><b>Garcia R<\/b><span style=\"font-weight: 400;\">, Regan JJ, Ohnmeiss DD. European Spine Journal, volumen 14, suplemento 1, septiembre de 2005. <\/span><b>[ENG]<\/b><\/li>\n\n\n\n<li><span style=\"font-weight: 400;\">Un Estudio Prospectivo, Aleatorizado Y Multic\u00e9ntrico De Exenci\u00f3n De Dispositivos En Investigaci\u00f3n De La Food And Drug Administration, Sustituci\u00f3n Total Del Disco Lumbar Con El Disco Artificial Charite Frente A Fusi\u00f3n Lumbar: Evaluaci\u00f3n De Los Resultados Cl\u00ednicos Parte I. (A prospective, randomized, Multicenter Food and Drug Administration investigational device exemptions study of lumbar total disc replacement with the Charite artificial disc versus lumbar fusion: part I evaluation of clinical outcomes). Blumenthal S, McAfee PC, Guyer RD, Hoschschuler SH, Geisler FH, Holt RT, <\/span><b>Garcia R<\/b><span style=\"font-weight: 400;\">,<\/span><span style=\"font-weight: 400;\"> Regan JJ, Ohnmeiss DD, Spine. 2005 July 15;30(14):1565-75. <\/span><b>[ENG]<\/b><\/li>\n\n\n\n<li><span style=\"font-weight: 400;\">Discos Intervertebrales Artificiales Y M\u00e1s All\u00e1: Simposio Anual De La North American Spine Society. (Artificial Intervertebral Discs and Beyond: A North American Spine Society Annual Meeting Symposium). Blumenthal SL, Ohnmeiss DD, Guyer R, Hoschschuler SH, McAfee P, <\/span><b>Garcia R<\/b><span style=\"font-weight: 400;\">, Salib R, Yuan H, Lee C, Bertagnoli R, Bryan V, Winter R, Spine J. 2003 Nov-Dic: 2(6): 460-463.<\/span><b> [ENG]<\/b><\/li>\n<\/ul>\n","protected":false},"excerpt":{"rendered":"<p>Declaraci\u00f3n de la Pol\u00edtica de ISASS para Artroplastia Lumbar 2015 (ISASS policy statement for Lumbar Arthroplasty 2015) (Ver art\u00edculo en l\u00ednea) [ENG] Reemplazo Total De Disco Lumbar Para El Dolor Lumbar Discog\u00e9nico: Resultados A Dos A\u00f1os Del Ensayo Cl\u00ednico IDE&#8230;<\/p>\n","protected":false},"author":1,"featured_media":0,"parent":0,"menu_order":0,"comment_status":"closed","ping_status":"closed","template":"","meta":{"_acf_changed":false,"_uag_custom_page_level_css":"","_monsterinsights_skip_tracking":false,"_monsterinsights_sitenote_active":false,"_monsterinsights_sitenote_note":"","_monsterinsights_sitenote_category":0,"_genesis_hide_title":false,"_genesis_hide_breadcrumbs":false,"_genesis_hide_singular_image":false,"_genesis_hide_footer_widgets":false,"_genesis_custom_body_class":"","_genesis_custom_post_class":"","_genesis_layout":"","footnotes":""},"class_list":{"0":"post-75","1":"page","2":"type-page","3":"status-publish","5":"entry"},"acf":[],"yoast_head":"<!-- This site is optimized with the Yoast SEO plugin v27.4 - https:\/\/yoast.com\/product\/yoast-seo-wordpress\/ -->\n<title>Art\u00edculos y Publicaciones | Dr. Rolando Garc\u00eda<\/title>\n<meta name=\"description\" content=\"El Dr. Rolando Garc\u00eda, Jr. es un investigador activo que participa en investigaciones y colabora con fabricantes de implantes.\" \/>\n<meta name=\"robots\" content=\"index, follow, max-snippet:-1, max-image-preview:large, max-video-preview:-1\" \/>\n<link rel=\"canonical\" href=\"https:\/\/rolandogarciamd.com\/es\/articulos-y-publicaciones\/\" \/>\n<meta property=\"og:locale\" content=\"es_MX\" \/>\n<meta property=\"og:type\" content=\"article\" \/>\n<meta property=\"og:title\" content=\"Art\u00edculos y Publicaciones | Dr. Rolando Garc\u00eda\" \/>\n<meta property=\"og:description\" content=\"El Dr. Rolando Garc\u00eda, Jr. es un investigador activo que participa en investigaciones y colabora con fabricantes de implantes.\" \/>\n<meta property=\"og:url\" content=\"https:\/\/rolandogarciamd.com\/es\/articulos-y-publicaciones\/\" \/>\n<meta property=\"og:site_name\" content=\"Dr. Rolando Garcia Jr. En Espa\u00f1ol\" \/>\n<meta property=\"article:modified_time\" content=\"2023-08-24T20:12:42+00:00\" \/>\n<meta name=\"twitter:card\" content=\"summary_large_image\" \/>\n<meta name=\"twitter:label1\" content=\"Tiempo de lectura\" \/>\n\t<meta name=\"twitter:data1\" content=\"3 minutos\" \/>\n<script type=\"application\/ld+json\" class=\"yoast-schema-graph\">{\"@context\":\"https:\\\/\\\/schema.org\",\"@graph\":[{\"@type\":\"WebPage\",\"@id\":\"https:\\\/\\\/rolandogarciamd.com\\\/es\\\/articulos-y-publicaciones\\\/\",\"url\":\"https:\\\/\\\/rolandogarciamd.com\\\/es\\\/articulos-y-publicaciones\\\/\",\"name\":\"Art\u00edculos y Publicaciones | Dr. Rolando Garc\u00eda\",\"isPartOf\":{\"@id\":\"https:\\\/\\\/rolandogarciamd.com\\\/es\\\/#website\"},\"datePublished\":\"2016-02-02T21:58:25+00:00\",\"dateModified\":\"2023-08-24T20:12:42+00:00\",\"description\":\"El Dr. Rolando Garc\u00eda, Jr. es un investigador activo que participa en investigaciones y colabora con fabricantes de implantes.\",\"breadcrumb\":{\"@id\":\"https:\\\/\\\/rolandogarciamd.com\\\/es\\\/articulos-y-publicaciones\\\/#breadcrumb\"},\"inLanguage\":\"es-MX\",\"potentialAction\":[{\"@type\":\"ReadAction\",\"target\":[\"https:\\\/\\\/rolandogarciamd.com\\\/es\\\/articulos-y-publicaciones\\\/\"]}]},{\"@type\":\"BreadcrumbList\",\"@id\":\"https:\\\/\\\/rolandogarciamd.com\\\/es\\\/articulos-y-publicaciones\\\/#breadcrumb\",\"itemListElement\":[{\"@type\":\"ListItem\",\"position\":1,\"name\":\"Home\",\"item\":\"https:\\\/\\\/rolandogarciamd.com\\\/es\\\/\"},{\"@type\":\"ListItem\",\"position\":2,\"name\":\"Art\u00edculos y Publicaciones\"}]},{\"@type\":\"WebSite\",\"@id\":\"https:\\\/\\\/rolandogarciamd.com\\\/es\\\/#website\",\"url\":\"https:\\\/\\\/rolandogarciamd.com\\\/es\\\/\",\"name\":\"Dr. Rolando Garcia Jr. En Espa\u00f1ol\",\"description\":\"Experiencia en Cirug\u00eda de Reemplazo Discal\",\"potentialAction\":[{\"@type\":\"SearchAction\",\"target\":{\"@type\":\"EntryPoint\",\"urlTemplate\":\"https:\\\/\\\/rolandogarciamd.com\\\/es\\\/?s={search_term_string}\"},\"query-input\":{\"@type\":\"PropertyValueSpecification\",\"valueRequired\":true,\"valueName\":\"search_term_string\"}}],\"inLanguage\":\"es-MX\"}]}<\/script>\n<!-- \/ Yoast SEO plugin. -->","yoast_head_json":{"title":"Art\u00edculos y Publicaciones | Dr. Rolando Garc\u00eda","description":"El Dr. Rolando Garc\u00eda, Jr. es un investigador activo que participa en investigaciones y colabora con fabricantes de implantes.","robots":{"index":"index","follow":"follow","max-snippet":"max-snippet:-1","max-image-preview":"max-image-preview:large","max-video-preview":"max-video-preview:-1"},"canonical":"https:\/\/rolandogarciamd.com\/es\/articulos-y-publicaciones\/","og_locale":"es_MX","og_type":"article","og_title":"Art\u00edculos y Publicaciones | Dr. Rolando Garc\u00eda","og_description":"El Dr. Rolando Garc\u00eda, Jr. es un investigador activo que participa en investigaciones y colabora con fabricantes de implantes.","og_url":"https:\/\/rolandogarciamd.com\/es\/articulos-y-publicaciones\/","og_site_name":"Dr. Rolando Garcia Jr. En Espa\u00f1ol","article_modified_time":"2023-08-24T20:12:42+00:00","twitter_card":"summary_large_image","twitter_misc":{"Tiempo de lectura":"3 minutos"},"schema":{"@context":"https:\/\/schema.org","@graph":[{"@type":"WebPage","@id":"https:\/\/rolandogarciamd.com\/es\/articulos-y-publicaciones\/","url":"https:\/\/rolandogarciamd.com\/es\/articulos-y-publicaciones\/","name":"Art\u00edculos y Publicaciones | Dr. Rolando Garc\u00eda","isPartOf":{"@id":"https:\/\/rolandogarciamd.com\/es\/#website"},"datePublished":"2016-02-02T21:58:25+00:00","dateModified":"2023-08-24T20:12:42+00:00","description":"El Dr. Rolando Garc\u00eda, Jr. es un investigador activo que participa en investigaciones y colabora con fabricantes de implantes.","breadcrumb":{"@id":"https:\/\/rolandogarciamd.com\/es\/articulos-y-publicaciones\/#breadcrumb"},"inLanguage":"es-MX","potentialAction":[{"@type":"ReadAction","target":["https:\/\/rolandogarciamd.com\/es\/articulos-y-publicaciones\/"]}]},{"@type":"BreadcrumbList","@id":"https:\/\/rolandogarciamd.com\/es\/articulos-y-publicaciones\/#breadcrumb","itemListElement":[{"@type":"ListItem","position":1,"name":"Home","item":"https:\/\/rolandogarciamd.com\/es\/"},{"@type":"ListItem","position":2,"name":"Art\u00edculos y Publicaciones"}]},{"@type":"WebSite","@id":"https:\/\/rolandogarciamd.com\/es\/#website","url":"https:\/\/rolandogarciamd.com\/es\/","name":"Dr. Rolando Garcia Jr. En Espa\u00f1ol","description":"Experiencia en Cirug\u00eda de Reemplazo Discal","potentialAction":[{"@type":"SearchAction","target":{"@type":"EntryPoint","urlTemplate":"https:\/\/rolandogarciamd.com\/es\/?s={search_term_string}"},"query-input":{"@type":"PropertyValueSpecification","valueRequired":true,"valueName":"search_term_string"}}],"inLanguage":"es-MX"}]}},"uagb_featured_image_src":{"full":false,"thumbnail":false,"medium":false,"medium_large":false,"large":false,"1536x1536":false,"2048x2048":false,"gform-image-choice-sm":false,"gform-image-choice-md":false,"gform-image-choice-lg":false},"uagb_author_info":{"display_name":"","author_link":"https:\/\/rolandogarciamd.com\/es\/author\/"},"uagb_comment_info":0,"uagb_excerpt":"Declaraci\u00f3n de la Pol\u00edtica de ISASS para Artroplastia Lumbar 2015 (ISASS policy statement for Lumbar Arthroplasty 2015) (Ver art\u00edculo en l\u00ednea) [ENG] Reemplazo Total De Disco Lumbar Para El Dolor Lumbar Discog\u00e9nico: Resultados A Dos A\u00f1os Del Ensayo Cl\u00ednico IDE...","_links":{"self":[{"href":"https:\/\/rolandogarciamd.com\/es\/wp-json\/wp\/v2\/pages\/75","targetHints":{"allow":["GET"]}}],"collection":[{"href":"https:\/\/rolandogarciamd.com\/es\/wp-json\/wp\/v2\/pages"}],"about":[{"href":"https:\/\/rolandogarciamd.com\/es\/wp-json\/wp\/v2\/types\/page"}],"author":[{"embeddable":true,"href":"https:\/\/rolandogarciamd.com\/es\/wp-json\/wp\/v2\/users\/1"}],"replies":[{"embeddable":true,"href":"https:\/\/rolandogarciamd.com\/es\/wp-json\/wp\/v2\/comments?post=75"}],"version-history":[{"count":0,"href":"https:\/\/rolandogarciamd.com\/es\/wp-json\/wp\/v2\/pages\/75\/revisions"}],"wp:attachment":[{"href":"https:\/\/rolandogarciamd.com\/es\/wp-json\/wp\/v2\/media?parent=75"}],"curies":[{"name":"wp","href":"https:\/\/api.w.org\/{rel}","templated":true}]}}