{"id":748,"date":"2023-08-09T12:43:10","date_gmt":"2023-08-09T17:43:10","guid":{"rendered":"https:\/\/rolandogarciamd.com\/es\/?page_id=748"},"modified":"2023-09-06T12:47:16","modified_gmt":"2023-09-06T17:47:16","slug":"enfermedad-degenerativa-discal","status":"publish","type":"page","link":"https:\/\/rolandogarciamd.com\/es\/condiciones-espina-dorsal\/enfermedad-degenerativa-discal\/","title":{"rendered":"Enfermedad Degenerativa Discal"},"content":{"rendered":"\n<h2 class=\"wp-block-heading\" id=\"block-86ca4497-c608-4108-bb66-327665a1585f\">La enfermedad degenerativa discal (DDD, por sus siglas en ingl\u00e9s) es una afecci\u00f3n que afecta a los discos intervertebrales<\/h2>\n\n\n\n<p id=\"block-86ca4497-c608-4108-bb66-327665a1585f\">Estas son las estructuras amortiguadoras situadas entre las v\u00e9rtebras de la columna vertebral. Con el tiempo, los discos pueden perder su contenido de agua, adelgazar y desarrollar peque\u00f1os desgarros o grietas en la capa externa (anillo fibroso).<\/p>\n\n\n\n<blockquote class=\"wp-block-quote is-layout-flow wp-block-quote-is-layout-flow\">\n<p id=\"block-86ca4497-c608-4108-bb66-327665a1585f\"><em>Esto puede provocar una serie de s\u00edntomas, como dolor, rigidez y movilidad reducida en la zona afectada&#8221;<\/em>, explica el <a href=\"https:\/\/rolandogarciamd.com\/es\/dr-rolando-garcia\/\">Dr. Rolando Garc\u00eda, Cirujano Ortop\u00e9dico.<\/a><\/p>\n<\/blockquote>\n\n\n\n<p id=\"block-2939a71d-c230-4610-af9a-485e8aa4c022\">La causa exacta de la DDD no se conoce del todo, pero se cree que est\u00e1 relacionada con el proceso natural de envejecimiento y el desgaste de los discos con el paso del tiempo. Factores como la gen\u00e9tica, el tabaquismo y la obesidad tambi\u00e9n pueden aumentar el riesgo de padecer DDD.<\/p>\n\n\n\n<h3 class=\"wp-block-heading\" id=\"block-8737ee38-75e6-4fc1-93c4-449705fafb4d\">Los s\u00edntomas de la DDD pueden variar en funci\u00f3n de la localizaci\u00f3n y gravedad de la enfermedad.<\/h3>\n\n\n\n<p id=\"block-4ef05822-ef73-4b0c-a378-a68660132a8d\">Los s\u00edntomas m\u00e1s comunes son dolor de espalda, rigidez y p\u00e9rdida de flexibilidad. En algunos casos, la enfermedad puede provocar la compresi\u00f3n de nervios y causar dolor o entumecimiento en las piernas o los brazos. Los casos graves de DDD pueden requerir una intervenci\u00f3n quir\u00fargica, como una discectom\u00eda o una fusi\u00f3n espinal, para aliviar los s\u00edntomas.<\/p>\n\n\n\n<p id=\"block-f99415a8-a9c5-4954-ad57-f5185c241936\">El tratamiento de la DDD suele consistir en una combinaci\u00f3n de medidas conservadoras como fisioterapia, control del dolor y cambios en el estilo de vida (como ejercicio, p\u00e9rdida de peso y dejar de fumar).<\/p>\n\n\n\n<p id=\"block-707f94ed-0f49-4988-b11d-7a4ce188e13d\">En algunos casos, pueden utilizarse medicamentos como antiinflamatorios no esteroideos (AINE), relajantes musculares o corticosteroides para controlar los s\u00edntomas. Es importante trabajar con un profesional m\u00e9dico para desarrollar un plan de tratamiento integral basado en sus necesidades y s\u00edntomas espec\u00edficos.<\/p>\n\n\n\n<div class=\"panel box-module-cta\">\r\n<span class=\"icon-title\"><i class=\"fa fa-lightbulb-o\" aria-hidden=\"true\"><\/i><\/span>\r\n<h5 class=\"h1\">\u00bfNecesita un Diagn\u00f3stico o una Segunda Opini\u00f3n?<\/h5>\r\n<p class=\"subtitle\">\u00a1Sabemos que podemos ayudarle con su condici\u00f3n de columna!<\/p>\r\n<p>\r\nDos ubicaciones en North Miami Beach y Hallandale Beach, FL.<\/p>\r\n<a href=\"\/es\/localizacion\/\"><button class=\"btn btn-default\" type=\"button\">CONT\u00c1CTENOS<\/button><\/a>\r\n<\/div>\n\n\n\n<h3 class=\"wp-block-heading\" id=\"block-0d5410a7-9775-4c7e-b396-f65cf8b9bdc0\">\u00bfQu\u00e9 casos de DDD pueden requerir intervenci\u00f3n quir\u00fargica?<\/h3>\n\n\n\n<p id=\"block-46fc3d55-c58e-4fa2-b7a8-dff59042f5b8\">La intervenci\u00f3n quir\u00fargica para la enfermedad degenerativa del disco (DDD) suele reservarse para los casos en que los tratamientos conservadores han sido ineficaces y los s\u00edntomas son graves y afectan significativamente a la calidad de vida del paciente. En general, se considera la cirug\u00eda cuando la enfermedad ha provocado la compresi\u00f3n de nervios y se presentan s\u00edntomas como debilidad, entumecimiento o dificultad para controlar la vejiga o los intestinos. Algunos ejemplos de cu\u00e1ndo se puede considerar la cirug\u00eda para la DDD incluyen:<\/p>\n\n\n\n<ol class=\"wp-block-list\" id=\"block-0736915e-641d-4f91-828a-fe4c93a39bbe\">\n<li><strong>Hernia Discal:<\/strong> Cuando un disco se hernia, el material interno (n\u00facleo pulposo) puede salirse y presionar los nervios de la m\u00e9dula espinal. Si esta compresi\u00f3n es grave y causa s\u00edntomas importantes, puede realizarse una discectom\u00eda para extirpar la parte herniada del disco y aliviar la presi\u00f3n sobre los nervios.<\/li>\n\n\n\n<li><strong>Estenosis Espinal:<\/strong> La estenosis espinal es una afecci\u00f3n en la que el canal espinal se estrecha, ejerciendo presi\u00f3n sobre la m\u00e9dula espinal o los nervios. Se puede considerar la cirug\u00eda si el estrechamiento es grave y causa s\u00edntomas significativos como dolor, debilidad o entumecimiento.<\/li>\n\n\n\n<li><strong>Espondilolistesis:<\/strong> Es una afecci\u00f3n en la que una v\u00e9rtebra se desliza hacia delante sobre la v\u00e9rtebra que tiene debajo, provocando la compresi\u00f3n de la m\u00e9dula espinal o los nervios. Puede recomendarse la cirug\u00eda si el deslizamiento es grave y provoca s\u00edntomas importantes.<\/li>\n<\/ol>\n\n\n\n<p id=\"block-ef1d9bbd-5b79-47ba-b0d6-fc6c22469b1a\">El tipo de cirug\u00eda para la DDD depender\u00e1 de la localizaci\u00f3n y gravedad de la afecci\u00f3n. Los procedimientos quir\u00fargicos m\u00e1s comunes para la DDD incluyen la discectom\u00eda, la fusi\u00f3n espinal o <a href=\"https:\/\/rolandogarciamd.com\/es\/servicios\/\">el reemplazo del disco<\/a>. Es importante discutir los riesgos y beneficios de la cirug\u00eda con un profesional m\u00e9dico y considerar todas las opciones de tratamiento no quir\u00fargico antes de tomar una decisi\u00f3n.<\/p>\n\n\n\n<p id=\"block-ef1d9bbd-5b79-47ba-b0d6-fc6c22469b1a\">Por favor, consulte nuestras <a href=\"https:\/\/rolandogarciamd.com\/es\/localizacion\/\">dos sedes<\/a>. Para todas las preguntas sobre horarios o para solicitar citas, llame al <strong><a href=\"tel:+13059371999\"><strong>305.937.1999<\/strong><\/a><\/strong><\/p>\n","protected":false},"excerpt":{"rendered":"<p>La enfermedad degenerativa discal (DDD, por sus siglas en ingl\u00e9s) es una afecci\u00f3n que afecta a los discos intervertebrales Estas son las estructuras amortiguadoras situadas entre las v\u00e9rtebras de la columna vertebral. Con el tiempo, los discos pueden perder su contenido de agua, adelgazar y desarrollar peque\u00f1os desgarros o grietas en la capa externa (anillo&#8230; <a class=\"more-link\" href=\"https:\/\/rolandogarciamd.com\/es\/condiciones-espina-dorsal\/enfermedad-degenerativa-discal\/\">[Read More]<\/a><\/p>\n","protected":false},"author":2,"featured_media":0,"parent":744,"menu_order":0,"comment_status":"closed","ping_status":"closed","template":"","meta":{"_acf_changed":false,"_uag_custom_page_level_css":"","_monsterinsights_skip_tracking":false,"_monsterinsights_sitenote_active":false,"_monsterinsights_sitenote_note":"","_monsterinsights_sitenote_category":0,"_genesis_hide_title":false,"_genesis_hide_breadcrumbs":false,"_genesis_hide_singular_image":false,"_genesis_hide_footer_widgets":false,"_genesis_custom_body_class":"","_genesis_custom_post_class":"","_genesis_layout":"","footnotes":""},"class_list":{"0":"post-748","1":"page","2":"type-page","3":"status-publish","5":"entry"},"acf":[],"yoast_head":"<!-- This site is optimized with the Yoast SEO plugin v26.1.1 - https:\/\/yoast.com\/wordpress\/plugins\/seo\/ -->\n<title>Enfermedad Degenerativa Discal - Dr. Rolando Garcia Jr. En Espa\u00f1ol<\/title>\n<meta name=\"description\" content=\"La enfermedad degenerativa discal (DDD, por sus siglas en ingl\u00e9s) es una afecci\u00f3n que afecta a los discos intervertebrales Estas son las estructuras\" \/>\n<meta name=\"robots\" content=\"index, follow, max-snippet:-1, max-image-preview:large, max-video-preview:-1\" \/>\n<link rel=\"canonical\" href=\"https:\/\/rolandogarciamd.com\/es\/condiciones-espina-dorsal\/enfermedad-degenerativa-discal\/\" \/>\n<meta property=\"og:locale\" content=\"es_MX\" \/>\n<meta property=\"og:type\" content=\"article\" \/>\n<meta property=\"og:title\" content=\"Enfermedad Degenerativa Discal - Dr. Rolando Garcia Jr. En Espa\u00f1ol\" \/>\n<meta property=\"og:description\" content=\"La enfermedad degenerativa discal (DDD, por sus siglas en ingl\u00e9s) es una afecci\u00f3n que afecta a los discos intervertebrales Estas son las estructuras\" \/>\n<meta property=\"og:url\" content=\"https:\/\/rolandogarciamd.com\/es\/condiciones-espina-dorsal\/enfermedad-degenerativa-discal\/\" \/>\n<meta property=\"og:site_name\" content=\"Dr. Rolando Garcia Jr. En Espa\u00f1ol\" \/>\n<meta property=\"article:modified_time\" content=\"2023-09-06T17:47:16+00:00\" \/>\n<meta name=\"twitter:card\" content=\"summary_large_image\" \/>\n<meta name=\"twitter:label1\" content=\"Tiempo de lectura\" \/>\n\t<meta name=\"twitter:data1\" content=\"3 minutos\" \/>\n<script type=\"application\/ld+json\" class=\"yoast-schema-graph\">{\"@context\":\"https:\/\/schema.org\",\"@graph\":[{\"@type\":\"WebPage\",\"@id\":\"https:\/\/rolandogarciamd.com\/es\/condiciones-espina-dorsal\/enfermedad-degenerativa-discal\/\",\"url\":\"https:\/\/rolandogarciamd.com\/es\/condiciones-espina-dorsal\/enfermedad-degenerativa-discal\/\",\"name\":\"Enfermedad Degenerativa Discal - Dr. Rolando Garcia Jr. En Espa\u00f1ol\",\"isPartOf\":{\"@id\":\"https:\/\/rolandogarciamd.com\/es\/#website\"},\"datePublished\":\"2023-08-09T17:43:10+00:00\",\"dateModified\":\"2023-09-06T17:47:16+00:00\",\"description\":\"La enfermedad degenerativa discal (DDD, por sus siglas en ingl\u00e9s) es una afecci\u00f3n que afecta a los discos intervertebrales Estas son las estructuras\",\"breadcrumb\":{\"@id\":\"https:\/\/rolandogarciamd.com\/es\/condiciones-espina-dorsal\/enfermedad-degenerativa-discal\/#breadcrumb\"},\"inLanguage\":\"es-MX\",\"potentialAction\":[{\"@type\":\"ReadAction\",\"target\":[\"https:\/\/rolandogarciamd.com\/es\/condiciones-espina-dorsal\/enfermedad-degenerativa-discal\/\"]}]},{\"@type\":\"BreadcrumbList\",\"@id\":\"https:\/\/rolandogarciamd.com\/es\/condiciones-espina-dorsal\/enfermedad-degenerativa-discal\/#breadcrumb\",\"itemListElement\":[{\"@type\":\"ListItem\",\"position\":1,\"name\":\"Home\",\"item\":\"https:\/\/rolandogarciamd.com\/es\/\"},{\"@type\":\"ListItem\",\"position\":2,\"name\":\"Afecciones De La Columna Vertebral\",\"item\":\"https:\/\/rolandogarciamd.com\/es\/condiciones-espina-dorsal\/\"},{\"@type\":\"ListItem\",\"position\":3,\"name\":\"Enfermedad Degenerativa Discal\"}]},{\"@type\":\"WebSite\",\"@id\":\"https:\/\/rolandogarciamd.com\/es\/#website\",\"url\":\"https:\/\/rolandogarciamd.com\/es\/\",\"name\":\"Dr. Rolando Garcia Jr. En Espa\u00f1ol\",\"description\":\"Experiencia en Cirug\u00eda de Reemplazo Discal\",\"potentialAction\":[{\"@type\":\"SearchAction\",\"target\":{\"@type\":\"EntryPoint\",\"urlTemplate\":\"https:\/\/rolandogarciamd.com\/es\/?s={search_term_string}\"},\"query-input\":{\"@type\":\"PropertyValueSpecification\",\"valueRequired\":true,\"valueName\":\"search_term_string\"}}],\"inLanguage\":\"es-MX\"}]}<\/script>\n<!-- \/ Yoast SEO plugin. -->","yoast_head_json":{"title":"Enfermedad Degenerativa Discal - Dr. Rolando Garcia Jr. En Espa\u00f1ol","description":"La enfermedad degenerativa discal (DDD, por sus siglas en ingl\u00e9s) es una afecci\u00f3n que afecta a los discos intervertebrales Estas son las estructuras","robots":{"index":"index","follow":"follow","max-snippet":"max-snippet:-1","max-image-preview":"max-image-preview:large","max-video-preview":"max-video-preview:-1"},"canonical":"https:\/\/rolandogarciamd.com\/es\/condiciones-espina-dorsal\/enfermedad-degenerativa-discal\/","og_locale":"es_MX","og_type":"article","og_title":"Enfermedad Degenerativa Discal - Dr. Rolando Garcia Jr. En Espa\u00f1ol","og_description":"La enfermedad degenerativa discal (DDD, por sus siglas en ingl\u00e9s) es una afecci\u00f3n que afecta a los discos intervertebrales Estas son las estructuras","og_url":"https:\/\/rolandogarciamd.com\/es\/condiciones-espina-dorsal\/enfermedad-degenerativa-discal\/","og_site_name":"Dr. Rolando Garcia Jr. En Espa\u00f1ol","article_modified_time":"2023-09-06T17:47:16+00:00","twitter_card":"summary_large_image","twitter_misc":{"Tiempo de lectura":"3 minutos"},"schema":{"@context":"https:\/\/schema.org","@graph":[{"@type":"WebPage","@id":"https:\/\/rolandogarciamd.com\/es\/condiciones-espina-dorsal\/enfermedad-degenerativa-discal\/","url":"https:\/\/rolandogarciamd.com\/es\/condiciones-espina-dorsal\/enfermedad-degenerativa-discal\/","name":"Enfermedad Degenerativa Discal - Dr. Rolando Garcia Jr. En Espa\u00f1ol","isPartOf":{"@id":"https:\/\/rolandogarciamd.com\/es\/#website"},"datePublished":"2023-08-09T17:43:10+00:00","dateModified":"2023-09-06T17:47:16+00:00","description":"La enfermedad degenerativa discal (DDD, por sus siglas en ingl\u00e9s) es una afecci\u00f3n que afecta a los discos intervertebrales Estas son las estructuras","breadcrumb":{"@id":"https:\/\/rolandogarciamd.com\/es\/condiciones-espina-dorsal\/enfermedad-degenerativa-discal\/#breadcrumb"},"inLanguage":"es-MX","potentialAction":[{"@type":"ReadAction","target":["https:\/\/rolandogarciamd.com\/es\/condiciones-espina-dorsal\/enfermedad-degenerativa-discal\/"]}]},{"@type":"BreadcrumbList","@id":"https:\/\/rolandogarciamd.com\/es\/condiciones-espina-dorsal\/enfermedad-degenerativa-discal\/#breadcrumb","itemListElement":[{"@type":"ListItem","position":1,"name":"Home","item":"https:\/\/rolandogarciamd.com\/es\/"},{"@type":"ListItem","position":2,"name":"Afecciones De La Columna Vertebral","item":"https:\/\/rolandogarciamd.com\/es\/condiciones-espina-dorsal\/"},{"@type":"ListItem","position":3,"name":"Enfermedad Degenerativa Discal"}]},{"@type":"WebSite","@id":"https:\/\/rolandogarciamd.com\/es\/#website","url":"https:\/\/rolandogarciamd.com\/es\/","name":"Dr. Rolando Garcia Jr. En Espa\u00f1ol","description":"Experiencia en Cirug\u00eda de Reemplazo Discal","potentialAction":[{"@type":"SearchAction","target":{"@type":"EntryPoint","urlTemplate":"https:\/\/rolandogarciamd.com\/es\/?s={search_term_string}"},"query-input":{"@type":"PropertyValueSpecification","valueRequired":true,"valueName":"search_term_string"}}],"inLanguage":"es-MX"}]}},"uagb_featured_image_src":{"full":false,"thumbnail":false,"medium":false,"medium_large":false,"large":false,"1536x1536":false,"2048x2048":false,"gform-image-choice-sm":false,"gform-image-choice-md":false,"gform-image-choice-lg":false},"uagb_author_info":{"display_name":"Rolando Garcia, MD.","author_link":"https:\/\/rolandogarciamd.com\/es\/author\/hmaadmin\/"},"uagb_comment_info":0,"uagb_excerpt":"La enfermedad degenerativa discal (DDD, por sus siglas en ingl\u00e9s) es una afecci\u00f3n que afecta a los discos intervertebrales Estas son las estructuras amortiguadoras situadas entre las v\u00e9rtebras de la columna vertebral. Con el tiempo, los discos pueden perder su contenido de agua, adelgazar y desarrollar peque\u00f1os desgarros o grietas en la capa externa (anillo...&hellip;","_links":{"self":[{"href":"https:\/\/rolandogarciamd.com\/es\/wp-json\/wp\/v2\/pages\/748","targetHints":{"allow":["GET"]}}],"collection":[{"href":"https:\/\/rolandogarciamd.com\/es\/wp-json\/wp\/v2\/pages"}],"about":[{"href":"https:\/\/rolandogarciamd.com\/es\/wp-json\/wp\/v2\/types\/page"}],"author":[{"embeddable":true,"href":"https:\/\/rolandogarciamd.com\/es\/wp-json\/wp\/v2\/users\/2"}],"replies":[{"embeddable":true,"href":"https:\/\/rolandogarciamd.com\/es\/wp-json\/wp\/v2\/comments?post=748"}],"version-history":[{"count":0,"href":"https:\/\/rolandogarciamd.com\/es\/wp-json\/wp\/v2\/pages\/748\/revisions"}],"up":[{"embeddable":true,"href":"https:\/\/rolandogarciamd.com\/es\/wp-json\/wp\/v2\/pages\/744"}],"wp:attachment":[{"href":"https:\/\/rolandogarciamd.com\/es\/wp-json\/wp\/v2\/media?parent=748"}],"curies":[{"name":"wp","href":"https:\/\/api.w.org\/{rel}","templated":true}]}}