{"id":669,"date":"2023-05-22T13:15:19","date_gmt":"2023-05-22T18:15:19","guid":{"rendered":"https:\/\/rolandogarciamd.com\/es\/?page_id=669"},"modified":"2023-09-06T14:30:49","modified_gmt":"2023-09-06T19:30:49","slug":"fracturas-por-compresion-vertebral","status":"publish","type":"page","link":"https:\/\/rolandogarciamd.com\/es\/condiciones-espina-dorsal\/fracturas-por-compresion-vertebral\/","title":{"rendered":"Fracturas De Columna"},"content":{"rendered":"\n<h2 class=\"wp-block-heading\">Fracturas por Compresi\u00f3n Vertebral<\/h2>\n\n\n\n<p>Las fracturas vertebrales por compresi\u00f3n son un tipo de <a href=\"\/es\/condiciones-espina-dorsal\/\">lesi\u00f3n de la columna vertebral<\/a> que se produce cuando una o m\u00e1s v\u00e9rtebras de la columna se colapsan o se comprimen. Esto puede deberse a diversos factores, como traumatismos, osteoporosis o c\u00e1ncer.<\/p>\n\n\n\n<blockquote class=\"wp-block-quote is-layout-flow wp-block-quote-is-layout-flow\">\n<p><em>Los s\u00edntomas de las fracturas vertebrales por compresi\u00f3n pueden incluir dolor de espalda, p\u00e9rdida de altura y una postura redondeada o encorvada&#8221;<\/em><\/p>\n<cite>explica el<a href=\"https:\/\/rolandogarciamd.com\/dr-rolando-garcia\/\"> Doctor Rolando Garc\u00eda, Cirujano Ortop\u00e9dico.<\/a><\/cite><\/blockquote>\n\n\n\n<p>En algunos casos, la fractura tambi\u00e9n puede causar da\u00f1os en los nervios u otros s\u00edntomas neurol\u00f3gicos, como debilidad o entumecimiento en brazos o piernas.<\/p>\n\n\n\n<p>El tratamiento de las fracturas vertebrales por compresi\u00f3n suele consistir en una combinaci\u00f3n de medidas conservadoras como el control del dolor, la fisioterapia y el uso de ortesis. En algunos casos, tambi\u00e9n pueden utilizarse <a href=\"https:\/\/rolandogarciamd.com\/es\/cirugia-minimamente-invasiva-columna-vertebral-miss\/\">procedimientos m\u00ednimamente invasivos<\/a> para tratar la fractura, como la <a href=\"\/es\/vertebroplastia-cifoplastia\/\">vertebroplastia o la cifoplastia<\/a>.<\/p>\n\n\n\n<p>La vertebroplastia consiste en inyectar un material especial similar al cemento en las v\u00e9rtebras afectadas para estabilizar la fractura y reducir el dolor. La cifoplastia es similar a la vertebroplastia, pero tambi\u00e9n implica el uso de un bal\u00f3n para crear espacio dentro de las v\u00e9rtebras afectadas antes de inyectar el material similar al cemento.<\/p>\n\n\n\n<p>En los casos en que la fractura es grave o los tratamientos conservadores no son eficaces, puede ser necesaria la cirug\u00eda. Las opciones quir\u00fargicas para las fracturas vertebrales por compresi\u00f3n pueden incluir la fusi\u00f3n vertebral o la extirpaci\u00f3n del hueso o tejido da\u00f1ado.<\/p>\n\n\n\n<p>La prevenci\u00f3n de las fracturas vertebrales por compresi\u00f3n implica mantener una buena salud \u00f3sea y evitar las ca\u00eddas, sobre todo en personas con osteoporosis u otras afecciones que aumentan el riesgo de fracturas \u00f3seas. Esto puede incluir ejercicio regular, una dieta sana rica en calcio y vitamina D, y evitar el tabaco y el consumo excesivo de alcohol.<\/p>\n\n\n\n<div class=\"panel box-module-cta\">\r\n<span class=\"icon-title\"><i class=\"fa fa-lightbulb-o\" aria-hidden=\"true\"><\/i><\/span>\r\n<h5 class=\"h1\">\u00bfNecesita un Diagn\u00f3stico o una Segunda Opini\u00f3n?<\/h5>\r\n<p class=\"subtitle\">\u00a1Sabemos que podemos ayudarle con su condici\u00f3n de columna!<\/p>\r\n<p>\r\nDos ubicaciones en North Miami Beach y Hallandale Beach, FL.<\/p>\r\n<a href=\"\/es\/localizacion\/\"><button class=\"btn btn-default\" type=\"button\">CONT\u00c1CTENOS<\/button><\/a>\r\n<\/div>\n\n\n\n<h3 class=\"wp-block-heading\">\u00bfEn qu\u00e9 casos puede ser necesaria la cirug\u00eda para tratar las fracturas vertebrales por compresi\u00f3n?<\/h3>\n\n\n\n<p>La cirug\u00eda de las fracturas vertebrales por compresi\u00f3n suele considerarse el \u00faltimo recurso cuando la fractura causa dolor intenso, inestabilidad de la columna o s\u00edntomas neurol\u00f3gicos. Tambi\u00e9n puede considerarse la cirug\u00eda si la fractura est\u00e1 causando una deformidad o si la persona corre el riesgo de desarrollar complicaciones como compresi\u00f3n de la m\u00e9dula espinal o cifosis progresiva (curvatura de la columna hacia delante).<\/p>\n\n\n\n<p>Entre los ejemplos de casos en los que puede ser necesaria una intervenci\u00f3n quir\u00fargica para tratar las fracturas vertebrales por compresi\u00f3n se incluyen:<\/p>\n\n\n\n<ol class=\"wp-block-list\">\n<li><strong><a href=\"https:\/\/rolandogarciamd.com\/es\/fusion-espinal\/\">Fusi\u00f3n Espinal<\/a>:<\/strong> La cirug\u00eda de fusi\u00f3n vertebral puede recomendarse si existe inestabilidad en la columna vertebral debido a la fractura. En este procedimiento, dos o m\u00e1s v\u00e9rtebras se fusionan mediante injertos o implantes \u00f3seos, lo que puede proporcionar estabilidad y evitar un mayor colapso de las v\u00e9rtebras.<\/li>\n\n\n\n<li><strong><a href=\"\/es\/vertebroplastia-cifoplastia\/\">Vertebroplastia o Cifoplastia<\/a>:<\/strong> Estos procedimientos m\u00ednimamente invasivos consisten en inyectar un material especial similar al cemento en las v\u00e9rtebras afectadas para estabilizar la fractura y reducir el dolor. En algunos casos, puede utilizarse un bal\u00f3n para crear espacio dentro de las v\u00e9rtebras afectadas antes de inyectar el material similar al cemento.<\/li>\n\n\n\n<li><strong>Vertebrectom\u00eda:<\/strong> En casos graves, puede realizarse una vertebrectom\u00eda, que consiste en la extirpaci\u00f3n de una parte de las v\u00e9rtebras afectadas para aliviar la compresi\u00f3n de la m\u00e9dula espinal o el pinzamiento de los nervios.<\/li>\n<\/ol>\n\n\n\n<p>Es importante se\u00f1alar que la cirug\u00eda no siempre es necesaria o apropiada para tratar las fracturas vertebrales por compresi\u00f3n. Un profesional m\u00e9dico evaluar\u00e1 la situaci\u00f3n espec\u00edfica del individuo y considerar\u00e1 todas las opciones de tratamiento no quir\u00fargico antes de recomendar la cirug\u00eda. Por favor, consulte nuestras <a href=\"\/es\/localizacion\/\">dos sedes<\/a>. Para todas las preguntas sobre horarios o para solicitar citas, llame al <strong><a href=\"tel:3059371999\">(305) 937-1999<\/a><\/strong><\/p>\n","protected":false},"excerpt":{"rendered":"<p>Fracturas por Compresi\u00f3n Vertebral Las fracturas vertebrales por compresi\u00f3n son un tipo de lesi\u00f3n de la columna vertebral que se produce cuando una o m\u00e1s v\u00e9rtebras de la columna se colapsan o se comprimen. Esto puede deberse a diversos factores,&#8230;<\/p>\n","protected":false},"author":1,"featured_media":0,"parent":744,"menu_order":0,"comment_status":"closed","ping_status":"closed","template":"","meta":{"_acf_changed":false,"_uag_custom_page_level_css":"","_monsterinsights_skip_tracking":false,"_monsterinsights_sitenote_active":false,"_monsterinsights_sitenote_note":"","_monsterinsights_sitenote_category":0,"_genesis_hide_title":false,"_genesis_hide_breadcrumbs":false,"_genesis_hide_singular_image":false,"_genesis_hide_footer_widgets":false,"_genesis_custom_body_class":"","_genesis_custom_post_class":"","_genesis_layout":"","footnotes":""},"class_list":{"0":"post-669","1":"page","2":"type-page","3":"status-publish","5":"entry"},"acf":[],"yoast_head":"<!-- This site is optimized with the Yoast SEO plugin v27.4 - https:\/\/yoast.com\/product\/yoast-seo-wordpress\/ -->\n<title>Fracturas De Columna | Dr. Garc\u00eda<\/title>\n<meta name=\"description\" content=\"Fracturas por Compresi\u00f3n Vertebral Las fracturas vertebrales por compresi\u00f3n son un tipo de lesi\u00f3n de la columna vertebral que se produce cuando una o m\u00e1s\" \/>\n<meta name=\"robots\" content=\"index, follow, max-snippet:-1, max-image-preview:large, max-video-preview:-1\" \/>\n<link rel=\"canonical\" href=\"https:\/\/rolandogarciamd.com\/es\/condiciones-espina-dorsal\/fracturas-por-compresion-vertebral\/\" \/>\n<meta property=\"og:locale\" content=\"es_MX\" \/>\n<meta property=\"og:type\" content=\"article\" \/>\n<meta property=\"og:title\" content=\"Fracturas De Columna | Dr. Garc\u00eda\" \/>\n<meta property=\"og:description\" content=\"Fracturas por Compresi\u00f3n Vertebral Las fracturas vertebrales por compresi\u00f3n son un tipo de lesi\u00f3n de la columna vertebral que se produce cuando una o m\u00e1s\" \/>\n<meta property=\"og:url\" content=\"https:\/\/rolandogarciamd.com\/es\/condiciones-espina-dorsal\/fracturas-por-compresion-vertebral\/\" \/>\n<meta property=\"og:site_name\" content=\"Dr. Rolando Garcia Jr. En Espa\u00f1ol\" \/>\n<meta property=\"article:modified_time\" content=\"2023-09-06T19:30:49+00:00\" \/>\n<meta name=\"twitter:card\" content=\"summary_large_image\" \/>\n<meta name=\"twitter:label1\" content=\"Tiempo de lectura\" \/>\n\t<meta name=\"twitter:data1\" content=\"3 minutos\" \/>\n<script type=\"application\/ld+json\" class=\"yoast-schema-graph\">{\"@context\":\"https:\\\/\\\/schema.org\",\"@graph\":[{\"@type\":\"WebPage\",\"@id\":\"https:\\\/\\\/rolandogarciamd.com\\\/es\\\/condiciones-espina-dorsal\\\/fracturas-por-compresion-vertebral\\\/\",\"url\":\"https:\\\/\\\/rolandogarciamd.com\\\/es\\\/condiciones-espina-dorsal\\\/fracturas-por-compresion-vertebral\\\/\",\"name\":\"Fracturas De Columna | Dr. Garc\u00eda\",\"isPartOf\":{\"@id\":\"https:\\\/\\\/rolandogarciamd.com\\\/es\\\/#website\"},\"datePublished\":\"2023-05-22T18:15:19+00:00\",\"dateModified\":\"2023-09-06T19:30:49+00:00\",\"description\":\"Fracturas por Compresi\u00f3n Vertebral Las fracturas vertebrales por compresi\u00f3n son un tipo de lesi\u00f3n de la columna vertebral que se produce cuando una o m\u00e1s\",\"breadcrumb\":{\"@id\":\"https:\\\/\\\/rolandogarciamd.com\\\/es\\\/condiciones-espina-dorsal\\\/fracturas-por-compresion-vertebral\\\/#breadcrumb\"},\"inLanguage\":\"es-MX\",\"potentialAction\":[{\"@type\":\"ReadAction\",\"target\":[\"https:\\\/\\\/rolandogarciamd.com\\\/es\\\/condiciones-espina-dorsal\\\/fracturas-por-compresion-vertebral\\\/\"]}]},{\"@type\":\"BreadcrumbList\",\"@id\":\"https:\\\/\\\/rolandogarciamd.com\\\/es\\\/condiciones-espina-dorsal\\\/fracturas-por-compresion-vertebral\\\/#breadcrumb\",\"itemListElement\":[{\"@type\":\"ListItem\",\"position\":1,\"name\":\"Home\",\"item\":\"https:\\\/\\\/rolandogarciamd.com\\\/es\\\/\"},{\"@type\":\"ListItem\",\"position\":2,\"name\":\"Afecciones De La Columna Vertebral\",\"item\":\"https:\\\/\\\/rolandogarciamd.com\\\/es\\\/condiciones-espina-dorsal\\\/\"},{\"@type\":\"ListItem\",\"position\":3,\"name\":\"Fracturas De Columna\"}]},{\"@type\":\"WebSite\",\"@id\":\"https:\\\/\\\/rolandogarciamd.com\\\/es\\\/#website\",\"url\":\"https:\\\/\\\/rolandogarciamd.com\\\/es\\\/\",\"name\":\"Dr. Rolando Garcia Jr. En Espa\u00f1ol\",\"description\":\"Experiencia en Cirug\u00eda de Reemplazo Discal\",\"potentialAction\":[{\"@type\":\"SearchAction\",\"target\":{\"@type\":\"EntryPoint\",\"urlTemplate\":\"https:\\\/\\\/rolandogarciamd.com\\\/es\\\/?s={search_term_string}\"},\"query-input\":{\"@type\":\"PropertyValueSpecification\",\"valueRequired\":true,\"valueName\":\"search_term_string\"}}],\"inLanguage\":\"es-MX\"}]}<\/script>\n<!-- \/ Yoast SEO plugin. -->","yoast_head_json":{"title":"Fracturas De Columna | Dr. Garc\u00eda","description":"Fracturas por Compresi\u00f3n Vertebral Las fracturas vertebrales por compresi\u00f3n son un tipo de lesi\u00f3n de la columna vertebral que se produce cuando una o m\u00e1s","robots":{"index":"index","follow":"follow","max-snippet":"max-snippet:-1","max-image-preview":"max-image-preview:large","max-video-preview":"max-video-preview:-1"},"canonical":"https:\/\/rolandogarciamd.com\/es\/condiciones-espina-dorsal\/fracturas-por-compresion-vertebral\/","og_locale":"es_MX","og_type":"article","og_title":"Fracturas De Columna | Dr. Garc\u00eda","og_description":"Fracturas por Compresi\u00f3n Vertebral Las fracturas vertebrales por compresi\u00f3n son un tipo de lesi\u00f3n de la columna vertebral que se produce cuando una o m\u00e1s","og_url":"https:\/\/rolandogarciamd.com\/es\/condiciones-espina-dorsal\/fracturas-por-compresion-vertebral\/","og_site_name":"Dr. Rolando Garcia Jr. En Espa\u00f1ol","article_modified_time":"2023-09-06T19:30:49+00:00","twitter_card":"summary_large_image","twitter_misc":{"Tiempo de lectura":"3 minutos"},"schema":{"@context":"https:\/\/schema.org","@graph":[{"@type":"WebPage","@id":"https:\/\/rolandogarciamd.com\/es\/condiciones-espina-dorsal\/fracturas-por-compresion-vertebral\/","url":"https:\/\/rolandogarciamd.com\/es\/condiciones-espina-dorsal\/fracturas-por-compresion-vertebral\/","name":"Fracturas De Columna | Dr. Garc\u00eda","isPartOf":{"@id":"https:\/\/rolandogarciamd.com\/es\/#website"},"datePublished":"2023-05-22T18:15:19+00:00","dateModified":"2023-09-06T19:30:49+00:00","description":"Fracturas por Compresi\u00f3n Vertebral Las fracturas vertebrales por compresi\u00f3n son un tipo de lesi\u00f3n de la columna vertebral que se produce cuando una o m\u00e1s","breadcrumb":{"@id":"https:\/\/rolandogarciamd.com\/es\/condiciones-espina-dorsal\/fracturas-por-compresion-vertebral\/#breadcrumb"},"inLanguage":"es-MX","potentialAction":[{"@type":"ReadAction","target":["https:\/\/rolandogarciamd.com\/es\/condiciones-espina-dorsal\/fracturas-por-compresion-vertebral\/"]}]},{"@type":"BreadcrumbList","@id":"https:\/\/rolandogarciamd.com\/es\/condiciones-espina-dorsal\/fracturas-por-compresion-vertebral\/#breadcrumb","itemListElement":[{"@type":"ListItem","position":1,"name":"Home","item":"https:\/\/rolandogarciamd.com\/es\/"},{"@type":"ListItem","position":2,"name":"Afecciones De La Columna Vertebral","item":"https:\/\/rolandogarciamd.com\/es\/condiciones-espina-dorsal\/"},{"@type":"ListItem","position":3,"name":"Fracturas De Columna"}]},{"@type":"WebSite","@id":"https:\/\/rolandogarciamd.com\/es\/#website","url":"https:\/\/rolandogarciamd.com\/es\/","name":"Dr. Rolando Garcia Jr. En Espa\u00f1ol","description":"Experiencia en Cirug\u00eda de Reemplazo Discal","potentialAction":[{"@type":"SearchAction","target":{"@type":"EntryPoint","urlTemplate":"https:\/\/rolandogarciamd.com\/es\/?s={search_term_string}"},"query-input":{"@type":"PropertyValueSpecification","valueRequired":true,"valueName":"search_term_string"}}],"inLanguage":"es-MX"}]}},"uagb_featured_image_src":{"full":false,"thumbnail":false,"medium":false,"medium_large":false,"large":false,"1536x1536":false,"2048x2048":false,"gform-image-choice-sm":false,"gform-image-choice-md":false,"gform-image-choice-lg":false},"uagb_author_info":{"display_name":"","author_link":"https:\/\/rolandogarciamd.com\/es\/author\/"},"uagb_comment_info":0,"uagb_excerpt":"Fracturas por Compresi\u00f3n Vertebral Las fracturas vertebrales por compresi\u00f3n son un tipo de lesi\u00f3n de la columna vertebral que se produce cuando una o m\u00e1s v\u00e9rtebras de la columna se colapsan o se comprimen. Esto puede deberse a diversos factores,...","_links":{"self":[{"href":"https:\/\/rolandogarciamd.com\/es\/wp-json\/wp\/v2\/pages\/669","targetHints":{"allow":["GET"]}}],"collection":[{"href":"https:\/\/rolandogarciamd.com\/es\/wp-json\/wp\/v2\/pages"}],"about":[{"href":"https:\/\/rolandogarciamd.com\/es\/wp-json\/wp\/v2\/types\/page"}],"author":[{"embeddable":true,"href":"https:\/\/rolandogarciamd.com\/es\/wp-json\/wp\/v2\/users\/1"}],"replies":[{"embeddable":true,"href":"https:\/\/rolandogarciamd.com\/es\/wp-json\/wp\/v2\/comments?post=669"}],"version-history":[{"count":0,"href":"https:\/\/rolandogarciamd.com\/es\/wp-json\/wp\/v2\/pages\/669\/revisions"}],"up":[{"embeddable":true,"href":"https:\/\/rolandogarciamd.com\/es\/wp-json\/wp\/v2\/pages\/744"}],"wp:attachment":[{"href":"https:\/\/rolandogarciamd.com\/es\/wp-json\/wp\/v2\/media?parent=669"}],"curies":[{"name":"wp","href":"https:\/\/api.w.org\/{rel}","templated":true}]}}