{"id":668,"date":"2023-05-22T13:10:05","date_gmt":"2023-05-22T18:10:05","guid":{"rendered":"https:\/\/rolandogarciamd.com\/es\/?page_id=668"},"modified":"2023-08-25T12:00:45","modified_gmt":"2023-08-25T17:00:45","slug":"espondilosis-espondilolisis-y-espondilolistesis","status":"publish","type":"page","link":"https:\/\/rolandogarciamd.com\/es\/condiciones-espina-dorsal\/espondilosis-espondilolisis-y-espondilolistesis\/","title":{"rendered":"Espondilosis, Espondil\u00f3lisis y Espondilolistesis"},"content":{"rendered":"\n<p>La espondilosis, la espondil\u00f3lisis y la espondilolistesis son tres afecciones de la columna vertebral relacionadas entre s\u00ed que pueden afectar a las v\u00e9rtebras y causar dolor, rigidez y movilidad reducida.<\/p>\n\n\n\n<p>Espondilosis es un t\u00e9rmino general que hace referencia a los cambios degenerativos que se producen en la columna vertebral con el paso del tiempo. Estos cambios pueden incluir la p\u00e9rdida de contenido de agua en los discos intervertebrales, la formaci\u00f3n de espolones \u00f3seos y el desarrollo de hernias discales. La espondilosis puede producirse en cualquier parte de la columna vertebral, pero es m\u00e1s frecuente en las regiones cervical y lumbar.<\/p>\n\n\n\n<p>La espondil\u00f3lisis es un tipo espec\u00edfico de afecci\u00f3n de la columna vertebral que se produce cuando hay una fractura por estr\u00e9s en la pars interarticularis, que es la regi\u00f3n \u00f3sea que conecta las articulaciones facetarias de la columna vertebral. Esto puede provocar inestabilidad en la columna vertebral y causar dolor o rigidez en la zona afectada.<\/p>\n\n\n\n<p>La espondilolistesis es una afecci\u00f3n que se produce cuando una v\u00e9rtebra se sale de su posici\u00f3n normal y se desplaza hacia delante o hacia atr\u00e1s en relaci\u00f3n con las v\u00e9rtebras adyacentes. Esto puede causar la compresi\u00f3n de los nervios de la m\u00e9dula espinal y provocar dolor, entumecimiento o debilidad en la zona afectada.<\/p>\n\n\n\n<blockquote class=\"wp-block-quote is-layout-flow wp-block-quote-is-layout-flow\">\n<p><em>Los factores de riesgo para la espondilosis, espondilosis y espondilolistesis incluyen la edad, el estr\u00e9s repetitivo en la columna vertebral, factores gen\u00e9ticos y ciertas condiciones m\u00e9dicas como la osteoporosis&#8221;<\/em><\/p>\n<cite>explica el <a href=\"\/es\/dr-rolando-garcia\/\">Doctor Rolando Garc\u00eda, Cirujano Ortop\u00e9dico.<\/a><\/cite><\/blockquote>\n\n\n\n<p>Los s\u00edntomas pueden incluir dolor de espalda, rigidez y movilidad reducida, as\u00ed como entumecimiento o debilidad en las piernas o los brazos en los casos graves.<\/p>\n\n\n\n<p>El tratamiento de estas afecciones suele consistir en una combinaci\u00f3n de medidas conservadoras, como fisioterapia, control del dolor y cambios en el estilo de vida (como ejercicio y p\u00e9rdida de peso). En algunos casos puede ser necesaria la cirug\u00eda. El tipo de cirug\u00eda depender\u00e1 de la afecci\u00f3n concreta y de la gravedad de los s\u00edntomas. Es importante trabajar con un profesional m\u00e9dico para desarrollar un plan de tratamiento integral basado en las necesidades y s\u00edntomas individuales.<\/p>\n\n\n\n<h3 class=\"wp-block-heading\"><strong>\u00bfEn qu\u00e9 casos puede ser necesaria la cirug\u00eda para corregir la inestabilidad o aliviar la presi\u00f3n sobre los nervios?<\/strong><\/h3>\n\n\n\n<p>La cirug\u00eda de la espondilosis o la espondil\u00f3lisis suele considerarse el \u00faltimo recurso cuando los tratamientos conservadores han sido ineficaces y la enfermedad causa dolor intenso o inestabilidad de la columna vertebral. La cirug\u00eda tambi\u00e9n puede recomendarse si la persona corre el riesgo de desarrollar complicaciones como la compresi\u00f3n de la m\u00e9dula espinal o s\u00edntomas neurol\u00f3gicos progresivos.<\/p>\n\n\n\n<p>Entre los ejemplos de casos en los que puede ser necesaria una intervenci\u00f3n quir\u00fargica para corregir una espondilosis o una espondil\u00f3lisis se incluyen los siguientes:<\/p>\n\n\n\n<ol class=\"wp-block-list\">\n<li><strong>Fusi\u00f3n Espinal:<\/strong> La cirug\u00eda de fusi\u00f3n espinal puede recomendarse si hay inestabilidad en la columna vertebral debido a la afecci\u00f3n. En este procedimiento, dos o m\u00e1s v\u00e9rtebras se fusionan mediante injertos \u00f3seos o implantes, lo que puede proporcionar estabilidad y evitar da\u00f1os mayores en la columna vertebral.<\/li>\n\n\n\n<li><strong>Cirug\u00eda de Descompresi\u00f3n:<\/strong> La cirug\u00eda de descompresi\u00f3n puede recomendarse si la afecci\u00f3n est\u00e1 causando compresi\u00f3n nerviosa o compresi\u00f3n de la m\u00e9dula espinal. En este procedimiento, el cirujano extirpa cualquier tejido o hueso que est\u00e9 comprimiendo los nervios o la m\u00e9dula espinal, lo que puede aliviar el dolor y otros s\u00edntomas neurol\u00f3gicos.<\/li>\n\n\n\n<li><strong>Osteotom\u00eda:<\/strong> En algunos casos, puede realizarse una osteotom\u00eda para corregir la alineaci\u00f3n de la columna vertebral. Esto implica cortar y reposicionar las v\u00e9rtebras afectadas para mejorar la alineaci\u00f3n de la columna y reducir el dolor o la compresi\u00f3n nerviosa.<\/li>\n<\/ol>\n\n\n\n<p>Es importante se\u00f1alar que la cirug\u00eda no siempre es necesaria o adecuada para corregir la espondilosis o la espondil\u00f3lisis. Un profesional m\u00e9dico evaluar\u00e1 la situaci\u00f3n espec\u00edfica del individuo y considerar\u00e1 todas las opciones de tratamiento no quir\u00fargico antes de recomendar la cirug\u00eda.Por favor, consulte nuestras<a href=\"\/es\/localizacion\/\"> dos sedes<\/a>. Para todas las preguntas sobre horarios o para solicitar citas, llame al <strong>(305) 937-1999<\/strong><\/p>\n","protected":false},"excerpt":{"rendered":"<p>La espondilosis, la espondil\u00f3lisis y la espondilolistesis son tres afecciones de la columna vertebral relacionadas entre s\u00ed que pueden afectar a las v\u00e9rtebras y causar dolor, rigidez y movilidad reducida. Espondilosis es un t\u00e9rmino general que hace referencia a los cambios degenerativos que se producen en la columna vertebral con el paso del tiempo. Estos&#8230; <a class=\"more-link\" href=\"https:\/\/rolandogarciamd.com\/es\/condiciones-espina-dorsal\/espondilosis-espondilolisis-y-espondilolistesis\/\">[Read More]<\/a><\/p>\n","protected":false},"author":1,"featured_media":0,"parent":744,"menu_order":0,"comment_status":"closed","ping_status":"closed","template":"","meta":{"_acf_changed":false,"_uag_custom_page_level_css":"","_monsterinsights_skip_tracking":false,"_monsterinsights_sitenote_active":false,"_monsterinsights_sitenote_note":"","_monsterinsights_sitenote_category":0,"_genesis_hide_title":false,"_genesis_hide_breadcrumbs":false,"_genesis_hide_singular_image":false,"_genesis_hide_footer_widgets":false,"_genesis_custom_body_class":"","_genesis_custom_post_class":"","_genesis_layout":"","footnotes":""},"class_list":{"0":"post-668","1":"page","2":"type-page","3":"status-publish","5":"entry"},"acf":[],"yoast_head":"<!-- This site is optimized with the Yoast SEO plugin v26.1.1 - https:\/\/yoast.com\/wordpress\/plugins\/seo\/ -->\n<title>Espondilosis, Espondil\u00f3lisis y Espondilolistesis - Dr. Rolando Garcia Jr. En Espa\u00f1ol<\/title>\n<meta name=\"description\" content=\"La espondilosis, la espondil\u00f3lisis y la espondilolistesis son tres afecciones de la columna vertebral relacionadas entre s\u00ed que pueden afectar a las\" \/>\n<meta name=\"robots\" content=\"index, follow, max-snippet:-1, max-image-preview:large, max-video-preview:-1\" \/>\n<link rel=\"canonical\" href=\"https:\/\/rolandogarciamd.com\/es\/condiciones-espina-dorsal\/espondilosis-espondilolisis-y-espondilolistesis\/\" \/>\n<meta property=\"og:locale\" content=\"es_MX\" \/>\n<meta property=\"og:type\" content=\"article\" \/>\n<meta property=\"og:title\" content=\"Espondilosis, Espondil\u00f3lisis y Espondilolistesis - Dr. Rolando Garcia Jr. En Espa\u00f1ol\" \/>\n<meta property=\"og:description\" content=\"La espondilosis, la espondil\u00f3lisis y la espondilolistesis son tres afecciones de la columna vertebral relacionadas entre s\u00ed que pueden afectar a las\" \/>\n<meta property=\"og:url\" content=\"https:\/\/rolandogarciamd.com\/es\/condiciones-espina-dorsal\/espondilosis-espondilolisis-y-espondilolistesis\/\" \/>\n<meta property=\"og:site_name\" content=\"Dr. Rolando Garcia Jr. En Espa\u00f1ol\" \/>\n<meta property=\"article:modified_time\" content=\"2023-08-25T17:00:45+00:00\" \/>\n<meta name=\"twitter:card\" content=\"summary_large_image\" \/>\n<meta name=\"twitter:label1\" content=\"Tiempo de lectura\" \/>\n\t<meta name=\"twitter:data1\" content=\"3 minutos\" \/>\n<script type=\"application\/ld+json\" class=\"yoast-schema-graph\">{\"@context\":\"https:\/\/schema.org\",\"@graph\":[{\"@type\":\"WebPage\",\"@id\":\"https:\/\/rolandogarciamd.com\/es\/condiciones-espina-dorsal\/espondilosis-espondilolisis-y-espondilolistesis\/\",\"url\":\"https:\/\/rolandogarciamd.com\/es\/condiciones-espina-dorsal\/espondilosis-espondilolisis-y-espondilolistesis\/\",\"name\":\"Espondilosis, Espondil\u00f3lisis y Espondilolistesis - Dr. Rolando Garcia Jr. En Espa\u00f1ol\",\"isPartOf\":{\"@id\":\"https:\/\/rolandogarciamd.com\/es\/#website\"},\"datePublished\":\"2023-05-22T18:10:05+00:00\",\"dateModified\":\"2023-08-25T17:00:45+00:00\",\"description\":\"La espondilosis, la espondil\u00f3lisis y la espondilolistesis son tres afecciones de la columna vertebral relacionadas entre s\u00ed que pueden afectar a las\",\"breadcrumb\":{\"@id\":\"https:\/\/rolandogarciamd.com\/es\/condiciones-espina-dorsal\/espondilosis-espondilolisis-y-espondilolistesis\/#breadcrumb\"},\"inLanguage\":\"es-MX\",\"potentialAction\":[{\"@type\":\"ReadAction\",\"target\":[\"https:\/\/rolandogarciamd.com\/es\/condiciones-espina-dorsal\/espondilosis-espondilolisis-y-espondilolistesis\/\"]}]},{\"@type\":\"BreadcrumbList\",\"@id\":\"https:\/\/rolandogarciamd.com\/es\/condiciones-espina-dorsal\/espondilosis-espondilolisis-y-espondilolistesis\/#breadcrumb\",\"itemListElement\":[{\"@type\":\"ListItem\",\"position\":1,\"name\":\"Home\",\"item\":\"https:\/\/rolandogarciamd.com\/es\/\"},{\"@type\":\"ListItem\",\"position\":2,\"name\":\"Afecciones De La Columna Vertebral\",\"item\":\"https:\/\/rolandogarciamd.com\/es\/condiciones-espina-dorsal\/\"},{\"@type\":\"ListItem\",\"position\":3,\"name\":\"Espondilosis, Espondil\u00f3lisis y Espondilolistesis\"}]},{\"@type\":\"WebSite\",\"@id\":\"https:\/\/rolandogarciamd.com\/es\/#website\",\"url\":\"https:\/\/rolandogarciamd.com\/es\/\",\"name\":\"Dr. Rolando Garcia Jr. En Espa\u00f1ol\",\"description\":\"Experiencia en Cirug\u00eda de Reemplazo Discal\",\"potentialAction\":[{\"@type\":\"SearchAction\",\"target\":{\"@type\":\"EntryPoint\",\"urlTemplate\":\"https:\/\/rolandogarciamd.com\/es\/?s={search_term_string}\"},\"query-input\":{\"@type\":\"PropertyValueSpecification\",\"valueRequired\":true,\"valueName\":\"search_term_string\"}}],\"inLanguage\":\"es-MX\"}]}<\/script>\n<!-- \/ Yoast SEO plugin. -->","yoast_head_json":{"title":"Espondilosis, Espondil\u00f3lisis y Espondilolistesis - Dr. Rolando Garcia Jr. En Espa\u00f1ol","description":"La espondilosis, la espondil\u00f3lisis y la espondilolistesis son tres afecciones de la columna vertebral relacionadas entre s\u00ed que pueden afectar a las","robots":{"index":"index","follow":"follow","max-snippet":"max-snippet:-1","max-image-preview":"max-image-preview:large","max-video-preview":"max-video-preview:-1"},"canonical":"https:\/\/rolandogarciamd.com\/es\/condiciones-espina-dorsal\/espondilosis-espondilolisis-y-espondilolistesis\/","og_locale":"es_MX","og_type":"article","og_title":"Espondilosis, Espondil\u00f3lisis y Espondilolistesis - Dr. Rolando Garcia Jr. En Espa\u00f1ol","og_description":"La espondilosis, la espondil\u00f3lisis y la espondilolistesis son tres afecciones de la columna vertebral relacionadas entre s\u00ed que pueden afectar a las","og_url":"https:\/\/rolandogarciamd.com\/es\/condiciones-espina-dorsal\/espondilosis-espondilolisis-y-espondilolistesis\/","og_site_name":"Dr. Rolando Garcia Jr. En Espa\u00f1ol","article_modified_time":"2023-08-25T17:00:45+00:00","twitter_card":"summary_large_image","twitter_misc":{"Tiempo de lectura":"3 minutos"},"schema":{"@context":"https:\/\/schema.org","@graph":[{"@type":"WebPage","@id":"https:\/\/rolandogarciamd.com\/es\/condiciones-espina-dorsal\/espondilosis-espondilolisis-y-espondilolistesis\/","url":"https:\/\/rolandogarciamd.com\/es\/condiciones-espina-dorsal\/espondilosis-espondilolisis-y-espondilolistesis\/","name":"Espondilosis, Espondil\u00f3lisis y Espondilolistesis - Dr. Rolando Garcia Jr. En Espa\u00f1ol","isPartOf":{"@id":"https:\/\/rolandogarciamd.com\/es\/#website"},"datePublished":"2023-05-22T18:10:05+00:00","dateModified":"2023-08-25T17:00:45+00:00","description":"La espondilosis, la espondil\u00f3lisis y la espondilolistesis son tres afecciones de la columna vertebral relacionadas entre s\u00ed que pueden afectar a las","breadcrumb":{"@id":"https:\/\/rolandogarciamd.com\/es\/condiciones-espina-dorsal\/espondilosis-espondilolisis-y-espondilolistesis\/#breadcrumb"},"inLanguage":"es-MX","potentialAction":[{"@type":"ReadAction","target":["https:\/\/rolandogarciamd.com\/es\/condiciones-espina-dorsal\/espondilosis-espondilolisis-y-espondilolistesis\/"]}]},{"@type":"BreadcrumbList","@id":"https:\/\/rolandogarciamd.com\/es\/condiciones-espina-dorsal\/espondilosis-espondilolisis-y-espondilolistesis\/#breadcrumb","itemListElement":[{"@type":"ListItem","position":1,"name":"Home","item":"https:\/\/rolandogarciamd.com\/es\/"},{"@type":"ListItem","position":2,"name":"Afecciones De La Columna Vertebral","item":"https:\/\/rolandogarciamd.com\/es\/condiciones-espina-dorsal\/"},{"@type":"ListItem","position":3,"name":"Espondilosis, Espondil\u00f3lisis y Espondilolistesis"}]},{"@type":"WebSite","@id":"https:\/\/rolandogarciamd.com\/es\/#website","url":"https:\/\/rolandogarciamd.com\/es\/","name":"Dr. Rolando Garcia Jr. En Espa\u00f1ol","description":"Experiencia en Cirug\u00eda de Reemplazo Discal","potentialAction":[{"@type":"SearchAction","target":{"@type":"EntryPoint","urlTemplate":"https:\/\/rolandogarciamd.com\/es\/?s={search_term_string}"},"query-input":{"@type":"PropertyValueSpecification","valueRequired":true,"valueName":"search_term_string"}}],"inLanguage":"es-MX"}]}},"uagb_featured_image_src":{"full":false,"thumbnail":false,"medium":false,"medium_large":false,"large":false,"1536x1536":false,"2048x2048":false,"gform-image-choice-sm":false,"gform-image-choice-md":false,"gform-image-choice-lg":false},"uagb_author_info":{"display_name":"","author_link":"https:\/\/rolandogarciamd.com\/es\/author\/"},"uagb_comment_info":0,"uagb_excerpt":"La espondilosis, la espondil\u00f3lisis y la espondilolistesis son tres afecciones de la columna vertebral relacionadas entre s\u00ed que pueden afectar a las v\u00e9rtebras y causar dolor, rigidez y movilidad reducida. Espondilosis es un t\u00e9rmino general que hace referencia a los cambios degenerativos que se producen en la columna vertebral con el paso del tiempo. Estos...&hellip;","_links":{"self":[{"href":"https:\/\/rolandogarciamd.com\/es\/wp-json\/wp\/v2\/pages\/668","targetHints":{"allow":["GET"]}}],"collection":[{"href":"https:\/\/rolandogarciamd.com\/es\/wp-json\/wp\/v2\/pages"}],"about":[{"href":"https:\/\/rolandogarciamd.com\/es\/wp-json\/wp\/v2\/types\/page"}],"author":[{"embeddable":true,"href":"https:\/\/rolandogarciamd.com\/es\/wp-json\/wp\/v2\/users\/1"}],"replies":[{"embeddable":true,"href":"https:\/\/rolandogarciamd.com\/es\/wp-json\/wp\/v2\/comments?post=668"}],"version-history":[{"count":0,"href":"https:\/\/rolandogarciamd.com\/es\/wp-json\/wp\/v2\/pages\/668\/revisions"}],"up":[{"embeddable":true,"href":"https:\/\/rolandogarciamd.com\/es\/wp-json\/wp\/v2\/pages\/744"}],"wp:attachment":[{"href":"https:\/\/rolandogarciamd.com\/es\/wp-json\/wp\/v2\/media?parent=668"}],"curies":[{"name":"wp","href":"https:\/\/api.w.org\/{rel}","templated":true}]}}