{"id":666,"date":"2023-05-22T12:54:29","date_gmt":"2023-05-22T17:54:29","guid":{"rendered":"https:\/\/rolandogarciamd.com\/es\/?page_id=666"},"modified":"2023-08-25T11:44:05","modified_gmt":"2023-08-25T16:44:05","slug":"claudicacion-neurogenica","status":"publish","type":"page","link":"https:\/\/rolandogarciamd.com\/es\/condiciones-espina-dorsal\/claudicacion-neurogenica\/","title":{"rendered":"Claudicaci\u00f3n Neurog\u00e9nica"},"content":{"rendered":"\n<p>La claudicaci\u00f3n neurog\u00e9nica es una afecci\u00f3n de la columna vertebral que se produce cuando los nervios espinales de la regi\u00f3n lumbar se comprimen o irritan, provocando dolor y movilidad reducida. El t\u00e9rmino &#8220;claudicaci\u00f3n&#8221; se refiere al dolor o calambres en las piernas que se producen al caminar o estar de pie y que mejoran con el reposo.<\/p>\n\n\n\n<blockquote class=\"wp-block-quote is-layout-flow wp-block-quote-is-layout-flow\">\n<p><em>La claudicaci\u00f3n neurog\u00e9nica suele estar causada por la estenosis espinal lumbar, una afecci\u00f3n en la que los espacios dentro de la columna vertebral se estrechan y comprimen los nervios espinales&#8221;<\/em><\/p>\n<cite>explica el <a href=\"\/es\/dr-rolando-garcia\/\">Doctor Rolando Garc\u00eda, Cirujano Ortop\u00e9dico.<\/a><\/cite><\/blockquote>\n\n\n\n<p>Esto puede deberse a cambios en la columna relacionados con la edad, hernias discales u otras afecciones m\u00e9dicas que ejercen presi\u00f3n sobre los nervios.<\/p>\n\n\n\n<p>Los s\u00edntomas de la claudicaci\u00f3n neurog\u00e9nica pueden incluir dolor o calambres en las piernas o las nalgas que empeora al caminar o estar de pie y mejora al sentarse o acostarse. En los casos graves tambi\u00e9n puede haber entumecimiento, hormigueo o debilidad en las piernas.<\/p>\n\n\n\n<p>El tratamiento de la claudicaci\u00f3n neurog\u00e9nica suele consistir en una combinaci\u00f3n de medidas conservadoras como el control del dolor, la fisioterapia y cambios en el estilo de vida (como ejercicio y p\u00e9rdida de peso). En algunos casos, puede ser necesaria la cirug\u00eda para corregir la afecci\u00f3n subyacente que causa la compresi\u00f3n nerviosa o para aliviar la presi\u00f3n sobre los nervios.<\/p>\n\n\n\n<p>Entre los ejemplos de casos en los que puede ser necesaria una intervenci\u00f3n quir\u00fargica para tratar la claudicaci\u00f3n neurog\u00e9nica se incluyen los siguientes:<\/p>\n\n\n\n<ol class=\"wp-block-list\">\n<li><strong>Laminectom\u00eda:<\/strong> La laminectom\u00eda consiste en la extirpaci\u00f3n de la parte de la v\u00e9rtebra que causa la compresi\u00f3n nerviosa. Esto puede ayudar a aliviar el dolor y restaurar la movilidad en la zona afectada.<\/li>\n\n\n\n<li><strong>Foraminotom\u00eda:<\/strong> La foraminotom\u00eda consiste en la extirpaci\u00f3n del hueso o tejido que comprime los nervios espinales a su salida de la m\u00e9dula espinal. Esto puede ayudar a aliviar el dolor, el entumecimiento o la debilidad en la zona afectada.<\/li>\n<\/ol>\n\n\n\n<p>Es importante trabajar con un profesional m\u00e9dico para desarrollar un plan de tratamiento integral basado en las necesidades y s\u00edntomas individuales. Con una gesti\u00f3n y un tratamiento adecuados, la mayor\u00eda de las personas con claudicaci\u00f3n neurog\u00e9nica pueden conseguir un alivio significativo del dolor y mejorar su calidad de vida.Por favor, consulte nuestras <a href=\"\/es\/localizacion\/\">dos sedes<\/a>. Para todas las preguntas sobre horarios o para solicitar citas, llame al <strong>(305) 937-1999<\/strong><\/p>\n","protected":false},"excerpt":{"rendered":"<p>La claudicaci\u00f3n neurog\u00e9nica es una afecci\u00f3n de la columna vertebral que se produce cuando los nervios espinales de la regi\u00f3n lumbar se comprimen o irritan, provocando dolor y movilidad reducida. El t\u00e9rmino &#8220;claudicaci\u00f3n&#8221; se refiere al dolor o calambres en las piernas que se producen al caminar o estar de pie y que mejoran con&#8230; <a class=\"more-link\" href=\"https:\/\/rolandogarciamd.com\/es\/condiciones-espina-dorsal\/claudicacion-neurogenica\/\">[Read More]<\/a><\/p>\n","protected":false},"author":1,"featured_media":0,"parent":744,"menu_order":0,"comment_status":"closed","ping_status":"closed","template":"","meta":{"_acf_changed":false,"_uag_custom_page_level_css":"","_monsterinsights_skip_tracking":false,"_monsterinsights_sitenote_active":false,"_monsterinsights_sitenote_note":"","_monsterinsights_sitenote_category":0,"_genesis_hide_title":false,"_genesis_hide_breadcrumbs":false,"_genesis_hide_singular_image":false,"_genesis_hide_footer_widgets":false,"_genesis_custom_body_class":"","_genesis_custom_post_class":"","_genesis_layout":"","footnotes":""},"class_list":{"0":"post-666","1":"page","2":"type-page","3":"status-publish","5":"entry"},"acf":[],"yoast_head":"<!-- This site is optimized with the Yoast SEO plugin v26.1.1 - https:\/\/yoast.com\/wordpress\/plugins\/seo\/ -->\n<title>Claudicaci\u00f3n Neurog\u00e9nica - Dr. Rolando Garcia Jr. En Espa\u00f1ol<\/title>\n<meta name=\"description\" content=\"La claudicaci\u00f3n neurog\u00e9nica es una afecci\u00f3n de la columna vertebral que se produce cuando los nervios espinales de la regi\u00f3n lumbar se comprimen o\" \/>\n<meta name=\"robots\" content=\"index, follow, max-snippet:-1, max-image-preview:large, max-video-preview:-1\" \/>\n<link rel=\"canonical\" href=\"https:\/\/rolandogarciamd.com\/es\/condiciones-espina-dorsal\/claudicacion-neurogenica\/\" \/>\n<meta property=\"og:locale\" content=\"es_MX\" \/>\n<meta property=\"og:type\" content=\"article\" \/>\n<meta property=\"og:title\" content=\"Claudicaci\u00f3n Neurog\u00e9nica - Dr. Rolando Garcia Jr. En Espa\u00f1ol\" \/>\n<meta property=\"og:description\" content=\"La claudicaci\u00f3n neurog\u00e9nica es una afecci\u00f3n de la columna vertebral que se produce cuando los nervios espinales de la regi\u00f3n lumbar se comprimen o\" \/>\n<meta property=\"og:url\" content=\"https:\/\/rolandogarciamd.com\/es\/condiciones-espina-dorsal\/claudicacion-neurogenica\/\" \/>\n<meta property=\"og:site_name\" content=\"Dr. Rolando Garcia Jr. En Espa\u00f1ol\" \/>\n<meta property=\"article:modified_time\" content=\"2023-08-25T16:44:05+00:00\" \/>\n<meta name=\"twitter:card\" content=\"summary_large_image\" \/>\n<meta name=\"twitter:label1\" content=\"Tiempo de lectura\" \/>\n\t<meta name=\"twitter:data1\" content=\"2 minutos\" \/>\n<script type=\"application\/ld+json\" class=\"yoast-schema-graph\">{\"@context\":\"https:\/\/schema.org\",\"@graph\":[{\"@type\":\"WebPage\",\"@id\":\"https:\/\/rolandogarciamd.com\/es\/condiciones-espina-dorsal\/claudicacion-neurogenica\/\",\"url\":\"https:\/\/rolandogarciamd.com\/es\/condiciones-espina-dorsal\/claudicacion-neurogenica\/\",\"name\":\"Claudicaci\u00f3n Neurog\u00e9nica - Dr. Rolando Garcia Jr. En Espa\u00f1ol\",\"isPartOf\":{\"@id\":\"https:\/\/rolandogarciamd.com\/es\/#website\"},\"datePublished\":\"2023-05-22T17:54:29+00:00\",\"dateModified\":\"2023-08-25T16:44:05+00:00\",\"description\":\"La claudicaci\u00f3n neurog\u00e9nica es una afecci\u00f3n de la columna vertebral que se produce cuando los nervios espinales de la regi\u00f3n lumbar se comprimen o\",\"breadcrumb\":{\"@id\":\"https:\/\/rolandogarciamd.com\/es\/condiciones-espina-dorsal\/claudicacion-neurogenica\/#breadcrumb\"},\"inLanguage\":\"es-MX\",\"potentialAction\":[{\"@type\":\"ReadAction\",\"target\":[\"https:\/\/rolandogarciamd.com\/es\/condiciones-espina-dorsal\/claudicacion-neurogenica\/\"]}]},{\"@type\":\"BreadcrumbList\",\"@id\":\"https:\/\/rolandogarciamd.com\/es\/condiciones-espina-dorsal\/claudicacion-neurogenica\/#breadcrumb\",\"itemListElement\":[{\"@type\":\"ListItem\",\"position\":1,\"name\":\"Home\",\"item\":\"https:\/\/rolandogarciamd.com\/es\/\"},{\"@type\":\"ListItem\",\"position\":2,\"name\":\"Afecciones De La Columna Vertebral\",\"item\":\"https:\/\/rolandogarciamd.com\/es\/condiciones-espina-dorsal\/\"},{\"@type\":\"ListItem\",\"position\":3,\"name\":\"Claudicaci\u00f3n Neurog\u00e9nica\"}]},{\"@type\":\"WebSite\",\"@id\":\"https:\/\/rolandogarciamd.com\/es\/#website\",\"url\":\"https:\/\/rolandogarciamd.com\/es\/\",\"name\":\"Dr. Rolando Garcia Jr. En Espa\u00f1ol\",\"description\":\"Experiencia en Cirug\u00eda de Reemplazo Discal\",\"potentialAction\":[{\"@type\":\"SearchAction\",\"target\":{\"@type\":\"EntryPoint\",\"urlTemplate\":\"https:\/\/rolandogarciamd.com\/es\/?s={search_term_string}\"},\"query-input\":{\"@type\":\"PropertyValueSpecification\",\"valueRequired\":true,\"valueName\":\"search_term_string\"}}],\"inLanguage\":\"es-MX\"}]}<\/script>\n<!-- \/ Yoast SEO plugin. -->","yoast_head_json":{"title":"Claudicaci\u00f3n Neurog\u00e9nica - Dr. Rolando Garcia Jr. En Espa\u00f1ol","description":"La claudicaci\u00f3n neurog\u00e9nica es una afecci\u00f3n de la columna vertebral que se produce cuando los nervios espinales de la regi\u00f3n lumbar se comprimen o","robots":{"index":"index","follow":"follow","max-snippet":"max-snippet:-1","max-image-preview":"max-image-preview:large","max-video-preview":"max-video-preview:-1"},"canonical":"https:\/\/rolandogarciamd.com\/es\/condiciones-espina-dorsal\/claudicacion-neurogenica\/","og_locale":"es_MX","og_type":"article","og_title":"Claudicaci\u00f3n Neurog\u00e9nica - Dr. Rolando Garcia Jr. En Espa\u00f1ol","og_description":"La claudicaci\u00f3n neurog\u00e9nica es una afecci\u00f3n de la columna vertebral que se produce cuando los nervios espinales de la regi\u00f3n lumbar se comprimen o","og_url":"https:\/\/rolandogarciamd.com\/es\/condiciones-espina-dorsal\/claudicacion-neurogenica\/","og_site_name":"Dr. Rolando Garcia Jr. En Espa\u00f1ol","article_modified_time":"2023-08-25T16:44:05+00:00","twitter_card":"summary_large_image","twitter_misc":{"Tiempo de lectura":"2 minutos"},"schema":{"@context":"https:\/\/schema.org","@graph":[{"@type":"WebPage","@id":"https:\/\/rolandogarciamd.com\/es\/condiciones-espina-dorsal\/claudicacion-neurogenica\/","url":"https:\/\/rolandogarciamd.com\/es\/condiciones-espina-dorsal\/claudicacion-neurogenica\/","name":"Claudicaci\u00f3n Neurog\u00e9nica - Dr. Rolando Garcia Jr. En Espa\u00f1ol","isPartOf":{"@id":"https:\/\/rolandogarciamd.com\/es\/#website"},"datePublished":"2023-05-22T17:54:29+00:00","dateModified":"2023-08-25T16:44:05+00:00","description":"La claudicaci\u00f3n neurog\u00e9nica es una afecci\u00f3n de la columna vertebral que se produce cuando los nervios espinales de la regi\u00f3n lumbar se comprimen o","breadcrumb":{"@id":"https:\/\/rolandogarciamd.com\/es\/condiciones-espina-dorsal\/claudicacion-neurogenica\/#breadcrumb"},"inLanguage":"es-MX","potentialAction":[{"@type":"ReadAction","target":["https:\/\/rolandogarciamd.com\/es\/condiciones-espina-dorsal\/claudicacion-neurogenica\/"]}]},{"@type":"BreadcrumbList","@id":"https:\/\/rolandogarciamd.com\/es\/condiciones-espina-dorsal\/claudicacion-neurogenica\/#breadcrumb","itemListElement":[{"@type":"ListItem","position":1,"name":"Home","item":"https:\/\/rolandogarciamd.com\/es\/"},{"@type":"ListItem","position":2,"name":"Afecciones De La Columna Vertebral","item":"https:\/\/rolandogarciamd.com\/es\/condiciones-espina-dorsal\/"},{"@type":"ListItem","position":3,"name":"Claudicaci\u00f3n Neurog\u00e9nica"}]},{"@type":"WebSite","@id":"https:\/\/rolandogarciamd.com\/es\/#website","url":"https:\/\/rolandogarciamd.com\/es\/","name":"Dr. Rolando Garcia Jr. En Espa\u00f1ol","description":"Experiencia en Cirug\u00eda de Reemplazo Discal","potentialAction":[{"@type":"SearchAction","target":{"@type":"EntryPoint","urlTemplate":"https:\/\/rolandogarciamd.com\/es\/?s={search_term_string}"},"query-input":{"@type":"PropertyValueSpecification","valueRequired":true,"valueName":"search_term_string"}}],"inLanguage":"es-MX"}]}},"uagb_featured_image_src":{"full":false,"thumbnail":false,"medium":false,"medium_large":false,"large":false,"1536x1536":false,"2048x2048":false,"gform-image-choice-sm":false,"gform-image-choice-md":false,"gform-image-choice-lg":false},"uagb_author_info":{"display_name":"","author_link":"https:\/\/rolandogarciamd.com\/es\/author\/"},"uagb_comment_info":0,"uagb_excerpt":"La claudicaci\u00f3n neurog\u00e9nica es una afecci\u00f3n de la columna vertebral que se produce cuando los nervios espinales de la regi\u00f3n lumbar se comprimen o irritan, provocando dolor y movilidad reducida. El t\u00e9rmino &#8220;claudicaci\u00f3n&#8221; se refiere al dolor o calambres en las piernas que se producen al caminar o estar de pie y que mejoran con...&hellip;","_links":{"self":[{"href":"https:\/\/rolandogarciamd.com\/es\/wp-json\/wp\/v2\/pages\/666","targetHints":{"allow":["GET"]}}],"collection":[{"href":"https:\/\/rolandogarciamd.com\/es\/wp-json\/wp\/v2\/pages"}],"about":[{"href":"https:\/\/rolandogarciamd.com\/es\/wp-json\/wp\/v2\/types\/page"}],"author":[{"embeddable":true,"href":"https:\/\/rolandogarciamd.com\/es\/wp-json\/wp\/v2\/users\/1"}],"replies":[{"embeddable":true,"href":"https:\/\/rolandogarciamd.com\/es\/wp-json\/wp\/v2\/comments?post=666"}],"version-history":[{"count":0,"href":"https:\/\/rolandogarciamd.com\/es\/wp-json\/wp\/v2\/pages\/666\/revisions"}],"up":[{"embeddable":true,"href":"https:\/\/rolandogarciamd.com\/es\/wp-json\/wp\/v2\/pages\/744"}],"wp:attachment":[{"href":"https:\/\/rolandogarciamd.com\/es\/wp-json\/wp\/v2\/media?parent=666"}],"curies":[{"name":"wp","href":"https:\/\/api.w.org\/{rel}","templated":true}]}}