{"id":664,"date":"2023-05-22T12:07:16","date_gmt":"2023-05-22T17:07:16","guid":{"rendered":"https:\/\/rolandogarciamd.com\/es\/?page_id=664"},"modified":"2023-08-25T11:46:25","modified_gmt":"2023-08-25T16:46:25","slug":"dolor-facetario-por-hipertrofia-y-artrosis","status":"publish","type":"page","link":"https:\/\/rolandogarciamd.com\/es\/condiciones-espina-dorsal\/dolor-facetario-por-hipertrofia-y-artrosis\/","title":{"rendered":"Dolor Facetario por Hipertrofia y Artrosis"},"content":{"rendered":"\n<p>El dolor facetario por hipertrofia y cambios artr\u00edticos es una afecci\u00f3n de la columna vertebral que se produce cuando las articulaciones facetarias de la columna vertebral se agrandan o se vuelven artr\u00edticas, lo que provoca dolor y movilidad reducida. Las articulaciones facetarias est\u00e1n situadas a ambos lados de las v\u00e9rtebras y son responsables de estabilizar la columna vertebral y permitir el movimiento.<\/p>\n\n\n\n<p>La hipertrofia y los cambios artr\u00edticos en las articulaciones facetarias pueden deberse a diversos factores, como la edad, la gen\u00e9tica y el estr\u00e9s repetitivo sobre la columna vertebral. Estos cambios pueden hacer que las articulaciones se agranden, presionando los nervios cercanos y provocando dolor, rigidez y movilidad limitada en la zona afectada.<\/p>\n\n\n\n<blockquote class=\"wp-block-quote is-layout-flow wp-block-quote-is-layout-flow\">\n<p><em>Los s\u00edntomas del dolor mediado por las facetas debido a la hipertrofia y los cambios artr\u00edticos pueden incluir dolor o sensibilidad en la zona afectada, rigidez, movilidad reducida y dolor que empeora con determinados movimientos o actividades&#8221;<\/em><\/p>\n<cite>explica el <a href=\"\/es\/dr-rolando-garcia\/\">Doctor Rolando Garc\u00eda, Cirujano Ortop\u00e9dico.<\/a><\/cite><\/blockquote>\n\n\n\n<p>En los casos graves, tambi\u00e9n puede producirse una compresi\u00f3n nerviosa que ocasione s\u00edntomas neurol\u00f3gicos como entumecimiento, hormigueo o debilidad en brazos o piernas.<\/p>\n\n\n\n<p>El tratamiento de esta afecci\u00f3n suele consistir en una combinaci\u00f3n de medidas conservadoras como el control del dolor, la fisioterapia y cambios en el estilo de vida (como ejercicio y p\u00e9rdida de peso). En algunos casos, tambi\u00e9n pueden utilizarse procedimientos m\u00ednimamente invasivos, como inyecciones en la articulaci\u00f3n facetaria o ablaci\u00f3n por radiofrecuencia, para aliviar el dolor y reducir la inflamaci\u00f3n en la zona afectada.<\/p>\n\n\n\n<p>En casos graves, puede ser necesaria una intervenci\u00f3n quir\u00fargica para corregir la afecci\u00f3n subyacente que causa el dolor mediado por las facetas. Las opciones quir\u00fargicas pueden incluir la fusi\u00f3n de la articulaci\u00f3n facetaria, que consiste en fusionar permanentemente la articulaci\u00f3n facetaria, o la laminectom\u00eda, que consiste en extirpar parte de la v\u00e9rtebra para aliviar la presi\u00f3n sobre el nervio afectado.<\/p>\n\n\n\n<p>Es importante trabajar con un profesional m\u00e9dico para desarrollar un plan de tratamiento integral basado en las necesidades y s\u00edntomas individuales. Con una gesti\u00f3n y un tratamiento adecuados, la mayor\u00eda de las personas con dolor mediado por facetas debido a hipertrofia y cambios artr\u00edticos pueden lograr un alivio significativo del dolor y mejorar su calidad de vida.<\/p>\n\n\n\n<p>Por favor, consulte nuestras <a href=\"\/es\/localizacion\/\">dos sedes<\/a>. Para todas las preguntas sobre horarios o para solicitar citas, llame al <strong>(305) 937-1999<\/strong><\/p>\n","protected":false},"excerpt":{"rendered":"<p>El dolor facetario por hipertrofia y cambios artr\u00edticos es una afecci\u00f3n de la columna vertebral que se produce cuando las articulaciones facetarias de la columna vertebral se agrandan o se vuelven artr\u00edticas, lo que provoca dolor y movilidad reducida. Las articulaciones facetarias est\u00e1n situadas a ambos lados de las v\u00e9rtebras y son responsables de estabilizar&#8230; <a class=\"more-link\" href=\"https:\/\/rolandogarciamd.com\/es\/condiciones-espina-dorsal\/dolor-facetario-por-hipertrofia-y-artrosis\/\">[Read More]<\/a><\/p>\n","protected":false},"author":1,"featured_media":0,"parent":744,"menu_order":0,"comment_status":"closed","ping_status":"closed","template":"","meta":{"_acf_changed":false,"_uag_custom_page_level_css":"","_monsterinsights_skip_tracking":false,"_monsterinsights_sitenote_active":false,"_monsterinsights_sitenote_note":"","_monsterinsights_sitenote_category":0,"_genesis_hide_title":false,"_genesis_hide_breadcrumbs":false,"_genesis_hide_singular_image":false,"_genesis_hide_footer_widgets":false,"_genesis_custom_body_class":"","_genesis_custom_post_class":"","_genesis_layout":"","footnotes":""},"class_list":{"0":"post-664","1":"page","2":"type-page","3":"status-publish","5":"entry"},"acf":[],"yoast_head":"<!-- This site is optimized with the Yoast SEO plugin v26.1.1 - https:\/\/yoast.com\/wordpress\/plugins\/seo\/ -->\n<title>Dolor Facetario por Hipertrofia y Artrosis - Dr. Rolando Garcia Jr. En Espa\u00f1ol<\/title>\n<meta name=\"description\" content=\"El dolor facetario por hipertrofia y cambios artr\u00edticos es una afecci\u00f3n de la columna vertebral que se produce cuando las articulaciones facetarias de la\" \/>\n<meta name=\"robots\" content=\"index, follow, max-snippet:-1, max-image-preview:large, max-video-preview:-1\" \/>\n<link rel=\"canonical\" href=\"https:\/\/rolandogarciamd.com\/es\/condiciones-espina-dorsal\/dolor-facetario-por-hipertrofia-y-artrosis\/\" \/>\n<meta property=\"og:locale\" content=\"es_MX\" \/>\n<meta property=\"og:type\" content=\"article\" \/>\n<meta property=\"og:title\" content=\"Dolor Facetario por Hipertrofia y Artrosis - Dr. Rolando Garcia Jr. En Espa\u00f1ol\" \/>\n<meta property=\"og:description\" content=\"El dolor facetario por hipertrofia y cambios artr\u00edticos es una afecci\u00f3n de la columna vertebral que se produce cuando las articulaciones facetarias de la\" \/>\n<meta property=\"og:url\" content=\"https:\/\/rolandogarciamd.com\/es\/condiciones-espina-dorsal\/dolor-facetario-por-hipertrofia-y-artrosis\/\" \/>\n<meta property=\"og:site_name\" content=\"Dr. Rolando Garcia Jr. En Espa\u00f1ol\" \/>\n<meta property=\"article:modified_time\" content=\"2023-08-25T16:46:25+00:00\" \/>\n<meta name=\"twitter:card\" content=\"summary_large_image\" \/>\n<meta name=\"twitter:label1\" content=\"Tiempo de lectura\" \/>\n\t<meta name=\"twitter:data1\" content=\"2 minutos\" \/>\n<script type=\"application\/ld+json\" class=\"yoast-schema-graph\">{\"@context\":\"https:\/\/schema.org\",\"@graph\":[{\"@type\":\"WebPage\",\"@id\":\"https:\/\/rolandogarciamd.com\/es\/condiciones-espina-dorsal\/dolor-facetario-por-hipertrofia-y-artrosis\/\",\"url\":\"https:\/\/rolandogarciamd.com\/es\/condiciones-espina-dorsal\/dolor-facetario-por-hipertrofia-y-artrosis\/\",\"name\":\"Dolor Facetario por Hipertrofia y Artrosis - Dr. Rolando Garcia Jr. En Espa\u00f1ol\",\"isPartOf\":{\"@id\":\"https:\/\/rolandogarciamd.com\/es\/#website\"},\"datePublished\":\"2023-05-22T17:07:16+00:00\",\"dateModified\":\"2023-08-25T16:46:25+00:00\",\"description\":\"El dolor facetario por hipertrofia y cambios artr\u00edticos es una afecci\u00f3n de la columna vertebral que se produce cuando las articulaciones facetarias de la\",\"breadcrumb\":{\"@id\":\"https:\/\/rolandogarciamd.com\/es\/condiciones-espina-dorsal\/dolor-facetario-por-hipertrofia-y-artrosis\/#breadcrumb\"},\"inLanguage\":\"es-MX\",\"potentialAction\":[{\"@type\":\"ReadAction\",\"target\":[\"https:\/\/rolandogarciamd.com\/es\/condiciones-espina-dorsal\/dolor-facetario-por-hipertrofia-y-artrosis\/\"]}]},{\"@type\":\"BreadcrumbList\",\"@id\":\"https:\/\/rolandogarciamd.com\/es\/condiciones-espina-dorsal\/dolor-facetario-por-hipertrofia-y-artrosis\/#breadcrumb\",\"itemListElement\":[{\"@type\":\"ListItem\",\"position\":1,\"name\":\"Home\",\"item\":\"https:\/\/rolandogarciamd.com\/es\/\"},{\"@type\":\"ListItem\",\"position\":2,\"name\":\"Afecciones De La Columna Vertebral\",\"item\":\"https:\/\/rolandogarciamd.com\/es\/condiciones-espina-dorsal\/\"},{\"@type\":\"ListItem\",\"position\":3,\"name\":\"Dolor Facetario por Hipertrofia y Artrosis\"}]},{\"@type\":\"WebSite\",\"@id\":\"https:\/\/rolandogarciamd.com\/es\/#website\",\"url\":\"https:\/\/rolandogarciamd.com\/es\/\",\"name\":\"Dr. Rolando Garcia Jr. En Espa\u00f1ol\",\"description\":\"Experiencia en Cirug\u00eda de Reemplazo Discal\",\"potentialAction\":[{\"@type\":\"SearchAction\",\"target\":{\"@type\":\"EntryPoint\",\"urlTemplate\":\"https:\/\/rolandogarciamd.com\/es\/?s={search_term_string}\"},\"query-input\":{\"@type\":\"PropertyValueSpecification\",\"valueRequired\":true,\"valueName\":\"search_term_string\"}}],\"inLanguage\":\"es-MX\"}]}<\/script>\n<!-- \/ Yoast SEO plugin. -->","yoast_head_json":{"title":"Dolor Facetario por Hipertrofia y Artrosis - Dr. Rolando Garcia Jr. En Espa\u00f1ol","description":"El dolor facetario por hipertrofia y cambios artr\u00edticos es una afecci\u00f3n de la columna vertebral que se produce cuando las articulaciones facetarias de la","robots":{"index":"index","follow":"follow","max-snippet":"max-snippet:-1","max-image-preview":"max-image-preview:large","max-video-preview":"max-video-preview:-1"},"canonical":"https:\/\/rolandogarciamd.com\/es\/condiciones-espina-dorsal\/dolor-facetario-por-hipertrofia-y-artrosis\/","og_locale":"es_MX","og_type":"article","og_title":"Dolor Facetario por Hipertrofia y Artrosis - Dr. Rolando Garcia Jr. En Espa\u00f1ol","og_description":"El dolor facetario por hipertrofia y cambios artr\u00edticos es una afecci\u00f3n de la columna vertebral que se produce cuando las articulaciones facetarias de la","og_url":"https:\/\/rolandogarciamd.com\/es\/condiciones-espina-dorsal\/dolor-facetario-por-hipertrofia-y-artrosis\/","og_site_name":"Dr. Rolando Garcia Jr. En Espa\u00f1ol","article_modified_time":"2023-08-25T16:46:25+00:00","twitter_card":"summary_large_image","twitter_misc":{"Tiempo de lectura":"2 minutos"},"schema":{"@context":"https:\/\/schema.org","@graph":[{"@type":"WebPage","@id":"https:\/\/rolandogarciamd.com\/es\/condiciones-espina-dorsal\/dolor-facetario-por-hipertrofia-y-artrosis\/","url":"https:\/\/rolandogarciamd.com\/es\/condiciones-espina-dorsal\/dolor-facetario-por-hipertrofia-y-artrosis\/","name":"Dolor Facetario por Hipertrofia y Artrosis - Dr. Rolando Garcia Jr. En Espa\u00f1ol","isPartOf":{"@id":"https:\/\/rolandogarciamd.com\/es\/#website"},"datePublished":"2023-05-22T17:07:16+00:00","dateModified":"2023-08-25T16:46:25+00:00","description":"El dolor facetario por hipertrofia y cambios artr\u00edticos es una afecci\u00f3n de la columna vertebral que se produce cuando las articulaciones facetarias de la","breadcrumb":{"@id":"https:\/\/rolandogarciamd.com\/es\/condiciones-espina-dorsal\/dolor-facetario-por-hipertrofia-y-artrosis\/#breadcrumb"},"inLanguage":"es-MX","potentialAction":[{"@type":"ReadAction","target":["https:\/\/rolandogarciamd.com\/es\/condiciones-espina-dorsal\/dolor-facetario-por-hipertrofia-y-artrosis\/"]}]},{"@type":"BreadcrumbList","@id":"https:\/\/rolandogarciamd.com\/es\/condiciones-espina-dorsal\/dolor-facetario-por-hipertrofia-y-artrosis\/#breadcrumb","itemListElement":[{"@type":"ListItem","position":1,"name":"Home","item":"https:\/\/rolandogarciamd.com\/es\/"},{"@type":"ListItem","position":2,"name":"Afecciones De La Columna Vertebral","item":"https:\/\/rolandogarciamd.com\/es\/condiciones-espina-dorsal\/"},{"@type":"ListItem","position":3,"name":"Dolor Facetario por Hipertrofia y Artrosis"}]},{"@type":"WebSite","@id":"https:\/\/rolandogarciamd.com\/es\/#website","url":"https:\/\/rolandogarciamd.com\/es\/","name":"Dr. Rolando Garcia Jr. En Espa\u00f1ol","description":"Experiencia en Cirug\u00eda de Reemplazo Discal","potentialAction":[{"@type":"SearchAction","target":{"@type":"EntryPoint","urlTemplate":"https:\/\/rolandogarciamd.com\/es\/?s={search_term_string}"},"query-input":{"@type":"PropertyValueSpecification","valueRequired":true,"valueName":"search_term_string"}}],"inLanguage":"es-MX"}]}},"uagb_featured_image_src":{"full":false,"thumbnail":false,"medium":false,"medium_large":false,"large":false,"1536x1536":false,"2048x2048":false,"gform-image-choice-sm":false,"gform-image-choice-md":false,"gform-image-choice-lg":false},"uagb_author_info":{"display_name":"","author_link":"https:\/\/rolandogarciamd.com\/es\/author\/"},"uagb_comment_info":0,"uagb_excerpt":"El dolor facetario por hipertrofia y cambios artr\u00edticos es una afecci\u00f3n de la columna vertebral que se produce cuando las articulaciones facetarias de la columna vertebral se agrandan o se vuelven artr\u00edticas, lo que provoca dolor y movilidad reducida. Las articulaciones facetarias est\u00e1n situadas a ambos lados de las v\u00e9rtebras y son responsables de estabilizar...&hellip;","_links":{"self":[{"href":"https:\/\/rolandogarciamd.com\/es\/wp-json\/wp\/v2\/pages\/664","targetHints":{"allow":["GET"]}}],"collection":[{"href":"https:\/\/rolandogarciamd.com\/es\/wp-json\/wp\/v2\/pages"}],"about":[{"href":"https:\/\/rolandogarciamd.com\/es\/wp-json\/wp\/v2\/types\/page"}],"author":[{"embeddable":true,"href":"https:\/\/rolandogarciamd.com\/es\/wp-json\/wp\/v2\/users\/1"}],"replies":[{"embeddable":true,"href":"https:\/\/rolandogarciamd.com\/es\/wp-json\/wp\/v2\/comments?post=664"}],"version-history":[{"count":0,"href":"https:\/\/rolandogarciamd.com\/es\/wp-json\/wp\/v2\/pages\/664\/revisions"}],"up":[{"embeddable":true,"href":"https:\/\/rolandogarciamd.com\/es\/wp-json\/wp\/v2\/pages\/744"}],"wp:attachment":[{"href":"https:\/\/rolandogarciamd.com\/es\/wp-json\/wp\/v2\/media?parent=664"}],"curies":[{"name":"wp","href":"https:\/\/api.w.org\/{rel}","templated":true}]}}