{"id":662,"date":"2023-05-22T11:54:21","date_gmt":"2023-05-22T16:54:21","guid":{"rendered":"https:\/\/rolandogarciamd.com\/es\/?page_id=662"},"modified":"2023-09-06T12:57:44","modified_gmt":"2023-09-06T17:57:44","slug":"estenosis-espinal","status":"publish","type":"page","link":"https:\/\/rolandogarciamd.com\/es\/condiciones-espina-dorsal\/estenosis-espinal\/","title":{"rendered":"Estenosis Espinal"},"content":{"rendered":"\n<h2 class=\"wp-block-heading\">Estenosis Espinal Cervical, Tor\u00e1cica y Lumbar<\/h2>\n\n\n\n<p>La estenosis espinal cervical, tor\u00e1cica y lumbar son afecciones de la columna vertebral que se producen cuando los espacios dentro de la columna se estrechan, lo que provoca la compresi\u00f3n de la m\u00e9dula espinal y los nervios. Esto puede provocar diversos s\u00edntomas, como dolor, entumecimiento, hormigueo o debilidad en las zonas afectadas.<\/p>\n\n\n\n<p>La estenosis espinal cervical afecta a la zona del cuello y puede causar dolor, debilidad o entumecimiento en brazos, manos y piernas. La estenosis espinal tor\u00e1cica afecta a la parte media de la espalda y puede causar dolor, entumecimiento o debilidad en el pecho, las costillas o el abdomen. La estenosis espinal lumbar afecta a la parte baja de la espalda y puede causar dolor, entumecimiento o debilidad en las piernas o las nalgas.<\/p>\n\n\n\n<blockquote class=\"wp-block-quote is-layout-flow wp-block-quote-is-layout-flow\">\n<p><em>La estenosis espinal puede ser causada por una variedad de factores, incluyendo cambios relacionados con la edad en la columna vertebral, lesiones espinales, hernias discales o tumores&#8221;<\/em>,<\/p>\n<cite><a href=\"\/es\/dr-rolando-garcia\/\">Rolando Garc\u00eda, Cirujano Ortop\u00e9dico.<\/a><\/cite><\/blockquote>\n\n\n\n<p>El tratamiento de la estenosis espinal suele consistir en una combinaci\u00f3n de medidas conservadoras, como fisioterapia, control del dolor y cambios en el estilo de vida (como ejercicio y p\u00e9rdida de peso). En algunos casos, puede ser necesaria la cirug\u00eda para corregir la afecci\u00f3n subyacente que causa la estenosis espinal o para aliviar la presi\u00f3n sobre la m\u00e9dula espinal o los nervios.<\/p>\n\n\n\n<div class=\"panel box-module-cta\">\r\n<span class=\"icon-title\"><i class=\"fa fa-lightbulb-o\" aria-hidden=\"true\"><\/i><\/span>\r\n<h5 class=\"h1\">\u00bfNecesita un Diagn\u00f3stico o una Segunda Opini\u00f3n?<\/h5>\r\n<p class=\"subtitle\">\u00a1Sabemos que podemos ayudarle con su condici\u00f3n de columna!<\/p>\r\n<p>\r\nDos ubicaciones en North Miami Beach y Hallandale Beach, FL.<\/p>\r\n<a href=\"\/es\/localizacion\/\"><button class=\"btn btn-default\" type=\"button\">CONT\u00c1CTENOS<\/button><\/a>\r\n<\/div>\n\n\n\n<h3 class=\"wp-block-heading\">Entre los ejemplos de casos en los que puede ser necesaria una intervenci\u00f3n quir\u00fargica para tratar la estenosis espinal se incluyen:<\/h3>\n\n\n\n<ol class=\"wp-block-list\">\n<li><strong>Laminectom\u00eda:<\/strong> La laminectom\u00eda consiste en la extirpaci\u00f3n de la parte de la v\u00e9rtebra que causa la compresi\u00f3n de la m\u00e9dula espinal o los nervios. Esto puede ayudar a aliviar el dolor y restaurar la movilidad en la zona afectada.<\/li>\n\n\n\n<li><strong>Foraminotom\u00eda:<\/strong> La foraminotom\u00eda consiste en la extirpaci\u00f3n del hueso o tejido que comprime los nervios espinales a su salida de la m\u00e9dula espinal. Esto puede ayudar a aliviar el dolor, el entumecimiento o la debilidad en la zona afectada.<\/li>\n\n\n\n<li><strong>Fusi\u00f3n espinal:<\/strong> En algunos casos, la fusi\u00f3n espinal puede ser necesaria para estabilizar la columna vertebral y evitar da\u00f1os mayores en la m\u00e9dula espinal o los nervios.<\/li>\n<\/ol>\n\n\n\n<p>Es importante trabajar con un profesional m\u00e9dico para desarrollar un plan de tratamiento integral basado en las necesidades y s\u00edntomas individuales. Con la gesti\u00f3n y el tratamiento adecuados, la mayor\u00eda de las personas con estenosis espinal pueden lograr un alivio significativo del dolor y mejorar su calidad de vida. <\/p>\n\n\n\n<p>Por favor, consulte nuestras <a href=\"\/es\/localizacion\/\">dos sedes<\/a>. Para todas las preguntas sobre horarios o para solicitar citas, llame al <strong><a href=\"tel:3059371999\">(305) 937-1999<\/a><\/strong><\/p>\n","protected":false},"excerpt":{"rendered":"<p>Estenosis Espinal Cervical, Tor\u00e1cica y Lumbar La estenosis espinal cervical, tor\u00e1cica y lumbar son afecciones de la columna vertebral que se producen cuando los espacios dentro de la columna se estrechan, lo que provoca la compresi\u00f3n de la m\u00e9dula espinal y los nervios. Esto puede provocar diversos s\u00edntomas, como dolor, entumecimiento, hormigueo o debilidad en&#8230; <a class=\"more-link\" href=\"https:\/\/rolandogarciamd.com\/es\/condiciones-espina-dorsal\/estenosis-espinal\/\">[Read More]<\/a><\/p>\n","protected":false},"author":1,"featured_media":0,"parent":744,"menu_order":0,"comment_status":"closed","ping_status":"closed","template":"","meta":{"_acf_changed":false,"_uag_custom_page_level_css":"","_monsterinsights_skip_tracking":false,"_monsterinsights_sitenote_active":false,"_monsterinsights_sitenote_note":"","_monsterinsights_sitenote_category":0,"_genesis_hide_title":false,"_genesis_hide_breadcrumbs":false,"_genesis_hide_singular_image":false,"_genesis_hide_footer_widgets":false,"_genesis_custom_body_class":"","_genesis_custom_post_class":"","_genesis_layout":"","footnotes":""},"class_list":{"0":"post-662","1":"page","2":"type-page","3":"status-publish","5":"entry","6":"has-post-thumbnail"},"acf":[],"yoast_head":"<!-- This site is optimized with the Yoast SEO plugin v26.1.1 - https:\/\/yoast.com\/wordpress\/plugins\/seo\/ -->\n<title>Estenosis Espinal - Dr. Rolando Garcia Jr. En Espa\u00f1ol<\/title>\n<meta name=\"description\" content=\"Estenosis Espinal Cervical, Tor\u00e1cica y Lumbar La estenosis espinal cervical, tor\u00e1cica y lumbar son afecciones de la columna vertebral que se producen\" \/>\n<meta name=\"robots\" content=\"index, follow, max-snippet:-1, max-image-preview:large, max-video-preview:-1\" \/>\n<link rel=\"canonical\" href=\"https:\/\/rolandogarciamd.com\/es\/condiciones-espina-dorsal\/estenosis-espinal\/\" \/>\n<meta property=\"og:locale\" content=\"es_MX\" \/>\n<meta property=\"og:type\" content=\"article\" \/>\n<meta property=\"og:title\" content=\"Estenosis Espinal - Dr. Rolando Garcia Jr. En Espa\u00f1ol\" \/>\n<meta property=\"og:description\" content=\"Estenosis Espinal Cervical, Tor\u00e1cica y Lumbar La estenosis espinal cervical, tor\u00e1cica y lumbar son afecciones de la columna vertebral que se producen\" \/>\n<meta property=\"og:url\" content=\"https:\/\/rolandogarciamd.com\/es\/condiciones-espina-dorsal\/estenosis-espinal\/\" \/>\n<meta property=\"og:site_name\" content=\"Dr. Rolando Garcia Jr. En Espa\u00f1ol\" \/>\n<meta property=\"article:modified_time\" content=\"2023-09-06T17:57:44+00:00\" \/>\n<meta name=\"twitter:card\" content=\"summary_large_image\" \/>\n<meta name=\"twitter:label1\" content=\"Tiempo de lectura\" \/>\n\t<meta name=\"twitter:data1\" content=\"2 minutos\" \/>\n<script type=\"application\/ld+json\" class=\"yoast-schema-graph\">{\"@context\":\"https:\/\/schema.org\",\"@graph\":[{\"@type\":\"WebPage\",\"@id\":\"https:\/\/rolandogarciamd.com\/es\/condiciones-espina-dorsal\/estenosis-espinal\/\",\"url\":\"https:\/\/rolandogarciamd.com\/es\/condiciones-espina-dorsal\/estenosis-espinal\/\",\"name\":\"Estenosis Espinal - Dr. Rolando Garcia Jr. En Espa\u00f1ol\",\"isPartOf\":{\"@id\":\"https:\/\/rolandogarciamd.com\/es\/#website\"},\"datePublished\":\"2023-05-22T16:54:21+00:00\",\"dateModified\":\"2023-09-06T17:57:44+00:00\",\"description\":\"Estenosis Espinal Cervical, Tor\u00e1cica y Lumbar La estenosis espinal cervical, tor\u00e1cica y lumbar son afecciones de la columna vertebral que se producen\",\"breadcrumb\":{\"@id\":\"https:\/\/rolandogarciamd.com\/es\/condiciones-espina-dorsal\/estenosis-espinal\/#breadcrumb\"},\"inLanguage\":\"es-MX\",\"potentialAction\":[{\"@type\":\"ReadAction\",\"target\":[\"https:\/\/rolandogarciamd.com\/es\/condiciones-espina-dorsal\/estenosis-espinal\/\"]}]},{\"@type\":\"BreadcrumbList\",\"@id\":\"https:\/\/rolandogarciamd.com\/es\/condiciones-espina-dorsal\/estenosis-espinal\/#breadcrumb\",\"itemListElement\":[{\"@type\":\"ListItem\",\"position\":1,\"name\":\"Home\",\"item\":\"https:\/\/rolandogarciamd.com\/es\/\"},{\"@type\":\"ListItem\",\"position\":2,\"name\":\"Afecciones De La Columna Vertebral\",\"item\":\"https:\/\/rolandogarciamd.com\/es\/condiciones-espina-dorsal\/\"},{\"@type\":\"ListItem\",\"position\":3,\"name\":\"Estenosis Espinal\"}]},{\"@type\":\"WebSite\",\"@id\":\"https:\/\/rolandogarciamd.com\/es\/#website\",\"url\":\"https:\/\/rolandogarciamd.com\/es\/\",\"name\":\"Dr. Rolando Garcia Jr. En Espa\u00f1ol\",\"description\":\"Experiencia en Cirug\u00eda de Reemplazo Discal\",\"potentialAction\":[{\"@type\":\"SearchAction\",\"target\":{\"@type\":\"EntryPoint\",\"urlTemplate\":\"https:\/\/rolandogarciamd.com\/es\/?s={search_term_string}\"},\"query-input\":{\"@type\":\"PropertyValueSpecification\",\"valueRequired\":true,\"valueName\":\"search_term_string\"}}],\"inLanguage\":\"es-MX\"}]}<\/script>\n<!-- \/ Yoast SEO plugin. -->","yoast_head_json":{"title":"Estenosis Espinal - Dr. Rolando Garcia Jr. En Espa\u00f1ol","description":"Estenosis Espinal Cervical, Tor\u00e1cica y Lumbar La estenosis espinal cervical, tor\u00e1cica y lumbar son afecciones de la columna vertebral que se producen","robots":{"index":"index","follow":"follow","max-snippet":"max-snippet:-1","max-image-preview":"max-image-preview:large","max-video-preview":"max-video-preview:-1"},"canonical":"https:\/\/rolandogarciamd.com\/es\/condiciones-espina-dorsal\/estenosis-espinal\/","og_locale":"es_MX","og_type":"article","og_title":"Estenosis Espinal - Dr. Rolando Garcia Jr. En Espa\u00f1ol","og_description":"Estenosis Espinal Cervical, Tor\u00e1cica y Lumbar La estenosis espinal cervical, tor\u00e1cica y lumbar son afecciones de la columna vertebral que se producen","og_url":"https:\/\/rolandogarciamd.com\/es\/condiciones-espina-dorsal\/estenosis-espinal\/","og_site_name":"Dr. Rolando Garcia Jr. En Espa\u00f1ol","article_modified_time":"2023-09-06T17:57:44+00:00","twitter_card":"summary_large_image","twitter_misc":{"Tiempo de lectura":"2 minutos"},"schema":{"@context":"https:\/\/schema.org","@graph":[{"@type":"WebPage","@id":"https:\/\/rolandogarciamd.com\/es\/condiciones-espina-dorsal\/estenosis-espinal\/","url":"https:\/\/rolandogarciamd.com\/es\/condiciones-espina-dorsal\/estenosis-espinal\/","name":"Estenosis Espinal - Dr. Rolando Garcia Jr. En Espa\u00f1ol","isPartOf":{"@id":"https:\/\/rolandogarciamd.com\/es\/#website"},"datePublished":"2023-05-22T16:54:21+00:00","dateModified":"2023-09-06T17:57:44+00:00","description":"Estenosis Espinal Cervical, Tor\u00e1cica y Lumbar La estenosis espinal cervical, tor\u00e1cica y lumbar son afecciones de la columna vertebral que se producen","breadcrumb":{"@id":"https:\/\/rolandogarciamd.com\/es\/condiciones-espina-dorsal\/estenosis-espinal\/#breadcrumb"},"inLanguage":"es-MX","potentialAction":[{"@type":"ReadAction","target":["https:\/\/rolandogarciamd.com\/es\/condiciones-espina-dorsal\/estenosis-espinal\/"]}]},{"@type":"BreadcrumbList","@id":"https:\/\/rolandogarciamd.com\/es\/condiciones-espina-dorsal\/estenosis-espinal\/#breadcrumb","itemListElement":[{"@type":"ListItem","position":1,"name":"Home","item":"https:\/\/rolandogarciamd.com\/es\/"},{"@type":"ListItem","position":2,"name":"Afecciones De La Columna Vertebral","item":"https:\/\/rolandogarciamd.com\/es\/condiciones-espina-dorsal\/"},{"@type":"ListItem","position":3,"name":"Estenosis Espinal"}]},{"@type":"WebSite","@id":"https:\/\/rolandogarciamd.com\/es\/#website","url":"https:\/\/rolandogarciamd.com\/es\/","name":"Dr. Rolando Garcia Jr. En Espa\u00f1ol","description":"Experiencia en Cirug\u00eda de Reemplazo Discal","potentialAction":[{"@type":"SearchAction","target":{"@type":"EntryPoint","urlTemplate":"https:\/\/rolandogarciamd.com\/es\/?s={search_term_string}"},"query-input":{"@type":"PropertyValueSpecification","valueRequired":true,"valueName":"search_term_string"}}],"inLanguage":"es-MX"}]}},"uagb_featured_image_src":{"full":false,"thumbnail":false,"medium":false,"medium_large":false,"large":false,"1536x1536":false,"2048x2048":false,"gform-image-choice-sm":false,"gform-image-choice-md":false,"gform-image-choice-lg":false},"uagb_author_info":{"display_name":"","author_link":"https:\/\/rolandogarciamd.com\/es\/author\/"},"uagb_comment_info":0,"uagb_excerpt":"Estenosis Espinal Cervical, Tor\u00e1cica y Lumbar La estenosis espinal cervical, tor\u00e1cica y lumbar son afecciones de la columna vertebral que se producen cuando los espacios dentro de la columna se estrechan, lo que provoca la compresi\u00f3n de la m\u00e9dula espinal y los nervios. Esto puede provocar diversos s\u00edntomas, como dolor, entumecimiento, hormigueo o debilidad en...&hellip;","_links":{"self":[{"href":"https:\/\/rolandogarciamd.com\/es\/wp-json\/wp\/v2\/pages\/662","targetHints":{"allow":["GET"]}}],"collection":[{"href":"https:\/\/rolandogarciamd.com\/es\/wp-json\/wp\/v2\/pages"}],"about":[{"href":"https:\/\/rolandogarciamd.com\/es\/wp-json\/wp\/v2\/types\/page"}],"author":[{"embeddable":true,"href":"https:\/\/rolandogarciamd.com\/es\/wp-json\/wp\/v2\/users\/1"}],"replies":[{"embeddable":true,"href":"https:\/\/rolandogarciamd.com\/es\/wp-json\/wp\/v2\/comments?post=662"}],"version-history":[{"count":0,"href":"https:\/\/rolandogarciamd.com\/es\/wp-json\/wp\/v2\/pages\/662\/revisions"}],"up":[{"embeddable":true,"href":"https:\/\/rolandogarciamd.com\/es\/wp-json\/wp\/v2\/pages\/744"}],"wp:attachment":[{"href":"https:\/\/rolandogarciamd.com\/es\/wp-json\/wp\/v2\/media?parent=662"}],"curies":[{"name":"wp","href":"https:\/\/api.w.org\/{rel}","templated":true}]}}