{"id":300,"date":"2016-03-18T19:36:21","date_gmt":"2016-03-18T19:36:21","guid":{"rendered":"http:\/\/drrolandogarcia.com\/?page_id=300"},"modified":"2023-08-28T11:37:41","modified_gmt":"2023-08-28T16:37:41","slug":"vertebroplastia-cifoplastia","status":"publish","type":"page","link":"https:\/\/rolandogarciamd.com\/es\/vertebroplastia-cifoplastia\/","title":{"rendered":"Vertebroplast\u00eda \/ Cifoplast\u00eda"},"content":{"rendered":"\n<p>Este procedimiento se realiza cuando una persona ha sufrido una fractura aguda de una v\u00e9rtebra tor\u00e1cica o lumbar (fractura de espalda). Las fracturas de la columna vertebral pueden deberse a muchas causas, como una ca\u00edda desde una altura, una colisi\u00f3n a gran velocidad, un resbal\u00f3n y una ca\u00edda, o incluso pueden producirse sin ninguna lesi\u00f3n importante debido a la osteoporosis (fracturas por fragilidad). Los cuerpos vertebrales o huesos de la espalda tienen forma de rect\u00e1ngulo. Cuando los huesos se fracturan tienden a colapsarse en la parte delantera, lo que hace que el hueso parezca un trapecio o una cu\u00f1a. En ocasiones, esto puede hacer que el hueso se introduzca en el canal espinal y presione la m\u00e9dula espinal o los nervios. Es necesario realizar una resonancia magn\u00e9tica para determinar la antig\u00fcedad de la fractura y si existe retropulsi\u00f3n \u00f3sea (empuje del hueso hacia el canal). Si hay retropulsi\u00f3n \u00f3sea, el procedimiento de encolado o la cifoplastia no est\u00e1n indicados y el tratamiento de elecci\u00f3n es la ortesis. Si no hay retropulsi\u00f3n y la fractura es aguda, se le ofrecer\u00e1n opciones de tratamiento que incluyen la intervenci\u00f3n quir\u00fargica aqu\u00ed descrita o el tratamiento conservador con cors\u00e9 y tratamiento del dolor. El procedimiento de cifoplastia suele realizarse bajo sedaci\u00f3n (no con anestesia general). Se introduce un tr\u00f3car a trav\u00e9s de la piel en el hueso fracturado, donde se perfora una peque\u00f1a zona para colocar el bal\u00f3n. A continuaci\u00f3n, se infla un peque\u00f1o globo para dejar espacio para el cemento o pegamento. El cemento se coloca lentamente rellenando la zona y estabilizando la fractura con la esperanza de aliviar el dolor intenso.<\/p>\n\n\n\n<figure class=\"wp-block-gallery has-nested-images columns-2 is-cropped wp-block-gallery-1 is-layout-flex wp-block-gallery-is-layout-flex\">\n<figure class=\"wp-block-image size-large\"><img loading=\"lazy\" decoding=\"async\" width=\"500\" height=\"281\" data-id=\"404\" src=\"https:\/\/rolandogarciamd.com\/wp-content\/uploads\/kyphoplasty_img4.jpg\" alt=\"\" class=\"wp-image-404\"\/><\/figure>\n\n\n\n<figure class=\"wp-block-image size-large\"><img loading=\"lazy\" decoding=\"async\" width=\"500\" height=\"281\" data-id=\"403\" src=\"https:\/\/rolandogarciamd.com\/wp-content\/uploads\/kyphoplasty_img3.jpg\" alt=\"\" class=\"wp-image-403\"\/><\/figure>\n\n\n\n<figure class=\"wp-block-image size-large\"><img loading=\"lazy\" decoding=\"async\" width=\"500\" height=\"281\" data-id=\"402\" src=\"https:\/\/rolandogarciamd.com\/wp-content\/uploads\/kyphoplasty_img2.jpg\" alt=\"\" class=\"wp-image-402\"\/><\/figure>\n\n\n\n<figure class=\"wp-block-image size-large\"><img loading=\"lazy\" decoding=\"async\" width=\"500\" height=\"281\" data-id=\"401\" src=\"https:\/\/rolandogarciamd.com\/wp-content\/uploads\/kyphoplasty_img1.jpg\" alt=\"\" class=\"wp-image-401\"\/><\/figure>\n<\/figure>\n","protected":false},"excerpt":{"rendered":"<p>Este procedimiento se realiza cuando una persona ha sufrido una fractura aguda de una v\u00e9rtebra tor\u00e1cica o lumbar (fractura de espalda). Las fracturas de la columna vertebral pueden deberse a muchas causas, como una ca\u00edda desde una altura, una colisi\u00f3n a gran velocidad, un resbal\u00f3n y una ca\u00edda, o incluso pueden producirse sin ninguna lesi\u00f3n&#8230; <a class=\"more-link\" href=\"https:\/\/rolandogarciamd.com\/es\/vertebroplastia-cifoplastia\/\">[Read More]<\/a><\/p>\n","protected":false},"author":1,"featured_media":0,"parent":0,"menu_order":0,"comment_status":"closed","ping_status":"closed","template":"","meta":{"_acf_changed":false,"_uag_custom_page_level_css":"","_monsterinsights_skip_tracking":false,"_monsterinsights_sitenote_active":false,"_monsterinsights_sitenote_note":"","_monsterinsights_sitenote_category":0,"_genesis_hide_title":false,"_genesis_hide_breadcrumbs":false,"_genesis_hide_singular_image":false,"_genesis_hide_footer_widgets":false,"_genesis_custom_body_class":"","_genesis_custom_post_class":"","_genesis_layout":"","footnotes":""},"class_list":{"0":"post-300","1":"page","2":"type-page","3":"status-publish","5":"entry","6":"has-post-thumbnail"},"acf":[],"yoast_head":"<!-- This site is optimized with the Yoast SEO plugin v26.1.1 - https:\/\/yoast.com\/wordpress\/plugins\/seo\/ -->\n<title>Vertebroplast\u00eda \/ Cifoplast\u00eda - Dr. Rolando Garcia Jr. En Espa\u00f1ol<\/title>\n<meta name=\"description\" content=\"Este procedimiento se realiza cuando una persona ha sufrido una fractura aguda de una v\u00e9rtebra tor\u00e1cica o lumbar (fractura de espalda). Las fracturas de\" \/>\n<meta name=\"robots\" content=\"index, follow, max-snippet:-1, max-image-preview:large, max-video-preview:-1\" \/>\n<link rel=\"canonical\" href=\"https:\/\/rolandogarciamd.com\/es\/vertebroplastia-cifoplastia\/\" \/>\n<meta property=\"og:locale\" content=\"es_MX\" \/>\n<meta property=\"og:type\" content=\"article\" \/>\n<meta property=\"og:title\" content=\"Vertebroplast\u00eda \/ Cifoplast\u00eda - Dr. Rolando Garcia Jr. En Espa\u00f1ol\" \/>\n<meta property=\"og:description\" content=\"Este procedimiento se realiza cuando una persona ha sufrido una fractura aguda de una v\u00e9rtebra tor\u00e1cica o lumbar (fractura de espalda). Las fracturas de\" \/>\n<meta property=\"og:url\" content=\"https:\/\/rolandogarciamd.com\/es\/vertebroplastia-cifoplastia\/\" \/>\n<meta property=\"og:site_name\" content=\"Dr. Rolando Garcia Jr. En Espa\u00f1ol\" \/>\n<meta property=\"article:modified_time\" content=\"2023-08-28T16:37:41+00:00\" \/>\n<meta property=\"og:image\" content=\"https:\/\/rolandogarciamd.com\/wp-content\/uploads\/kyphoplasty_img4.jpg\" \/>\n<meta name=\"twitter:card\" content=\"summary_large_image\" \/>\n<meta name=\"twitter:label1\" content=\"Tiempo de lectura\" \/>\n\t<meta name=\"twitter:data1\" content=\"3 minutos\" \/>\n<script type=\"application\/ld+json\" class=\"yoast-schema-graph\">{\"@context\":\"https:\/\/schema.org\",\"@graph\":[{\"@type\":\"WebPage\",\"@id\":\"https:\/\/rolandogarciamd.com\/es\/vertebroplastia-cifoplastia\/\",\"url\":\"https:\/\/rolandogarciamd.com\/es\/vertebroplastia-cifoplastia\/\",\"name\":\"Vertebroplast\u00eda \/ Cifoplast\u00eda - Dr. Rolando Garcia Jr. En Espa\u00f1ol\",\"isPartOf\":{\"@id\":\"https:\/\/rolandogarciamd.com\/es\/#website\"},\"primaryImageOfPage\":{\"@id\":\"https:\/\/rolandogarciamd.com\/es\/vertebroplastia-cifoplastia\/#primaryimage\"},\"image\":{\"@id\":\"https:\/\/rolandogarciamd.com\/es\/vertebroplastia-cifoplastia\/#primaryimage\"},\"thumbnailUrl\":\"https:\/\/rolandogarciamd.com\/wp-content\/uploads\/kyphoplasty_img4.jpg\",\"datePublished\":\"2016-03-18T19:36:21+00:00\",\"dateModified\":\"2023-08-28T16:37:41+00:00\",\"description\":\"Este procedimiento se realiza cuando una persona ha sufrido una fractura aguda de una v\u00e9rtebra tor\u00e1cica o lumbar (fractura de espalda). Las fracturas de\",\"breadcrumb\":{\"@id\":\"https:\/\/rolandogarciamd.com\/es\/vertebroplastia-cifoplastia\/#breadcrumb\"},\"inLanguage\":\"es-MX\",\"potentialAction\":[{\"@type\":\"ReadAction\",\"target\":[\"https:\/\/rolandogarciamd.com\/es\/vertebroplastia-cifoplastia\/\"]}]},{\"@type\":\"ImageObject\",\"inLanguage\":\"es-MX\",\"@id\":\"https:\/\/rolandogarciamd.com\/es\/vertebroplastia-cifoplastia\/#primaryimage\",\"url\":\"https:\/\/rolandogarciamd.com\/wp-content\/uploads\/kyphoplasty_img4.jpg\",\"contentUrl\":\"https:\/\/rolandogarciamd.com\/wp-content\/uploads\/kyphoplasty_img4.jpg\"},{\"@type\":\"BreadcrumbList\",\"@id\":\"https:\/\/rolandogarciamd.com\/es\/vertebroplastia-cifoplastia\/#breadcrumb\",\"itemListElement\":[{\"@type\":\"ListItem\",\"position\":1,\"name\":\"Home\",\"item\":\"https:\/\/rolandogarciamd.com\/es\/\"},{\"@type\":\"ListItem\",\"position\":2,\"name\":\"Vertebroplast\u00eda \/ Cifoplast\u00eda\"}]},{\"@type\":\"WebSite\",\"@id\":\"https:\/\/rolandogarciamd.com\/es\/#website\",\"url\":\"https:\/\/rolandogarciamd.com\/es\/\",\"name\":\"Dr. Rolando Garcia Jr. En Espa\u00f1ol\",\"description\":\"Experiencia en Cirug\u00eda de Reemplazo Discal\",\"potentialAction\":[{\"@type\":\"SearchAction\",\"target\":{\"@type\":\"EntryPoint\",\"urlTemplate\":\"https:\/\/rolandogarciamd.com\/es\/?s={search_term_string}\"},\"query-input\":{\"@type\":\"PropertyValueSpecification\",\"valueRequired\":true,\"valueName\":\"search_term_string\"}}],\"inLanguage\":\"es-MX\"}]}<\/script>\n<!-- \/ Yoast SEO plugin. -->","yoast_head_json":{"title":"Vertebroplast\u00eda \/ Cifoplast\u00eda - Dr. Rolando Garcia Jr. En Espa\u00f1ol","description":"Este procedimiento se realiza cuando una persona ha sufrido una fractura aguda de una v\u00e9rtebra tor\u00e1cica o lumbar (fractura de espalda). Las fracturas de","robots":{"index":"index","follow":"follow","max-snippet":"max-snippet:-1","max-image-preview":"max-image-preview:large","max-video-preview":"max-video-preview:-1"},"canonical":"https:\/\/rolandogarciamd.com\/es\/vertebroplastia-cifoplastia\/","og_locale":"es_MX","og_type":"article","og_title":"Vertebroplast\u00eda \/ Cifoplast\u00eda - Dr. Rolando Garcia Jr. En Espa\u00f1ol","og_description":"Este procedimiento se realiza cuando una persona ha sufrido una fractura aguda de una v\u00e9rtebra tor\u00e1cica o lumbar (fractura de espalda). Las fracturas de","og_url":"https:\/\/rolandogarciamd.com\/es\/vertebroplastia-cifoplastia\/","og_site_name":"Dr. Rolando Garcia Jr. En Espa\u00f1ol","article_modified_time":"2023-08-28T16:37:41+00:00","og_image":[{"url":"https:\/\/rolandogarciamd.com\/wp-content\/uploads\/kyphoplasty_img4.jpg","type":"","width":"","height":""}],"twitter_card":"summary_large_image","twitter_misc":{"Tiempo de lectura":"3 minutos"},"schema":{"@context":"https:\/\/schema.org","@graph":[{"@type":"WebPage","@id":"https:\/\/rolandogarciamd.com\/es\/vertebroplastia-cifoplastia\/","url":"https:\/\/rolandogarciamd.com\/es\/vertebroplastia-cifoplastia\/","name":"Vertebroplast\u00eda \/ Cifoplast\u00eda - Dr. Rolando Garcia Jr. En Espa\u00f1ol","isPartOf":{"@id":"https:\/\/rolandogarciamd.com\/es\/#website"},"primaryImageOfPage":{"@id":"https:\/\/rolandogarciamd.com\/es\/vertebroplastia-cifoplastia\/#primaryimage"},"image":{"@id":"https:\/\/rolandogarciamd.com\/es\/vertebroplastia-cifoplastia\/#primaryimage"},"thumbnailUrl":"https:\/\/rolandogarciamd.com\/wp-content\/uploads\/kyphoplasty_img4.jpg","datePublished":"2016-03-18T19:36:21+00:00","dateModified":"2023-08-28T16:37:41+00:00","description":"Este procedimiento se realiza cuando una persona ha sufrido una fractura aguda de una v\u00e9rtebra tor\u00e1cica o lumbar (fractura de espalda). Las fracturas de","breadcrumb":{"@id":"https:\/\/rolandogarciamd.com\/es\/vertebroplastia-cifoplastia\/#breadcrumb"},"inLanguage":"es-MX","potentialAction":[{"@type":"ReadAction","target":["https:\/\/rolandogarciamd.com\/es\/vertebroplastia-cifoplastia\/"]}]},{"@type":"ImageObject","inLanguage":"es-MX","@id":"https:\/\/rolandogarciamd.com\/es\/vertebroplastia-cifoplastia\/#primaryimage","url":"https:\/\/rolandogarciamd.com\/wp-content\/uploads\/kyphoplasty_img4.jpg","contentUrl":"https:\/\/rolandogarciamd.com\/wp-content\/uploads\/kyphoplasty_img4.jpg"},{"@type":"BreadcrumbList","@id":"https:\/\/rolandogarciamd.com\/es\/vertebroplastia-cifoplastia\/#breadcrumb","itemListElement":[{"@type":"ListItem","position":1,"name":"Home","item":"https:\/\/rolandogarciamd.com\/es\/"},{"@type":"ListItem","position":2,"name":"Vertebroplast\u00eda \/ Cifoplast\u00eda"}]},{"@type":"WebSite","@id":"https:\/\/rolandogarciamd.com\/es\/#website","url":"https:\/\/rolandogarciamd.com\/es\/","name":"Dr. Rolando Garcia Jr. En Espa\u00f1ol","description":"Experiencia en Cirug\u00eda de Reemplazo Discal","potentialAction":[{"@type":"SearchAction","target":{"@type":"EntryPoint","urlTemplate":"https:\/\/rolandogarciamd.com\/es\/?s={search_term_string}"},"query-input":{"@type":"PropertyValueSpecification","valueRequired":true,"valueName":"search_term_string"}}],"inLanguage":"es-MX"}]}},"uagb_featured_image_src":{"full":false,"thumbnail":false,"medium":false,"medium_large":false,"large":false,"1536x1536":false,"2048x2048":false,"gform-image-choice-sm":false,"gform-image-choice-md":false,"gform-image-choice-lg":false},"uagb_author_info":{"display_name":"","author_link":"https:\/\/rolandogarciamd.com\/es\/author\/"},"uagb_comment_info":0,"uagb_excerpt":"Este procedimiento se realiza cuando una persona ha sufrido una fractura aguda de una v\u00e9rtebra tor\u00e1cica o lumbar (fractura de espalda). Las fracturas de la columna vertebral pueden deberse a muchas causas, como una ca\u00edda desde una altura, una colisi\u00f3n a gran velocidad, un resbal\u00f3n y una ca\u00edda, o incluso pueden producirse sin ninguna lesi\u00f3n...&hellip;","_links":{"self":[{"href":"https:\/\/rolandogarciamd.com\/es\/wp-json\/wp\/v2\/pages\/300","targetHints":{"allow":["GET"]}}],"collection":[{"href":"https:\/\/rolandogarciamd.com\/es\/wp-json\/wp\/v2\/pages"}],"about":[{"href":"https:\/\/rolandogarciamd.com\/es\/wp-json\/wp\/v2\/types\/page"}],"author":[{"embeddable":true,"href":"https:\/\/rolandogarciamd.com\/es\/wp-json\/wp\/v2\/users\/1"}],"replies":[{"embeddable":true,"href":"https:\/\/rolandogarciamd.com\/es\/wp-json\/wp\/v2\/comments?post=300"}],"version-history":[{"count":0,"href":"https:\/\/rolandogarciamd.com\/es\/wp-json\/wp\/v2\/pages\/300\/revisions"}],"wp:attachment":[{"href":"https:\/\/rolandogarciamd.com\/es\/wp-json\/wp\/v2\/media?parent=300"}],"curies":[{"name":"wp","href":"https:\/\/api.w.org\/{rel}","templated":true}]}}