{"id":297,"date":"2016-03-18T19:35:43","date_gmt":"2016-03-18T19:35:43","guid":{"rendered":"http:\/\/drrolandogarcia.com\/?page_id=297"},"modified":"2023-08-28T11:11:23","modified_gmt":"2023-08-28T16:11:23","slug":"descompresion-cervical-posterior-y-fusion","status":"publish","type":"page","link":"https:\/\/rolandogarciamd.com\/es\/descompresion-cervical-posterior-y-fusion\/","title":{"rendered":"Descompresi\u00f3n Y Fusi\u00f3n Cervical Posterior\u00a0"},"content":{"rendered":"\n<p>Este procedimiento se realiza para aliviar la presi\u00f3n sobre la m\u00e9dula espinal que suele proceder de la estenosis espinal (presi\u00f3n sobre la m\u00e9dula espinal y\/o los nervios). En ocasiones puede combinarse con la descompresi\u00f3n y fusi\u00f3n cervical anterior si existe una estenosis grave tanto anterior (en la parte anterior de la m\u00e9dula espinal) como posterior (en la parte posterior de la m\u00e9dula espinal). Se realiza una incisi\u00f3n en la l\u00ednea media de la parte posterior del cuello y los m\u00fasculos se desplazan hacia un lado dejando al descubierto los huesos del cuello. A menudo se utilizan instrumentos cortantes para extraer las ap\u00f3fisis espinosas y partes de la l\u00e1mina con el fin de descomprimir la m\u00e9dula espinal y los nervios raqu\u00eddeos que irrigan los brazos. A continuaci\u00f3n, se introducen cuidadosamente tornillos en los cuerpos vertebrales bilateralmente (en ambos lados) y se conectan con una varilla para ayudar a estabilizar los huesos mientras cicatrizan. Se coloca injerto \u00f3seo sobre los niveles quir\u00fargicos para permitir la fusi\u00f3n de los huesos. A menudo se recomienda hospitalizaci\u00f3n durante 2-3 d\u00edas y el paciente debe llevar un collar\u00edn cervical durante 4-8 semanas, dependiendo de la calidad del hueso. Los pacientes deben evitar levantar objetos pesados y mover mucho el cuello durante 6-12 semanas mientras se fusionan los huesos.<\/p>\n\n\n\n<figure class=\"wp-block-gallery has-nested-images columns-2 is-cropped wp-block-gallery-1 is-layout-flex wp-block-gallery-is-layout-flex\">\n<figure class=\"wp-block-image size-large\"><img loading=\"lazy\" decoding=\"async\" width=\"500\" height=\"281\" data-id=\"420\" src=\"https:\/\/rolandogarciamd.com\/es\/wp-content\/uploads\/sites\/2\/2016\/04\/3be76cc0_small.jpg\" alt=\"\" class=\"wp-image-420\" srcset=\"https:\/\/rolandogarciamd.com\/es\/wp-content\/uploads\/sites\/2\/2016\/04\/3be76cc0_small.jpg 500w, https:\/\/rolandogarciamd.com\/es\/wp-content\/uploads\/sites\/2\/2016\/04\/3be76cc0_small-300x169.jpg 300w\" sizes=\"auto, (max-width: 500px) 100vw, 500px\" \/><\/figure>\n\n\n\n<figure class=\"wp-block-image size-large\"><img loading=\"lazy\" decoding=\"async\" width=\"500\" height=\"281\" data-id=\"419\" src=\"https:\/\/rolandogarciamd.com\/es\/wp-content\/uploads\/sites\/2\/2016\/04\/2fcc820f_small.jpg\" alt=\"\" class=\"wp-image-419\" srcset=\"https:\/\/rolandogarciamd.com\/es\/wp-content\/uploads\/sites\/2\/2016\/04\/2fcc820f_small.jpg 500w, https:\/\/rolandogarciamd.com\/es\/wp-content\/uploads\/sites\/2\/2016\/04\/2fcc820f_small-300x169.jpg 300w\" sizes=\"auto, (max-width: 500px) 100vw, 500px\" \/><\/figure>\n<\/figure>\n","protected":false},"excerpt":{"rendered":"<p>Este procedimiento se realiza para aliviar la presi\u00f3n sobre la m\u00e9dula espinal que suele proceder de la estenosis espinal (presi\u00f3n sobre la m\u00e9dula espinal y\/o los nervios). En ocasiones puede combinarse con la descompresi\u00f3n y fusi\u00f3n cervical anterior si existe&#8230;<\/p>\n","protected":false},"author":1,"featured_media":0,"parent":0,"menu_order":0,"comment_status":"closed","ping_status":"closed","template":"","meta":{"_acf_changed":false,"_uag_custom_page_level_css":"","_monsterinsights_skip_tracking":false,"_monsterinsights_sitenote_active":false,"_monsterinsights_sitenote_note":"","_monsterinsights_sitenote_category":0,"_genesis_hide_title":false,"_genesis_hide_breadcrumbs":false,"_genesis_hide_singular_image":false,"_genesis_hide_footer_widgets":false,"_genesis_custom_body_class":"","_genesis_custom_post_class":"","_genesis_layout":"","footnotes":""},"class_list":{"0":"post-297","1":"page","2":"type-page","3":"status-publish","5":"entry","6":"has-post-thumbnail"},"acf":[],"yoast_head":"<!-- This site is optimized with the Yoast SEO plugin v27.4 - https:\/\/yoast.com\/product\/yoast-seo-wordpress\/ -->\n<title>Descompresi\u00f3n Y Fusi\u00f3n Cervical Posterior\u00a0 - Dr. Rolando Garcia Jr. En Espa\u00f1ol<\/title>\n<meta name=\"description\" content=\"Este procedimiento se realiza para aliviar la presi\u00f3n sobre la m\u00e9dula espinal que suele proceder de la estenosis espinal (presi\u00f3n sobre la m\u00e9dula espinal\" \/>\n<meta name=\"robots\" content=\"index, follow, max-snippet:-1, max-image-preview:large, max-video-preview:-1\" \/>\n<link rel=\"canonical\" href=\"https:\/\/rolandogarciamd.com\/es\/descompresion-cervical-posterior-y-fusion\/\" \/>\n<meta property=\"og:locale\" content=\"es_MX\" \/>\n<meta property=\"og:type\" content=\"article\" \/>\n<meta property=\"og:title\" content=\"Descompresi\u00f3n Y Fusi\u00f3n Cervical Posterior\u00a0 - Dr. Rolando Garcia Jr. En Espa\u00f1ol\" \/>\n<meta property=\"og:description\" content=\"Este procedimiento se realiza para aliviar la presi\u00f3n sobre la m\u00e9dula espinal que suele proceder de la estenosis espinal (presi\u00f3n sobre la m\u00e9dula espinal\" \/>\n<meta property=\"og:url\" content=\"https:\/\/rolandogarciamd.com\/es\/descompresion-cervical-posterior-y-fusion\/\" \/>\n<meta property=\"og:site_name\" content=\"Dr. Rolando Garcia Jr. En Espa\u00f1ol\" \/>\n<meta property=\"article:modified_time\" content=\"2023-08-28T16:11:23+00:00\" \/>\n<meta property=\"og:image\" content=\"https:\/\/rolandogarciamd.com\/es\/wp-content\/uploads\/sites\/2\/2016\/04\/3be76cc0_small.jpg\" \/>\n<meta name=\"twitter:card\" content=\"summary_large_image\" \/>\n<meta name=\"twitter:label1\" content=\"Tiempo de lectura\" \/>\n\t<meta name=\"twitter:data1\" content=\"2 minutos\" \/>\n<script type=\"application\/ld+json\" class=\"yoast-schema-graph\">{\"@context\":\"https:\\\/\\\/schema.org\",\"@graph\":[{\"@type\":\"WebPage\",\"@id\":\"https:\\\/\\\/rolandogarciamd.com\\\/es\\\/descompresion-cervical-posterior-y-fusion\\\/\",\"url\":\"https:\\\/\\\/rolandogarciamd.com\\\/es\\\/descompresion-cervical-posterior-y-fusion\\\/\",\"name\":\"Descompresi\u00f3n Y Fusi\u00f3n Cervical Posterior\u00a0 - Dr. Rolando Garcia Jr. En Espa\u00f1ol\",\"isPartOf\":{\"@id\":\"https:\\\/\\\/rolandogarciamd.com\\\/es\\\/#website\"},\"primaryImageOfPage\":{\"@id\":\"https:\\\/\\\/rolandogarciamd.com\\\/es\\\/descompresion-cervical-posterior-y-fusion\\\/#primaryimage\"},\"image\":{\"@id\":\"https:\\\/\\\/rolandogarciamd.com\\\/es\\\/descompresion-cervical-posterior-y-fusion\\\/#primaryimage\"},\"thumbnailUrl\":\"https:\\\/\\\/rolandogarciamd.com\\\/es\\\/wp-content\\\/uploads\\\/sites\\\/2\\\/2016\\\/04\\\/3be76cc0_small.jpg\",\"datePublished\":\"2016-03-18T19:35:43+00:00\",\"dateModified\":\"2023-08-28T16:11:23+00:00\",\"description\":\"Este procedimiento se realiza para aliviar la presi\u00f3n sobre la m\u00e9dula espinal que suele proceder de la estenosis espinal (presi\u00f3n sobre la m\u00e9dula espinal\",\"breadcrumb\":{\"@id\":\"https:\\\/\\\/rolandogarciamd.com\\\/es\\\/descompresion-cervical-posterior-y-fusion\\\/#breadcrumb\"},\"inLanguage\":\"es-MX\",\"potentialAction\":[{\"@type\":\"ReadAction\",\"target\":[\"https:\\\/\\\/rolandogarciamd.com\\\/es\\\/descompresion-cervical-posterior-y-fusion\\\/\"]}]},{\"@type\":\"ImageObject\",\"inLanguage\":\"es-MX\",\"@id\":\"https:\\\/\\\/rolandogarciamd.com\\\/es\\\/descompresion-cervical-posterior-y-fusion\\\/#primaryimage\",\"url\":\"https:\\\/\\\/rolandogarciamd.com\\\/es\\\/wp-content\\\/uploads\\\/sites\\\/2\\\/2016\\\/04\\\/3be76cc0_small.jpg\",\"contentUrl\":\"https:\\\/\\\/rolandogarciamd.com\\\/es\\\/wp-content\\\/uploads\\\/sites\\\/2\\\/2016\\\/04\\\/3be76cc0_small.jpg\",\"width\":500,\"height\":281},{\"@type\":\"BreadcrumbList\",\"@id\":\"https:\\\/\\\/rolandogarciamd.com\\\/es\\\/descompresion-cervical-posterior-y-fusion\\\/#breadcrumb\",\"itemListElement\":[{\"@type\":\"ListItem\",\"position\":1,\"name\":\"Home\",\"item\":\"https:\\\/\\\/rolandogarciamd.com\\\/es\\\/\"},{\"@type\":\"ListItem\",\"position\":2,\"name\":\"Descompresi\u00f3n Y Fusi\u00f3n Cervical Posterior\u00a0\"}]},{\"@type\":\"WebSite\",\"@id\":\"https:\\\/\\\/rolandogarciamd.com\\\/es\\\/#website\",\"url\":\"https:\\\/\\\/rolandogarciamd.com\\\/es\\\/\",\"name\":\"Dr. Rolando Garcia Jr. En Espa\u00f1ol\",\"description\":\"Experiencia en Cirug\u00eda de Reemplazo Discal\",\"potentialAction\":[{\"@type\":\"SearchAction\",\"target\":{\"@type\":\"EntryPoint\",\"urlTemplate\":\"https:\\\/\\\/rolandogarciamd.com\\\/es\\\/?s={search_term_string}\"},\"query-input\":{\"@type\":\"PropertyValueSpecification\",\"valueRequired\":true,\"valueName\":\"search_term_string\"}}],\"inLanguage\":\"es-MX\"}]}<\/script>\n<!-- \/ Yoast SEO plugin. -->","yoast_head_json":{"title":"Descompresi\u00f3n Y Fusi\u00f3n Cervical Posterior\u00a0 - Dr. Rolando Garcia Jr. En Espa\u00f1ol","description":"Este procedimiento se realiza para aliviar la presi\u00f3n sobre la m\u00e9dula espinal que suele proceder de la estenosis espinal (presi\u00f3n sobre la m\u00e9dula espinal","robots":{"index":"index","follow":"follow","max-snippet":"max-snippet:-1","max-image-preview":"max-image-preview:large","max-video-preview":"max-video-preview:-1"},"canonical":"https:\/\/rolandogarciamd.com\/es\/descompresion-cervical-posterior-y-fusion\/","og_locale":"es_MX","og_type":"article","og_title":"Descompresi\u00f3n Y Fusi\u00f3n Cervical Posterior\u00a0 - Dr. Rolando Garcia Jr. En Espa\u00f1ol","og_description":"Este procedimiento se realiza para aliviar la presi\u00f3n sobre la m\u00e9dula espinal que suele proceder de la estenosis espinal (presi\u00f3n sobre la m\u00e9dula espinal","og_url":"https:\/\/rolandogarciamd.com\/es\/descompresion-cervical-posterior-y-fusion\/","og_site_name":"Dr. Rolando Garcia Jr. En Espa\u00f1ol","article_modified_time":"2023-08-28T16:11:23+00:00","og_image":[{"url":"https:\/\/rolandogarciamd.com\/es\/wp-content\/uploads\/sites\/2\/2016\/04\/3be76cc0_small.jpg","type":"","width":"","height":""}],"twitter_card":"summary_large_image","twitter_misc":{"Tiempo de lectura":"2 minutos"},"schema":{"@context":"https:\/\/schema.org","@graph":[{"@type":"WebPage","@id":"https:\/\/rolandogarciamd.com\/es\/descompresion-cervical-posterior-y-fusion\/","url":"https:\/\/rolandogarciamd.com\/es\/descompresion-cervical-posterior-y-fusion\/","name":"Descompresi\u00f3n Y Fusi\u00f3n Cervical Posterior\u00a0 - Dr. Rolando Garcia Jr. En Espa\u00f1ol","isPartOf":{"@id":"https:\/\/rolandogarciamd.com\/es\/#website"},"primaryImageOfPage":{"@id":"https:\/\/rolandogarciamd.com\/es\/descompresion-cervical-posterior-y-fusion\/#primaryimage"},"image":{"@id":"https:\/\/rolandogarciamd.com\/es\/descompresion-cervical-posterior-y-fusion\/#primaryimage"},"thumbnailUrl":"https:\/\/rolandogarciamd.com\/es\/wp-content\/uploads\/sites\/2\/2016\/04\/3be76cc0_small.jpg","datePublished":"2016-03-18T19:35:43+00:00","dateModified":"2023-08-28T16:11:23+00:00","description":"Este procedimiento se realiza para aliviar la presi\u00f3n sobre la m\u00e9dula espinal que suele proceder de la estenosis espinal (presi\u00f3n sobre la m\u00e9dula espinal","breadcrumb":{"@id":"https:\/\/rolandogarciamd.com\/es\/descompresion-cervical-posterior-y-fusion\/#breadcrumb"},"inLanguage":"es-MX","potentialAction":[{"@type":"ReadAction","target":["https:\/\/rolandogarciamd.com\/es\/descompresion-cervical-posterior-y-fusion\/"]}]},{"@type":"ImageObject","inLanguage":"es-MX","@id":"https:\/\/rolandogarciamd.com\/es\/descompresion-cervical-posterior-y-fusion\/#primaryimage","url":"https:\/\/rolandogarciamd.com\/es\/wp-content\/uploads\/sites\/2\/2016\/04\/3be76cc0_small.jpg","contentUrl":"https:\/\/rolandogarciamd.com\/es\/wp-content\/uploads\/sites\/2\/2016\/04\/3be76cc0_small.jpg","width":500,"height":281},{"@type":"BreadcrumbList","@id":"https:\/\/rolandogarciamd.com\/es\/descompresion-cervical-posterior-y-fusion\/#breadcrumb","itemListElement":[{"@type":"ListItem","position":1,"name":"Home","item":"https:\/\/rolandogarciamd.com\/es\/"},{"@type":"ListItem","position":2,"name":"Descompresi\u00f3n Y Fusi\u00f3n Cervical Posterior\u00a0"}]},{"@type":"WebSite","@id":"https:\/\/rolandogarciamd.com\/es\/#website","url":"https:\/\/rolandogarciamd.com\/es\/","name":"Dr. Rolando Garcia Jr. En Espa\u00f1ol","description":"Experiencia en Cirug\u00eda de Reemplazo Discal","potentialAction":[{"@type":"SearchAction","target":{"@type":"EntryPoint","urlTemplate":"https:\/\/rolandogarciamd.com\/es\/?s={search_term_string}"},"query-input":{"@type":"PropertyValueSpecification","valueRequired":true,"valueName":"search_term_string"}}],"inLanguage":"es-MX"}]}},"uagb_featured_image_src":{"full":false,"thumbnail":false,"medium":false,"medium_large":false,"large":false,"1536x1536":false,"2048x2048":false,"gform-image-choice-sm":false,"gform-image-choice-md":false,"gform-image-choice-lg":false},"uagb_author_info":{"display_name":"","author_link":"https:\/\/rolandogarciamd.com\/es\/author\/"},"uagb_comment_info":0,"uagb_excerpt":"Este procedimiento se realiza para aliviar la presi\u00f3n sobre la m\u00e9dula espinal que suele proceder de la estenosis espinal (presi\u00f3n sobre la m\u00e9dula espinal y\/o los nervios). En ocasiones puede combinarse con la descompresi\u00f3n y fusi\u00f3n cervical anterior si existe...","_links":{"self":[{"href":"https:\/\/rolandogarciamd.com\/es\/wp-json\/wp\/v2\/pages\/297","targetHints":{"allow":["GET"]}}],"collection":[{"href":"https:\/\/rolandogarciamd.com\/es\/wp-json\/wp\/v2\/pages"}],"about":[{"href":"https:\/\/rolandogarciamd.com\/es\/wp-json\/wp\/v2\/types\/page"}],"author":[{"embeddable":true,"href":"https:\/\/rolandogarciamd.com\/es\/wp-json\/wp\/v2\/users\/1"}],"replies":[{"embeddable":true,"href":"https:\/\/rolandogarciamd.com\/es\/wp-json\/wp\/v2\/comments?post=297"}],"version-history":[{"count":0,"href":"https:\/\/rolandogarciamd.com\/es\/wp-json\/wp\/v2\/pages\/297\/revisions"}],"wp:attachment":[{"href":"https:\/\/rolandogarciamd.com\/es\/wp-json\/wp\/v2\/media?parent=297"}],"curies":[{"name":"wp","href":"https:\/\/api.w.org\/{rel}","templated":true}]}}