{"id":291,"date":"2016-03-18T19:34:59","date_gmt":"2016-03-18T19:34:59","guid":{"rendered":"http:\/\/drrolandogarcia.com\/?page_id=291"},"modified":"2023-08-28T10:54:47","modified_gmt":"2023-08-28T15:54:47","slug":"fusion-lumbar-anterior-intersomatica-alif","status":"publish","type":"page","link":"https:\/\/rolandogarciamd.com\/es\/fusion-lumbar-anterior-intersomatica-alif\/","title":{"rendered":"Fusi\u00f3n Lumbar Intersom\u00e1tica Anterior (ALIF)"},"content":{"rendered":"\n<h3 class=\"wp-block-heading\"><strong>Este procedimiento se realiza para aliviar el dolor de espalda debido a la enfermedad degenerativa discal lumbar y\/o para eliminar la presi\u00f3n de los nervios de una hernia discal lumbar que causa dolor en las piernas.<\/strong><\/h3>\n\n\n\n<div class=\"wp-block-columns is-layout-flex wp-container-core-columns-is-layout-9d6595d7 wp-block-columns-is-layout-flex\">\n<div class=\"wp-block-column is-layout-flow wp-block-column-is-layout-flow\">\n<figure class=\"wp-block-video\"><video controls poster=\"https:\/\/rolandogarciamd.com\/wp-content\/uploads\/th_stryker_spine_alif_1-1.jpg\" src=\"\/wp-content\/uploads\/stryker_spine_alif_1.mp4\"><\/video><\/figure>\n<\/div>\n\n\n\n<div class=\"wp-block-column is-layout-flow wp-block-column-is-layout-flow\">\n<figure class=\"wp-block-video\"><video controls poster=\"https:\/\/rolandogarciamd.com\/wp-content\/uploads\/th_stryker_spine_alif_2-1.jpg\" src=\"\/wp-content\/uploads\/stryker_spine_alif_2.mp4\"><\/video><\/figure>\n<\/div>\n<\/div>\n\n\n\n<p>En esta intervenci\u00f3n, la columna vertebral se aborda por delante (a trav\u00e9s del abdomen, normalmente justo a la izquierda del ombligo), con lo que se evita un corte muscular extenso y se minimiza el dolor postoperatorio.&nbsp;&nbsp;<\/p>\n\n\n\n<p>Se realiza con la asistencia de un cirujano cardiotor\u00e1cico porque los \u00f3rganos y la vasculatura deben retraerse hacia un lado para permitir la exposici\u00f3n adecuada de la columna vertebral. Una vez hecho esto, se procede a la extirpaci\u00f3n del disco degenerativo. El disco doloroso se sustituye por una jaula de pl\u00e1stico rellena de injerto \u00f3seo para permitir que los dos huesos se fusionen.&nbsp;&nbsp;<\/p>\n\n\n\n<p>Los pacientes suelen permanecer hospitalizados de 1 a 3 d\u00edas y a menudo deben llevar un cors\u00e9 ortop\u00e9dico de velcro para caminar, sentarse y realizar las actividades cotidianas (puede quitarse para dormir y ducharse). Deben evitarse las actividades extenuantes durante 6-12 semanas mientras se fusionan los huesos.<\/p>\n","protected":false},"excerpt":{"rendered":"<p>Este procedimiento se realiza para aliviar el dolor de espalda debido a la enfermedad degenerativa discal lumbar y\/o para eliminar la presi\u00f3n de los nervios de una hernia discal lumbar que causa dolor en las piernas. En esta intervenci\u00f3n, la&#8230;<\/p>\n","protected":false},"author":1,"featured_media":0,"parent":0,"menu_order":0,"comment_status":"closed","ping_status":"closed","template":"","meta":{"_acf_changed":false,"_uag_custom_page_level_css":"","_monsterinsights_skip_tracking":false,"_monsterinsights_sitenote_active":false,"_monsterinsights_sitenote_note":"","_monsterinsights_sitenote_category":0,"_genesis_hide_title":false,"_genesis_hide_breadcrumbs":false,"_genesis_hide_singular_image":false,"_genesis_hide_footer_widgets":false,"_genesis_custom_body_class":"","_genesis_custom_post_class":"","_genesis_layout":"","footnotes":""},"class_list":{"0":"post-291","1":"page","2":"type-page","3":"status-publish","5":"entry"},"acf":[],"yoast_head":"<!-- This site is optimized with the Yoast SEO plugin v27.4 - https:\/\/yoast.com\/product\/yoast-seo-wordpress\/ -->\n<title>Fusi\u00f3n Lumbar Anterior Intersom\u00e1tica ALIF<\/title>\n<meta name=\"description\" content=\"Este procedimiento se realiza para aliviar el dolor de espalda debido a la enfermedad degenerativa discal lumbar y\/o para eliminar la presi\u00f3n de los\" \/>\n<meta name=\"robots\" content=\"index, follow, max-snippet:-1, max-image-preview:large, max-video-preview:-1\" \/>\n<link rel=\"canonical\" href=\"https:\/\/rolandogarciamd.com\/es\/fusion-lumbar-anterior-intersomatica-alif\/\" \/>\n<meta property=\"og:locale\" content=\"es_MX\" \/>\n<meta property=\"og:type\" content=\"article\" \/>\n<meta property=\"og:title\" content=\"Fusi\u00f3n Lumbar Anterior Intersom\u00e1tica ALIF\" \/>\n<meta property=\"og:description\" content=\"Este procedimiento se realiza para aliviar el dolor de espalda debido a la enfermedad degenerativa discal lumbar y\/o para eliminar la presi\u00f3n de los\" \/>\n<meta property=\"og:url\" content=\"https:\/\/rolandogarciamd.com\/es\/fusion-lumbar-anterior-intersomatica-alif\/\" \/>\n<meta property=\"og:site_name\" content=\"Dr. Rolando Garcia Jr. En Espa\u00f1ol\" \/>\n<meta property=\"article:modified_time\" content=\"2023-08-28T15:54:47+00:00\" \/>\n<meta name=\"twitter:card\" content=\"summary_large_image\" \/>\n<meta name=\"twitter:label1\" content=\"Tiempo de lectura\" \/>\n\t<meta name=\"twitter:data1\" content=\"1 minuto\" \/>\n<script type=\"application\/ld+json\" class=\"yoast-schema-graph\">{\"@context\":\"https:\\\/\\\/schema.org\",\"@graph\":[{\"@type\":\"WebPage\",\"@id\":\"https:\\\/\\\/rolandogarciamd.com\\\/es\\\/fusion-lumbar-anterior-intersomatica-alif\\\/\",\"url\":\"https:\\\/\\\/rolandogarciamd.com\\\/es\\\/fusion-lumbar-anterior-intersomatica-alif\\\/\",\"name\":\"Fusi\u00f3n Lumbar Anterior Intersom\u00e1tica ALIF\",\"isPartOf\":{\"@id\":\"https:\\\/\\\/rolandogarciamd.com\\\/es\\\/#website\"},\"datePublished\":\"2016-03-18T19:34:59+00:00\",\"dateModified\":\"2023-08-28T15:54:47+00:00\",\"description\":\"Este procedimiento se realiza para aliviar el dolor de espalda debido a la enfermedad degenerativa discal lumbar y\\\/o para eliminar la presi\u00f3n de los\",\"breadcrumb\":{\"@id\":\"https:\\\/\\\/rolandogarciamd.com\\\/es\\\/fusion-lumbar-anterior-intersomatica-alif\\\/#breadcrumb\"},\"inLanguage\":\"es-MX\",\"potentialAction\":[{\"@type\":\"ReadAction\",\"target\":[\"https:\\\/\\\/rolandogarciamd.com\\\/es\\\/fusion-lumbar-anterior-intersomatica-alif\\\/\"]}]},{\"@type\":\"BreadcrumbList\",\"@id\":\"https:\\\/\\\/rolandogarciamd.com\\\/es\\\/fusion-lumbar-anterior-intersomatica-alif\\\/#breadcrumb\",\"itemListElement\":[{\"@type\":\"ListItem\",\"position\":1,\"name\":\"Home\",\"item\":\"https:\\\/\\\/rolandogarciamd.com\\\/es\\\/\"},{\"@type\":\"ListItem\",\"position\":2,\"name\":\"Fusi\u00f3n Lumbar Intersom\u00e1tica Anterior (ALIF)\"}]},{\"@type\":\"WebSite\",\"@id\":\"https:\\\/\\\/rolandogarciamd.com\\\/es\\\/#website\",\"url\":\"https:\\\/\\\/rolandogarciamd.com\\\/es\\\/\",\"name\":\"Dr. Rolando Garcia Jr. En Espa\u00f1ol\",\"description\":\"Experiencia en Cirug\u00eda de Reemplazo Discal\",\"potentialAction\":[{\"@type\":\"SearchAction\",\"target\":{\"@type\":\"EntryPoint\",\"urlTemplate\":\"https:\\\/\\\/rolandogarciamd.com\\\/es\\\/?s={search_term_string}\"},\"query-input\":{\"@type\":\"PropertyValueSpecification\",\"valueRequired\":true,\"valueName\":\"search_term_string\"}}],\"inLanguage\":\"es-MX\"}]}<\/script>\n<!-- \/ Yoast SEO plugin. -->","yoast_head_json":{"title":"Fusi\u00f3n Lumbar Anterior Intersom\u00e1tica ALIF","description":"Este procedimiento se realiza para aliviar el dolor de espalda debido a la enfermedad degenerativa discal lumbar y\/o para eliminar la presi\u00f3n de los","robots":{"index":"index","follow":"follow","max-snippet":"max-snippet:-1","max-image-preview":"max-image-preview:large","max-video-preview":"max-video-preview:-1"},"canonical":"https:\/\/rolandogarciamd.com\/es\/fusion-lumbar-anterior-intersomatica-alif\/","og_locale":"es_MX","og_type":"article","og_title":"Fusi\u00f3n Lumbar Anterior Intersom\u00e1tica ALIF","og_description":"Este procedimiento se realiza para aliviar el dolor de espalda debido a la enfermedad degenerativa discal lumbar y\/o para eliminar la presi\u00f3n de los","og_url":"https:\/\/rolandogarciamd.com\/es\/fusion-lumbar-anterior-intersomatica-alif\/","og_site_name":"Dr. Rolando Garcia Jr. En Espa\u00f1ol","article_modified_time":"2023-08-28T15:54:47+00:00","twitter_card":"summary_large_image","twitter_misc":{"Tiempo de lectura":"1 minuto"},"schema":{"@context":"https:\/\/schema.org","@graph":[{"@type":"WebPage","@id":"https:\/\/rolandogarciamd.com\/es\/fusion-lumbar-anterior-intersomatica-alif\/","url":"https:\/\/rolandogarciamd.com\/es\/fusion-lumbar-anterior-intersomatica-alif\/","name":"Fusi\u00f3n Lumbar Anterior Intersom\u00e1tica ALIF","isPartOf":{"@id":"https:\/\/rolandogarciamd.com\/es\/#website"},"datePublished":"2016-03-18T19:34:59+00:00","dateModified":"2023-08-28T15:54:47+00:00","description":"Este procedimiento se realiza para aliviar el dolor de espalda debido a la enfermedad degenerativa discal lumbar y\/o para eliminar la presi\u00f3n de los","breadcrumb":{"@id":"https:\/\/rolandogarciamd.com\/es\/fusion-lumbar-anterior-intersomatica-alif\/#breadcrumb"},"inLanguage":"es-MX","potentialAction":[{"@type":"ReadAction","target":["https:\/\/rolandogarciamd.com\/es\/fusion-lumbar-anterior-intersomatica-alif\/"]}]},{"@type":"BreadcrumbList","@id":"https:\/\/rolandogarciamd.com\/es\/fusion-lumbar-anterior-intersomatica-alif\/#breadcrumb","itemListElement":[{"@type":"ListItem","position":1,"name":"Home","item":"https:\/\/rolandogarciamd.com\/es\/"},{"@type":"ListItem","position":2,"name":"Fusi\u00f3n Lumbar Intersom\u00e1tica Anterior (ALIF)"}]},{"@type":"WebSite","@id":"https:\/\/rolandogarciamd.com\/es\/#website","url":"https:\/\/rolandogarciamd.com\/es\/","name":"Dr. Rolando Garcia Jr. En Espa\u00f1ol","description":"Experiencia en Cirug\u00eda de Reemplazo Discal","potentialAction":[{"@type":"SearchAction","target":{"@type":"EntryPoint","urlTemplate":"https:\/\/rolandogarciamd.com\/es\/?s={search_term_string}"},"query-input":{"@type":"PropertyValueSpecification","valueRequired":true,"valueName":"search_term_string"}}],"inLanguage":"es-MX"}]}},"uagb_featured_image_src":{"full":false,"thumbnail":false,"medium":false,"medium_large":false,"large":false,"1536x1536":false,"2048x2048":false,"gform-image-choice-sm":false,"gform-image-choice-md":false,"gform-image-choice-lg":false},"uagb_author_info":{"display_name":"","author_link":"https:\/\/rolandogarciamd.com\/es\/author\/"},"uagb_comment_info":0,"uagb_excerpt":"Este procedimiento se realiza para aliviar el dolor de espalda debido a la enfermedad degenerativa discal lumbar y\/o para eliminar la presi\u00f3n de los nervios de una hernia discal lumbar que causa dolor en las piernas. En esta intervenci\u00f3n, la...","_links":{"self":[{"href":"https:\/\/rolandogarciamd.com\/es\/wp-json\/wp\/v2\/pages\/291","targetHints":{"allow":["GET"]}}],"collection":[{"href":"https:\/\/rolandogarciamd.com\/es\/wp-json\/wp\/v2\/pages"}],"about":[{"href":"https:\/\/rolandogarciamd.com\/es\/wp-json\/wp\/v2\/types\/page"}],"author":[{"embeddable":true,"href":"https:\/\/rolandogarciamd.com\/es\/wp-json\/wp\/v2\/users\/1"}],"replies":[{"embeddable":true,"href":"https:\/\/rolandogarciamd.com\/es\/wp-json\/wp\/v2\/comments?post=291"}],"version-history":[{"count":0,"href":"https:\/\/rolandogarciamd.com\/es\/wp-json\/wp\/v2\/pages\/291\/revisions"}],"wp:attachment":[{"href":"https:\/\/rolandogarciamd.com\/es\/wp-json\/wp\/v2\/media?parent=291"}],"curies":[{"name":"wp","href":"https:\/\/api.w.org\/{rel}","templated":true}]}}