{"id":283,"date":"2016-03-18T19:18:13","date_gmt":"2016-03-18T19:18:13","guid":{"rendered":"http:\/\/drrolandogarcia.com\/?page_id=283"},"modified":"2023-08-25T08:40:57","modified_gmt":"2023-08-25T13:40:57","slug":"reemplazo-total-de-disco-cervical-tdr","status":"publish","type":"page","link":"https:\/\/rolandogarciamd.com\/es\/reemplazo-total-de-disco-cervical-tdr\/","title":{"rendered":"Reemplazo Total De Disco Cervical (TDR)"},"content":{"rendered":"\n<h3 class=\"wp-block-heading\">La intervenci\u00f3n se realiza para eliminar la presi\u00f3n de la m\u00e9dula espinal o los nervios de las hernias discales cervicales o la enfermedad degenerativa discal.<\/h3>\n\n\n\n<figure class=\"wp-block-video\"><video controls poster=\"https:\/\/rolandogarciamd.com\/wp-content\/uploads\/th_mobi_c_cervical_tdr-1.jpg\" src=\"\/wp-content\/uploads\/mobi_c_cervical_tdr.mp4\"><\/video><\/figure>\n\n\n\n<div style=\"height:20px\" aria-hidden=\"true\" class=\"wp-block-spacer\"><\/div>\n\n\n\n<p>La hernia discal puede ejercer presi\u00f3n sobre los nervios que irrigan los brazos, provocando a menudo dolor de cuello, as\u00ed como dolor, entumecimiento u hormigueo en los brazos.<\/p>\n\n\n\n<p>El Dr. Garc\u00eda puede solicitar una tomograf\u00eda computarizada, adem\u00e1s de la resonancia magn\u00e9tica, para comprobar la calidad del hueso y ver si usted es un buen candidato para el reemplazo total del disco. Los candidatos ideales tienen poca o ninguna artritis, buen hueso fuerte (sin osteoporosis) y poca o ninguna enfermedad facetaria (las articulaciones de la parte posterior de la columna vertebral que intervienen en el movimiento).<\/p>\n\n\n\n<blockquote class=\"wp-block-quote is-layout-flow wp-block-quote-is-layout-flow\">\n<p>La intervenci\u00f3n se realiza a trav\u00e9s de la parte anterior del cuello, por lo que se evita el corte muscular y se minimiza el dolor postoperatorio. <\/p>\n<cite><a href=\"https:\/\/rolandogarciamd.com\/es\/dr-rolando-garcia\/\">Doctor Rolando Garcia, MD, MPH<\/a><\/cite><\/blockquote>\n\n\n\n<p>Tras la extirpaci\u00f3n del disco roto, se alivia la presi\u00f3n sobre los nervios y\/o la m\u00e9dula espinal, lo que suele aliviar los s\u00edntomas dolorosos. Una vez extra\u00eddo el disco doloroso, se coloca en su lugar un nuevo disco met\u00e1lico que mantiene el movimiento.<\/p>\n\n\n\n<p>La mayor\u00eda de los pacientes requieren el uso de un collar\u00edn cervical despu\u00e9s de la intervenci\u00f3n durante 1-2 semanas para dar tiempo al disco a anclarse al hueso.<\/p>\n\n\n\n<p>Se recomienda hospitalizaci\u00f3n durante 1-2 d\u00edas para observaci\u00f3n y para reducir la inflamaci\u00f3n con el uso de antiinflamatorios esteroideos. Los pacientes suelen obtener un alivio significativo de los s\u00edntomas del brazo poco despu\u00e9s de la operaci\u00f3n y pueden reanudar toda actividad en un plazo de 6-8 semanas.<\/p>\n","protected":false},"excerpt":{"rendered":"<p>La intervenci\u00f3n se realiza para eliminar la presi\u00f3n de la m\u00e9dula espinal o los nervios de las hernias discales cervicales o la enfermedad degenerativa discal. La hernia discal puede ejercer presi\u00f3n sobre los nervios que irrigan los brazos, provocando a&#8230;<\/p>\n","protected":false},"author":1,"featured_media":0,"parent":0,"menu_order":0,"comment_status":"closed","ping_status":"closed","template":"","meta":{"_acf_changed":false,"_uag_custom_page_level_css":"","_monsterinsights_skip_tracking":false,"_monsterinsights_sitenote_active":false,"_monsterinsights_sitenote_note":"","_monsterinsights_sitenote_category":0,"_genesis_hide_title":false,"_genesis_hide_breadcrumbs":false,"_genesis_hide_singular_image":false,"_genesis_hide_footer_widgets":false,"_genesis_custom_body_class":"","_genesis_custom_post_class":"","_genesis_layout":"","footnotes":""},"class_list":{"0":"post-283","1":"page","2":"type-page","3":"status-publish","5":"entry"},"acf":[],"yoast_head":"<!-- This site is optimized with the Yoast SEO plugin v27.4 - https:\/\/yoast.com\/product\/yoast-seo-wordpress\/ -->\n<title>Reemplazo Total de Disco Cervical TDR<\/title>\n<meta name=\"description\" content=\"La intervenci\u00f3n se realiza para eliminar la presi\u00f3n de la m\u00e9dula espinal o los nervios de las hernias discales cervicales...\" \/>\n<meta name=\"robots\" content=\"index, follow, max-snippet:-1, max-image-preview:large, max-video-preview:-1\" \/>\n<link rel=\"canonical\" href=\"https:\/\/rolandogarciamd.com\/es\/reemplazo-total-de-disco-cervical-tdr\/\" \/>\n<meta property=\"og:locale\" content=\"es_MX\" \/>\n<meta property=\"og:type\" content=\"article\" \/>\n<meta property=\"og:title\" content=\"Reemplazo Total de Disco Cervical TDR\" \/>\n<meta property=\"og:description\" content=\"La intervenci\u00f3n se realiza para eliminar la presi\u00f3n de la m\u00e9dula espinal o los nervios de las hernias discales cervicales...\" \/>\n<meta property=\"og:url\" content=\"https:\/\/rolandogarciamd.com\/es\/reemplazo-total-de-disco-cervical-tdr\/\" \/>\n<meta property=\"og:site_name\" content=\"Dr. Rolando Garcia Jr. En Espa\u00f1ol\" \/>\n<meta property=\"article:modified_time\" content=\"2023-08-25T13:40:57+00:00\" \/>\n<meta name=\"twitter:card\" content=\"summary_large_image\" \/>\n<meta name=\"twitter:label1\" content=\"Tiempo de lectura\" \/>\n\t<meta name=\"twitter:data1\" content=\"2 minutos\" \/>\n<script type=\"application\/ld+json\" class=\"yoast-schema-graph\">{\"@context\":\"https:\\\/\\\/schema.org\",\"@graph\":[{\"@type\":\"WebPage\",\"@id\":\"https:\\\/\\\/rolandogarciamd.com\\\/es\\\/reemplazo-total-de-disco-cervical-tdr\\\/\",\"url\":\"https:\\\/\\\/rolandogarciamd.com\\\/es\\\/reemplazo-total-de-disco-cervical-tdr\\\/\",\"name\":\"Reemplazo Total de Disco Cervical TDR\",\"isPartOf\":{\"@id\":\"https:\\\/\\\/rolandogarciamd.com\\\/es\\\/#website\"},\"datePublished\":\"2016-03-18T19:18:13+00:00\",\"dateModified\":\"2023-08-25T13:40:57+00:00\",\"description\":\"La intervenci\u00f3n se realiza para eliminar la presi\u00f3n de la m\u00e9dula espinal o los nervios de las hernias discales cervicales...\",\"breadcrumb\":{\"@id\":\"https:\\\/\\\/rolandogarciamd.com\\\/es\\\/reemplazo-total-de-disco-cervical-tdr\\\/#breadcrumb\"},\"inLanguage\":\"es-MX\",\"potentialAction\":[{\"@type\":\"ReadAction\",\"target\":[\"https:\\\/\\\/rolandogarciamd.com\\\/es\\\/reemplazo-total-de-disco-cervical-tdr\\\/\"]}]},{\"@type\":\"BreadcrumbList\",\"@id\":\"https:\\\/\\\/rolandogarciamd.com\\\/es\\\/reemplazo-total-de-disco-cervical-tdr\\\/#breadcrumb\",\"itemListElement\":[{\"@type\":\"ListItem\",\"position\":1,\"name\":\"Home\",\"item\":\"https:\\\/\\\/rolandogarciamd.com\\\/es\\\/\"},{\"@type\":\"ListItem\",\"position\":2,\"name\":\"Reemplazo Total De Disco Cervical (TDR)\"}]},{\"@type\":\"WebSite\",\"@id\":\"https:\\\/\\\/rolandogarciamd.com\\\/es\\\/#website\",\"url\":\"https:\\\/\\\/rolandogarciamd.com\\\/es\\\/\",\"name\":\"Dr. Rolando Garcia Jr. En Espa\u00f1ol\",\"description\":\"Experiencia en Cirug\u00eda de Reemplazo Discal\",\"potentialAction\":[{\"@type\":\"SearchAction\",\"target\":{\"@type\":\"EntryPoint\",\"urlTemplate\":\"https:\\\/\\\/rolandogarciamd.com\\\/es\\\/?s={search_term_string}\"},\"query-input\":{\"@type\":\"PropertyValueSpecification\",\"valueRequired\":true,\"valueName\":\"search_term_string\"}}],\"inLanguage\":\"es-MX\"}]}<\/script>\n<!-- \/ Yoast SEO plugin. -->","yoast_head_json":{"title":"Reemplazo Total de Disco Cervical TDR","description":"La intervenci\u00f3n se realiza para eliminar la presi\u00f3n de la m\u00e9dula espinal o los nervios de las hernias discales cervicales...","robots":{"index":"index","follow":"follow","max-snippet":"max-snippet:-1","max-image-preview":"max-image-preview:large","max-video-preview":"max-video-preview:-1"},"canonical":"https:\/\/rolandogarciamd.com\/es\/reemplazo-total-de-disco-cervical-tdr\/","og_locale":"es_MX","og_type":"article","og_title":"Reemplazo Total de Disco Cervical TDR","og_description":"La intervenci\u00f3n se realiza para eliminar la presi\u00f3n de la m\u00e9dula espinal o los nervios de las hernias discales cervicales...","og_url":"https:\/\/rolandogarciamd.com\/es\/reemplazo-total-de-disco-cervical-tdr\/","og_site_name":"Dr. Rolando Garcia Jr. En Espa\u00f1ol","article_modified_time":"2023-08-25T13:40:57+00:00","twitter_card":"summary_large_image","twitter_misc":{"Tiempo de lectura":"2 minutos"},"schema":{"@context":"https:\/\/schema.org","@graph":[{"@type":"WebPage","@id":"https:\/\/rolandogarciamd.com\/es\/reemplazo-total-de-disco-cervical-tdr\/","url":"https:\/\/rolandogarciamd.com\/es\/reemplazo-total-de-disco-cervical-tdr\/","name":"Reemplazo Total de Disco Cervical TDR","isPartOf":{"@id":"https:\/\/rolandogarciamd.com\/es\/#website"},"datePublished":"2016-03-18T19:18:13+00:00","dateModified":"2023-08-25T13:40:57+00:00","description":"La intervenci\u00f3n se realiza para eliminar la presi\u00f3n de la m\u00e9dula espinal o los nervios de las hernias discales cervicales...","breadcrumb":{"@id":"https:\/\/rolandogarciamd.com\/es\/reemplazo-total-de-disco-cervical-tdr\/#breadcrumb"},"inLanguage":"es-MX","potentialAction":[{"@type":"ReadAction","target":["https:\/\/rolandogarciamd.com\/es\/reemplazo-total-de-disco-cervical-tdr\/"]}]},{"@type":"BreadcrumbList","@id":"https:\/\/rolandogarciamd.com\/es\/reemplazo-total-de-disco-cervical-tdr\/#breadcrumb","itemListElement":[{"@type":"ListItem","position":1,"name":"Home","item":"https:\/\/rolandogarciamd.com\/es\/"},{"@type":"ListItem","position":2,"name":"Reemplazo Total De Disco Cervical (TDR)"}]},{"@type":"WebSite","@id":"https:\/\/rolandogarciamd.com\/es\/#website","url":"https:\/\/rolandogarciamd.com\/es\/","name":"Dr. Rolando Garcia Jr. En Espa\u00f1ol","description":"Experiencia en Cirug\u00eda de Reemplazo Discal","potentialAction":[{"@type":"SearchAction","target":{"@type":"EntryPoint","urlTemplate":"https:\/\/rolandogarciamd.com\/es\/?s={search_term_string}"},"query-input":{"@type":"PropertyValueSpecification","valueRequired":true,"valueName":"search_term_string"}}],"inLanguage":"es-MX"}]}},"uagb_featured_image_src":{"full":false,"thumbnail":false,"medium":false,"medium_large":false,"large":false,"1536x1536":false,"2048x2048":false,"gform-image-choice-sm":false,"gform-image-choice-md":false,"gform-image-choice-lg":false},"uagb_author_info":{"display_name":"","author_link":"https:\/\/rolandogarciamd.com\/es\/author\/"},"uagb_comment_info":0,"uagb_excerpt":"La intervenci\u00f3n se realiza para eliminar la presi\u00f3n de la m\u00e9dula espinal o los nervios de las hernias discales cervicales o la enfermedad degenerativa discal. La hernia discal puede ejercer presi\u00f3n sobre los nervios que irrigan los brazos, provocando a...","_links":{"self":[{"href":"https:\/\/rolandogarciamd.com\/es\/wp-json\/wp\/v2\/pages\/283","targetHints":{"allow":["GET"]}}],"collection":[{"href":"https:\/\/rolandogarciamd.com\/es\/wp-json\/wp\/v2\/pages"}],"about":[{"href":"https:\/\/rolandogarciamd.com\/es\/wp-json\/wp\/v2\/types\/page"}],"author":[{"embeddable":true,"href":"https:\/\/rolandogarciamd.com\/es\/wp-json\/wp\/v2\/users\/1"}],"replies":[{"embeddable":true,"href":"https:\/\/rolandogarciamd.com\/es\/wp-json\/wp\/v2\/comments?post=283"}],"version-history":[{"count":0,"href":"https:\/\/rolandogarciamd.com\/es\/wp-json\/wp\/v2\/pages\/283\/revisions"}],"wp:attachment":[{"href":"https:\/\/rolandogarciamd.com\/es\/wp-json\/wp\/v2\/media?parent=283"}],"curies":[{"name":"wp","href":"https:\/\/api.w.org\/{rel}","templated":true}]}}