{"id":273,"date":"2016-03-17T16:58:35","date_gmt":"2016-03-17T16:58:35","guid":{"rendered":"http:\/\/drrolandogarcia.com\/?page_id=273"},"modified":"2023-08-24T16:00:42","modified_gmt":"2023-08-24T21:00:42","slug":"reemplazo-total-de-disco-lumbar-tdr","status":"publish","type":"page","link":"https:\/\/rolandogarciamd.com\/es\/reemplazo-total-de-disco-lumbar-tdr\/","title":{"rendered":"Reemplazo Total De Disco Lumbar (TDR)"},"content":{"rendered":"\n<figure class=\"wp-block-embed aligncenter is-type-video is-provider-youtube wp-block-embed-youtube wp-embed-aspect-16-9 wp-has-aspect-ratio\"><div class=\"wp-block-embed__wrapper\">\n<iframe loading=\"lazy\" title=\"activL Artificial Disc Replacement\" width=\"500\" height=\"281\" src=\"https:\/\/www.youtube.com\/embed\/XUdO44XiboE?feature=oembed\" frameborder=\"0\" allow=\"accelerometer; autoplay; clipboard-write; encrypted-media; gyroscope; picture-in-picture; web-share\" referrerpolicy=\"strict-origin-when-cross-origin\" allowfullscreen><\/iframe>\n<\/div><\/figure>\n\n\n\n<h4 class=\"wp-block-heading\"><strong>La intervenci\u00f3n se realiza para aliviar el dolor de espalda debido a la enfermedad degenerativa discal lumbar y\/o para eliminar la presi\u00f3n de los nervios de las hernias discales lumbares.<\/strong><\/h4>\n\n\n\n<blockquote class=\"wp-block-quote is-layout-flow wp-block-quote-is-layout-flow\">\n<p>El procedimiento es para pacientes que tienen principalmente dolor de espalda o una combinaci\u00f3n de dolor de espalda y s\u00edntomas en las piernas, a menudo referido como &#8220;ci\u00e1tica&#8221;.<\/p>\n<cite><a href=\"https:\/\/rolandogarciamd.com\/es\/dr-rolando-garcia\/\">M\u00e9dico de la columna Rolando Garc\u00eda, Jr.<\/a><\/cite><\/blockquote>\n\n\n\n<p>El Dr. Garc\u00eda puede solicitar una tomograf\u00eda computarizada, adem\u00e1s de la resonancia magn\u00e9tica, para comprobar la calidad del hueso y ver si usted es un buen candidato para el reemplazo total del disco. Los candidatos ideales tienen poca o ninguna artritis, buen hueso fuerte (sin osteoporosis), y poca o ninguna enfermedad facetaria (las articulaciones en la parte posterior de la columna vertebral que participan en el movimiento).<\/p>\n\n\n\n<p>La cirug\u00eda se realiza a trav\u00e9s de la parte frontal de la columna vertebral (a trav\u00e9s del abdomen, normalmente justo a la izquierda del ombligo), por lo que se evita un corte muscular extenso y se minimiza el dolor postoperatorio. Se realiza con la asistencia de un cirujano cardiotor\u00e1cico porque los \u00f3rganos y la vasculatura deben retraerse hacia un lado para permitir una exposici\u00f3n adecuada de la columna vertebral.<\/p>\n\n\n\n<p>Una vez hecho esto, se procede a la extirpaci\u00f3n del disco degenerativo. El disco doloroso se sustituye por un nuevo disco met\u00e1lico que mantiene el movimiento.<\/p>\n\n\n\n<p>Normalmente se recomienda hospitalizaci\u00f3n durante 1-2 d\u00edas para observaci\u00f3n. No se precisa cors\u00e9 despu\u00e9s de la intervenci\u00f3n y los pacientes suelen obtener un alivio significativo de los s\u00edntomas de la espalda a medida que avanza la recuperaci\u00f3n. Normalmente se pueden retomar las actividades ligeras al cabo de 2 semanas y la actividad plena y sin restricciones al cabo de 2-3 meses.<\/p>\n","protected":false},"excerpt":{"rendered":"<p>La intervenci\u00f3n se realiza para aliviar el dolor de espalda debido a la enfermedad degenerativa discal lumbar y\/o para eliminar la presi\u00f3n de los nervios de las hernias discales lumbares. El procedimiento es para pacientes que tienen principalmente dolor de espalda o una combinaci\u00f3n de dolor de espalda y s\u00edntomas en las piernas, a menudo&#8230; <a class=\"more-link\" href=\"https:\/\/rolandogarciamd.com\/es\/reemplazo-total-de-disco-lumbar-tdr\/\">[Read More]<\/a><\/p>\n","protected":false},"author":1,"featured_media":0,"parent":0,"menu_order":0,"comment_status":"closed","ping_status":"closed","template":"","meta":{"_acf_changed":false,"_uag_custom_page_level_css":"","_monsterinsights_skip_tracking":false,"_monsterinsights_sitenote_active":false,"_monsterinsights_sitenote_note":"","_monsterinsights_sitenote_category":0,"_genesis_hide_title":false,"_genesis_hide_breadcrumbs":false,"_genesis_hide_singular_image":false,"_genesis_hide_footer_widgets":false,"_genesis_custom_body_class":"","_genesis_custom_post_class":"","_genesis_layout":"","footnotes":""},"class_list":{"0":"post-273","1":"page","2":"type-page","3":"status-publish","5":"entry"},"acf":[],"yoast_head":"<!-- This site is optimized with the Yoast SEO plugin v26.1.1 - https:\/\/yoast.com\/wordpress\/plugins\/seo\/ -->\n<title>Reemplazo Total De Disco Lumbar (TDR) - Dr. Rolando Garcia Jr. En Espa\u00f1ol<\/title>\n<meta name=\"description\" content=\"La intervenci\u00f3n se realiza para aliviar el dolor de espalda debido a la enfermedad degenerativa discal lumbar y\/o para eliminar la presi\u00f3n...\" \/>\n<meta name=\"robots\" content=\"index, follow, max-snippet:-1, max-image-preview:large, max-video-preview:-1\" \/>\n<link rel=\"canonical\" href=\"https:\/\/rolandogarciamd.com\/es\/reemplazo-total-de-disco-lumbar-tdr\/\" \/>\n<meta property=\"og:locale\" content=\"es_MX\" \/>\n<meta property=\"og:type\" content=\"article\" \/>\n<meta property=\"og:title\" content=\"Reemplazo Total De Disco Lumbar (TDR) - Dr. Rolando Garcia Jr. En Espa\u00f1ol\" \/>\n<meta property=\"og:description\" content=\"La intervenci\u00f3n se realiza para aliviar el dolor de espalda debido a la enfermedad degenerativa discal lumbar y\/o para eliminar la presi\u00f3n...\" \/>\n<meta property=\"og:url\" content=\"https:\/\/rolandogarciamd.com\/es\/reemplazo-total-de-disco-lumbar-tdr\/\" \/>\n<meta property=\"og:site_name\" content=\"Dr. Rolando Garcia Jr. En Espa\u00f1ol\" \/>\n<meta property=\"article:modified_time\" content=\"2023-08-24T21:00:42+00:00\" \/>\n<meta name=\"twitter:card\" content=\"summary_large_image\" \/>\n<meta name=\"twitter:label1\" content=\"Tiempo de lectura\" \/>\n\t<meta name=\"twitter:data1\" content=\"2 minutos\" \/>\n<script type=\"application\/ld+json\" class=\"yoast-schema-graph\">{\"@context\":\"https:\/\/schema.org\",\"@graph\":[{\"@type\":\"WebPage\",\"@id\":\"https:\/\/rolandogarciamd.com\/es\/reemplazo-total-de-disco-lumbar-tdr\/\",\"url\":\"https:\/\/rolandogarciamd.com\/es\/reemplazo-total-de-disco-lumbar-tdr\/\",\"name\":\"Reemplazo Total De Disco Lumbar (TDR) - Dr. Rolando Garcia Jr. En Espa\u00f1ol\",\"isPartOf\":{\"@id\":\"https:\/\/rolandogarciamd.com\/es\/#website\"},\"datePublished\":\"2016-03-17T16:58:35+00:00\",\"dateModified\":\"2023-08-24T21:00:42+00:00\",\"description\":\"La intervenci\u00f3n se realiza para aliviar el dolor de espalda debido a la enfermedad degenerativa discal lumbar y\/o para eliminar la presi\u00f3n...\",\"breadcrumb\":{\"@id\":\"https:\/\/rolandogarciamd.com\/es\/reemplazo-total-de-disco-lumbar-tdr\/#breadcrumb\"},\"inLanguage\":\"es-MX\",\"potentialAction\":[{\"@type\":\"ReadAction\",\"target\":[\"https:\/\/rolandogarciamd.com\/es\/reemplazo-total-de-disco-lumbar-tdr\/\"]}]},{\"@type\":\"BreadcrumbList\",\"@id\":\"https:\/\/rolandogarciamd.com\/es\/reemplazo-total-de-disco-lumbar-tdr\/#breadcrumb\",\"itemListElement\":[{\"@type\":\"ListItem\",\"position\":1,\"name\":\"Home\",\"item\":\"https:\/\/rolandogarciamd.com\/es\/\"},{\"@type\":\"ListItem\",\"position\":2,\"name\":\"Reemplazo Total De Disco Lumbar (TDR)\"}]},{\"@type\":\"WebSite\",\"@id\":\"https:\/\/rolandogarciamd.com\/es\/#website\",\"url\":\"https:\/\/rolandogarciamd.com\/es\/\",\"name\":\"Dr. Rolando Garcia Jr. En Espa\u00f1ol\",\"description\":\"Experiencia en Cirug\u00eda de Reemplazo Discal\",\"potentialAction\":[{\"@type\":\"SearchAction\",\"target\":{\"@type\":\"EntryPoint\",\"urlTemplate\":\"https:\/\/rolandogarciamd.com\/es\/?s={search_term_string}\"},\"query-input\":{\"@type\":\"PropertyValueSpecification\",\"valueRequired\":true,\"valueName\":\"search_term_string\"}}],\"inLanguage\":\"es-MX\"}]}<\/script>\n<!-- \/ Yoast SEO plugin. -->","yoast_head_json":{"title":"Reemplazo Total De Disco Lumbar (TDR) - Dr. Rolando Garcia Jr. En Espa\u00f1ol","description":"La intervenci\u00f3n se realiza para aliviar el dolor de espalda debido a la enfermedad degenerativa discal lumbar y\/o para eliminar la presi\u00f3n...","robots":{"index":"index","follow":"follow","max-snippet":"max-snippet:-1","max-image-preview":"max-image-preview:large","max-video-preview":"max-video-preview:-1"},"canonical":"https:\/\/rolandogarciamd.com\/es\/reemplazo-total-de-disco-lumbar-tdr\/","og_locale":"es_MX","og_type":"article","og_title":"Reemplazo Total De Disco Lumbar (TDR) - Dr. Rolando Garcia Jr. En Espa\u00f1ol","og_description":"La intervenci\u00f3n se realiza para aliviar el dolor de espalda debido a la enfermedad degenerativa discal lumbar y\/o para eliminar la presi\u00f3n...","og_url":"https:\/\/rolandogarciamd.com\/es\/reemplazo-total-de-disco-lumbar-tdr\/","og_site_name":"Dr. Rolando Garcia Jr. En Espa\u00f1ol","article_modified_time":"2023-08-24T21:00:42+00:00","twitter_card":"summary_large_image","twitter_misc":{"Tiempo de lectura":"2 minutos"},"schema":{"@context":"https:\/\/schema.org","@graph":[{"@type":"WebPage","@id":"https:\/\/rolandogarciamd.com\/es\/reemplazo-total-de-disco-lumbar-tdr\/","url":"https:\/\/rolandogarciamd.com\/es\/reemplazo-total-de-disco-lumbar-tdr\/","name":"Reemplazo Total De Disco Lumbar (TDR) - Dr. Rolando Garcia Jr. En Espa\u00f1ol","isPartOf":{"@id":"https:\/\/rolandogarciamd.com\/es\/#website"},"datePublished":"2016-03-17T16:58:35+00:00","dateModified":"2023-08-24T21:00:42+00:00","description":"La intervenci\u00f3n se realiza para aliviar el dolor de espalda debido a la enfermedad degenerativa discal lumbar y\/o para eliminar la presi\u00f3n...","breadcrumb":{"@id":"https:\/\/rolandogarciamd.com\/es\/reemplazo-total-de-disco-lumbar-tdr\/#breadcrumb"},"inLanguage":"es-MX","potentialAction":[{"@type":"ReadAction","target":["https:\/\/rolandogarciamd.com\/es\/reemplazo-total-de-disco-lumbar-tdr\/"]}]},{"@type":"BreadcrumbList","@id":"https:\/\/rolandogarciamd.com\/es\/reemplazo-total-de-disco-lumbar-tdr\/#breadcrumb","itemListElement":[{"@type":"ListItem","position":1,"name":"Home","item":"https:\/\/rolandogarciamd.com\/es\/"},{"@type":"ListItem","position":2,"name":"Reemplazo Total De Disco Lumbar (TDR)"}]},{"@type":"WebSite","@id":"https:\/\/rolandogarciamd.com\/es\/#website","url":"https:\/\/rolandogarciamd.com\/es\/","name":"Dr. Rolando Garcia Jr. En Espa\u00f1ol","description":"Experiencia en Cirug\u00eda de Reemplazo Discal","potentialAction":[{"@type":"SearchAction","target":{"@type":"EntryPoint","urlTemplate":"https:\/\/rolandogarciamd.com\/es\/?s={search_term_string}"},"query-input":{"@type":"PropertyValueSpecification","valueRequired":true,"valueName":"search_term_string"}}],"inLanguage":"es-MX"}]}},"uagb_featured_image_src":{"full":false,"thumbnail":false,"medium":false,"medium_large":false,"large":false,"1536x1536":false,"2048x2048":false,"gform-image-choice-sm":false,"gform-image-choice-md":false,"gform-image-choice-lg":false},"uagb_author_info":{"display_name":"","author_link":"https:\/\/rolandogarciamd.com\/es\/author\/"},"uagb_comment_info":0,"uagb_excerpt":"La intervenci\u00f3n se realiza para aliviar el dolor de espalda debido a la enfermedad degenerativa discal lumbar y\/o para eliminar la presi\u00f3n de los nervios de las hernias discales lumbares. El procedimiento es para pacientes que tienen principalmente dolor de espalda o una combinaci\u00f3n de dolor de espalda y s\u00edntomas en las piernas, a menudo...&hellip;","_links":{"self":[{"href":"https:\/\/rolandogarciamd.com\/es\/wp-json\/wp\/v2\/pages\/273","targetHints":{"allow":["GET"]}}],"collection":[{"href":"https:\/\/rolandogarciamd.com\/es\/wp-json\/wp\/v2\/pages"}],"about":[{"href":"https:\/\/rolandogarciamd.com\/es\/wp-json\/wp\/v2\/types\/page"}],"author":[{"embeddable":true,"href":"https:\/\/rolandogarciamd.com\/es\/wp-json\/wp\/v2\/users\/1"}],"replies":[{"embeddable":true,"href":"https:\/\/rolandogarciamd.com\/es\/wp-json\/wp\/v2\/comments?post=273"}],"version-history":[{"count":0,"href":"https:\/\/rolandogarciamd.com\/es\/wp-json\/wp\/v2\/pages\/273\/revisions"}],"wp:attachment":[{"href":"https:\/\/rolandogarciamd.com\/es\/wp-json\/wp\/v2\/media?parent=273"}],"curies":[{"name":"wp","href":"https:\/\/api.w.org\/{rel}","templated":true}]}}