{"id":25,"date":"2016-01-06T18:54:04","date_gmt":"2016-01-06T18:54:04","guid":{"rendered":"http:\/\/drrolandogarcia.com\/?page_id=25"},"modified":"2023-08-28T09:01:23","modified_gmt":"2023-08-28T14:01:23","slug":"politicas","status":"publish","type":"page","link":"https:\/\/rolandogarciamd.com\/es\/politicas\/","title":{"rendered":"Pol\u00edticas"},"content":{"rendered":"\n<h3 class=\"wp-block-heading\">Norma De Privacidad De La HIPAA<\/h3>\n\n\n\n<p>La Ley de Portabilidad y Responsabilidad de los Seguros Sanitarios (HIPAA) establece normas nacionales para proteger los historiales m\u00e9dicos y otros datos personales de salud de las personas.<\/p>\n\n\n\n<p>&nbsp;M\u00e1s informaci\u00f3n en <a href=\"http:\/\/www.hhs.gov\/hipaa\/index.html\">http:\/\/www.hhs.gov\/hipaa\/index.html<\/a><strong> [ENG]<\/strong><\/p>\n\n\n\n<h3 class=\"wp-block-heading\">Programa Nacional De Pagos Transparentes A M\u00e9dicos<\/h3>\n\n\n\n<p>El Programa Nacional de Transparencia en los Pagos a M\u00e9dicos (National Physician Transparency Payment Program), a menudo denominado &#8220;Sunshine Act&#8221;, se cre\u00f3 para fomentar la transparencia en las relaciones financieras con los proveedores de atenci\u00f3n sanitaria y las empresas fabricantes de productos sanitarios en Estados Unidos. &#8220;Estas relaciones pueden incluir dinero para actividades de investigaci\u00f3n, regalos, honorarios por conferencias, comidas o viajes. La Ley de Asistencia Sanitaria Asequible exige a los CMS que recaben informaci\u00f3n de los fabricantes y las organizaciones de compra en grupo aplicables para que comuniquen informaci\u00f3n sobre sus relaciones financieras con m\u00e9dicos y hospitales. Open Payments es el programa federal que recopila la informaci\u00f3n sobre estas relaciones financieras y la pone a su disposici\u00f3n.&#8221; Debido a su dedicaci\u00f3n a la mejora de los resultados de los pacientes y el avance de la cirug\u00eda de la columna vertebral, el Dr. Garc\u00eda es a menudo buscado por la industria de dispositivos m\u00e9dicos como consultor, educador, investigador activo e investigador.<\/p>\n\n\n\n<p>M\u00e1s informaci\u00f3n en <a href=\"https:\/\/www.cms.gov\/openpayments\/\">https:\/\/www.cms.gov\/openpayments\/<\/a><strong> [ENG]<\/strong><\/p>\n\n\n\n<p>Todos los formularios (es decir, FMLA, seguro, Departamento de Trabajo de EE.UU., etc.) se completar\u00e1n en un plazo de 3-5 d\u00edas a partir de la fecha de recepci\u00f3n. El coste de este servicio es de 50 $\/formulario.<\/p>\n\n\n\n<p>Con el fin de mantener un flujo constante de pacientes y reducir al m\u00ednimo el tiempo de espera, los pacientes est\u00e1n obligados a informar a nuestro personal de cualquier reprogramaci\u00f3n o cancelaciones con 24 horas de antelaci\u00f3n para evitar un cargo de $ 25 por no presentarse.<\/p>\n\n\n\n<p>Las copias de rayos X est\u00e1n disponibles bajo petici\u00f3n en el momento de su cita. El cargo por el servicio es de $10 por radiograf\u00eda debido al costo de los suministros.<\/p>\n\n\n\n<h3 class=\"wp-block-heading\">Divulgaci\u00f3n de Consultas e Inversiones:<\/h3>\n\n\n\n<p>Divulgaciones: El Dr. Rolando Garcia, Jr. es un investigador activo involucrado en investigaciones y colaboraciones con fabricantes de implantes. Como tal, algunos, ninguno o todos los implantes utilizados en su caso pueden ser implantes fabricados por empresas con las que el Dr. Garc\u00eda tiene acuerdos de consultor\u00eda y\/o regal\u00edas. Adem\u00e1s, es posible que su intervenci\u00f3n se lleve a cabo en un centro ambulatorio o de hospitalizaci\u00f3n en el que el Dr. Garc\u00eda pueda tener participaciones de propiedad y\/o inversi\u00f3n. Si desea informaci\u00f3n m\u00e1s detallada, no dude en solicitarla.<\/p>\n\n\n\n<h3 class=\"wp-block-heading\">Informaci\u00f3n sobre Telemedicina:<\/h3>\n\n\n\n<p>La telesalud debe prestarse en un entorno privado, de acuerdo con las salvaguardias de la HIPAA para limitar los usos o divulgaciones incidentales de informaci\u00f3n sanitaria protegida (PHI). Tales precauciones razonables pueden incluir el uso de voces bajas, no utilizar el altavoz o recomendar que el paciente se aleje a una distancia razonable de los dem\u00e1s cuando se hable de PHI. Se puede enviar al paciente un formulario de admisi\u00f3n para obtener su consentimiento antes de la cita virtual. El coste de la solicitud de telemedicina no es reembolsable, aunque el paciente puede reprogramarla para una fecha\/hora posterior con al menos 24 horas de antelaci\u00f3n.<\/p>\n","protected":false},"excerpt":{"rendered":"<p>Norma De Privacidad De La HIPAA La Ley de Portabilidad y Responsabilidad de los Seguros Sanitarios (HIPAA) establece normas nacionales para proteger los historiales m\u00e9dicos y otros datos personales de salud de las personas. &nbsp;M\u00e1s informaci\u00f3n en http:\/\/www.hhs.gov\/hipaa\/index.html [ENG] Programa Nacional De Pagos Transparentes A M\u00e9dicos El Programa Nacional de Transparencia en los Pagos a&#8230; <a class=\"more-link\" href=\"https:\/\/rolandogarciamd.com\/es\/politicas\/\">[Read More]<\/a><\/p>\n","protected":false},"author":1,"featured_media":0,"parent":0,"menu_order":0,"comment_status":"closed","ping_status":"closed","template":"","meta":{"_acf_changed":false,"_uag_custom_page_level_css":"","_monsterinsights_skip_tracking":false,"_monsterinsights_sitenote_active":false,"_monsterinsights_sitenote_note":"","_monsterinsights_sitenote_category":0,"_genesis_hide_title":false,"_genesis_hide_breadcrumbs":false,"_genesis_hide_singular_image":false,"_genesis_hide_footer_widgets":false,"_genesis_custom_body_class":"","_genesis_custom_post_class":"","_genesis_layout":"","footnotes":""},"class_list":{"0":"post-25","1":"page","2":"type-page","3":"status-publish","5":"entry"},"acf":[],"yoast_head":"<!-- This site is optimized with the Yoast SEO plugin v26.1.1 - https:\/\/yoast.com\/wordpress\/plugins\/seo\/ -->\n<title>Pol\u00edticas - Dr. Rolando Garcia Jr. En Espa\u00f1ol<\/title>\n<meta name=\"description\" content=\"Politicas de pacientes y citas para el Dr. Garcia en Orthopedic Care Center en Aventura (Miami) y Hallandale, FL.\" \/>\n<meta name=\"robots\" content=\"index, follow, max-snippet:-1, max-image-preview:large, max-video-preview:-1\" \/>\n<link rel=\"canonical\" href=\"https:\/\/rolandogarciamd.com\/es\/politicas\/\" \/>\n<meta property=\"og:locale\" content=\"es_MX\" \/>\n<meta property=\"og:type\" content=\"article\" \/>\n<meta property=\"og:title\" content=\"Pol\u00edticas - Dr. Rolando Garcia Jr. En Espa\u00f1ol\" \/>\n<meta property=\"og:description\" content=\"Politicas de pacientes y citas para el Dr. Garcia en Orthopedic Care Center en Aventura (Miami) y Hallandale, FL.\" \/>\n<meta property=\"og:url\" content=\"https:\/\/rolandogarciamd.com\/es\/politicas\/\" \/>\n<meta property=\"og:site_name\" content=\"Dr. Rolando Garcia Jr. En Espa\u00f1ol\" \/>\n<meta property=\"article:modified_time\" content=\"2023-08-28T14:01:23+00:00\" \/>\n<meta name=\"twitter:card\" content=\"summary_large_image\" \/>\n<meta name=\"twitter:label1\" content=\"Tiempo de lectura\" \/>\n\t<meta name=\"twitter:data1\" content=\"3 minutos\" \/>\n<script type=\"application\/ld+json\" class=\"yoast-schema-graph\">{\"@context\":\"https:\/\/schema.org\",\"@graph\":[{\"@type\":\"WebPage\",\"@id\":\"https:\/\/rolandogarciamd.com\/es\/politicas\/\",\"url\":\"https:\/\/rolandogarciamd.com\/es\/politicas\/\",\"name\":\"Pol\u00edticas - Dr. Rolando Garcia Jr. En Espa\u00f1ol\",\"isPartOf\":{\"@id\":\"https:\/\/rolandogarciamd.com\/es\/#website\"},\"datePublished\":\"2016-01-06T18:54:04+00:00\",\"dateModified\":\"2023-08-28T14:01:23+00:00\",\"description\":\"Politicas de pacientes y citas para el Dr. Garcia en Orthopedic Care Center en Aventura (Miami) y Hallandale, FL.\",\"breadcrumb\":{\"@id\":\"https:\/\/rolandogarciamd.com\/es\/politicas\/#breadcrumb\"},\"inLanguage\":\"es-MX\",\"potentialAction\":[{\"@type\":\"ReadAction\",\"target\":[\"https:\/\/rolandogarciamd.com\/es\/politicas\/\"]}]},{\"@type\":\"BreadcrumbList\",\"@id\":\"https:\/\/rolandogarciamd.com\/es\/politicas\/#breadcrumb\",\"itemListElement\":[{\"@type\":\"ListItem\",\"position\":1,\"name\":\"Home\",\"item\":\"https:\/\/rolandogarciamd.com\/es\/\"},{\"@type\":\"ListItem\",\"position\":2,\"name\":\"Pol\u00edticas\"}]},{\"@type\":\"WebSite\",\"@id\":\"https:\/\/rolandogarciamd.com\/es\/#website\",\"url\":\"https:\/\/rolandogarciamd.com\/es\/\",\"name\":\"Dr. Rolando Garcia Jr. En Espa\u00f1ol\",\"description\":\"Experiencia en Cirug\u00eda de Reemplazo Discal\",\"potentialAction\":[{\"@type\":\"SearchAction\",\"target\":{\"@type\":\"EntryPoint\",\"urlTemplate\":\"https:\/\/rolandogarciamd.com\/es\/?s={search_term_string}\"},\"query-input\":{\"@type\":\"PropertyValueSpecification\",\"valueRequired\":true,\"valueName\":\"search_term_string\"}}],\"inLanguage\":\"es-MX\"}]}<\/script>\n<!-- \/ Yoast SEO plugin. -->","yoast_head_json":{"title":"Pol\u00edticas - Dr. Rolando Garcia Jr. En Espa\u00f1ol","description":"Politicas de pacientes y citas para el Dr. Garcia en Orthopedic Care Center en Aventura (Miami) y Hallandale, FL.","robots":{"index":"index","follow":"follow","max-snippet":"max-snippet:-1","max-image-preview":"max-image-preview:large","max-video-preview":"max-video-preview:-1"},"canonical":"https:\/\/rolandogarciamd.com\/es\/politicas\/","og_locale":"es_MX","og_type":"article","og_title":"Pol\u00edticas - Dr. Rolando Garcia Jr. En Espa\u00f1ol","og_description":"Politicas de pacientes y citas para el Dr. Garcia en Orthopedic Care Center en Aventura (Miami) y Hallandale, FL.","og_url":"https:\/\/rolandogarciamd.com\/es\/politicas\/","og_site_name":"Dr. Rolando Garcia Jr. En Espa\u00f1ol","article_modified_time":"2023-08-28T14:01:23+00:00","twitter_card":"summary_large_image","twitter_misc":{"Tiempo de lectura":"3 minutos"},"schema":{"@context":"https:\/\/schema.org","@graph":[{"@type":"WebPage","@id":"https:\/\/rolandogarciamd.com\/es\/politicas\/","url":"https:\/\/rolandogarciamd.com\/es\/politicas\/","name":"Pol\u00edticas - Dr. Rolando Garcia Jr. En Espa\u00f1ol","isPartOf":{"@id":"https:\/\/rolandogarciamd.com\/es\/#website"},"datePublished":"2016-01-06T18:54:04+00:00","dateModified":"2023-08-28T14:01:23+00:00","description":"Politicas de pacientes y citas para el Dr. Garcia en Orthopedic Care Center en Aventura (Miami) y Hallandale, FL.","breadcrumb":{"@id":"https:\/\/rolandogarciamd.com\/es\/politicas\/#breadcrumb"},"inLanguage":"es-MX","potentialAction":[{"@type":"ReadAction","target":["https:\/\/rolandogarciamd.com\/es\/politicas\/"]}]},{"@type":"BreadcrumbList","@id":"https:\/\/rolandogarciamd.com\/es\/politicas\/#breadcrumb","itemListElement":[{"@type":"ListItem","position":1,"name":"Home","item":"https:\/\/rolandogarciamd.com\/es\/"},{"@type":"ListItem","position":2,"name":"Pol\u00edticas"}]},{"@type":"WebSite","@id":"https:\/\/rolandogarciamd.com\/es\/#website","url":"https:\/\/rolandogarciamd.com\/es\/","name":"Dr. Rolando Garcia Jr. En Espa\u00f1ol","description":"Experiencia en Cirug\u00eda de Reemplazo Discal","potentialAction":[{"@type":"SearchAction","target":{"@type":"EntryPoint","urlTemplate":"https:\/\/rolandogarciamd.com\/es\/?s={search_term_string}"},"query-input":{"@type":"PropertyValueSpecification","valueRequired":true,"valueName":"search_term_string"}}],"inLanguage":"es-MX"}]}},"uagb_featured_image_src":{"full":false,"thumbnail":false,"medium":false,"medium_large":false,"large":false,"1536x1536":false,"2048x2048":false,"gform-image-choice-sm":false,"gform-image-choice-md":false,"gform-image-choice-lg":false},"uagb_author_info":{"display_name":"","author_link":"https:\/\/rolandogarciamd.com\/es\/author\/"},"uagb_comment_info":0,"uagb_excerpt":"Norma De Privacidad De La HIPAA La Ley de Portabilidad y Responsabilidad de los Seguros Sanitarios (HIPAA) establece normas nacionales para proteger los historiales m\u00e9dicos y otros datos personales de salud de las personas. &nbsp;M\u00e1s informaci\u00f3n en http:\/\/www.hhs.gov\/hipaa\/index.html [ENG] Programa Nacional De Pagos Transparentes A M\u00e9dicos El Programa Nacional de Transparencia en los Pagos a...&hellip;","_links":{"self":[{"href":"https:\/\/rolandogarciamd.com\/es\/wp-json\/wp\/v2\/pages\/25","targetHints":{"allow":["GET"]}}],"collection":[{"href":"https:\/\/rolandogarciamd.com\/es\/wp-json\/wp\/v2\/pages"}],"about":[{"href":"https:\/\/rolandogarciamd.com\/es\/wp-json\/wp\/v2\/types\/page"}],"author":[{"embeddable":true,"href":"https:\/\/rolandogarciamd.com\/es\/wp-json\/wp\/v2\/users\/1"}],"replies":[{"embeddable":true,"href":"https:\/\/rolandogarciamd.com\/es\/wp-json\/wp\/v2\/comments?post=25"}],"version-history":[{"count":0,"href":"https:\/\/rolandogarciamd.com\/es\/wp-json\/wp\/v2\/pages\/25\/revisions"}],"wp:attachment":[{"href":"https:\/\/rolandogarciamd.com\/es\/wp-json\/wp\/v2\/media?parent=25"}],"curies":[{"name":"wp","href":"https:\/\/api.w.org\/{rel}","templated":true}]}}