{"id":23,"date":"2016-01-06T18:53:51","date_gmt":"2016-01-06T18:53:51","guid":{"rendered":"http:\/\/drrolandogarcia.com\/?page_id=23"},"modified":"2023-08-28T17:40:07","modified_gmt":"2023-08-28T22:40:07","slug":"formularios","status":"publish","type":"page","link":"https:\/\/rolandogarciamd.com\/es\/formularios\/","title":{"rendered":"Formularios"},"content":{"rendered":"\n<h3 class=\"wp-block-heading\">Para Pacientes Nuevos<\/h3>\n\n\n<div class=\"wp-block-image\">\n<figure class=\"alignleft size-full is-resized\"><img loading=\"lazy\" decoding=\"async\" src=\"https:\/\/rolandogarciamd.com\/wp-content\/uploads\/forms.jpg\" alt=\"\" class=\"wp-image-176\" style=\"width:300px;height:300px\" width=\"300\" height=\"300\"\/><\/figure>\n<\/div>\n\n\n<p>Los nuevos pacientes deben llamar a la oficina al <a href=\"tel:+13059371999\"><strong>305.937.1999<\/strong><\/a> para programar una cita como paciente nuevo. \u00a1Se le pedir\u00e1 que proporcione alguna informaci\u00f3n personal para fines de identificaci\u00f3n, as\u00ed como una direcci\u00f3n de correo electr\u00f3nico para ahorrar tiempo con los formularios de nuevos pacientes en el d\u00eda de su visita!<\/p>\n\n\n\n<p>Una vez que haya concertado una cita, recibir\u00e1 un correo electr\u00f3nico con instrucciones sobre c\u00f3mo rellenar electr\u00f3nicamente nuestros formularios para pacientes nuevos, lo que le ahorrar\u00e1 un tiempo precioso en la consulta. <\/p>\n\n\n\n<p>El enlace a los formularios se proporciona a continuaci\u00f3n, sin embargo, con el fin de acceder a los mismos, primero debe llamar y programar una cita.<\/p>\n\n\n\n<div class=\"wp-block-button\"><a class=\"wp-block-button__link wp-element-button\" href=\"https:\/\/exscribepatientportal.com\/OrthoCareCenter\" target=\"_blank\" rel=\"noreferrer noopener\">Acceso al Portal del Paciente<\/a><\/div>\n\n\n\n<div style=\"height:40px\" aria-hidden=\"true\" class=\"wp-block-spacer\"><\/div>\n\n\n\n<p><strong>Para todas las preguntas de programaci\u00f3n o para programar una cita: LLAME AL <\/strong><a href=\"tel:+13059371999\"><strong>305.937.1999<\/strong><\/a><\/p>\n\n\n\n<h3 class=\"wp-block-heading\">Citas De Seguimiento:<\/h3>\n\n\n\n<p>Si el m\u00e9dico le pide que regrese para una visita de seguimiento, por favor aseg\u00farese de acordar su cita de regreso antes de salir de nuestra oficina o dentro de una semana despu\u00e9s de su cita original. Esto asegurar\u00e1 que su cita sea en un momento conveniente para usted.<\/p>\n","protected":false},"excerpt":{"rendered":"<p>Para Pacientes Nuevos Los nuevos pacientes deben llamar a la oficina al 305.937.1999 para programar una cita como paciente nuevo. \u00a1Se le pedir\u00e1 que proporcione alguna informaci\u00f3n personal para fines de identificaci\u00f3n, as\u00ed como una direcci\u00f3n de correo electr\u00f3nico para&#8230;<\/p>\n","protected":false},"author":1,"featured_media":0,"parent":0,"menu_order":0,"comment_status":"closed","ping_status":"closed","template":"","meta":{"_acf_changed":false,"_uag_custom_page_level_css":"","_monsterinsights_skip_tracking":false,"_monsterinsights_sitenote_active":false,"_monsterinsights_sitenote_note":"","_monsterinsights_sitenote_category":0,"_genesis_hide_title":false,"_genesis_hide_breadcrumbs":false,"_genesis_hide_singular_image":false,"_genesis_hide_footer_widgets":false,"_genesis_custom_body_class":"","_genesis_custom_post_class":"","_genesis_layout":"","footnotes":""},"class_list":{"0":"post-23","1":"page","2":"type-page","3":"status-publish","5":"entry","6":"has-post-thumbnail"},"acf":[],"yoast_head":"<!-- This site is optimized with the Yoast SEO plugin v27.4 - https:\/\/yoast.com\/product\/yoast-seo-wordpress\/ -->\n<title>Formularios | Dr. Garc\u00eda<\/title>\n<meta name=\"description\" content=\"Los nuevos pacientes deben llamar a la oficina al (305) 937-1999 para programar una cita como paciente nuevo.\" \/>\n<meta name=\"robots\" content=\"index, follow, max-snippet:-1, max-image-preview:large, max-video-preview:-1\" \/>\n<link rel=\"canonical\" href=\"https:\/\/rolandogarciamd.com\/es\/formularios\/\" \/>\n<meta property=\"og:locale\" content=\"es_MX\" \/>\n<meta property=\"og:type\" content=\"article\" \/>\n<meta property=\"og:title\" content=\"Formularios | Dr. Garc\u00eda\" \/>\n<meta property=\"og:description\" content=\"Los nuevos pacientes deben llamar a la oficina al (305) 937-1999 para programar una cita como paciente nuevo.\" \/>\n<meta property=\"og:url\" content=\"https:\/\/rolandogarciamd.com\/es\/formularios\/\" \/>\n<meta property=\"og:site_name\" content=\"Dr. Rolando Garcia Jr. En Espa\u00f1ol\" \/>\n<meta property=\"article:modified_time\" content=\"2023-08-28T22:40:07+00:00\" \/>\n<meta property=\"og:image\" content=\"https:\/\/rolandogarciamd.com\/es\/wp-content\/uploads\/sites\/2\/2016\/02\/forms.jpg\" \/>\n\t<meta property=\"og:image:width\" content=\"500\" \/>\n\t<meta property=\"og:image:height\" content=\"500\" \/>\n\t<meta property=\"og:image:type\" content=\"image\/jpeg\" \/>\n<meta name=\"twitter:card\" content=\"summary_large_image\" \/>\n<meta name=\"twitter:label1\" content=\"Tiempo de lectura\" \/>\n\t<meta name=\"twitter:data1\" content=\"2 minutos\" \/>\n<script type=\"application\/ld+json\" class=\"yoast-schema-graph\">{\"@context\":\"https:\\\/\\\/schema.org\",\"@graph\":[{\"@type\":\"WebPage\",\"@id\":\"https:\\\/\\\/rolandogarciamd.com\\\/es\\\/formularios\\\/\",\"url\":\"https:\\\/\\\/rolandogarciamd.com\\\/es\\\/formularios\\\/\",\"name\":\"Formularios | Dr. Garc\u00eda\",\"isPartOf\":{\"@id\":\"https:\\\/\\\/rolandogarciamd.com\\\/es\\\/#website\"},\"primaryImageOfPage\":{\"@id\":\"https:\\\/\\\/rolandogarciamd.com\\\/es\\\/formularios\\\/#primaryimage\"},\"image\":{\"@id\":\"https:\\\/\\\/rolandogarciamd.com\\\/es\\\/formularios\\\/#primaryimage\"},\"thumbnailUrl\":\"https:\\\/\\\/rolandogarciamd.com\\\/wp-content\\\/uploads\\\/forms.jpg\",\"datePublished\":\"2016-01-06T18:53:51+00:00\",\"dateModified\":\"2023-08-28T22:40:07+00:00\",\"description\":\"Los nuevos pacientes deben llamar a la oficina al (305) 937-1999 para programar una cita como paciente nuevo.\",\"breadcrumb\":{\"@id\":\"https:\\\/\\\/rolandogarciamd.com\\\/es\\\/formularios\\\/#breadcrumb\"},\"inLanguage\":\"es-MX\",\"potentialAction\":[{\"@type\":\"ReadAction\",\"target\":[\"https:\\\/\\\/rolandogarciamd.com\\\/es\\\/formularios\\\/\"]}]},{\"@type\":\"ImageObject\",\"inLanguage\":\"es-MX\",\"@id\":\"https:\\\/\\\/rolandogarciamd.com\\\/es\\\/formularios\\\/#primaryimage\",\"url\":\"https:\\\/\\\/rolandogarciamd.com\\\/wp-content\\\/uploads\\\/forms.jpg\",\"contentUrl\":\"https:\\\/\\\/rolandogarciamd.com\\\/wp-content\\\/uploads\\\/forms.jpg\"},{\"@type\":\"BreadcrumbList\",\"@id\":\"https:\\\/\\\/rolandogarciamd.com\\\/es\\\/formularios\\\/#breadcrumb\",\"itemListElement\":[{\"@type\":\"ListItem\",\"position\":1,\"name\":\"Home\",\"item\":\"https:\\\/\\\/rolandogarciamd.com\\\/es\\\/\"},{\"@type\":\"ListItem\",\"position\":2,\"name\":\"Formularios\"}]},{\"@type\":\"WebSite\",\"@id\":\"https:\\\/\\\/rolandogarciamd.com\\\/es\\\/#website\",\"url\":\"https:\\\/\\\/rolandogarciamd.com\\\/es\\\/\",\"name\":\"Dr. Rolando Garcia Jr. En Espa\u00f1ol\",\"description\":\"Experiencia en Cirug\u00eda de Reemplazo Discal\",\"potentialAction\":[{\"@type\":\"SearchAction\",\"target\":{\"@type\":\"EntryPoint\",\"urlTemplate\":\"https:\\\/\\\/rolandogarciamd.com\\\/es\\\/?s={search_term_string}\"},\"query-input\":{\"@type\":\"PropertyValueSpecification\",\"valueRequired\":true,\"valueName\":\"search_term_string\"}}],\"inLanguage\":\"es-MX\"}]}<\/script>\n<!-- \/ Yoast SEO plugin. -->","yoast_head_json":{"title":"Formularios | Dr. Garc\u00eda","description":"Los nuevos pacientes deben llamar a la oficina al (305) 937-1999 para programar una cita como paciente nuevo.","robots":{"index":"index","follow":"follow","max-snippet":"max-snippet:-1","max-image-preview":"max-image-preview:large","max-video-preview":"max-video-preview:-1"},"canonical":"https:\/\/rolandogarciamd.com\/es\/formularios\/","og_locale":"es_MX","og_type":"article","og_title":"Formularios | Dr. Garc\u00eda","og_description":"Los nuevos pacientes deben llamar a la oficina al (305) 937-1999 para programar una cita como paciente nuevo.","og_url":"https:\/\/rolandogarciamd.com\/es\/formularios\/","og_site_name":"Dr. Rolando Garcia Jr. En Espa\u00f1ol","article_modified_time":"2023-08-28T22:40:07+00:00","og_image":[{"width":500,"height":500,"url":"https:\/\/rolandogarciamd.com\/es\/wp-content\/uploads\/sites\/2\/2016\/02\/forms.jpg","type":"image\/jpeg"}],"twitter_card":"summary_large_image","twitter_misc":{"Tiempo de lectura":"2 minutos"},"schema":{"@context":"https:\/\/schema.org","@graph":[{"@type":"WebPage","@id":"https:\/\/rolandogarciamd.com\/es\/formularios\/","url":"https:\/\/rolandogarciamd.com\/es\/formularios\/","name":"Formularios | Dr. Garc\u00eda","isPartOf":{"@id":"https:\/\/rolandogarciamd.com\/es\/#website"},"primaryImageOfPage":{"@id":"https:\/\/rolandogarciamd.com\/es\/formularios\/#primaryimage"},"image":{"@id":"https:\/\/rolandogarciamd.com\/es\/formularios\/#primaryimage"},"thumbnailUrl":"https:\/\/rolandogarciamd.com\/wp-content\/uploads\/forms.jpg","datePublished":"2016-01-06T18:53:51+00:00","dateModified":"2023-08-28T22:40:07+00:00","description":"Los nuevos pacientes deben llamar a la oficina al (305) 937-1999 para programar una cita como paciente nuevo.","breadcrumb":{"@id":"https:\/\/rolandogarciamd.com\/es\/formularios\/#breadcrumb"},"inLanguage":"es-MX","potentialAction":[{"@type":"ReadAction","target":["https:\/\/rolandogarciamd.com\/es\/formularios\/"]}]},{"@type":"ImageObject","inLanguage":"es-MX","@id":"https:\/\/rolandogarciamd.com\/es\/formularios\/#primaryimage","url":"https:\/\/rolandogarciamd.com\/wp-content\/uploads\/forms.jpg","contentUrl":"https:\/\/rolandogarciamd.com\/wp-content\/uploads\/forms.jpg"},{"@type":"BreadcrumbList","@id":"https:\/\/rolandogarciamd.com\/es\/formularios\/#breadcrumb","itemListElement":[{"@type":"ListItem","position":1,"name":"Home","item":"https:\/\/rolandogarciamd.com\/es\/"},{"@type":"ListItem","position":2,"name":"Formularios"}]},{"@type":"WebSite","@id":"https:\/\/rolandogarciamd.com\/es\/#website","url":"https:\/\/rolandogarciamd.com\/es\/","name":"Dr. Rolando Garcia Jr. En Espa\u00f1ol","description":"Experiencia en Cirug\u00eda de Reemplazo Discal","potentialAction":[{"@type":"SearchAction","target":{"@type":"EntryPoint","urlTemplate":"https:\/\/rolandogarciamd.com\/es\/?s={search_term_string}"},"query-input":{"@type":"PropertyValueSpecification","valueRequired":true,"valueName":"search_term_string"}}],"inLanguage":"es-MX"}]}},"uagb_featured_image_src":{"full":false,"thumbnail":false,"medium":false,"medium_large":false,"large":false,"1536x1536":false,"2048x2048":false,"gform-image-choice-sm":false,"gform-image-choice-md":false,"gform-image-choice-lg":false},"uagb_author_info":{"display_name":"","author_link":"https:\/\/rolandogarciamd.com\/es\/author\/"},"uagb_comment_info":0,"uagb_excerpt":"Para Pacientes Nuevos Los nuevos pacientes deben llamar a la oficina al 305.937.1999 para programar una cita como paciente nuevo. \u00a1Se le pedir\u00e1 que proporcione alguna informaci\u00f3n personal para fines de identificaci\u00f3n, as\u00ed como una direcci\u00f3n de correo electr\u00f3nico para...","_links":{"self":[{"href":"https:\/\/rolandogarciamd.com\/es\/wp-json\/wp\/v2\/pages\/23","targetHints":{"allow":["GET"]}}],"collection":[{"href":"https:\/\/rolandogarciamd.com\/es\/wp-json\/wp\/v2\/pages"}],"about":[{"href":"https:\/\/rolandogarciamd.com\/es\/wp-json\/wp\/v2\/types\/page"}],"author":[{"embeddable":true,"href":"https:\/\/rolandogarciamd.com\/es\/wp-json\/wp\/v2\/users\/1"}],"replies":[{"embeddable":true,"href":"https:\/\/rolandogarciamd.com\/es\/wp-json\/wp\/v2\/comments?post=23"}],"version-history":[{"count":0,"href":"https:\/\/rolandogarciamd.com\/es\/wp-json\/wp\/v2\/pages\/23\/revisions"}],"wp:attachment":[{"href":"https:\/\/rolandogarciamd.com\/es\/wp-json\/wp\/v2\/media?parent=23"}],"curies":[{"name":"wp","href":"https:\/\/api.w.org\/{rel}","templated":true}]}}