{"id":18,"date":"2016-01-06T18:49:01","date_gmt":"2016-01-06T18:49:01","guid":{"rendered":"http:\/\/drrolandogarcia.com\/?page_id=18"},"modified":"2025-02-13T10:15:01","modified_gmt":"2025-02-13T15:15:01","slug":"servicios","status":"publish","type":"page","link":"https:\/\/rolandogarciamd.com\/es\/servicios\/","title":{"rendered":"Servicios de Columna y Ortopedia"},"content":{"rendered":"\n<h2 class=\"wp-block-heading\"><span style=\"font-weight: 400;\">El Dr. Garc\u00eda es un cirujano ortop\u00e9dico certificado sub-especializado en el cuidado de la columna vertebral durante m\u00e1s de veintincinco a\u00f1os.<\/span><\/h2>\n\n\n\n<p><span style=\"font-weight: 400;\">Como tal, el Dr. Garc\u00eda brinda atenci\u00f3n m\u00e9dica para todas las condiciones ortop\u00e9dicas, mientras que proporciona una formaci\u00f3n particular y experiencia en condiciones de la columna vertebral.<\/span><\/p>\n\n\n\n<blockquote class=\"wp-block-quote is-layout-flow wp-block-quote-is-layout-flow\">\n<p>Nuestros servicios ortop\u00e9dicos para la columna vertebral abarcan una amplia gama de intervenciones diagn\u00f3sticas, terap\u00e9uticas y quir\u00fargicas para tratar diversas afecciones de la columna vertebral.<\/p>\n<cite><a href=\"https:\/\/rolandogarciamd.com\/es\/dr-rolando-garcia\/\">Rolando Garc\u00eda, MD, MPH<\/a><\/cite><\/blockquote>\n\n\n\n<h3 class=\"wp-block-heading\">Algunos de los servicios ortop\u00e9dicos de columna m\u00e1s comunes que ofrecemos incluyen:<\/h3>\n\n\n\n<ul class=\"wp-block-list\">\n<li><strong><a href=\"https:\/\/rolandogarciamd.com\/es\/diagnostico-y-evaluacion\/\">Diagn\u00f3stico y Evaluaci\u00f3n<\/a>:<\/strong> Los especialistas ortop\u00e9dicos de la columna vertebral realizan evaluaciones exhaustivas, que incluyen la revisi\u00f3n de la historia cl\u00ednica, ex\u00e1menes f\u00edsicos e im\u00e1genes de diagn\u00f3stico (radiograf\u00edas, resonancias magn\u00e9ticas, tomograf\u00edas computarizadas) para diagnosticar con precisi\u00f3n las afecciones de la columna vertebral e identificar las causas subyacentes del dolor o la disfunci\u00f3n.<\/li>\n\n\n\n<li><strong>Tratamientos No Quir\u00fargicos:<\/strong> Los m\u00e9dicos ortop\u00e9dicos especializados en columna vertebral a menudo recomiendan y proporcionan opciones de tratamiento no quir\u00fargico, como fisioterapia, administraci\u00f3n de medicamentos, t\u00e9cnicas de control del dolor (incluidas inyecciones) y programas de ejercicios especializados para aliviar el dolor, mejorar la movilidad y mejorar la salud general de la columna vertebral.<\/li>\n\n\n\n<li><strong><a href=\"https:\/\/rolandogarciamd.com\/es\/cirugia-minimamente-invasiva-columna-vertebral-miss\/\">Cirug\u00eda M\u00ednimamente Invasiva De La Columna Vertebral<\/a>:<\/strong> Los cirujanos ortop\u00e9dicos de columna est\u00e1n capacitados para realizar procedimientos m\u00ednimamente invasivos que implican incisiones m\u00e1s peque\u00f1as, instrumentos especializados y tecnolog\u00eda de imagen avanzada. Estos procedimientos tienen como objetivo tratar afecciones como hernias discales, estenosis espinal o inestabilidad espinal, con un menor da\u00f1o tisular, tiempos de recuperaci\u00f3n m\u00e1s r\u00e1pidos y menos dolor postoperatorio en comparaci\u00f3n con la cirug\u00eda abierta tradicional.<\/li>\n\n\n\n<li><strong><a href=\"https:\/\/rolandogarciamd.com\/es\/fusion-espinal\/\">Fusi\u00f3n Espinal<\/a>:<\/strong> La fusi\u00f3n espinal es un procedimiento quir\u00fargico en el que los huesos de la columna vertebral se fusionan para estabilizar e inmovilizar una secci\u00f3n da\u00f1ada o inestable de la columna vertebral. Se suele realizar para tratar afecciones como la enfermedad degenerativa del disco, la espondilolistesis o las fracturas de columna.<\/li>\n\n\n\n<li><strong>Reemplazo De Disco:<\/strong> Este procedimiento quir\u00fargico consiste en sustituir un disco vertebral da\u00f1ado o degenerado por un disco artificial. Su objetivo es mantener el movimiento natural de la columna vertebral y aliviar el dolor, preservando al mismo tiempo la flexibilidad y la estabilidad de la columna vertebral.<\/li>\n\n\n\n<li><strong>Correcci\u00f3n De Deformidades De La Columna Vertebral:<\/strong> Los cirujanos ortop\u00e9dicos de columna pueden corregir deformidades de la columna, como la escoliosis o la cifosis, mediante intervenciones quir\u00fargicas que implican realinear y estabilizar la columna. Estos procedimientos tienen como objetivo mejorar la postura, reducir el dolor y evitar que la deformidad siga avanzando.<\/li>\n\n\n\n<li><strong>Cirug\u00eda De Revisi\u00f3n De La Columna Vertebral:<\/strong> En los casos en que una cirug\u00eda de columna anterior no ha proporcionado el resultado deseado o se han producido complicaciones, los especialistas ortop\u00e9dicos de columna realizan cirug\u00edas de revisi\u00f3n para abordar los problemas subyacentes y mejorar la condici\u00f3n del paciente.<\/li>\n\n\n\n<li><strong><a href=\"https:\/\/rolandogarciamd.com\/es\/rehabilitacion-fisioterapia\/\">Rehabilitaci\u00f3n Y Fisioterapia<\/a>:<\/strong> Los servicios ortop\u00e9dicos de columna suelen incluir programas de rehabilitaci\u00f3n postoperatoria y fisioterapia adaptados a las necesidades de cada paciente. Estos programas se centran en restaurar la fuerza, la flexibilidad y la funci\u00f3n, as\u00ed como en prevenir futuros problemas de columna.<\/li>\n<\/ul>\n\n\n\n<h3 class=\"wp-block-heading\">Servicios Quir\u00fargicos<\/h3>\n\n\n\n<ul class=\"wp-block-list\">\n<li><a href=\"\/es\/reemplazo-total-de-disco-lumbar-tdr\/\">Reemplazo Total De Disco Lumbar (TDR)<\/a><\/li>\n\n\n\n<li><a href=\"\/es\/reemplazo-total-de-disco-cervical-tdr\/\">Reemplazo Total De Disco Cervical (TDR)<\/a><\/li>\n\n\n\n<li><a href=\"\/es\/descompresion-discectomia-microendoscopica\/\">Descompresi\u00f3n\/Discectom\u00eda Microendosc\u00f3pica<\/a><\/li>\n\n\n\n<li><a href=\"\/es\/descompresion-discectomia-microendoscopica\/\">Cirug\u00eda M\u00ednimamente Invasiva De La Columna Vertebral (MISS)<\/a><\/li>\n\n\n\n<li><a href=\"\/es\/descompresion-cervical-anterior-y-fusion-adcf\/\">Descompresi\u00f3n Cervical Anterior Y Fusi\u00f3n (ACDF)<\/a><\/li>\n\n\n\n<li><a href=\"\/es\/fusion-lumbar-anterior-intersomatica-alif\/\">Fusi\u00f3n Lumbar Intersom\u00e1tica Anterior (ALIF)<\/a><\/li>\n\n\n\n<li><a href=\"\/es\/descompresion-y-fusion-lumbar-posterior\/\">Descompresi\u00f3n Y Fusi\u00f3n Lumbar Posterior<\/a><\/li>\n\n\n\n<li><a href=\"\/es\/descompresion-cervical-posterior-y-fusion\/\">Descompresi\u00f3n Y Fusi\u00f3n Cervical Posterior<\/a><\/li>\n\n\n\n<li><a href=\"\/es\/vertebroplastia-cifoplastia\/\">Vertebroplast\u00eda \/ Cifoplast\u00eda<\/a><\/li>\n<\/ul>\n\n\n\n<p>Consulte nuestras&nbsp;<a href=\"https:\/\/rolandogarciamd.com\/es\/localizacion\/\">dos sedes<\/a>. Para todas las preguntas de programaci\u00f3n o para las citas, llame al&nbsp;<strong><a href=\"tel:+13059371999\">305.937.1999<\/a><\/strong><\/p>\n","protected":false},"excerpt":{"rendered":"<p>El Dr. Garc\u00eda es un cirujano ortop\u00e9dico certificado sub-especializado en el cuidado de la columna vertebral durante m\u00e1s de veintincinco a\u00f1os. Como tal, el Dr. Garc\u00eda brinda atenci\u00f3n m\u00e9dica para todas las condiciones ortop\u00e9dicas, mientras que proporciona una formaci\u00f3n particular y experiencia en condiciones de la columna vertebral. Nuestros servicios ortop\u00e9dicos para la columna vertebral&#8230; <a class=\"more-link\" href=\"https:\/\/rolandogarciamd.com\/es\/servicios\/\">[Read More]<\/a><\/p>\n","protected":false},"author":1,"featured_media":1028,"parent":0,"menu_order":0,"comment_status":"closed","ping_status":"closed","template":"","meta":{"_acf_changed":false,"_uag_custom_page_level_css":"","_monsterinsights_skip_tracking":false,"_monsterinsights_sitenote_active":false,"_monsterinsights_sitenote_note":"","_monsterinsights_sitenote_category":0,"_genesis_hide_title":false,"_genesis_hide_breadcrumbs":false,"_genesis_hide_singular_image":false,"_genesis_hide_footer_widgets":false,"_genesis_custom_body_class":"","_genesis_custom_post_class":"","_genesis_layout":"","footnotes":""},"class_list":{"0":"post-18","1":"page","2":"type-page","3":"status-publish","4":"has-post-thumbnail","6":"entry"},"acf":[],"yoast_head":"<!-- This site is optimized with the Yoast SEO plugin v26.1.1 - https:\/\/yoast.com\/wordpress\/plugins\/seo\/ -->\n<title>Servicios de Columna y Ortopedia - Dr. Rolando Garcia Jr. En Espa\u00f1ol<\/title>\n<meta name=\"description\" content=\"El Dr. Garc\u00eda es un cirujano ortop\u00e9dico certificado sub-especializado en el cuidado de la columna vertebral durante casi veinte a\u00f1os.\" \/>\n<meta name=\"robots\" content=\"index, follow, max-snippet:-1, max-image-preview:large, max-video-preview:-1\" \/>\n<link rel=\"canonical\" href=\"https:\/\/rolandogarciamd.com\/es\/servicios\/\" \/>\n<meta property=\"og:locale\" content=\"es_MX\" \/>\n<meta property=\"og:type\" content=\"article\" \/>\n<meta property=\"og:title\" content=\"Servicios de Columna y Ortopedia - Dr. Rolando Garcia Jr. En Espa\u00f1ol\" \/>\n<meta property=\"og:description\" content=\"El Dr. Garc\u00eda es un cirujano ortop\u00e9dico certificado sub-especializado en el cuidado de la columna vertebral durante casi veinte a\u00f1os.\" \/>\n<meta property=\"og:url\" content=\"https:\/\/rolandogarciamd.com\/es\/servicios\/\" \/>\n<meta property=\"og:site_name\" content=\"Dr. Rolando Garcia Jr. En Espa\u00f1ol\" \/>\n<meta property=\"article:modified_time\" content=\"2025-02-13T15:15:01+00:00\" \/>\n<meta property=\"og:image\" content=\"https:\/\/rolandogarciamd.com\/es\/wp-content\/uploads\/sites\/2\/2025\/02\/servicios-img.jpg\" \/>\n\t<meta property=\"og:image:width\" content=\"1900\" \/>\n\t<meta property=\"og:image:height\" content=\"1272\" \/>\n\t<meta property=\"og:image:type\" content=\"image\/jpeg\" \/>\n<meta name=\"twitter:card\" content=\"summary_large_image\" \/>\n<meta name=\"twitter:label1\" content=\"Tiempo de lectura\" \/>\n\t<meta name=\"twitter:data1\" content=\"3 minutos\" \/>\n<script type=\"application\/ld+json\" class=\"yoast-schema-graph\">{\"@context\":\"https:\/\/schema.org\",\"@graph\":[{\"@type\":\"WebPage\",\"@id\":\"https:\/\/rolandogarciamd.com\/es\/servicios\/\",\"url\":\"https:\/\/rolandogarciamd.com\/es\/servicios\/\",\"name\":\"Servicios de Columna y Ortopedia - Dr. Rolando Garcia Jr. En Espa\u00f1ol\",\"isPartOf\":{\"@id\":\"https:\/\/rolandogarciamd.com\/es\/#website\"},\"primaryImageOfPage\":{\"@id\":\"https:\/\/rolandogarciamd.com\/es\/servicios\/#primaryimage\"},\"image\":{\"@id\":\"https:\/\/rolandogarciamd.com\/es\/servicios\/#primaryimage\"},\"thumbnailUrl\":\"https:\/\/rolandogarciamd.com\/es\/wp-content\/uploads\/sites\/2\/2025\/02\/servicios-img.jpg\",\"datePublished\":\"2016-01-06T18:49:01+00:00\",\"dateModified\":\"2025-02-13T15:15:01+00:00\",\"description\":\"El Dr. Garc\u00eda es un cirujano ortop\u00e9dico certificado sub-especializado en el cuidado de la columna vertebral durante casi veinte a\u00f1os.\",\"breadcrumb\":{\"@id\":\"https:\/\/rolandogarciamd.com\/es\/servicios\/#breadcrumb\"},\"inLanguage\":\"es-MX\",\"potentialAction\":[{\"@type\":\"ReadAction\",\"target\":[\"https:\/\/rolandogarciamd.com\/es\/servicios\/\"]}]},{\"@type\":\"ImageObject\",\"inLanguage\":\"es-MX\",\"@id\":\"https:\/\/rolandogarciamd.com\/es\/servicios\/#primaryimage\",\"url\":\"https:\/\/rolandogarciamd.com\/es\/wp-content\/uploads\/sites\/2\/2025\/02\/servicios-img.jpg\",\"contentUrl\":\"https:\/\/rolandogarciamd.com\/es\/wp-content\/uploads\/sites\/2\/2025\/02\/servicios-img.jpg\",\"width\":1900,\"height\":1272,\"caption\":\"Servicios de Columna y Ortopedia\"},{\"@type\":\"BreadcrumbList\",\"@id\":\"https:\/\/rolandogarciamd.com\/es\/servicios\/#breadcrumb\",\"itemListElement\":[{\"@type\":\"ListItem\",\"position\":1,\"name\":\"Home\",\"item\":\"https:\/\/rolandogarciamd.com\/es\/\"},{\"@type\":\"ListItem\",\"position\":2,\"name\":\"Servicios de Columna y Ortopedia\"}]},{\"@type\":\"WebSite\",\"@id\":\"https:\/\/rolandogarciamd.com\/es\/#website\",\"url\":\"https:\/\/rolandogarciamd.com\/es\/\",\"name\":\"Dr. Rolando Garcia Jr. En Espa\u00f1ol\",\"description\":\"Experiencia en Cirug\u00eda de Reemplazo Discal\",\"potentialAction\":[{\"@type\":\"SearchAction\",\"target\":{\"@type\":\"EntryPoint\",\"urlTemplate\":\"https:\/\/rolandogarciamd.com\/es\/?s={search_term_string}\"},\"query-input\":{\"@type\":\"PropertyValueSpecification\",\"valueRequired\":true,\"valueName\":\"search_term_string\"}}],\"inLanguage\":\"es-MX\"}]}<\/script>\n<!-- \/ Yoast SEO plugin. -->","yoast_head_json":{"title":"Servicios de Columna y Ortopedia - Dr. Rolando Garcia Jr. En Espa\u00f1ol","description":"El Dr. Garc\u00eda es un cirujano ortop\u00e9dico certificado sub-especializado en el cuidado de la columna vertebral durante casi veinte a\u00f1os.","robots":{"index":"index","follow":"follow","max-snippet":"max-snippet:-1","max-image-preview":"max-image-preview:large","max-video-preview":"max-video-preview:-1"},"canonical":"https:\/\/rolandogarciamd.com\/es\/servicios\/","og_locale":"es_MX","og_type":"article","og_title":"Servicios de Columna y Ortopedia - Dr. Rolando Garcia Jr. En Espa\u00f1ol","og_description":"El Dr. Garc\u00eda es un cirujano ortop\u00e9dico certificado sub-especializado en el cuidado de la columna vertebral durante casi veinte a\u00f1os.","og_url":"https:\/\/rolandogarciamd.com\/es\/servicios\/","og_site_name":"Dr. Rolando Garcia Jr. En Espa\u00f1ol","article_modified_time":"2025-02-13T15:15:01+00:00","og_image":[{"width":1900,"height":1272,"url":"https:\/\/rolandogarciamd.com\/es\/wp-content\/uploads\/sites\/2\/2025\/02\/servicios-img.jpg","type":"image\/jpeg"}],"twitter_card":"summary_large_image","twitter_misc":{"Tiempo de lectura":"3 minutos"},"schema":{"@context":"https:\/\/schema.org","@graph":[{"@type":"WebPage","@id":"https:\/\/rolandogarciamd.com\/es\/servicios\/","url":"https:\/\/rolandogarciamd.com\/es\/servicios\/","name":"Servicios de Columna y Ortopedia - Dr. Rolando Garcia Jr. En Espa\u00f1ol","isPartOf":{"@id":"https:\/\/rolandogarciamd.com\/es\/#website"},"primaryImageOfPage":{"@id":"https:\/\/rolandogarciamd.com\/es\/servicios\/#primaryimage"},"image":{"@id":"https:\/\/rolandogarciamd.com\/es\/servicios\/#primaryimage"},"thumbnailUrl":"https:\/\/rolandogarciamd.com\/es\/wp-content\/uploads\/sites\/2\/2025\/02\/servicios-img.jpg","datePublished":"2016-01-06T18:49:01+00:00","dateModified":"2025-02-13T15:15:01+00:00","description":"El Dr. Garc\u00eda es un cirujano ortop\u00e9dico certificado sub-especializado en el cuidado de la columna vertebral durante casi veinte a\u00f1os.","breadcrumb":{"@id":"https:\/\/rolandogarciamd.com\/es\/servicios\/#breadcrumb"},"inLanguage":"es-MX","potentialAction":[{"@type":"ReadAction","target":["https:\/\/rolandogarciamd.com\/es\/servicios\/"]}]},{"@type":"ImageObject","inLanguage":"es-MX","@id":"https:\/\/rolandogarciamd.com\/es\/servicios\/#primaryimage","url":"https:\/\/rolandogarciamd.com\/es\/wp-content\/uploads\/sites\/2\/2025\/02\/servicios-img.jpg","contentUrl":"https:\/\/rolandogarciamd.com\/es\/wp-content\/uploads\/sites\/2\/2025\/02\/servicios-img.jpg","width":1900,"height":1272,"caption":"Servicios de Columna y Ortopedia"},{"@type":"BreadcrumbList","@id":"https:\/\/rolandogarciamd.com\/es\/servicios\/#breadcrumb","itemListElement":[{"@type":"ListItem","position":1,"name":"Home","item":"https:\/\/rolandogarciamd.com\/es\/"},{"@type":"ListItem","position":2,"name":"Servicios de Columna y Ortopedia"}]},{"@type":"WebSite","@id":"https:\/\/rolandogarciamd.com\/es\/#website","url":"https:\/\/rolandogarciamd.com\/es\/","name":"Dr. Rolando Garcia Jr. En Espa\u00f1ol","description":"Experiencia en Cirug\u00eda de Reemplazo Discal","potentialAction":[{"@type":"SearchAction","target":{"@type":"EntryPoint","urlTemplate":"https:\/\/rolandogarciamd.com\/es\/?s={search_term_string}"},"query-input":{"@type":"PropertyValueSpecification","valueRequired":true,"valueName":"search_term_string"}}],"inLanguage":"es-MX"}]}},"uagb_featured_image_src":{"full":["https:\/\/rolandogarciamd.com\/es\/wp-content\/uploads\/sites\/2\/2025\/02\/servicios-img.jpg",1900,1272,false],"thumbnail":["https:\/\/rolandogarciamd.com\/es\/wp-content\/uploads\/sites\/2\/2025\/02\/servicios-img-150x150.jpg",150,150,true],"medium":["https:\/\/rolandogarciamd.com\/es\/wp-content\/uploads\/sites\/2\/2025\/02\/servicios-img-300x201.jpg",300,201,true],"medium_large":["https:\/\/rolandogarciamd.com\/es\/wp-content\/uploads\/sites\/2\/2025\/02\/servicios-img-768x514.jpg",768,514,true],"large":["https:\/\/rolandogarciamd.com\/es\/wp-content\/uploads\/sites\/2\/2025\/02\/servicios-img-1024x686.jpg",1024,686,true],"1536x1536":["https:\/\/rolandogarciamd.com\/es\/wp-content\/uploads\/sites\/2\/2025\/02\/servicios-img-1536x1028.jpg",1536,1028,true],"2048x2048":["https:\/\/rolandogarciamd.com\/es\/wp-content\/uploads\/sites\/2\/2025\/02\/servicios-img.jpg",1900,1272,false],"gform-image-choice-sm":["https:\/\/rolandogarciamd.com\/es\/wp-content\/uploads\/sites\/2\/2025\/02\/servicios-img.jpg",300,201,false],"gform-image-choice-md":["https:\/\/rolandogarciamd.com\/es\/wp-content\/uploads\/sites\/2\/2025\/02\/servicios-img.jpg",400,268,false],"gform-image-choice-lg":["https:\/\/rolandogarciamd.com\/es\/wp-content\/uploads\/sites\/2\/2025\/02\/servicios-img.jpg",600,402,false]},"uagb_author_info":{"display_name":"","author_link":"https:\/\/rolandogarciamd.com\/es\/author\/"},"uagb_comment_info":0,"uagb_excerpt":"El Dr. Garc\u00eda es un cirujano ortop\u00e9dico certificado sub-especializado en el cuidado de la columna vertebral durante m\u00e1s de veintincinco a\u00f1os. Como tal, el Dr. Garc\u00eda brinda atenci\u00f3n m\u00e9dica para todas las condiciones ortop\u00e9dicas, mientras que proporciona una formaci\u00f3n particular y experiencia en condiciones de la columna vertebral. Nuestros servicios ortop\u00e9dicos para la columna vertebral...&hellip;","_links":{"self":[{"href":"https:\/\/rolandogarciamd.com\/es\/wp-json\/wp\/v2\/pages\/18","targetHints":{"allow":["GET"]}}],"collection":[{"href":"https:\/\/rolandogarciamd.com\/es\/wp-json\/wp\/v2\/pages"}],"about":[{"href":"https:\/\/rolandogarciamd.com\/es\/wp-json\/wp\/v2\/types\/page"}],"author":[{"embeddable":true,"href":"https:\/\/rolandogarciamd.com\/es\/wp-json\/wp\/v2\/users\/1"}],"replies":[{"embeddable":true,"href":"https:\/\/rolandogarciamd.com\/es\/wp-json\/wp\/v2\/comments?post=18"}],"version-history":[{"count":0,"href":"https:\/\/rolandogarciamd.com\/es\/wp-json\/wp\/v2\/pages\/18\/revisions"}],"wp:featuredmedia":[{"embeddable":true,"href":"https:\/\/rolandogarciamd.com\/es\/wp-json\/wp\/v2\/media\/1028"}],"wp:attachment":[{"href":"https:\/\/rolandogarciamd.com\/es\/wp-json\/wp\/v2\/media?parent=18"}],"curies":[{"name":"wp","href":"https:\/\/api.w.org\/{rel}","templated":true}]}}