{"id":16,"date":"2016-01-06T18:48:34","date_gmt":"2016-01-06T18:48:34","guid":{"rendered":"http:\/\/drrolandogarcia.com\/?page_id=16"},"modified":"2024-12-10T17:53:51","modified_gmt":"2024-12-10T22:53:51","slug":"dr-rolando-garcia","status":"publish","type":"page","link":"https:\/\/rolandogarciamd.com\/es\/dr-rolando-garcia\/","title":{"rendered":"Dr. Rolando Garcia, Jr."},"content":{"rendered":"\n<figure class=\"wp-block-video\"><video controls poster=\"\/es\/wp-content\/uploads\/sites\/2\/2024\/12\/banner-thumbnail-spa.jpg\" src=\"https:\/\/rolandogarciamd.com\/wp-content\/uploads\/dr_garcia_introduction-1.mp4\"><\/video><\/figure>\n\n\n\n<div style=\"height:40px\" aria-hidden=\"true\" class=\"wp-block-spacer\"><\/div>\n\n\n\n<h3 class=\"uk-margin-remove\"><strong>Especialidad:<\/strong><\/h3>\n<p>Cirug\u00eda Ortop\u00e9dica<\/p>\n<h3 class=\"uk-margin-remove\"><strong>Sub Especialidad:<\/strong><\/h3>\n<p>Cirug\u00eda de Columna<\/p>\n<h3 class=\"uk-margin-remove\"><strong>Acreditaci\u00f3n:<\/strong><\/h3>\n    <h4 class=\"wp-block-heading\"><strong>Board Certified<\/strong><\/h4>\n    <p style=\"display: flex;\"><img decoding=\"async\" alt=\"Orthopedic Surgery\" src=\"\/wp-content\/uploads\/2023\/07\/logo-certified-1.png\" style=\"margin: -10px 10px 0 0 !important;\" width=\"auto\" height=\"auto\" border=\"0\"> American Board of Orthopedic Surgery \u2013 1999<\/p>\n    <h4 class=\"wp-block-heading\"><strong>Board Certified<\/strong><\/h4>\n    <p style=\"display: flex;\"><img decoding=\"async\" alt=\"Orthopedic Surgery\" src=\"\/wp-content\/uploads\/2023\/07\/logo-certified-2.png\" style=\"margin: -10px 10px 0 0 !important;\" width=\"auto\" height=\"auto\" border=\"0\"> American Board of Spine Surgery \u2013 2004<\/p>\n    <div class=\"wp-block-button\"><a class=\"wp-block-button__link has-background wp-element-button\" href=\"\/wp-content\/uploads\/Garcia_CV.pdf\" style=\"background-color:#163f6b\" target=\"_blank\" rel=\"noreferrer noopener\">Curriculum Vitae<\/a><\/div>\n    <p style=\"clear: both;\">&nbsp;<\/p>\n\n\n\n<div style=\"height:40px\" aria-hidden=\"true\" class=\"wp-block-spacer\"><\/div>\n\n\n\n<h2 class=\"wp-block-heading\">Acerca del Dr. Garc\u00eda<\/h2>\n\n\n\n<figure><img loading=\"lazy\" decoding=\"async\" class=\"alignright wp-image-212\" src=\"\/wp-content\/uploads\/rolandogarciamd.jpg\" alt=\"rolandogarciamd\" width=\"500\" height=\"333\"><\/figure><p>El Dr. Rolando Garc\u00eda, Jr. naci\u00f3 en Cuba de padres cubanos. Asisti\u00f3 a la Universidad de Tulane, gradu\u00e1ndose summa cum laude en el Departamento de Biolog\u00eda. El Dr. Garc\u00eda complet\u00f3 sus estudios de medicina en la Facultad de Medicina de la Universidad de Tulane, donde obtuvo el t\u00edtulo de Doctor en Medicina y un M\u00e1ster en Salud P\u00fablica.<\/p>\n\n\n\n<p>En 1991, el Dr. Garc\u00eda comenz\u00f3 un internado de cirug\u00eda general en Tulane seguido de una residencia de cuatro a\u00f1os en cirug\u00eda ortop\u00e9dica que complet\u00f3 en 1996. Durante su \u00faltimo a\u00f1o de residencia, el Dr. Garc\u00eda ejerci\u00f3 como Jefe de Residentes del Departamento de Ortopedia y recibi\u00f3 el prestigioso premio Irene C. Thibodeaux que se concede anualmente al residente senior que, seleccionado por la clase de primer a\u00f1o, mejor ejemplifica las cualidades de liderazgo, atenci\u00f3n y que ha sido un modelo excepcional para los residentes junior.<\/p>\n\n\n\n<p>Al finalizar su formaci\u00f3n en cirug\u00eda ortop\u00e9dica, el Dr. Garc\u00eda particip\u00f3 en una beca de un a\u00f1o en cirug\u00eda de la columna vertebral en el North Carolina Spine Center de Chapel Hill, Carolina del Norte, que complet\u00f3 con \u00e9xito en 1997. En 1997, el Dr. Garc\u00eda se uni\u00f3 al Orthopedic Care Center, donde ha ejercido durante casi veinte a\u00f1os.<\/p>\n\n\n\n<p>Como \u00e1vido cient\u00edfico e investigador, el Dr. Garc\u00eda ha participado en m\u00e1s de cinco ensayos de Exenci\u00f3n de Dispositivos de Investigaci\u00f3n de la FDA, actuando como coinvestigador principal en el ensayo IDE ActivL. El Dr. Garc\u00eda tiene m\u00faltiples publicaciones en revistas revisadas por pares (ver bibliograf\u00eda), as\u00ed como varios cap\u00edtulos de libros (bibliograf\u00eda).<\/p>\n\n\n\n<p>El Dr. Garc\u00eda ha sido Jefe de Ortopedia y miembro del Consejo de Administraci\u00f3n del Aventura Hospital and Medical Center. Adem\u00e1s de su pr\u00e1ctica privada, ha servido a la comunidad del sur de Florida como director del cribado de escoliosis del condado de Dade y fue galardonado con el premio al Voluntario del A\u00f1o por Easter Seals de Miami.<\/p>\n","protected":false},"excerpt":{"rendered":"<p>Especialidad: Cirug\u00eda Ortop\u00e9dica Sub Especialidad: Cirug\u00eda de Columna Acreditaci\u00f3n: Board Certified American Board of Orthopedic Surgery \u2013 1999 Board Certified American Board of Spine Surgery \u2013 2004 Curriculum Vitae &nbsp; Acerca del Dr. Garc\u00eda El Dr. Rolando Garc\u00eda, Jr. naci\u00f3 en Cuba de padres cubanos. Asisti\u00f3 a la Universidad de Tulane, gradu\u00e1ndose summa cum laude&#8230; <a class=\"more-link\" href=\"https:\/\/rolandogarciamd.com\/es\/dr-rolando-garcia\/\">[Read More]<\/a><\/p>\n","protected":false},"author":1,"featured_media":0,"parent":0,"menu_order":0,"comment_status":"closed","ping_status":"closed","template":"","meta":{"_acf_changed":false,"_uag_custom_page_level_css":"","_monsterinsights_skip_tracking":false,"_monsterinsights_sitenote_active":false,"_monsterinsights_sitenote_note":"","_monsterinsights_sitenote_category":0,"_genesis_hide_title":false,"_genesis_hide_breadcrumbs":false,"_genesis_hide_singular_image":false,"_genesis_hide_footer_widgets":false,"_genesis_custom_body_class":"","_genesis_custom_post_class":"","_genesis_layout":"","footnotes":""},"class_list":{"0":"post-16","1":"page","2":"type-page","3":"status-publish","5":"entry","6":"has-post-thumbnail"},"acf":[],"yoast_head":"<!-- This site is optimized with the Yoast SEO plugin v26.1.1 - https:\/\/yoast.com\/wordpress\/plugins\/seo\/ -->\n<title>Dr. Rolando Garcia, Jr. - Cirujano Ortop\u00e9dico de Columna en Miami<\/title>\n<meta name=\"description\" content=\"El Dr. Garc\u00eda es un Cirujano Ortop\u00e9dico Certificado sub-especializado en el cuidado de la columna vertebral en Miami, Florida...\" \/>\n<meta name=\"robots\" content=\"index, follow, max-snippet:-1, max-image-preview:large, max-video-preview:-1\" \/>\n<link rel=\"canonical\" href=\"https:\/\/rolandogarciamd.com\/es\/dr-rolando-garcia\/\" \/>\n<meta property=\"og:locale\" content=\"es_MX\" \/>\n<meta property=\"og:type\" content=\"article\" \/>\n<meta property=\"og:title\" content=\"Dr. Rolando Garcia, Jr. - Cirujano Ortop\u00e9dico de Columna en Miami\" \/>\n<meta property=\"og:description\" content=\"El Dr. Garc\u00eda es un Cirujano Ortop\u00e9dico Certificado sub-especializado en el cuidado de la columna vertebral en Miami, Florida...\" \/>\n<meta property=\"og:url\" content=\"https:\/\/rolandogarciamd.com\/es\/dr-rolando-garcia\/\" \/>\n<meta property=\"og:site_name\" content=\"Dr. Rolando Garcia Jr. En Espa\u00f1ol\" \/>\n<meta property=\"article:modified_time\" content=\"2024-12-10T22:53:51+00:00\" \/>\n<meta name=\"twitter:card\" content=\"summary_large_image\" \/>\n<meta name=\"twitter:label1\" content=\"Tiempo de lectura\" \/>\n\t<meta name=\"twitter:data1\" content=\"3 minutos\" \/>\n<script type=\"application\/ld+json\" class=\"yoast-schema-graph\">{\"@context\":\"https:\/\/schema.org\",\"@graph\":[{\"@type\":\"WebPage\",\"@id\":\"https:\/\/rolandogarciamd.com\/es\/dr-rolando-garcia\/\",\"url\":\"https:\/\/rolandogarciamd.com\/es\/dr-rolando-garcia\/\",\"name\":\"Dr. Rolando Garcia, Jr. - Cirujano Ortop\u00e9dico de Columna en Miami\",\"isPartOf\":{\"@id\":\"https:\/\/rolandogarciamd.com\/es\/#website\"},\"datePublished\":\"2016-01-06T18:48:34+00:00\",\"dateModified\":\"2024-12-10T22:53:51+00:00\",\"description\":\"El Dr. Garc\u00eda es un Cirujano Ortop\u00e9dico Certificado sub-especializado en el cuidado de la columna vertebral en Miami, Florida...\",\"breadcrumb\":{\"@id\":\"https:\/\/rolandogarciamd.com\/es\/dr-rolando-garcia\/#breadcrumb\"},\"inLanguage\":\"es-MX\",\"potentialAction\":[{\"@type\":\"ReadAction\",\"target\":[\"https:\/\/rolandogarciamd.com\/es\/dr-rolando-garcia\/\"]}]},{\"@type\":\"BreadcrumbList\",\"@id\":\"https:\/\/rolandogarciamd.com\/es\/dr-rolando-garcia\/#breadcrumb\",\"itemListElement\":[{\"@type\":\"ListItem\",\"position\":1,\"name\":\"Home\",\"item\":\"https:\/\/rolandogarciamd.com\/es\/\"},{\"@type\":\"ListItem\",\"position\":2,\"name\":\"Dr. Rolando Garcia, Jr.\"}]},{\"@type\":\"WebSite\",\"@id\":\"https:\/\/rolandogarciamd.com\/es\/#website\",\"url\":\"https:\/\/rolandogarciamd.com\/es\/\",\"name\":\"Dr. Rolando Garcia Jr. En Espa\u00f1ol\",\"description\":\"Experiencia en Cirug\u00eda de Reemplazo Discal\",\"potentialAction\":[{\"@type\":\"SearchAction\",\"target\":{\"@type\":\"EntryPoint\",\"urlTemplate\":\"https:\/\/rolandogarciamd.com\/es\/?s={search_term_string}\"},\"query-input\":{\"@type\":\"PropertyValueSpecification\",\"valueRequired\":true,\"valueName\":\"search_term_string\"}}],\"inLanguage\":\"es-MX\"}]}<\/script>\n<!-- \/ Yoast SEO plugin. -->","yoast_head_json":{"title":"Dr. Rolando Garcia, Jr. - Cirujano Ortop\u00e9dico de Columna en Miami","description":"El Dr. Garc\u00eda es un Cirujano Ortop\u00e9dico Certificado sub-especializado en el cuidado de la columna vertebral en Miami, Florida...","robots":{"index":"index","follow":"follow","max-snippet":"max-snippet:-1","max-image-preview":"max-image-preview:large","max-video-preview":"max-video-preview:-1"},"canonical":"https:\/\/rolandogarciamd.com\/es\/dr-rolando-garcia\/","og_locale":"es_MX","og_type":"article","og_title":"Dr. Rolando Garcia, Jr. - Cirujano Ortop\u00e9dico de Columna en Miami","og_description":"El Dr. Garc\u00eda es un Cirujano Ortop\u00e9dico Certificado sub-especializado en el cuidado de la columna vertebral en Miami, Florida...","og_url":"https:\/\/rolandogarciamd.com\/es\/dr-rolando-garcia\/","og_site_name":"Dr. Rolando Garcia Jr. En Espa\u00f1ol","article_modified_time":"2024-12-10T22:53:51+00:00","twitter_card":"summary_large_image","twitter_misc":{"Tiempo de lectura":"3 minutos"},"schema":{"@context":"https:\/\/schema.org","@graph":[{"@type":"WebPage","@id":"https:\/\/rolandogarciamd.com\/es\/dr-rolando-garcia\/","url":"https:\/\/rolandogarciamd.com\/es\/dr-rolando-garcia\/","name":"Dr. Rolando Garcia, Jr. - Cirujano Ortop\u00e9dico de Columna en Miami","isPartOf":{"@id":"https:\/\/rolandogarciamd.com\/es\/#website"},"datePublished":"2016-01-06T18:48:34+00:00","dateModified":"2024-12-10T22:53:51+00:00","description":"El Dr. Garc\u00eda es un Cirujano Ortop\u00e9dico Certificado sub-especializado en el cuidado de la columna vertebral en Miami, Florida...","breadcrumb":{"@id":"https:\/\/rolandogarciamd.com\/es\/dr-rolando-garcia\/#breadcrumb"},"inLanguage":"es-MX","potentialAction":[{"@type":"ReadAction","target":["https:\/\/rolandogarciamd.com\/es\/dr-rolando-garcia\/"]}]},{"@type":"BreadcrumbList","@id":"https:\/\/rolandogarciamd.com\/es\/dr-rolando-garcia\/#breadcrumb","itemListElement":[{"@type":"ListItem","position":1,"name":"Home","item":"https:\/\/rolandogarciamd.com\/es\/"},{"@type":"ListItem","position":2,"name":"Dr. Rolando Garcia, Jr."}]},{"@type":"WebSite","@id":"https:\/\/rolandogarciamd.com\/es\/#website","url":"https:\/\/rolandogarciamd.com\/es\/","name":"Dr. Rolando Garcia Jr. En Espa\u00f1ol","description":"Experiencia en Cirug\u00eda de Reemplazo Discal","potentialAction":[{"@type":"SearchAction","target":{"@type":"EntryPoint","urlTemplate":"https:\/\/rolandogarciamd.com\/es\/?s={search_term_string}"},"query-input":{"@type":"PropertyValueSpecification","valueRequired":true,"valueName":"search_term_string"}}],"inLanguage":"es-MX"}]}},"uagb_featured_image_src":{"full":false,"thumbnail":false,"medium":false,"medium_large":false,"large":false,"1536x1536":false,"2048x2048":false,"gform-image-choice-sm":false,"gform-image-choice-md":false,"gform-image-choice-lg":false},"uagb_author_info":{"display_name":"","author_link":"https:\/\/rolandogarciamd.com\/es\/author\/"},"uagb_comment_info":0,"uagb_excerpt":"Especialidad: Cirug\u00eda Ortop\u00e9dica Sub Especialidad: Cirug\u00eda de Columna Acreditaci\u00f3n: Board Certified American Board of Orthopedic Surgery \u2013 1999 Board Certified American Board of Spine Surgery \u2013 2004 Curriculum Vitae &nbsp; Acerca del Dr. Garc\u00eda El Dr. Rolando Garc\u00eda, Jr. naci\u00f3 en Cuba de padres cubanos. Asisti\u00f3 a la Universidad de Tulane, gradu\u00e1ndose summa cum laude...&hellip;","_links":{"self":[{"href":"https:\/\/rolandogarciamd.com\/es\/wp-json\/wp\/v2\/pages\/16","targetHints":{"allow":["GET"]}}],"collection":[{"href":"https:\/\/rolandogarciamd.com\/es\/wp-json\/wp\/v2\/pages"}],"about":[{"href":"https:\/\/rolandogarciamd.com\/es\/wp-json\/wp\/v2\/types\/page"}],"author":[{"embeddable":true,"href":"https:\/\/rolandogarciamd.com\/es\/wp-json\/wp\/v2\/users\/1"}],"replies":[{"embeddable":true,"href":"https:\/\/rolandogarciamd.com\/es\/wp-json\/wp\/v2\/comments?post=16"}],"version-history":[{"count":0,"href":"https:\/\/rolandogarciamd.com\/es\/wp-json\/wp\/v2\/pages\/16\/revisions"}],"wp:attachment":[{"href":"https:\/\/rolandogarciamd.com\/es\/wp-json\/wp\/v2\/media?parent=16"}],"curies":[{"name":"wp","href":"https:\/\/api.w.org\/{rel}","templated":true}]}}