{"id":114,"date":"2016-02-10T18:23:02","date_gmt":"2016-02-10T18:23:02","guid":{"rendered":"http:\/\/drrolandogarcia.com\/?page_id=114"},"modified":"2023-08-25T09:01:39","modified_gmt":"2023-08-25T14:01:39","slug":"descompresion-microendoscopica","status":"publish","type":"page","link":"https:\/\/rolandogarciamd.com\/es\/descompresion-microendoscopica\/","title":{"rendered":"Procedimiento de Descompresi\u00f3n Microendosc\u00f3pica"},"content":{"rendered":"<p>Pr\u00f3ximamente.<\/p>\n","protected":false},"excerpt":{"rendered":"<p>Pr\u00f3ximamente.<\/p>\n","protected":false},"author":1,"featured_media":0,"parent":0,"menu_order":0,"comment_status":"closed","ping_status":"closed","template":"","meta":{"_acf_changed":false,"_uag_custom_page_level_css":"","_monsterinsights_skip_tracking":false,"_monsterinsights_sitenote_active":false,"_monsterinsights_sitenote_note":"","_monsterinsights_sitenote_category":0,"_genesis_hide_title":false,"_genesis_hide_breadcrumbs":false,"_genesis_hide_singular_image":false,"_genesis_hide_footer_widgets":false,"_genesis_custom_body_class":"","_genesis_custom_post_class":"","_genesis_layout":"","footnotes":""},"class_list":{"0":"post-114","1":"page","2":"type-page","3":"status-publish","5":"entry"},"acf":[],"yoast_head":"<!-- This site is optimized with the Yoast SEO plugin v26.1.1 - https:\/\/yoast.com\/wordpress\/plugins\/seo\/ -->\n<title>Procedimiento de Descompresi\u00f3n Microendosc\u00f3pica - Dr. Rolando Garcia Jr. En Espa\u00f1ol<\/title>\n<meta name=\"description\" content=\"Pr\u00f3ximamente.\" \/>\n<meta name=\"robots\" content=\"index, follow, max-snippet:-1, max-image-preview:large, max-video-preview:-1\" \/>\n<link rel=\"canonical\" href=\"https:\/\/rolandogarciamd.com\/es\/descompresion-microendoscopica\/\" \/>\n<meta property=\"og:locale\" content=\"es_MX\" \/>\n<meta property=\"og:type\" content=\"article\" \/>\n<meta property=\"og:title\" content=\"Procedimiento de Descompresi\u00f3n Microendosc\u00f3pica - Dr. Rolando Garcia Jr. En Espa\u00f1ol\" \/>\n<meta property=\"og:description\" content=\"Pr\u00f3ximamente.\" \/>\n<meta property=\"og:url\" content=\"https:\/\/rolandogarciamd.com\/es\/descompresion-microendoscopica\/\" \/>\n<meta property=\"og:site_name\" content=\"Dr. Rolando Garcia Jr. En Espa\u00f1ol\" \/>\n<meta property=\"article:modified_time\" content=\"2023-08-25T14:01:39+00:00\" \/>\n<meta name=\"twitter:card\" content=\"summary_large_image\" \/>\n<meta name=\"twitter:label1\" content=\"Tiempo de lectura\" \/>\n\t<meta name=\"twitter:data1\" content=\"1 minuto\" \/>\n<script type=\"application\/ld+json\" class=\"yoast-schema-graph\">{\"@context\":\"https:\/\/schema.org\",\"@graph\":[{\"@type\":\"WebPage\",\"@id\":\"https:\/\/rolandogarciamd.com\/es\/descompresion-microendoscopica\/\",\"url\":\"https:\/\/rolandogarciamd.com\/es\/descompresion-microendoscopica\/\",\"name\":\"Procedimiento de Descompresi\u00f3n Microendosc\u00f3pica - Dr. Rolando Garcia Jr. En Espa\u00f1ol\",\"isPartOf\":{\"@id\":\"https:\/\/rolandogarciamd.com\/es\/#website\"},\"datePublished\":\"2016-02-10T18:23:02+00:00\",\"dateModified\":\"2023-08-25T14:01:39+00:00\",\"description\":\"Pr\u00f3ximamente.\",\"breadcrumb\":{\"@id\":\"https:\/\/rolandogarciamd.com\/es\/descompresion-microendoscopica\/#breadcrumb\"},\"inLanguage\":\"es-MX\",\"potentialAction\":[{\"@type\":\"ReadAction\",\"target\":[\"https:\/\/rolandogarciamd.com\/es\/descompresion-microendoscopica\/\"]}]},{\"@type\":\"BreadcrumbList\",\"@id\":\"https:\/\/rolandogarciamd.com\/es\/descompresion-microendoscopica\/#breadcrumb\",\"itemListElement\":[{\"@type\":\"ListItem\",\"position\":1,\"name\":\"Home\",\"item\":\"https:\/\/rolandogarciamd.com\/es\/\"},{\"@type\":\"ListItem\",\"position\":2,\"name\":\"Procedimiento de Descompresi\u00f3n Microendosc\u00f3pica\"}]},{\"@type\":\"WebSite\",\"@id\":\"https:\/\/rolandogarciamd.com\/es\/#website\",\"url\":\"https:\/\/rolandogarciamd.com\/es\/\",\"name\":\"Dr. Rolando Garcia Jr. En Espa\u00f1ol\",\"description\":\"Experiencia en Cirug\u00eda de Reemplazo Discal\",\"potentialAction\":[{\"@type\":\"SearchAction\",\"target\":{\"@type\":\"EntryPoint\",\"urlTemplate\":\"https:\/\/rolandogarciamd.com\/es\/?s={search_term_string}\"},\"query-input\":{\"@type\":\"PropertyValueSpecification\",\"valueRequired\":true,\"valueName\":\"search_term_string\"}}],\"inLanguage\":\"es-MX\"}]}<\/script>\n<!-- \/ Yoast SEO plugin. -->","yoast_head_json":{"title":"Procedimiento de Descompresi\u00f3n Microendosc\u00f3pica - Dr. Rolando Garcia Jr. En Espa\u00f1ol","description":"Pr\u00f3ximamente.","robots":{"index":"index","follow":"follow","max-snippet":"max-snippet:-1","max-image-preview":"max-image-preview:large","max-video-preview":"max-video-preview:-1"},"canonical":"https:\/\/rolandogarciamd.com\/es\/descompresion-microendoscopica\/","og_locale":"es_MX","og_type":"article","og_title":"Procedimiento de Descompresi\u00f3n Microendosc\u00f3pica - Dr. Rolando Garcia Jr. En Espa\u00f1ol","og_description":"Pr\u00f3ximamente.","og_url":"https:\/\/rolandogarciamd.com\/es\/descompresion-microendoscopica\/","og_site_name":"Dr. Rolando Garcia Jr. En Espa\u00f1ol","article_modified_time":"2023-08-25T14:01:39+00:00","twitter_card":"summary_large_image","twitter_misc":{"Tiempo de lectura":"1 minuto"},"schema":{"@context":"https:\/\/schema.org","@graph":[{"@type":"WebPage","@id":"https:\/\/rolandogarciamd.com\/es\/descompresion-microendoscopica\/","url":"https:\/\/rolandogarciamd.com\/es\/descompresion-microendoscopica\/","name":"Procedimiento de Descompresi\u00f3n Microendosc\u00f3pica - Dr. Rolando Garcia Jr. En Espa\u00f1ol","isPartOf":{"@id":"https:\/\/rolandogarciamd.com\/es\/#website"},"datePublished":"2016-02-10T18:23:02+00:00","dateModified":"2023-08-25T14:01:39+00:00","description":"Pr\u00f3ximamente.","breadcrumb":{"@id":"https:\/\/rolandogarciamd.com\/es\/descompresion-microendoscopica\/#breadcrumb"},"inLanguage":"es-MX","potentialAction":[{"@type":"ReadAction","target":["https:\/\/rolandogarciamd.com\/es\/descompresion-microendoscopica\/"]}]},{"@type":"BreadcrumbList","@id":"https:\/\/rolandogarciamd.com\/es\/descompresion-microendoscopica\/#breadcrumb","itemListElement":[{"@type":"ListItem","position":1,"name":"Home","item":"https:\/\/rolandogarciamd.com\/es\/"},{"@type":"ListItem","position":2,"name":"Procedimiento de Descompresi\u00f3n Microendosc\u00f3pica"}]},{"@type":"WebSite","@id":"https:\/\/rolandogarciamd.com\/es\/#website","url":"https:\/\/rolandogarciamd.com\/es\/","name":"Dr. Rolando Garcia Jr. En Espa\u00f1ol","description":"Experiencia en Cirug\u00eda de Reemplazo Discal","potentialAction":[{"@type":"SearchAction","target":{"@type":"EntryPoint","urlTemplate":"https:\/\/rolandogarciamd.com\/es\/?s={search_term_string}"},"query-input":{"@type":"PropertyValueSpecification","valueRequired":true,"valueName":"search_term_string"}}],"inLanguage":"es-MX"}]}},"uagb_featured_image_src":{"full":false,"thumbnail":false,"medium":false,"medium_large":false,"large":false,"1536x1536":false,"2048x2048":false,"gform-image-choice-sm":false,"gform-image-choice-md":false,"gform-image-choice-lg":false},"uagb_author_info":{"display_name":"","author_link":"https:\/\/rolandogarciamd.com\/es\/author\/"},"uagb_comment_info":0,"uagb_excerpt":"Pr\u00f3ximamente.","_links":{"self":[{"href":"https:\/\/rolandogarciamd.com\/es\/wp-json\/wp\/v2\/pages\/114","targetHints":{"allow":["GET"]}}],"collection":[{"href":"https:\/\/rolandogarciamd.com\/es\/wp-json\/wp\/v2\/pages"}],"about":[{"href":"https:\/\/rolandogarciamd.com\/es\/wp-json\/wp\/v2\/types\/page"}],"author":[{"embeddable":true,"href":"https:\/\/rolandogarciamd.com\/es\/wp-json\/wp\/v2\/users\/1"}],"replies":[{"embeddable":true,"href":"https:\/\/rolandogarciamd.com\/es\/wp-json\/wp\/v2\/comments?post=114"}],"version-history":[{"count":0,"href":"https:\/\/rolandogarciamd.com\/es\/wp-json\/wp\/v2\/pages\/114\/revisions"}],"wp:attachment":[{"href":"https:\/\/rolandogarciamd.com\/es\/wp-json\/wp\/v2\/media?parent=114"}],"curies":[{"name":"wp","href":"https:\/\/api.w.org\/{rel}","templated":true}]}}