{"id":104,"date":"2016-02-10T18:16:04","date_gmt":"2016-02-10T18:16:04","guid":{"rendered":"http:\/\/drrolandogarcia.com\/?page_id=104"},"modified":"2023-09-06T15:34:49","modified_gmt":"2023-09-06T20:34:49","slug":"segunda-opinion","status":"publish","type":"page","link":"https:\/\/rolandogarciamd.com\/es\/segunda-opinion\/","title":{"rendered":"Segunda Opini\u00f3n"},"content":{"rendered":"\n<h2 class=\"wp-block-heading\">Las segundas opiniones son cruciales en la evaluaci\u00f3n y tratamiento de afecciones de la columna<\/h2>\n\n\n\n<p><span style=\"font-weight: 400;\">Como experto internacional reconocido en cirug\u00eda de la columna vertebral, al Dr. Garc\u00eda se le pide a menudo que aporte segundas opiniones y\/o consultas sobre pacientes fuera del estado, as\u00ed como fuera del pa\u00eds. Para facilitar el proceso, las segundas opiniones y consultas pueden organizarse por tel\u00e9fono y\/o Internet. <\/span><\/p>\n\n\n\n<p><span style=\"font-weight: 400;\">Si el hecho de viajar para una consulta le impide obtener una segunda opini\u00f3n, p\u00f3ngase en contacto con nosotros llamando al <strong><a href=\"tel:+13056501414\" onclick=\"sendEventToGoogle('Body', location.href, '+13056501414');\">305.650.1414<\/a><\/strong> y\/o <\/span>por nuestro <a href=\"https:\/\/rolandogarciamd.com\/es\/localizacion\/\">formulario de contacto<\/a><span style=\"font-weight: 400;\"> para iniciar el proceso.<\/span><\/p>\n\n\n\n<ol class=\"wp-block-list\">\n<li>Informaci\u00f3n normalmente requerida y a incluir en su consulta:<br>Edad<br>Sexo<br>Queja Principal: Cuello, Espalda Media, Espalda Baja, Extremidades Superiores, Extremidades Inferiores<br>Inicio\/Duraci\u00f3n<br>Tratamiento Previo: Fisioterapia, Quiropr\u00e1ctico, Medicamentos, Inyecciones, Cirug\u00eda previa, etc.<\/li>\n\n\n\n<li>Radiograf\u00edas en los \u00faltimos 3 meses<\/li>\n\n\n\n<li>Tomograf\u00eda computarizada en un plazo de 6 meses<\/li>\n\n\n\n<li>Resonancia magn\u00e9tica en un plazo de 6 meses<\/li>\n<\/ol>\n\n\n\n<p><span class=\"s1\">Precios basados en el alcance de la revisi\u00f3n del historial y los estudios de imagen.<\/span><\/p>\n\n\n<div class=\"panel box-module-cta\">\r\n<span class=\"icon-title\"><i class=\"fa fa-lightbulb-o\" aria-hidden=\"true\"><\/i><\/span>\r\n<h5 class=\"h1\">\u00bfNecesita un Diagn\u00f3stico o una Segunda Opini\u00f3n?<\/h5>\r\n<p class=\"subtitle\">\u00a1Sabemos que podemos ayudarle con su condici\u00f3n de columna!<\/p>\r\n<p>\r\nDos ubicaciones en North Miami Beach y Hallandale Beach, FL.<\/p>\r\n<a href=\"\/es\/localizacion\/\"><button class=\"btn btn-default\" type=\"button\">CONT\u00c1CTENOS<\/button><\/a>\r\n<\/div>\n\n\n\n<h3 class=\"wp-block-heading\">\u00bfPor Qu\u00e9 Son Importantes Las Segundas Opiniones?<\/h3>\n\n\n\n<p>Las segundas opiniones son importantes en la evaluaci\u00f3n y el tratamiento de las afecciones de la columna vertebral, ya que ofrecen validaci\u00f3n, perspectivas alternativas, opciones de tratamiento adicionales, tranquilidad y empoderamiento del paciente.<\/p>\n\n\n\n<ol class=\"wp-block-list\">\n<li><strong>Confirmaci\u00f3n del diagn\u00f3stico:<\/strong> La obtenci\u00f3n de una segunda opini\u00f3n de otro especialista en columna vertebral puede ayudar a confirmar la exactitud del diagn\u00f3stico inicial. Las afecciones de la columna vertebral pueden ser complejas y los distintos profesionales sanitarios pueden tener perspectivas o conocimientos diferentes. Una segunda opini\u00f3n ofrece la oportunidad de validar el diagn\u00f3stico y garantizar que el plan de tratamiento recomendado es adecuado.<\/li>\n\n\n\n<li><strong>Opciones de tratamiento:<\/strong> Diferentes profesionales sanitarios pueden tener distintos enfoques y opciones de tratamiento para la misma afecci\u00f3n de la columna vertebral. Una segunda opini\u00f3n permite a los pacientes explorar opciones de tratamiento alternativas o recibir recomendaciones adicionales. Puede proporcionar informaci\u00f3n valiosa sobre diferentes t\u00e9cnicas quir\u00fargicas, intervenciones no quir\u00fargicas o terapias alternativas que pueden no haberse discutido inicialmente.<\/li>\n\n\n\n<li><strong>Tranquilidad:<\/strong> La b\u00fasqueda de una segunda opini\u00f3n puede aportar tranquilidad a los pacientes que tengan dudas o inquietudes sobre el plan de tratamiento recomendado. Permite a las personas recabar m\u00e1s informaci\u00f3n, hacer preguntas y tomar decisiones m\u00e1s informadas sobre su salud. Esto puede aliviar la ansiedad y garantizar que los pacientes se sientan seguros del tratamiento elegido.<\/li>\n\n\n\n<li><strong>Casos complejos o poco frecuentes:<\/strong> Algunas afecciones de la columna vertebral pueden ser complejas o poco frecuentes y requerir conocimientos o experiencia especializados. Consultar con varios especialistas en columna vertebral puede ayudar a garantizar que la afecci\u00f3n se eval\u00fae a fondo y que se tengan en cuenta todas las opciones de tratamiento posibles. Las segundas opiniones pueden ser especialmente valiosas en estos casos para explorar todas las v\u00edas disponibles de diagn\u00f3stico y tratamiento.<\/li>\n\n\n\n<li><strong>Riesgos y beneficios del tratamiento:<\/strong> Una segunda opini\u00f3n ofrece la oportunidad de analizar los posibles riesgos y beneficios de las distintas opciones de tratamiento. Cada enfoque terap\u00e9utico conlleva sus propias ventajas, desventajas y posibles complicaciones. Escuchar m\u00faltiples perspectivas puede ayudar a los pacientes a tomar decisiones bien informadas, teniendo en cuenta sus circunstancias y preferencias individuales.<\/li>\n\n\n\n<li><strong>Defensa del paciente:<\/strong> La b\u00fasqueda de una segunda opini\u00f3n capacita a los pacientes para asumir un papel activo en su atenci\u00f3n sanitaria. Refuerza el concepto de defensa del paciente y garantiza que \u00e9ste tenga acceso a la mejor atenci\u00f3n posible. Tambi\u00e9n permite a los pacientes establecer una relaci\u00f3n con un profesional sanitario con el que se sientan c\u00f3modos y en el que conf\u00eden.<\/li>\n\n\n\n<li><strong>Toma de decisiones complejas:<\/strong> Algunas afecciones de la columna vertebral pueden tener m\u00faltiples opciones de tratamiento, cada una con su propio conjunto de pros y contras. Una segunda opini\u00f3n puede aportar claridad y orientaci\u00f3n en la toma de decisiones complejas. Los pacientes pueden sopesar la informaci\u00f3n de los distintos profesionales sanitarios y tomar una decisi\u00f3n informada que se ajuste a sus objetivos y valores.<\/li>\n<\/ol>\n\n\n\n<p>Los pacientes deben sentirse c\u00f3modos buscando segundas opiniones, ya que esto puede conducir a una mejor toma de decisiones y potencialmente a mejores resultados del tratamiento.<\/p>\n\n\n\n<p>Consulte nuestras <a href=\"https:\/\/rolandogarciamd.com\/es\/localizacion\/\">dos sedes<\/a>. Para todas las preguntas de programaci\u00f3n o para las citas, llame al <strong><a href=\"tel:+13056501414\" onclick=\"sendEventToGoogle('Body', location.href, '+13056501414');\">305.650.1414<\/a><\/strong><\/p>\n","protected":false},"excerpt":{"rendered":"<p>Las segundas opiniones son cruciales en la evaluaci\u00f3n y tratamiento de afecciones de la columna Como experto internacional reconocido en cirug\u00eda de la columna vertebral, al Dr. Garc\u00eda se le pide a menudo que aporte segundas opiniones y\/o consultas sobre pacientes fuera del estado, as\u00ed como fuera del pa\u00eds. Para facilitar el proceso, las segundas&#8230; <a class=\"more-link\" href=\"https:\/\/rolandogarciamd.com\/es\/segunda-opinion\/\">[Read More]<\/a><\/p>\n","protected":false},"author":1,"featured_media":0,"parent":0,"menu_order":0,"comment_status":"closed","ping_status":"closed","template":"","meta":{"_acf_changed":false,"_uag_custom_page_level_css":"","_monsterinsights_skip_tracking":false,"_monsterinsights_sitenote_active":false,"_monsterinsights_sitenote_note":"","_monsterinsights_sitenote_category":0,"_genesis_hide_title":false,"_genesis_hide_breadcrumbs":false,"_genesis_hide_singular_image":false,"_genesis_hide_footer_widgets":false,"_genesis_custom_body_class":"","_genesis_custom_post_class":"","_genesis_layout":"","footnotes":""},"class_list":{"0":"post-104","1":"page","2":"type-page","3":"status-publish","5":"entry","6":"has-post-thumbnail"},"acf":[],"yoast_head":"<!-- This site is optimized with the Yoast SEO plugin v26.1.1 - https:\/\/yoast.com\/wordpress\/plugins\/seo\/ -->\n<title>Segunda Opini\u00f3n - Dr. Rolando Garcia Jr. En Espa\u00f1ol<\/title>\n<meta name=\"description\" content=\"Como experto internacional reconocido en cirug\u00eda de la columna vertebral, al Dr. Garc\u00eda se le pide a menudo que aporte segundas opiniones...\" \/>\n<meta name=\"robots\" content=\"index, follow, max-snippet:-1, max-image-preview:large, max-video-preview:-1\" \/>\n<link rel=\"canonical\" href=\"https:\/\/rolandogarciamd.com\/es\/segunda-opinion\/\" \/>\n<meta property=\"og:locale\" content=\"es_MX\" \/>\n<meta property=\"og:type\" content=\"article\" \/>\n<meta property=\"og:title\" content=\"Segunda Opini\u00f3n - Dr. Rolando Garcia Jr. En Espa\u00f1ol\" \/>\n<meta property=\"og:description\" content=\"Como experto internacional reconocido en cirug\u00eda de la columna vertebral, al Dr. Garc\u00eda se le pide a menudo que aporte segundas opiniones...\" \/>\n<meta property=\"og:url\" content=\"https:\/\/rolandogarciamd.com\/es\/segunda-opinion\/\" \/>\n<meta property=\"og:site_name\" content=\"Dr. Rolando Garcia Jr. En Espa\u00f1ol\" \/>\n<meta property=\"article:modified_time\" content=\"2023-09-06T20:34:49+00:00\" \/>\n<meta name=\"twitter:card\" content=\"summary_large_image\" \/>\n<meta name=\"twitter:label1\" content=\"Tiempo de lectura\" \/>\n\t<meta name=\"twitter:data1\" content=\"4 minutos\" \/>\n<script type=\"application\/ld+json\" class=\"yoast-schema-graph\">{\"@context\":\"https:\/\/schema.org\",\"@graph\":[{\"@type\":\"WebPage\",\"@id\":\"https:\/\/rolandogarciamd.com\/es\/segunda-opinion\/\",\"url\":\"https:\/\/rolandogarciamd.com\/es\/segunda-opinion\/\",\"name\":\"Segunda Opini\u00f3n - Dr. Rolando Garcia Jr. En Espa\u00f1ol\",\"isPartOf\":{\"@id\":\"https:\/\/rolandogarciamd.com\/es\/#website\"},\"datePublished\":\"2016-02-10T18:16:04+00:00\",\"dateModified\":\"2023-09-06T20:34:49+00:00\",\"description\":\"Como experto internacional reconocido en cirug\u00eda de la columna vertebral, al Dr. Garc\u00eda se le pide a menudo que aporte segundas opiniones...\",\"breadcrumb\":{\"@id\":\"https:\/\/rolandogarciamd.com\/es\/segunda-opinion\/#breadcrumb\"},\"inLanguage\":\"es-MX\",\"potentialAction\":[{\"@type\":\"ReadAction\",\"target\":[\"https:\/\/rolandogarciamd.com\/es\/segunda-opinion\/\"]}]},{\"@type\":\"BreadcrumbList\",\"@id\":\"https:\/\/rolandogarciamd.com\/es\/segunda-opinion\/#breadcrumb\",\"itemListElement\":[{\"@type\":\"ListItem\",\"position\":1,\"name\":\"Home\",\"item\":\"https:\/\/rolandogarciamd.com\/es\/\"},{\"@type\":\"ListItem\",\"position\":2,\"name\":\"Segunda Opini\u00f3n\"}]},{\"@type\":\"WebSite\",\"@id\":\"https:\/\/rolandogarciamd.com\/es\/#website\",\"url\":\"https:\/\/rolandogarciamd.com\/es\/\",\"name\":\"Dr. Rolando Garcia Jr. En Espa\u00f1ol\",\"description\":\"Experiencia en Cirug\u00eda de Reemplazo Discal\",\"potentialAction\":[{\"@type\":\"SearchAction\",\"target\":{\"@type\":\"EntryPoint\",\"urlTemplate\":\"https:\/\/rolandogarciamd.com\/es\/?s={search_term_string}\"},\"query-input\":{\"@type\":\"PropertyValueSpecification\",\"valueRequired\":true,\"valueName\":\"search_term_string\"}}],\"inLanguage\":\"es-MX\"}]}<\/script>\n<!-- \/ Yoast SEO plugin. -->","yoast_head_json":{"title":"Segunda Opini\u00f3n - Dr. Rolando Garcia Jr. En Espa\u00f1ol","description":"Como experto internacional reconocido en cirug\u00eda de la columna vertebral, al Dr. Garc\u00eda se le pide a menudo que aporte segundas opiniones...","robots":{"index":"index","follow":"follow","max-snippet":"max-snippet:-1","max-image-preview":"max-image-preview:large","max-video-preview":"max-video-preview:-1"},"canonical":"https:\/\/rolandogarciamd.com\/es\/segunda-opinion\/","og_locale":"es_MX","og_type":"article","og_title":"Segunda Opini\u00f3n - Dr. Rolando Garcia Jr. En Espa\u00f1ol","og_description":"Como experto internacional reconocido en cirug\u00eda de la columna vertebral, al Dr. Garc\u00eda se le pide a menudo que aporte segundas opiniones...","og_url":"https:\/\/rolandogarciamd.com\/es\/segunda-opinion\/","og_site_name":"Dr. Rolando Garcia Jr. En Espa\u00f1ol","article_modified_time":"2023-09-06T20:34:49+00:00","twitter_card":"summary_large_image","twitter_misc":{"Tiempo de lectura":"4 minutos"},"schema":{"@context":"https:\/\/schema.org","@graph":[{"@type":"WebPage","@id":"https:\/\/rolandogarciamd.com\/es\/segunda-opinion\/","url":"https:\/\/rolandogarciamd.com\/es\/segunda-opinion\/","name":"Segunda Opini\u00f3n - Dr. Rolando Garcia Jr. En Espa\u00f1ol","isPartOf":{"@id":"https:\/\/rolandogarciamd.com\/es\/#website"},"datePublished":"2016-02-10T18:16:04+00:00","dateModified":"2023-09-06T20:34:49+00:00","description":"Como experto internacional reconocido en cirug\u00eda de la columna vertebral, al Dr. Garc\u00eda se le pide a menudo que aporte segundas opiniones...","breadcrumb":{"@id":"https:\/\/rolandogarciamd.com\/es\/segunda-opinion\/#breadcrumb"},"inLanguage":"es-MX","potentialAction":[{"@type":"ReadAction","target":["https:\/\/rolandogarciamd.com\/es\/segunda-opinion\/"]}]},{"@type":"BreadcrumbList","@id":"https:\/\/rolandogarciamd.com\/es\/segunda-opinion\/#breadcrumb","itemListElement":[{"@type":"ListItem","position":1,"name":"Home","item":"https:\/\/rolandogarciamd.com\/es\/"},{"@type":"ListItem","position":2,"name":"Segunda Opini\u00f3n"}]},{"@type":"WebSite","@id":"https:\/\/rolandogarciamd.com\/es\/#website","url":"https:\/\/rolandogarciamd.com\/es\/","name":"Dr. Rolando Garcia Jr. En Espa\u00f1ol","description":"Experiencia en Cirug\u00eda de Reemplazo Discal","potentialAction":[{"@type":"SearchAction","target":{"@type":"EntryPoint","urlTemplate":"https:\/\/rolandogarciamd.com\/es\/?s={search_term_string}"},"query-input":{"@type":"PropertyValueSpecification","valueRequired":true,"valueName":"search_term_string"}}],"inLanguage":"es-MX"}]}},"uagb_featured_image_src":{"full":false,"thumbnail":false,"medium":false,"medium_large":false,"large":false,"1536x1536":false,"2048x2048":false,"gform-image-choice-sm":false,"gform-image-choice-md":false,"gform-image-choice-lg":false},"uagb_author_info":{"display_name":"","author_link":"https:\/\/rolandogarciamd.com\/es\/author\/"},"uagb_comment_info":0,"uagb_excerpt":"Las segundas opiniones son cruciales en la evaluaci\u00f3n y tratamiento de afecciones de la columna Como experto internacional reconocido en cirug\u00eda de la columna vertebral, al Dr. Garc\u00eda se le pide a menudo que aporte segundas opiniones y\/o consultas sobre pacientes fuera del estado, as\u00ed como fuera del pa\u00eds. Para facilitar el proceso, las segundas...&hellip;","_links":{"self":[{"href":"https:\/\/rolandogarciamd.com\/es\/wp-json\/wp\/v2\/pages\/104","targetHints":{"allow":["GET"]}}],"collection":[{"href":"https:\/\/rolandogarciamd.com\/es\/wp-json\/wp\/v2\/pages"}],"about":[{"href":"https:\/\/rolandogarciamd.com\/es\/wp-json\/wp\/v2\/types\/page"}],"author":[{"embeddable":true,"href":"https:\/\/rolandogarciamd.com\/es\/wp-json\/wp\/v2\/users\/1"}],"replies":[{"embeddable":true,"href":"https:\/\/rolandogarciamd.com\/es\/wp-json\/wp\/v2\/comments?post=104"}],"version-history":[{"count":0,"href":"https:\/\/rolandogarciamd.com\/es\/wp-json\/wp\/v2\/pages\/104\/revisions"}],"wp:attachment":[{"href":"https:\/\/rolandogarciamd.com\/es\/wp-json\/wp\/v2\/media?parent=104"}],"curies":[{"name":"wp","href":"https:\/\/api.w.org\/{rel}","templated":true}]}}