{"id":100,"date":"2016-02-10T18:13:57","date_gmt":"2016-02-10T18:13:57","guid":{"rendered":"http:\/\/drrolandogarcia.com\/?page_id=100"},"modified":"2023-08-28T09:16:55","modified_gmt":"2023-08-28T14:16:55","slug":"rehabilitacion-fisioterapia","status":"publish","type":"page","link":"https:\/\/rolandogarciamd.com\/es\/rehabilitacion-fisioterapia\/","title":{"rendered":"Rehabilitaci\u00f3n Y Fisioterapia"},"content":{"rendered":"\n<h2 class=\"wp-block-heading\">Rehabilitaci\u00f3n Y Fisioterapia<\/h2>\n\n\n\n<p>Programas dedicados de fisioterapia y rehabilitaci\u00f3n con personal experimentado en cuidados preoperatorios y postoperatorios. Se crean programas personalizados basados en las necesidades individuales y para afecciones concretas.<\/p>\n\n\n\n<blockquote class=\"wp-block-quote is-layout-flow wp-block-quote-is-layout-flow\">\n<p><a href=\"https:\/\/rolandogarciamd.com\/es\/servicios\/\">Los servicios ortop\u00e9dicos<\/a> para la columna vertebral suelen incluir rehabilitaci\u00f3n postoperatoria y programas de fisioterapia adaptados a las necesidades de cada paciente. Estos programas se centran en restaurar la fuerza, la flexibilidad y la funci\u00f3n, as\u00ed como en prevenir futuros problemas de columna.<\/p>\n<cite><a href=\"https:\/\/rolandogarciamd.com\/es\/dr-rolando-garcia\/\">Rolando Garc\u00eda, MD, MPH<\/a><\/cite><\/blockquote>\n\n\n\n<div class=\"panel box-module-cta\">\r\n<span class=\"icon-title\"><i class=\"fa fa-lightbulb-o\" aria-hidden=\"true\"><\/i><\/span>\r\n<h5 class=\"h1\">\u00bfNecesita un Diagn\u00f3stico o una Segunda Opini\u00f3n?<\/h5>\r\n<p class=\"subtitle\">\u00a1Sabemos que podemos ayudarle con su condici\u00f3n de columna!<\/p>\r\n<p>\r\nDos ubicaciones en North Miami Beach y Hallandale Beach, FL.<\/p>\r\n<a href=\"\/es\/localizacion\/\"><button class=\"btn btn-default\" type=\"button\">CONT\u00c1CTENOS<\/button><\/a>\r\n<\/div>\n\n\n\n<p>Los programas de fisioterapia y rehabilitaci\u00f3n desempe\u00f1an un papel crucial en la recuperaci\u00f3n y el \u00e9xito general de la cirug\u00eda de la columna vertebral.<\/p>\n\n\n\n<h3 class=\"wp-block-heading\">He aqu\u00ed las razones clave por las que son importantes:<\/h3>\n\n\n\n<ol class=\"wp-block-list\">\n<li>Restablecimiento de la funci\u00f3n y la movilidad: La cirug\u00eda de la columna vertebral puede afectar temporalmente a la movilidad y la funci\u00f3n. La fisioterapia ayuda a recuperar la amplitud de movimiento, la fuerza y la flexibilidad de la columna vertebral y los m\u00fasculos circundantes. Los programas de rehabilitaci\u00f3n est\u00e1n dise\u00f1ados para tratar zonas espec\u00edficas afectadas por la cirug\u00eda, mejorando gradualmente la movilidad y permitiendo a los pacientes recuperar las actividades normales de la vida diaria.<\/li>\n\n\n\n<li>Tratamiento del dolor: El dolor postoperatorio es frecuente despu\u00e9s de la cirug\u00eda de la columna vertebral. Los programas de fisioterapia y rehabilitaci\u00f3n incorporan diversas t\u00e9cnicas de tratamiento del dolor, como terapia manual, ejercicios terap\u00e9uticos y modalidades como terapia con calor o fr\u00edo, estimulaci\u00f3n el\u00e9ctrica o ultrasonidos. Estas intervenciones pueden ayudar a aliviar el dolor, reducir la inflamaci\u00f3n y mejorar el confort general.<\/li>\n\n\n\n<li>Prevenci\u00f3n de complicaciones: Tras una operaci\u00f3n de columna, existe el riesgo de complicaciones como debilidad muscular, rigidez articular o desarrollo de tejido cicatricial. Los programas de fisioterapia y rehabilitaci\u00f3n se centran en la prevenci\u00f3n de estas complicaciones mediante el tratamiento de los desequilibrios musculares, la mejora de la circulaci\u00f3n y la promoci\u00f3n de una curaci\u00f3n adecuada. Este enfoque proactivo ayuda a minimizar el riesgo de complicaciones a largo plazo y maximiza las posibilidades de una recuperaci\u00f3n exitosa.<\/li>\n\n\n\n<li>Fortalecimiento de los m\u00fasculos centrales: Los m\u00fasculos centrales, incluidos los abdominales y los de la espalda, proporcionan soporte y estabilidad a la columna vertebral. Los programas de fisioterapia incluyen ejercicios para fortalecer estos m\u00fasculos, lo que ayuda a estabilizar la columna vertebral, reducir la tensi\u00f3n en la zona quir\u00fargica y mejorar la postura general y la mec\u00e1nica corporal. El fortalecimiento de los m\u00fasculos centrales tambi\u00e9n desempe\u00f1a un papel en la prevenci\u00f3n de futuros problemas de la columna vertebral.<\/li>\n\n\n\n<li>Mejorar la independencia funcional: Los programas de rehabilitaci\u00f3n tienen como objetivo mejorar la independencia funcional y la calidad de vida. Los fisioterapeutas trabajan con los pacientes para desarrollar estrategias que les permitan realizar las actividades cotidianas reduciendo la tensi\u00f3n sobre la columna vertebral. Esto puede incluir t\u00e9cnicas para levantar objetos de forma adecuada, mec\u00e1nica corporal y conciencia postural. El objetivo es ayudar a los pacientes a recuperar la capacidad de realizar tareas de forma independiente y segura.<\/li>\n\n\n\n<li>Atenci\u00f3n individualizada: Los programas de fisioterapia y rehabilitaci\u00f3n se adaptan a las necesidades de cada paciente, teniendo en cuenta la cirug\u00eda espec\u00edfica realizada, el estado general de salud del paciente y sus objetivos de recuperaci\u00f3n. Los fisioterapeutas trabajan en estrecha colaboraci\u00f3n con los pacientes para desarrollar planes de tratamiento personalizados y proporcionar orientaci\u00f3n y apoyo continuos durante todo el proceso de rehabilitaci\u00f3n.<\/li>\n\n\n\n<li>Educaci\u00f3n y gesti\u00f3n a largo plazo: La fisioterapia proporciona una valiosa educaci\u00f3n sobre la salud de la columna vertebral, las estrategias de autocuidado y la gesti\u00f3n a largo plazo. Los pacientes aprenden la mec\u00e1nica corporal adecuada, ergonom\u00eda y ejercicios para mantener una columna vertebral sana y prevenir problemas futuros. Se les dota de los conocimientos y herramientas necesarios para continuar su recuperaci\u00f3n y mantener una salud \u00f3ptima de la columna m\u00e1s all\u00e1 del periodo de rehabilitaci\u00f3n.<\/li>\n<\/ol>\n\n\n\n<p>En resumen, los programas de fisioterapia y rehabilitaci\u00f3n son esenciales despu\u00e9s de la cirug\u00eda de la columna vertebral para restablecer la funci\u00f3n, controlar el dolor, prevenir complicaciones, fortalecer los m\u00fasculos, aumentar la independencia, proporcionar cuidados individualizados y educar a los pacientes sobre la salud de la columna vertebral a largo plazo. Contribuyen significativamente a una recuperaci\u00f3n satisfactoria, una mejor calidad de vida y el bienestar de la columna vertebral a largo plazo.<\/p>\n\n\n\n<p>Consulte nuestras <a href=\"https:\/\/rolandogarciamd.com\/es\/localizacion\/\">dos sedes<\/a>. Para todas las preguntas de programaci\u00f3n o para las citas, llame al <strong><a href=\"tel:+13056501414\" onclick=\"sendEventToGoogle('Body', location.href, '+13056501414');\">305.650.1414<\/a><\/strong><\/p>\n","protected":false},"excerpt":{"rendered":"<p>Rehabilitaci\u00f3n Y Fisioterapia Programas dedicados de fisioterapia y rehabilitaci\u00f3n con personal experimentado en cuidados preoperatorios y postoperatorios. Se crean programas personalizados basados en las necesidades individuales y para afecciones concretas. Los servicios ortop\u00e9dicos para la columna vertebral suelen incluir rehabilitaci\u00f3n&#8230;<\/p>\n","protected":false},"author":1,"featured_media":0,"parent":0,"menu_order":0,"comment_status":"closed","ping_status":"closed","template":"","meta":{"_acf_changed":false,"_uag_custom_page_level_css":"","_monsterinsights_skip_tracking":false,"_monsterinsights_sitenote_active":false,"_monsterinsights_sitenote_note":"","_monsterinsights_sitenote_category":0,"_genesis_hide_title":false,"_genesis_hide_breadcrumbs":false,"_genesis_hide_singular_image":false,"_genesis_hide_footer_widgets":false,"_genesis_custom_body_class":"","_genesis_custom_post_class":"","_genesis_layout":"","footnotes":""},"class_list":{"0":"post-100","1":"page","2":"type-page","3":"status-publish","5":"entry"},"acf":[],"yoast_head":"<!-- This site is optimized with the Yoast SEO plugin v27.4 - https:\/\/yoast.com\/product\/yoast-seo-wordpress\/ -->\n<title>Rehabilitaci\u00f3n y Fisioterapia de Columna<\/title>\n<meta name=\"description\" content=\"Rehabilitaci\u00f3n Y Fisioterapia Programas dedicados de fisioterapia y rehabilitaci\u00f3n con personal experimentado en cuidados preoperatorios y\" \/>\n<meta name=\"robots\" content=\"index, follow, max-snippet:-1, max-image-preview:large, max-video-preview:-1\" \/>\n<link rel=\"canonical\" href=\"https:\/\/rolandogarciamd.com\/es\/rehabilitacion-fisioterapia\/\" \/>\n<meta property=\"og:locale\" content=\"es_MX\" \/>\n<meta property=\"og:type\" content=\"article\" \/>\n<meta property=\"og:title\" content=\"Rehabilitaci\u00f3n y Fisioterapia de Columna\" \/>\n<meta property=\"og:description\" content=\"Rehabilitaci\u00f3n Y Fisioterapia Programas dedicados de fisioterapia y rehabilitaci\u00f3n con personal experimentado en cuidados preoperatorios y\" \/>\n<meta property=\"og:url\" content=\"https:\/\/rolandogarciamd.com\/es\/rehabilitacion-fisioterapia\/\" \/>\n<meta property=\"og:site_name\" content=\"Dr. Rolando Garcia Jr. En Espa\u00f1ol\" \/>\n<meta property=\"article:modified_time\" content=\"2023-08-28T14:16:55+00:00\" \/>\n<meta name=\"twitter:card\" content=\"summary_large_image\" \/>\n<meta name=\"twitter:label1\" content=\"Tiempo de lectura\" \/>\n\t<meta name=\"twitter:data1\" content=\"4 minutos\" \/>\n<script type=\"application\/ld+json\" class=\"yoast-schema-graph\">{\"@context\":\"https:\\\/\\\/schema.org\",\"@graph\":[{\"@type\":\"WebPage\",\"@id\":\"https:\\\/\\\/rolandogarciamd.com\\\/es\\\/rehabilitacion-fisioterapia\\\/\",\"url\":\"https:\\\/\\\/rolandogarciamd.com\\\/es\\\/rehabilitacion-fisioterapia\\\/\",\"name\":\"Rehabilitaci\u00f3n y Fisioterapia de Columna\",\"isPartOf\":{\"@id\":\"https:\\\/\\\/rolandogarciamd.com\\\/es\\\/#website\"},\"datePublished\":\"2016-02-10T18:13:57+00:00\",\"dateModified\":\"2023-08-28T14:16:55+00:00\",\"description\":\"Rehabilitaci\u00f3n Y Fisioterapia Programas dedicados de fisioterapia y rehabilitaci\u00f3n con personal experimentado en cuidados preoperatorios y\",\"breadcrumb\":{\"@id\":\"https:\\\/\\\/rolandogarciamd.com\\\/es\\\/rehabilitacion-fisioterapia\\\/#breadcrumb\"},\"inLanguage\":\"es-MX\",\"potentialAction\":[{\"@type\":\"ReadAction\",\"target\":[\"https:\\\/\\\/rolandogarciamd.com\\\/es\\\/rehabilitacion-fisioterapia\\\/\"]}]},{\"@type\":\"BreadcrumbList\",\"@id\":\"https:\\\/\\\/rolandogarciamd.com\\\/es\\\/rehabilitacion-fisioterapia\\\/#breadcrumb\",\"itemListElement\":[{\"@type\":\"ListItem\",\"position\":1,\"name\":\"Home\",\"item\":\"https:\\\/\\\/rolandogarciamd.com\\\/es\\\/\"},{\"@type\":\"ListItem\",\"position\":2,\"name\":\"Rehabilitaci\u00f3n Y Fisioterapia\"}]},{\"@type\":\"WebSite\",\"@id\":\"https:\\\/\\\/rolandogarciamd.com\\\/es\\\/#website\",\"url\":\"https:\\\/\\\/rolandogarciamd.com\\\/es\\\/\",\"name\":\"Dr. Rolando Garcia Jr. En Espa\u00f1ol\",\"description\":\"Experiencia en Cirug\u00eda de Reemplazo Discal\",\"potentialAction\":[{\"@type\":\"SearchAction\",\"target\":{\"@type\":\"EntryPoint\",\"urlTemplate\":\"https:\\\/\\\/rolandogarciamd.com\\\/es\\\/?s={search_term_string}\"},\"query-input\":{\"@type\":\"PropertyValueSpecification\",\"valueRequired\":true,\"valueName\":\"search_term_string\"}}],\"inLanguage\":\"es-MX\"}]}<\/script>\n<!-- \/ Yoast SEO plugin. -->","yoast_head_json":{"title":"Rehabilitaci\u00f3n y Fisioterapia de Columna","description":"Rehabilitaci\u00f3n Y Fisioterapia Programas dedicados de fisioterapia y rehabilitaci\u00f3n con personal experimentado en cuidados preoperatorios y","robots":{"index":"index","follow":"follow","max-snippet":"max-snippet:-1","max-image-preview":"max-image-preview:large","max-video-preview":"max-video-preview:-1"},"canonical":"https:\/\/rolandogarciamd.com\/es\/rehabilitacion-fisioterapia\/","og_locale":"es_MX","og_type":"article","og_title":"Rehabilitaci\u00f3n y Fisioterapia de Columna","og_description":"Rehabilitaci\u00f3n Y Fisioterapia Programas dedicados de fisioterapia y rehabilitaci\u00f3n con personal experimentado en cuidados preoperatorios y","og_url":"https:\/\/rolandogarciamd.com\/es\/rehabilitacion-fisioterapia\/","og_site_name":"Dr. Rolando Garcia Jr. En Espa\u00f1ol","article_modified_time":"2023-08-28T14:16:55+00:00","twitter_card":"summary_large_image","twitter_misc":{"Tiempo de lectura":"4 minutos"},"schema":{"@context":"https:\/\/schema.org","@graph":[{"@type":"WebPage","@id":"https:\/\/rolandogarciamd.com\/es\/rehabilitacion-fisioterapia\/","url":"https:\/\/rolandogarciamd.com\/es\/rehabilitacion-fisioterapia\/","name":"Rehabilitaci\u00f3n y Fisioterapia de Columna","isPartOf":{"@id":"https:\/\/rolandogarciamd.com\/es\/#website"},"datePublished":"2016-02-10T18:13:57+00:00","dateModified":"2023-08-28T14:16:55+00:00","description":"Rehabilitaci\u00f3n Y Fisioterapia Programas dedicados de fisioterapia y rehabilitaci\u00f3n con personal experimentado en cuidados preoperatorios y","breadcrumb":{"@id":"https:\/\/rolandogarciamd.com\/es\/rehabilitacion-fisioterapia\/#breadcrumb"},"inLanguage":"es-MX","potentialAction":[{"@type":"ReadAction","target":["https:\/\/rolandogarciamd.com\/es\/rehabilitacion-fisioterapia\/"]}]},{"@type":"BreadcrumbList","@id":"https:\/\/rolandogarciamd.com\/es\/rehabilitacion-fisioterapia\/#breadcrumb","itemListElement":[{"@type":"ListItem","position":1,"name":"Home","item":"https:\/\/rolandogarciamd.com\/es\/"},{"@type":"ListItem","position":2,"name":"Rehabilitaci\u00f3n Y Fisioterapia"}]},{"@type":"WebSite","@id":"https:\/\/rolandogarciamd.com\/es\/#website","url":"https:\/\/rolandogarciamd.com\/es\/","name":"Dr. Rolando Garcia Jr. En Espa\u00f1ol","description":"Experiencia en Cirug\u00eda de Reemplazo Discal","potentialAction":[{"@type":"SearchAction","target":{"@type":"EntryPoint","urlTemplate":"https:\/\/rolandogarciamd.com\/es\/?s={search_term_string}"},"query-input":{"@type":"PropertyValueSpecification","valueRequired":true,"valueName":"search_term_string"}}],"inLanguage":"es-MX"}]}},"uagb_featured_image_src":{"full":false,"thumbnail":false,"medium":false,"medium_large":false,"large":false,"1536x1536":false,"2048x2048":false,"gform-image-choice-sm":false,"gform-image-choice-md":false,"gform-image-choice-lg":false},"uagb_author_info":{"display_name":"","author_link":"https:\/\/rolandogarciamd.com\/es\/author\/"},"uagb_comment_info":0,"uagb_excerpt":"Rehabilitaci\u00f3n Y Fisioterapia Programas dedicados de fisioterapia y rehabilitaci\u00f3n con personal experimentado en cuidados preoperatorios y postoperatorios. Se crean programas personalizados basados en las necesidades individuales y para afecciones concretas. Los servicios ortop\u00e9dicos para la columna vertebral suelen incluir rehabilitaci\u00f3n...","_links":{"self":[{"href":"https:\/\/rolandogarciamd.com\/es\/wp-json\/wp\/v2\/pages\/100","targetHints":{"allow":["GET"]}}],"collection":[{"href":"https:\/\/rolandogarciamd.com\/es\/wp-json\/wp\/v2\/pages"}],"about":[{"href":"https:\/\/rolandogarciamd.com\/es\/wp-json\/wp\/v2\/types\/page"}],"author":[{"embeddable":true,"href":"https:\/\/rolandogarciamd.com\/es\/wp-json\/wp\/v2\/users\/1"}],"replies":[{"embeddable":true,"href":"https:\/\/rolandogarciamd.com\/es\/wp-json\/wp\/v2\/comments?post=100"}],"version-history":[{"count":0,"href":"https:\/\/rolandogarciamd.com\/es\/wp-json\/wp\/v2\/pages\/100\/revisions"}],"wp:attachment":[{"href":"https:\/\/rolandogarciamd.com\/es\/wp-json\/wp\/v2\/media?parent=100"}],"curies":[{"name":"wp","href":"https:\/\/api.w.org\/{rel}","templated":true}]}}